



{"id":9069,"date":"2019-03-13T03:58:53","date_gmt":"2019-03-13T01:58:53","guid":{"rendered":"https:\/\/www.whisker.lv\/?page_id=9069"},"modified":"2019-04-03T23:21:41","modified_gmt":"2019-04-03T21:21:41","slug":"sanbernars","status":"publish","type":"page","link":"https:\/\/www.whisker.lv\/en\/sunu-skirnes\/sanbernars\/","title":{"rendered":"Sanbern\u0101rs"},"content":{"rendered":"[vc_row][vc_column][vc_text_separator title=&#8221;Sanbern\u0101rs&#8221; border_width=&#8221;8&#8243;][\/vc_column][\/vc_row][vc_row][vc_column width=&#8221;1\/2&#8243;][vc_single_image image=&#8221;9071&#8243; img_size=&#8221;full&#8221; alignment=&#8221;center&#8221; style=&#8221;vc_box_rounded&#8221;][\/vc_column][vc_column width=&#8221;1\/2&#8243;][vc_column_text]<span style=\"color: #000000;\"><strong>Dzimtene:<\/strong> \u0160veice<\/span><\/p>\n<p><span style=\"color: #000000;\"><strong>Funkcija:<\/strong> mekl\u0113\u0161ana, gl\u0101b\u0161ana<\/span><\/p>\n<p><span style=\"color: #000000;\"><strong>Izcel\u0161an\u0101s:<\/strong> ap 1000. g.<\/span><\/p>\n<p><span style=\"color: #000000;\"><strong>Skausta augstums:<\/strong> 61-71 cm<\/span><\/p>\n<p><span style=\"color: #000000;\"><strong>Masa:<\/strong> 50-91 kg<\/span><\/p>\n<p><span style=\"color: #000000;\"><strong>Raksturs:<\/strong> mier\u012bgs, labsird\u012bgs<\/span><\/p>\n<p><span style=\"color: #000000;\"><strong>Dz\u012bves ilgums:<\/strong> 8-10 gadi<\/span>[\/vc_column_text][\/vc_column][\/vc_row][vc_row][vc_column][vc_column_text]<span style=\"color: #000000;\">Sanbern\u0101ram ir gar\u0161, plats, musku\u013cots, drukns, bet \u013coti samer\u012bgs \u0137ermenis. Suns vienm\u0113r cildin\u0101ts tie\u0161i sava iespaid\u012bg\u0101 eksterjera d\u0113\u013c. Atkar\u012bb\u0101 no ka\u017eoka garuma sanbern\u0101rus iedala garspalvainajos un \u012bsspalvainajos. Apmatojums parasti ir balts ar rudiem vai dzeltenbr\u016bniem laukumi\u0146iem.<\/span><\/p>\n<p><span style=\"color: #000000;\"><strong>V\u0113sture.<\/strong> Sanbern\u0101ru \u0161\u0137irnes pamat\u0101 ir Sen\u0101s Romas mastifi, kurus pirms 2000 gadiem uz Alpiem atveda senie romie\u0161i. Pirmis sanbern\u0101rs tika izaudz\u0113ts pirms 1000 gadiem Mentonas Sv. Bern\u0113ra slimn\u012bc\u0101.<\/span><\/p>\n<p><span style=\"color: #000000;\"><strong>Piez\u012bme.<\/strong> Lai notur\u0113tu pavad\u0101 suni, nepiecie\u0161ams daudz sp\u0113ka.<\/span><\/p>\n<p><span style=\"color: #000000;\"><strong>Otrs nosaukums.<\/strong> Sv. Bern\u0101ra suns.<\/span>[\/vc_column_text][\/vc_column][\/vc_row]\n","protected":false},"excerpt":{"rendered":"<p>[vc_row][vc_column][vc_text_separator title=&#8221;Sanbern\u0101rs&#8221; border_width=&#8221;8&#8243;][\/vc_column][\/vc_row][vc_row][vc_column width=&#8221;1\/2&#8243;][vc_single_image image=&#8221;9071&#8243; img_size=&#8221;full&#8221; alignment=&#8221;center&#8221; style=&#8221;vc_box_rounded&#8221;][\/vc_column][vc_column width=&#8221;1\/2&#8243;][vc_column_text]Dzimtene: \u0160veice Funkcija: mekl\u0113\u0161ana, gl\u0101b\u0161ana Izcel\u0161an\u0101s: ap 1000. g. Skausta augstums: 61-71 cm Masa: 50-91 kg Raksturs: mier\u012bgs, labsird\u012bgs Dz\u012bves ilgums: 8-10 gadi[\/vc_column_text][\/vc_column][\/vc_row][vc_row][vc_column][vc_column_text]Sanbern\u0101ram ir gar\u0161, plats, musku\u013cots, drukns, bet \u013coti samer\u012bgs \u0137ermenis. Suns vienm\u0113r cildin\u0101ts tie\u0161i sava iespaid\u012bg\u0101 eksterjera d\u0113\u013c. Atkar\u012bb\u0101 no ka\u017eoka garuma sanbern\u0101rus iedala garspalvainajos [&hellip;]<\/p>\n","protected":false},"author":1,"featured_media":0,"parent":8016,"menu_order":0,"comment_status":"closed","ping_status":"closed","template":"page-fullwidth.php","meta":{"_acf_changed":false,"_glsr_average":0,"_glsr_ranking":0,"_glsr_reviews":0,"footnotes":""},"translation":{"provider":"WPGlobus","version":"2.12.2","language":"en","enabled_languages":["lv","en","ru"],"languages":{"lv":{"title":true,"content":true,"excerpt":false},"en":{"title":false,"content":false,"excerpt":false},"ru":{"title":false,"content":false,"excerpt":false}}},"acf":[],"yoast_head":"<!-- This site is optimized with the Yoast SEO plugin v22.5 - https:\/\/yoast.com\/wordpress\/plugins\/seo\/ -->\n<title>Sanbern\u0101rs - Whisker.lv | Su\u0146u \u0161\u0137irnes - Sanbern\u0101rs<\/title>\n<meta name=\"robots\" content=\"index, follow, max-snippet:-1, max-image-preview:large, max-video-preview:-1\" \/>\n<link rel=\"canonical\" href=\"https:\/\/www.whisker.lv\/sunu-skirnes\/sanbernars\/\" \/>\n<meta property=\"og:locale\" content=\"en_US\" \/>\n<meta property=\"og:type\" content=\"article\" \/>\n<meta property=\"og:title\" content=\"Sanbern\u0101rs - Whisker\" \/>\n<meta property=\"og:url\" content=\"https:\/\/www.whisker.lv\/sunu-skirnes\/sanbernars\/\" \/>\n<meta property=\"og:site_name\" content=\"Whisker\" \/>\n<meta property=\"article:publisher\" content=\"https:\/\/www.facebook.com\/whisker.lv\/\" \/>\n<meta property=\"article:modified_time\" content=\"2019-04-03T21:21:41+00:00\" \/>\n<meta name=\"twitter:card\" content=\"summary_large_image\" \/>\n<meta name=\"twitter:label1\" content=\"Est. reading time\" \/>\n\t<meta name=\"twitter:data1\" content=\"1 minute\" \/>\n<script type=\"application\/ld+json\" class=\"yoast-schema-graph\">{\"@context\":\"https:\/\/schema.org\",\"@graph\":[{\"@type\":\"WebPage\",\"@id\":\"https:\/\/www.whisker.lv\/sunu-skirnes\/sanbernars\/\",\"url\":\"https:\/\/www.whisker.lv\/sunu-skirnes\/sanbernars\/\",\"name\":\"Sanbern\u0101rs - Whisker.lv | Su\u0146u \u0161\u0137irnes - Sanbern\u0101rs\",\"isPartOf\":{\"@id\":\"https:\/\/www.whisker.lv\/#website\"},\"datePublished\":\"2019-03-13T01:58:53+00:00\",\"dateModified\":\"2019-04-03T21:21:41+00:00\",\"description\":\"Sanbern\u0101rs - tam ir gar\u0161, plats, musku\u013cots, drukns, bet \u013coti samer\u012bgs \u0137ermenis. Suns vienm\u0113r cildin\u0101ts tie\u0161i sava iespaid\u012bg\u0101 eksterjera d\u0113\u013c.\",\"breadcrumb\":{\"@id\":\"https:\/\/www.whisker.lv\/sunu-skirnes\/sanbernars\/#breadcrumb\"},\"inLanguage\":\"en-US\",\"potentialAction\":[{\"@type\":\"ReadAction\",\"target\":[\"https:\/\/www.whisker.lv\/sunu-skirnes\/sanbernars\/\"]}]},{\"@type\":\"BreadcrumbList\",\"@id\":\"https:\/\/www.whisker.lv\/sunu-skirnes\/sanbernars\/#breadcrumb\",\"itemListElement\":[{\"@type\":\"ListItem\",\"position\":1,\"name\":\"S\u0101kums\",\"item\":\"https:\/\/www.whisker.lv\/\"},{\"@type\":\"ListItem\",\"position\":2,\"name\":\"Su\u0146u \u0161\u0137irnes\",\"item\":\"https:\/\/www.whisker.lv\/sunu-skirnes\/\"},{\"@type\":\"ListItem\",\"position\":3,\"name\":\"Sanbern\u0101rs\"}]},{\"@type\":\"WebSite\",\"@id\":\"https:\/\/www.whisker.lv\/#website\",\"url\":\"https:\/\/www.whisker.lv\/\",\"name\":\"Whisker\",\"description\":\"Tavs pal\u012bgs m\u0101jdzivnieku pieskat\u012b\u0161an\u0101\",\"potentialAction\":[{\"@type\":\"SearchAction\",\"target\":{\"@type\":\"EntryPoint\",\"urlTemplate\":\"https:\/\/www.whisker.lv\/?s={search_term_string}\"},\"query-input\":\"required name=search_term_string\"}],\"inLanguage\":\"en-US\"}]}<\/script>\n<!-- \/ Yoast SEO plugin. -->","yoast_head_json":{"title":"Sanbern\u0101rs - Whisker.lv | Su\u0146u \u0161\u0137irnes - Sanbern\u0101rs","robots":{"index":"index","follow":"follow","max-snippet":"max-snippet:-1","max-image-preview":"max-image-preview:large","max-video-preview":"max-video-preview:-1"},"canonical":"https:\/\/www.whisker.lv\/sunu-skirnes\/sanbernars\/","og_locale":"en_US","og_type":"article","og_title":"Sanbern\u0101rs - Whisker","og_url":"https:\/\/www.whisker.lv\/sunu-skirnes\/sanbernars\/","og_site_name":"Whisker","article_publisher":"https:\/\/www.facebook.com\/whisker.lv\/","article_modified_time":"2019-04-03T21:21:41+00:00","twitter_card":"summary_large_image","twitter_misc":{"Est. reading time":"1 minute"},"schema":{"@context":"https:\/\/schema.org","@graph":[{"@type":"WebPage","@id":"https:\/\/www.whisker.lv\/sunu-skirnes\/sanbernars\/","url":"https:\/\/www.whisker.lv\/sunu-skirnes\/sanbernars\/","name":"Sanbern\u0101rs - Whisker.lv | Su\u0146u \u0161\u0137irnes - Sanbern\u0101rs","isPartOf":{"@id":"https:\/\/www.whisker.lv\/#website"},"datePublished":"2019-03-13T01:58:53+00:00","dateModified":"2019-04-03T21:21:41+00:00","description":"Sanbern\u0101rs - tam ir gar\u0161, plats, musku\u013cots, drukns, bet \u013coti samer\u012bgs \u0137ermenis. Suns vienm\u0113r cildin\u0101ts tie\u0161i sava iespaid\u012bg\u0101 eksterjera d\u0113\u013c.","breadcrumb":{"@id":"https:\/\/www.whisker.lv\/sunu-skirnes\/sanbernars\/#breadcrumb"},"inLanguage":"en-US","potentialAction":[{"@type":"ReadAction","target":["https:\/\/www.whisker.lv\/sunu-skirnes\/sanbernars\/"]}]},{"@type":"BreadcrumbList","@id":"https:\/\/www.whisker.lv\/sunu-skirnes\/sanbernars\/#breadcrumb","itemListElement":[{"@type":"ListItem","position":1,"name":"S\u0101kums","item":"https:\/\/www.whisker.lv\/"},{"@type":"ListItem","position":2,"name":"Su\u0146u \u0161\u0137irnes","item":"https:\/\/www.whisker.lv\/sunu-skirnes\/"},{"@type":"ListItem","position":3,"name":"Sanbern\u0101rs"}]},{"@type":"WebSite","@id":"https:\/\/www.whisker.lv\/#website","url":"https:\/\/www.whisker.lv\/","name":"Whisker","description":"Tavs pal\u012bgs m\u0101jdzivnieku pieskat\u012b\u0161an\u0101","potentialAction":[{"@type":"SearchAction","target":{"@type":"EntryPoint","urlTemplate":"https:\/\/www.whisker.lv\/?s={search_term_string}"},"query-input":"required name=search_term_string"}],"inLanguage":"en-US"}]}},"_links":{"self":[{"href":"https:\/\/www.whisker.lv\/en\/wp-json\/wp\/v2\/pages\/9069"}],"collection":[{"href":"https:\/\/www.whisker.lv\/en\/wp-json\/wp\/v2\/pages"}],"about":[{"href":"https:\/\/www.whisker.lv\/en\/wp-json\/wp\/v2\/types\/page"}],"author":[{"embeddable":true,"href":"https:\/\/www.whisker.lv\/en\/wp-json\/wp\/v2\/users\/1"}],"replies":[{"embeddable":true,"href":"https:\/\/www.whisker.lv\/en\/wp-json\/wp\/v2\/comments?post=9069"}],"version-history":[{"count":3,"href":"https:\/\/www.whisker.lv\/en\/wp-json\/wp\/v2\/pages\/9069\/revisions"}],"predecessor-version":[{"id":9073,"href":"https:\/\/www.whisker.lv\/en\/wp-json\/wp\/v2\/pages\/9069\/revisions\/9073"}],"up":[{"embeddable":true,"href":"https:\/\/www.whisker.lv\/en\/wp-json\/wp\/v2\/pages\/8016"}],"wp:attachment":[{"href":"https:\/\/www.whisker.lv\/en\/wp-json\/wp\/v2\/media?parent=9069"}],"curies":[{"name":"wp","href":"https:\/\/api.w.org\/{rel}","templated":true}]}}