



{"id":9167,"date":"2019-03-13T19:25:42","date_gmt":"2019-03-13T17:25:42","guid":{"rendered":"https:\/\/www.whisker.lv\/?page_id=9167"},"modified":"2019-04-03T23:19:36","modified_gmt":"2019-04-03T21:19:36","slug":"rotveilers","status":"publish","type":"page","link":"https:\/\/www.whisker.lv\/en\/sunu-skirnes\/rotveilers\/","title":{"rendered":"Rotveilers"},"content":{"rendered":"[vc_row][vc_column][vc_text_separator title=&#8221;Rotveilers&#8221; border_width=&#8221;8&#8243;][\/vc_column][\/vc_row][vc_row][vc_column width=&#8221;1\/2&#8243;][vc_single_image image=&#8221;9169&#8243; img_size=&#8221;full&#8221; alignment=&#8221;center&#8221; style=&#8221;vc_box_rounded&#8221;][\/vc_column][vc_column width=&#8221;1\/2&#8243;][vc_column_text]<span style=\"color: #000000;\"><strong>Dzimtene:<\/strong> V\u0101cija<\/span><\/p>\n<p><span style=\"color: #000000;\"><strong>Funkcija:<\/strong> ganu suns, sargsuns<\/span><\/p>\n<p><span style=\"color: #000000;\"><strong>Izcel\u0161an\u0101s:<\/strong> ap 1800. g.<\/span><\/p>\n<p><span style=\"color: #000000;\"><strong>Skausta augstums:<\/strong> 58-69 cm<\/span><\/p>\n<p><span style=\"color: #000000;\"><strong>Masa:<\/strong> 41-50 kg<\/span><\/p>\n<p><span style=\"color: #000000;\"><strong>Raksturs:<\/strong> l\u012bdzsvarots, pa\u0161aizliedz\u012bgs<\/span><\/p>\n<p><span style=\"color: #000000;\"><strong>Dz\u012bves ilgums:<\/strong> 9-10 gadi<\/span>[\/vc_column_text][\/vc_column][\/vc_row][vc_row][vc_column][vc_column_text]<span style=\"color: #000000;\">Rotveileram ir sp\u0113c\u012bga \u0137erme\u0146a uzb\u016bve un muskulat\u016bra. Vi\u0146a pa\u0161p\u0101rliecin\u0101t\u0101 st\u0101ja un mier\u012bgais skatiens liecina par labu raksturu. Ka\u017eoks ir melns ar rudiem, simetriski izk\u0101rtotiem laukumiem. Suns apzin\u012bgi veic pien\u0101kumus.<\/span><\/p>\n<p><span style=\"color: #000000;\"><strong>V\u0113sture.<\/strong> Rotveilers izveidots V\u0101cijas pils\u0113t\u0101 Rotveil\u0101, kur suns kalpoja k\u0101 gan\u0101mpulka dzin\u0113js un uzraugs. M\u016bsdien\u0101s rotveilers ir viena no iecien\u012bt\u0101kaj\u0101m su\u0146u \u0161\u0137irn\u0113m ASV, kaut gan 19. gadsimta s\u0101kum\u0101 t\u0101 bija tuvu izn\u012bc\u012bbai.<\/span><\/p>\n<p><span style=\"color: #000000;\"><strong>Piez\u012bme.<\/strong> Rotveileram ir iedzimta v\u0113lme aizsarg\u0101t savu m\u0101ju. Ja suni sakaitina, vi\u0146\u0161 k\u013c\u016bst nikns.<\/span>[\/vc_column_text][\/vc_column][\/vc_row]\n","protected":false},"excerpt":{"rendered":"<p>[vc_row][vc_column][vc_text_separator title=&#8221;Rotveilers&#8221; border_width=&#8221;8&#8243;][\/vc_column][\/vc_row][vc_row][vc_column width=&#8221;1\/2&#8243;][vc_single_image image=&#8221;9169&#8243; img_size=&#8221;full&#8221; alignment=&#8221;center&#8221; style=&#8221;vc_box_rounded&#8221;][\/vc_column][vc_column width=&#8221;1\/2&#8243;][vc_column_text]Dzimtene: V\u0101cija Funkcija: ganu suns, sargsuns Izcel\u0161an\u0101s: ap 1800. g. Skausta augstums: 58-69 cm Masa: 41-50 kg Raksturs: l\u012bdzsvarots, pa\u0161aizliedz\u012bgs Dz\u012bves ilgums: 9-10 gadi[\/vc_column_text][\/vc_column][\/vc_row][vc_row][vc_column][vc_column_text]Rotveileram ir sp\u0113c\u012bga \u0137erme\u0146a uzb\u016bve un muskulat\u016bra. Vi\u0146a pa\u0161p\u0101rliecin\u0101t\u0101 st\u0101ja un mier\u012bgais skatiens liecina par labu raksturu. Ka\u017eoks ir melns ar rudiem, simetriski izk\u0101rtotiem [&hellip;]<\/p>\n","protected":false},"author":1,"featured_media":0,"parent":8016,"menu_order":0,"comment_status":"closed","ping_status":"closed","template":"page-fullwidth.php","meta":{"_acf_changed":false,"_glsr_average":0,"_glsr_ranking":0,"_glsr_reviews":0,"footnotes":""},"translation":{"provider":"WPGlobus","version":"2.12.2","language":"en","enabled_languages":["lv","en","ru"],"languages":{"lv":{"title":true,"content":true,"excerpt":false},"en":{"title":false,"content":false,"excerpt":false},"ru":{"title":false,"content":false,"excerpt":false}}},"acf":[],"yoast_head":"<!-- This site is optimized with the Yoast SEO plugin v22.5 - https:\/\/yoast.com\/wordpress\/plugins\/seo\/ -->\n<title>Rotveilers - Whisker.lv | Su\u0146u \u0161\u0137irnes - Rotveilers<\/title>\n<meta name=\"robots\" content=\"index, follow, max-snippet:-1, max-image-preview:large, max-video-preview:-1\" \/>\n<link rel=\"canonical\" href=\"https:\/\/www.whisker.lv\/sunu-skirnes\/rotveilers\/\" \/>\n<meta property=\"og:locale\" content=\"en_US\" \/>\n<meta property=\"og:type\" content=\"article\" \/>\n<meta property=\"og:title\" content=\"Rotveilers - Whisker\" \/>\n<meta property=\"og:url\" content=\"https:\/\/www.whisker.lv\/sunu-skirnes\/rotveilers\/\" \/>\n<meta property=\"og:site_name\" content=\"Whisker\" \/>\n<meta property=\"article:publisher\" content=\"https:\/\/www.facebook.com\/whisker.lv\/\" \/>\n<meta property=\"article:modified_time\" content=\"2019-04-03T21:19:36+00:00\" \/>\n<meta name=\"twitter:card\" content=\"summary_large_image\" \/>\n<meta name=\"twitter:label1\" content=\"Est. reading time\" \/>\n\t<meta name=\"twitter:data1\" content=\"1 minute\" \/>\n<script type=\"application\/ld+json\" class=\"yoast-schema-graph\">{\"@context\":\"https:\/\/schema.org\",\"@graph\":[{\"@type\":\"WebPage\",\"@id\":\"https:\/\/www.whisker.lv\/sunu-skirnes\/rotveilers\/\",\"url\":\"https:\/\/www.whisker.lv\/sunu-skirnes\/rotveilers\/\",\"name\":\"Rotveilers - Whisker.lv | Su\u0146u \u0161\u0137irnes - Rotveilers\",\"isPartOf\":{\"@id\":\"https:\/\/www.whisker.lv\/#website\"},\"datePublished\":\"2019-03-13T17:25:42+00:00\",\"dateModified\":\"2019-04-03T21:19:36+00:00\",\"description\":\"Rotveilers - tam ir sp\u0113c\u012bga \u0137erme\u0146a uzb\u016bve un muskulat\u016bra. Vi\u0146a pa\u0161p\u0101rliecin\u0101t\u0101 st\u0101ja un mier\u012bgais skatiens liecina par labu raksturu.\",\"breadcrumb\":{\"@id\":\"https:\/\/www.whisker.lv\/sunu-skirnes\/rotveilers\/#breadcrumb\"},\"inLanguage\":\"en-US\",\"potentialAction\":[{\"@type\":\"ReadAction\",\"target\":[\"https:\/\/www.whisker.lv\/sunu-skirnes\/rotveilers\/\"]}]},{\"@type\":\"BreadcrumbList\",\"@id\":\"https:\/\/www.whisker.lv\/sunu-skirnes\/rotveilers\/#breadcrumb\",\"itemListElement\":[{\"@type\":\"ListItem\",\"position\":1,\"name\":\"S\u0101kums\",\"item\":\"https:\/\/www.whisker.lv\/\"},{\"@type\":\"ListItem\",\"position\":2,\"name\":\"Su\u0146u \u0161\u0137irnes\",\"item\":\"https:\/\/www.whisker.lv\/sunu-skirnes\/\"},{\"@type\":\"ListItem\",\"position\":3,\"name\":\"Rotveilers\"}]},{\"@type\":\"WebSite\",\"@id\":\"https:\/\/www.whisker.lv\/#website\",\"url\":\"https:\/\/www.whisker.lv\/\",\"name\":\"Whisker\",\"description\":\"Tavs pal\u012bgs m\u0101jdzivnieku pieskat\u012b\u0161an\u0101\",\"potentialAction\":[{\"@type\":\"SearchAction\",\"target\":{\"@type\":\"EntryPoint\",\"urlTemplate\":\"https:\/\/www.whisker.lv\/?s={search_term_string}\"},\"query-input\":\"required name=search_term_string\"}],\"inLanguage\":\"en-US\"}]}<\/script>\n<!-- \/ Yoast SEO plugin. -->","yoast_head_json":{"title":"Rotveilers - Whisker.lv | Su\u0146u \u0161\u0137irnes - Rotveilers","robots":{"index":"index","follow":"follow","max-snippet":"max-snippet:-1","max-image-preview":"max-image-preview:large","max-video-preview":"max-video-preview:-1"},"canonical":"https:\/\/www.whisker.lv\/sunu-skirnes\/rotveilers\/","og_locale":"en_US","og_type":"article","og_title":"Rotveilers - Whisker","og_url":"https:\/\/www.whisker.lv\/sunu-skirnes\/rotveilers\/","og_site_name":"Whisker","article_publisher":"https:\/\/www.facebook.com\/whisker.lv\/","article_modified_time":"2019-04-03T21:19:36+00:00","twitter_card":"summary_large_image","twitter_misc":{"Est. reading time":"1 minute"},"schema":{"@context":"https:\/\/schema.org","@graph":[{"@type":"WebPage","@id":"https:\/\/www.whisker.lv\/sunu-skirnes\/rotveilers\/","url":"https:\/\/www.whisker.lv\/sunu-skirnes\/rotveilers\/","name":"Rotveilers - Whisker.lv | Su\u0146u \u0161\u0137irnes - Rotveilers","isPartOf":{"@id":"https:\/\/www.whisker.lv\/#website"},"datePublished":"2019-03-13T17:25:42+00:00","dateModified":"2019-04-03T21:19:36+00:00","description":"Rotveilers - tam ir sp\u0113c\u012bga \u0137erme\u0146a uzb\u016bve un muskulat\u016bra. Vi\u0146a pa\u0161p\u0101rliecin\u0101t\u0101 st\u0101ja un mier\u012bgais skatiens liecina par labu raksturu.","breadcrumb":{"@id":"https:\/\/www.whisker.lv\/sunu-skirnes\/rotveilers\/#breadcrumb"},"inLanguage":"en-US","potentialAction":[{"@type":"ReadAction","target":["https:\/\/www.whisker.lv\/sunu-skirnes\/rotveilers\/"]}]},{"@type":"BreadcrumbList","@id":"https:\/\/www.whisker.lv\/sunu-skirnes\/rotveilers\/#breadcrumb","itemListElement":[{"@type":"ListItem","position":1,"name":"S\u0101kums","item":"https:\/\/www.whisker.lv\/"},{"@type":"ListItem","position":2,"name":"Su\u0146u \u0161\u0137irnes","item":"https:\/\/www.whisker.lv\/sunu-skirnes\/"},{"@type":"ListItem","position":3,"name":"Rotveilers"}]},{"@type":"WebSite","@id":"https:\/\/www.whisker.lv\/#website","url":"https:\/\/www.whisker.lv\/","name":"Whisker","description":"Tavs pal\u012bgs m\u0101jdzivnieku pieskat\u012b\u0161an\u0101","potentialAction":[{"@type":"SearchAction","target":{"@type":"EntryPoint","urlTemplate":"https:\/\/www.whisker.lv\/?s={search_term_string}"},"query-input":"required name=search_term_string"}],"inLanguage":"en-US"}]}},"_links":{"self":[{"href":"https:\/\/www.whisker.lv\/en\/wp-json\/wp\/v2\/pages\/9167"}],"collection":[{"href":"https:\/\/www.whisker.lv\/en\/wp-json\/wp\/v2\/pages"}],"about":[{"href":"https:\/\/www.whisker.lv\/en\/wp-json\/wp\/v2\/types\/page"}],"author":[{"embeddable":true,"href":"https:\/\/www.whisker.lv\/en\/wp-json\/wp\/v2\/users\/1"}],"replies":[{"embeddable":true,"href":"https:\/\/www.whisker.lv\/en\/wp-json\/wp\/v2\/comments?post=9167"}],"version-history":[{"count":3,"href":"https:\/\/www.whisker.lv\/en\/wp-json\/wp\/v2\/pages\/9167\/revisions"}],"predecessor-version":[{"id":9171,"href":"https:\/\/www.whisker.lv\/en\/wp-json\/wp\/v2\/pages\/9167\/revisions\/9171"}],"up":[{"embeddable":true,"href":"https:\/\/www.whisker.lv\/en\/wp-json\/wp\/v2\/pages\/8016"}],"wp:attachment":[{"href":"https:\/\/www.whisker.lv\/en\/wp-json\/wp\/v2\/media?parent=9167"}],"curies":[{"name":"wp","href":"https:\/\/api.w.org\/{rel}","templated":true}]}}