



{"id":9172,"date":"2019-03-13T19:31:50","date_gmt":"2019-03-13T17:31:50","guid":{"rendered":"https:\/\/www.whisker.lv\/?page_id=9172"},"modified":"2019-04-03T23:19:04","modified_gmt":"2019-04-03T21:19:04","slug":"rodezijas-ridzbeks","status":"publish","type":"page","link":"https:\/\/www.whisker.lv\/en\/sunu-skirnes\/rodezijas-ridzbeks\/","title":{"rendered":"Rod\u0113zijas rid\u017ebeks"},"content":{"rendered":"[vc_row][vc_column][vc_text_separator title=&#8221;Rod\u0113zijas rid\u017ebeks&#8221; border_width=&#8221;8&#8243;][\/vc_column][\/vc_row][vc_row][vc_column width=&#8221;1\/2&#8243;][vc_single_image image=&#8221;9174&#8243; img_size=&#8221;full&#8221; alignment=&#8221;center&#8221; style=&#8221;vc_box_rounded&#8221;][\/vc_column][vc_column width=&#8221;1\/2&#8243;][vc_column_text]<span style=\"color: #000000;\"><strong>Dzimtene:<\/strong> Dienvid\u0101frika<\/span><\/p>\n<p><span style=\"color: #000000;\"><strong>Funkcija:<\/strong> lauvu dzin\u0113js<\/span><\/p>\n<p><span style=\"color: #000000;\"><strong>Izcel\u0161an\u0101s<\/strong>: ap 1800. g.<\/span><\/p>\n<p><span style=\"color: #000000;\"><strong>Skausta augstums:<\/strong> 61-69 cm<\/span><\/p>\n<p><span style=\"color: #000000;\"><strong>Masa:<\/strong> 30-39 kg<\/span><\/p>\n<p><span style=\"color: #000000;\"><strong>Raksturs:<\/strong> draudz\u012bgs, pak\u013c\u0101v\u012bgs<\/span><\/p>\n<p><span style=\"color: #000000;\"><strong>Dz\u012bves ilgums:<\/strong> 10-12 gadi<\/span>[\/vc_column_text][\/vc_column][\/vc_row][vc_row][vc_column][vc_column_text]<span style=\"color: #000000;\">C\u0113lais Rod\u0113zijas rid\u017ebeks savu nosaukumu ieguvis savdab\u012bg\u0101s apmatojuma joslas d\u0113\u013c. Pret\u0113j\u0101 virzien\u0101 augo\u0161a apmatojuma josla stiepjas p\u0101ri visai mugurai. Rid\u017ebeks ir t\u0101d\u0101 pa\u0161\u0101 kr\u0101s\u0101 k\u0101 zv\u0113ru karais lauva, kas reiz bija viens no su\u0146a iecien\u012bt\u0101kajiem med\u012bjumiem.<\/span><\/p>\n<p><span style=\"color: #000000;\"><strong>V\u0113sture.<\/strong> Pirmo reizi standarts tika noteikts 1922. gad\u0101 Rod\u0113zij\u0101 (m\u016bsdienu Zimbaves teritorij\u0101). \u0160ie su\u0146i iemantoja \u013coti iztur\u012bga un p\u0101rsteidzo\u0161i \u017eigla lauvu mednieka slavu. M\u016bsdien\u0101s vi\u0146i kalpo k\u0101 sargsu\u0146i un ir sirsn\u012bgi \u0123imenes m\u012blu\u013ci.<\/span><\/p>\n<p><span style=\"color: #000000;\"><strong>Piez\u012bme.<\/strong> Dom\u0101jams, neparast\u0101 apmatojuma josla p\u0101rmantota no m\u016bsdien\u0101s izmiru\u0161ajiem hotentu su\u0146iem.<\/span><\/p>\n<p><span style=\"color: #000000;\"><strong>Otrs nosaukums.<\/strong> \u0100frikas lauvu suns.<\/span>[\/vc_column_text][\/vc_column][\/vc_row]\n","protected":false},"excerpt":{"rendered":"<p>[vc_row][vc_column][vc_text_separator title=&#8221;Rod\u0113zijas rid\u017ebeks&#8221; border_width=&#8221;8&#8243;][\/vc_column][\/vc_row][vc_row][vc_column width=&#8221;1\/2&#8243;][vc_single_image image=&#8221;9174&#8243; img_size=&#8221;full&#8221; alignment=&#8221;center&#8221; style=&#8221;vc_box_rounded&#8221;][\/vc_column][vc_column width=&#8221;1\/2&#8243;][vc_column_text]Dzimtene: Dienvid\u0101frika Funkcija: lauvu dzin\u0113js Izcel\u0161an\u0101s: ap 1800. g. Skausta augstums: 61-69 cm Masa: 30-39 kg Raksturs: draudz\u012bgs, pak\u013c\u0101v\u012bgs Dz\u012bves ilgums: 10-12 gadi[\/vc_column_text][\/vc_column][\/vc_row][vc_row][vc_column][vc_column_text]C\u0113lais Rod\u0113zijas rid\u017ebeks savu nosaukumu ieguvis savdab\u012bg\u0101s apmatojuma joslas d\u0113\u013c. Pret\u0113j\u0101 virzien\u0101 augo\u0161a apmatojuma josla stiepjas p\u0101ri visai mugurai. Rid\u017ebeks ir t\u0101d\u0101 pa\u0161\u0101 kr\u0101s\u0101 [&hellip;]<\/p>\n","protected":false},"author":1,"featured_media":0,"parent":8016,"menu_order":0,"comment_status":"closed","ping_status":"closed","template":"page-fullwidth.php","meta":{"_acf_changed":false,"_glsr_average":0,"_glsr_ranking":0,"_glsr_reviews":0,"footnotes":""},"translation":{"provider":"WPGlobus","version":"2.12.2","language":"en","enabled_languages":["lv","en","ru"],"languages":{"lv":{"title":true,"content":true,"excerpt":false},"en":{"title":false,"content":false,"excerpt":false},"ru":{"title":false,"content":false,"excerpt":false}}},"acf":[],"yoast_head":"<!-- This site is optimized with the Yoast SEO plugin v22.5 - https:\/\/yoast.com\/wordpress\/plugins\/seo\/ -->\n<title>Rod\u0113zijas rid\u017ebeks - Whisker.lv | Su\u0146u \u0161\u0137irnes - Rod\u0113zijas rid\u017ebeks<\/title>\n<meta name=\"robots\" content=\"index, follow, max-snippet:-1, max-image-preview:large, max-video-preview:-1\" \/>\n<link rel=\"canonical\" href=\"https:\/\/www.whisker.lv\/sunu-skirnes\/rodezijas-ridzbeks\/\" \/>\n<meta property=\"og:locale\" content=\"en_US\" \/>\n<meta property=\"og:type\" content=\"article\" \/>\n<meta property=\"og:title\" content=\"Rod\u0113zijas rid\u017ebeks - Whisker\" \/>\n<meta property=\"og:url\" content=\"https:\/\/www.whisker.lv\/sunu-skirnes\/rodezijas-ridzbeks\/\" \/>\n<meta property=\"og:site_name\" content=\"Whisker\" \/>\n<meta property=\"article:publisher\" content=\"https:\/\/www.facebook.com\/whisker.lv\/\" \/>\n<meta property=\"article:modified_time\" content=\"2019-04-03T21:19:04+00:00\" \/>\n<meta name=\"twitter:card\" content=\"summary_large_image\" \/>\n<meta name=\"twitter:label1\" content=\"Est. reading time\" \/>\n\t<meta name=\"twitter:data1\" content=\"1 minute\" \/>\n<script type=\"application\/ld+json\" class=\"yoast-schema-graph\">{\"@context\":\"https:\/\/schema.org\",\"@graph\":[{\"@type\":\"WebPage\",\"@id\":\"https:\/\/www.whisker.lv\/sunu-skirnes\/rodezijas-ridzbeks\/\",\"url\":\"https:\/\/www.whisker.lv\/sunu-skirnes\/rodezijas-ridzbeks\/\",\"name\":\"Rod\u0113zijas rid\u017ebeks - Whisker.lv | Su\u0146u \u0161\u0137irnes - Rod\u0113zijas rid\u017ebeks\",\"isPartOf\":{\"@id\":\"https:\/\/www.whisker.lv\/#website\"},\"datePublished\":\"2019-03-13T17:31:50+00:00\",\"dateModified\":\"2019-04-03T21:19:04+00:00\",\"description\":\"C\u0113lais Rod\u0113zijas rid\u017ebeks savu nosaukumu ieguvis savdab\u012bg\u0101s apmatojuma joslas d\u0113\u013c. Pret\u0113j\u0101 virzien\u0101 augo\u0161a apmatojuma josla stiepjas p\u0101ri visai mugurai.\",\"breadcrumb\":{\"@id\":\"https:\/\/www.whisker.lv\/sunu-skirnes\/rodezijas-ridzbeks\/#breadcrumb\"},\"inLanguage\":\"en-US\",\"potentialAction\":[{\"@type\":\"ReadAction\",\"target\":[\"https:\/\/www.whisker.lv\/sunu-skirnes\/rodezijas-ridzbeks\/\"]}]},{\"@type\":\"BreadcrumbList\",\"@id\":\"https:\/\/www.whisker.lv\/sunu-skirnes\/rodezijas-ridzbeks\/#breadcrumb\",\"itemListElement\":[{\"@type\":\"ListItem\",\"position\":1,\"name\":\"S\u0101kums\",\"item\":\"https:\/\/www.whisker.lv\/\"},{\"@type\":\"ListItem\",\"position\":2,\"name\":\"Su\u0146u \u0161\u0137irnes\",\"item\":\"https:\/\/www.whisker.lv\/sunu-skirnes\/\"},{\"@type\":\"ListItem\",\"position\":3,\"name\":\"Rod\u0113zijas rid\u017ebeks\"}]},{\"@type\":\"WebSite\",\"@id\":\"https:\/\/www.whisker.lv\/#website\",\"url\":\"https:\/\/www.whisker.lv\/\",\"name\":\"Whisker\",\"description\":\"Tavs pal\u012bgs m\u0101jdzivnieku pieskat\u012b\u0161an\u0101\",\"potentialAction\":[{\"@type\":\"SearchAction\",\"target\":{\"@type\":\"EntryPoint\",\"urlTemplate\":\"https:\/\/www.whisker.lv\/?s={search_term_string}\"},\"query-input\":\"required name=search_term_string\"}],\"inLanguage\":\"en-US\"}]}<\/script>\n<!-- \/ Yoast SEO plugin. -->","yoast_head_json":{"title":"Rod\u0113zijas rid\u017ebeks - Whisker.lv | Su\u0146u \u0161\u0137irnes - Rod\u0113zijas rid\u017ebeks","robots":{"index":"index","follow":"follow","max-snippet":"max-snippet:-1","max-image-preview":"max-image-preview:large","max-video-preview":"max-video-preview:-1"},"canonical":"https:\/\/www.whisker.lv\/sunu-skirnes\/rodezijas-ridzbeks\/","og_locale":"en_US","og_type":"article","og_title":"Rod\u0113zijas rid\u017ebeks - Whisker","og_url":"https:\/\/www.whisker.lv\/sunu-skirnes\/rodezijas-ridzbeks\/","og_site_name":"Whisker","article_publisher":"https:\/\/www.facebook.com\/whisker.lv\/","article_modified_time":"2019-04-03T21:19:04+00:00","twitter_card":"summary_large_image","twitter_misc":{"Est. reading time":"1 minute"},"schema":{"@context":"https:\/\/schema.org","@graph":[{"@type":"WebPage","@id":"https:\/\/www.whisker.lv\/sunu-skirnes\/rodezijas-ridzbeks\/","url":"https:\/\/www.whisker.lv\/sunu-skirnes\/rodezijas-ridzbeks\/","name":"Rod\u0113zijas rid\u017ebeks - Whisker.lv | Su\u0146u \u0161\u0137irnes - Rod\u0113zijas rid\u017ebeks","isPartOf":{"@id":"https:\/\/www.whisker.lv\/#website"},"datePublished":"2019-03-13T17:31:50+00:00","dateModified":"2019-04-03T21:19:04+00:00","description":"C\u0113lais Rod\u0113zijas rid\u017ebeks savu nosaukumu ieguvis savdab\u012bg\u0101s apmatojuma joslas d\u0113\u013c. Pret\u0113j\u0101 virzien\u0101 augo\u0161a apmatojuma josla stiepjas p\u0101ri visai mugurai.","breadcrumb":{"@id":"https:\/\/www.whisker.lv\/sunu-skirnes\/rodezijas-ridzbeks\/#breadcrumb"},"inLanguage":"en-US","potentialAction":[{"@type":"ReadAction","target":["https:\/\/www.whisker.lv\/sunu-skirnes\/rodezijas-ridzbeks\/"]}]},{"@type":"BreadcrumbList","@id":"https:\/\/www.whisker.lv\/sunu-skirnes\/rodezijas-ridzbeks\/#breadcrumb","itemListElement":[{"@type":"ListItem","position":1,"name":"S\u0101kums","item":"https:\/\/www.whisker.lv\/"},{"@type":"ListItem","position":2,"name":"Su\u0146u \u0161\u0137irnes","item":"https:\/\/www.whisker.lv\/sunu-skirnes\/"},{"@type":"ListItem","position":3,"name":"Rod\u0113zijas rid\u017ebeks"}]},{"@type":"WebSite","@id":"https:\/\/www.whisker.lv\/#website","url":"https:\/\/www.whisker.lv\/","name":"Whisker","description":"Tavs pal\u012bgs m\u0101jdzivnieku pieskat\u012b\u0161an\u0101","potentialAction":[{"@type":"SearchAction","target":{"@type":"EntryPoint","urlTemplate":"https:\/\/www.whisker.lv\/?s={search_term_string}"},"query-input":"required name=search_term_string"}],"inLanguage":"en-US"}]}},"_links":{"self":[{"href":"https:\/\/www.whisker.lv\/en\/wp-json\/wp\/v2\/pages\/9172"}],"collection":[{"href":"https:\/\/www.whisker.lv\/en\/wp-json\/wp\/v2\/pages"}],"about":[{"href":"https:\/\/www.whisker.lv\/en\/wp-json\/wp\/v2\/types\/page"}],"author":[{"embeddable":true,"href":"https:\/\/www.whisker.lv\/en\/wp-json\/wp\/v2\/users\/1"}],"replies":[{"embeddable":true,"href":"https:\/\/www.whisker.lv\/en\/wp-json\/wp\/v2\/comments?post=9172"}],"version-history":[{"count":4,"href":"https:\/\/www.whisker.lv\/en\/wp-json\/wp\/v2\/pages\/9172\/revisions"}],"predecessor-version":[{"id":11208,"href":"https:\/\/www.whisker.lv\/en\/wp-json\/wp\/v2\/pages\/9172\/revisions\/11208"}],"up":[{"embeddable":true,"href":"https:\/\/www.whisker.lv\/en\/wp-json\/wp\/v2\/pages\/8016"}],"wp:attachment":[{"href":"https:\/\/www.whisker.lv\/en\/wp-json\/wp\/v2\/media?parent=9172"}],"curies":[{"name":"wp","href":"https:\/\/api.w.org\/{rel}","templated":true}]}}