



{"id":9199,"date":"2019-03-13T20:10:44","date_gmt":"2019-03-13T18:10:44","guid":{"rendered":"https:\/\/www.whisker.lv\/?page_id=9199"},"modified":"2019-04-03T23:15:55","modified_gmt":"2019-04-03T21:15:55","slug":"pomeranijas-spics","status":"publish","type":"page","link":"https:\/\/www.whisker.lv\/en\/sunu-skirnes\/pomeranijas-spics\/","title":{"rendered":"Pomer\u0101nijas \u0161pics"},"content":{"rendered":"[vc_row][vc_column][vc_text_separator title=&#8221;Pomer\u0101nijas \u0161pics&#8221; border_width=&#8221;8&#8243;][\/vc_column][\/vc_row][vc_row][vc_column width=&#8221;1\/2&#8243;][vc_single_image image=&#8221;9201&#8243; img_size=&#8221;full&#8221; alignment=&#8221;center&#8221; style=&#8221;vc_box_rounded&#8221;][\/vc_column][vc_column width=&#8221;1\/2&#8243;][vc_column_text]<span style=\"color: #000000;\"><strong>Dzimtene:<\/strong> V\u0101cija<\/span><\/p>\n<p><span style=\"color: #000000;\"><strong>Funkcija:<\/strong> dekorat\u012bvais suns<\/span><\/p>\n<p><span style=\"color: #000000;\"><strong>Izcel\u0161an\u0101s:<\/strong> ap 1800. g.<\/span><\/p>\n<p><span style=\"color: #000000;\"><strong>Skausta augstums:<\/strong> 28 cm<\/span><\/p>\n<p><span style=\"color: #000000;\"><strong>Masa:<\/strong> 2-3 kg<\/span><\/p>\n<p><span style=\"color: #000000;\"><strong>Raksturs:<\/strong> mo\u017es, draudz\u012bgs<\/span><\/p>\n<p><span style=\"color: #000000;\"><strong>Dz\u012bves ilgums:<\/strong> 12-16 gadi<\/span>[\/vc_column_text][\/vc_column][\/vc_row][vc_row][vc_column][vc_column_text]<span style=\"color: #000000;\">\u0160is ir maz\u0101kais no v\u0101cu \u0161piciem. Vi\u0146am ir gredzen\u0101 saliekta aste, kas stiepjas p\u0101ri visai mugurai. \u0160ie su\u0146i parasti ir \u013coti uztic\u012bgi un sirsn\u012bgi. Past\u0101v\u012bgais apmatojums vi\u0146iem izaug tikai tr\u012bs gadu vecum\u0101. T\u0101 kr\u0101sojumu veido baltie, sarkanie, oran\u017eie un melnie to\u0146i.<\/span><\/p>\n<p><span style=\"color: #000000;\"><strong>V\u0113sture.<\/strong> \u0160\u012b \u0161\u0137irne izveidota V\u0101cijas zieme\u013cos. K\u0101dreiz pomer\u0101nijas \u0161pici bija daudz liel\u0101ki nek\u0101 m\u016bsdien\u0101s.<\/span><\/p>\n<p><span style=\"color: #000000;\"><strong>Piez\u012bme.<\/strong> Lai gan Pomer\u0101nijas \u0161pics ir neliels, vi\u0146\u0161 ir labs sargsuns.<\/span>[\/vc_column_text][\/vc_column][\/vc_row]\n","protected":false},"excerpt":{"rendered":"<p>[vc_row][vc_column][vc_text_separator title=&#8221;Pomer\u0101nijas \u0161pics&#8221; border_width=&#8221;8&#8243;][\/vc_column][\/vc_row][vc_row][vc_column width=&#8221;1\/2&#8243;][vc_single_image image=&#8221;9201&#8243; img_size=&#8221;full&#8221; alignment=&#8221;center&#8221; style=&#8221;vc_box_rounded&#8221;][\/vc_column][vc_column width=&#8221;1\/2&#8243;][vc_column_text]Dzimtene: V\u0101cija Funkcija: dekorat\u012bvais suns Izcel\u0161an\u0101s: ap 1800. g. Skausta augstums: 28 cm Masa: 2-3 kg Raksturs: mo\u017es, draudz\u012bgs Dz\u012bves ilgums: 12-16 gadi[\/vc_column_text][\/vc_column][\/vc_row][vc_row][vc_column][vc_column_text]\u0160is ir maz\u0101kais no v\u0101cu \u0161piciem. Vi\u0146am ir gredzen\u0101 saliekta aste, kas stiepjas p\u0101ri visai mugurai. \u0160ie su\u0146i parasti ir \u013coti uztic\u012bgi un sirsn\u012bgi. [&hellip;]<\/p>\n","protected":false},"author":1,"featured_media":0,"parent":8016,"menu_order":0,"comment_status":"closed","ping_status":"closed","template":"page-fullwidth.php","meta":{"_acf_changed":false,"_glsr_average":0,"_glsr_ranking":0,"_glsr_reviews":0,"footnotes":""},"translation":{"provider":"WPGlobus","version":"2.12.2","language":"en","enabled_languages":["lv","en","ru"],"languages":{"lv":{"title":true,"content":true,"excerpt":false},"en":{"title":false,"content":false,"excerpt":false},"ru":{"title":false,"content":false,"excerpt":false}}},"acf":[],"yoast_head":"<!-- This site is optimized with the Yoast SEO plugin v22.5 - https:\/\/yoast.com\/wordpress\/plugins\/seo\/ -->\n<title>Pomer\u0101nijas \u0161pics - Whisker.lv | Su\u0146u \u0161\u0137irnes - Pomer\u0101nijas \u0161pics<\/title>\n<meta name=\"robots\" content=\"index, follow, max-snippet:-1, max-image-preview:large, max-video-preview:-1\" \/>\n<link rel=\"canonical\" href=\"https:\/\/www.whisker.lv\/sunu-skirnes\/pomeranijas-spics\/\" \/>\n<meta property=\"og:locale\" content=\"en_US\" \/>\n<meta property=\"og:type\" content=\"article\" \/>\n<meta property=\"og:title\" content=\"Pomer\u0101nijas \u0161pics - Whisker\" \/>\n<meta property=\"og:url\" content=\"https:\/\/www.whisker.lv\/sunu-skirnes\/pomeranijas-spics\/\" \/>\n<meta property=\"og:site_name\" content=\"Whisker\" \/>\n<meta property=\"article:publisher\" content=\"https:\/\/www.facebook.com\/whisker.lv\/\" \/>\n<meta property=\"article:modified_time\" content=\"2019-04-03T21:15:55+00:00\" \/>\n<meta name=\"twitter:card\" content=\"summary_large_image\" \/>\n<meta name=\"twitter:label1\" content=\"Est. reading time\" \/>\n\t<meta name=\"twitter:data1\" content=\"1 minute\" \/>\n<script type=\"application\/ld+json\" class=\"yoast-schema-graph\">{\"@context\":\"https:\/\/schema.org\",\"@graph\":[{\"@type\":\"WebPage\",\"@id\":\"https:\/\/www.whisker.lv\/sunu-skirnes\/pomeranijas-spics\/\",\"url\":\"https:\/\/www.whisker.lv\/sunu-skirnes\/pomeranijas-spics\/\",\"name\":\"Pomer\u0101nijas \u0161pics - Whisker.lv | Su\u0146u \u0161\u0137irnes - Pomer\u0101nijas \u0161pics\",\"isPartOf\":{\"@id\":\"https:\/\/www.whisker.lv\/#website\"},\"datePublished\":\"2019-03-13T18:10:44+00:00\",\"dateModified\":\"2019-04-03T21:15:55+00:00\",\"description\":\"Pomer\u0101nijas \u0161pics - \u0161is ir maz\u0101kais no v\u0101cu \u0161piciem. Vi\u0146am ir gredzen\u0101 saliekta aste, kas stiepjas p\u0101ri visai mugurai. \u0160ie su\u0146i ir uztic\u012bgi un sirsn\u012bgi.\",\"breadcrumb\":{\"@id\":\"https:\/\/www.whisker.lv\/sunu-skirnes\/pomeranijas-spics\/#breadcrumb\"},\"inLanguage\":\"en-US\",\"potentialAction\":[{\"@type\":\"ReadAction\",\"target\":[\"https:\/\/www.whisker.lv\/sunu-skirnes\/pomeranijas-spics\/\"]}]},{\"@type\":\"BreadcrumbList\",\"@id\":\"https:\/\/www.whisker.lv\/sunu-skirnes\/pomeranijas-spics\/#breadcrumb\",\"itemListElement\":[{\"@type\":\"ListItem\",\"position\":1,\"name\":\"S\u0101kums\",\"item\":\"https:\/\/www.whisker.lv\/\"},{\"@type\":\"ListItem\",\"position\":2,\"name\":\"Su\u0146u \u0161\u0137irnes\",\"item\":\"https:\/\/www.whisker.lv\/sunu-skirnes\/\"},{\"@type\":\"ListItem\",\"position\":3,\"name\":\"Pomer\u0101nijas \u0161pics\"}]},{\"@type\":\"WebSite\",\"@id\":\"https:\/\/www.whisker.lv\/#website\",\"url\":\"https:\/\/www.whisker.lv\/\",\"name\":\"Whisker\",\"description\":\"Tavs pal\u012bgs m\u0101jdzivnieku pieskat\u012b\u0161an\u0101\",\"potentialAction\":[{\"@type\":\"SearchAction\",\"target\":{\"@type\":\"EntryPoint\",\"urlTemplate\":\"https:\/\/www.whisker.lv\/?s={search_term_string}\"},\"query-input\":\"required name=search_term_string\"}],\"inLanguage\":\"en-US\"}]}<\/script>\n<!-- \/ Yoast SEO plugin. -->","yoast_head_json":{"title":"Pomer\u0101nijas \u0161pics - Whisker.lv | Su\u0146u \u0161\u0137irnes - Pomer\u0101nijas \u0161pics","robots":{"index":"index","follow":"follow","max-snippet":"max-snippet:-1","max-image-preview":"max-image-preview:large","max-video-preview":"max-video-preview:-1"},"canonical":"https:\/\/www.whisker.lv\/sunu-skirnes\/pomeranijas-spics\/","og_locale":"en_US","og_type":"article","og_title":"Pomer\u0101nijas \u0161pics - Whisker","og_url":"https:\/\/www.whisker.lv\/sunu-skirnes\/pomeranijas-spics\/","og_site_name":"Whisker","article_publisher":"https:\/\/www.facebook.com\/whisker.lv\/","article_modified_time":"2019-04-03T21:15:55+00:00","twitter_card":"summary_large_image","twitter_misc":{"Est. reading time":"1 minute"},"schema":{"@context":"https:\/\/schema.org","@graph":[{"@type":"WebPage","@id":"https:\/\/www.whisker.lv\/sunu-skirnes\/pomeranijas-spics\/","url":"https:\/\/www.whisker.lv\/sunu-skirnes\/pomeranijas-spics\/","name":"Pomer\u0101nijas \u0161pics - Whisker.lv | Su\u0146u \u0161\u0137irnes - Pomer\u0101nijas \u0161pics","isPartOf":{"@id":"https:\/\/www.whisker.lv\/#website"},"datePublished":"2019-03-13T18:10:44+00:00","dateModified":"2019-04-03T21:15:55+00:00","description":"Pomer\u0101nijas \u0161pics - \u0161is ir maz\u0101kais no v\u0101cu \u0161piciem. Vi\u0146am ir gredzen\u0101 saliekta aste, kas stiepjas p\u0101ri visai mugurai. \u0160ie su\u0146i ir uztic\u012bgi un sirsn\u012bgi.","breadcrumb":{"@id":"https:\/\/www.whisker.lv\/sunu-skirnes\/pomeranijas-spics\/#breadcrumb"},"inLanguage":"en-US","potentialAction":[{"@type":"ReadAction","target":["https:\/\/www.whisker.lv\/sunu-skirnes\/pomeranijas-spics\/"]}]},{"@type":"BreadcrumbList","@id":"https:\/\/www.whisker.lv\/sunu-skirnes\/pomeranijas-spics\/#breadcrumb","itemListElement":[{"@type":"ListItem","position":1,"name":"S\u0101kums","item":"https:\/\/www.whisker.lv\/"},{"@type":"ListItem","position":2,"name":"Su\u0146u \u0161\u0137irnes","item":"https:\/\/www.whisker.lv\/sunu-skirnes\/"},{"@type":"ListItem","position":3,"name":"Pomer\u0101nijas \u0161pics"}]},{"@type":"WebSite","@id":"https:\/\/www.whisker.lv\/#website","url":"https:\/\/www.whisker.lv\/","name":"Whisker","description":"Tavs pal\u012bgs m\u0101jdzivnieku pieskat\u012b\u0161an\u0101","potentialAction":[{"@type":"SearchAction","target":{"@type":"EntryPoint","urlTemplate":"https:\/\/www.whisker.lv\/?s={search_term_string}"},"query-input":"required name=search_term_string"}],"inLanguage":"en-US"}]}},"_links":{"self":[{"href":"https:\/\/www.whisker.lv\/en\/wp-json\/wp\/v2\/pages\/9199"}],"collection":[{"href":"https:\/\/www.whisker.lv\/en\/wp-json\/wp\/v2\/pages"}],"about":[{"href":"https:\/\/www.whisker.lv\/en\/wp-json\/wp\/v2\/types\/page"}],"author":[{"embeddable":true,"href":"https:\/\/www.whisker.lv\/en\/wp-json\/wp\/v2\/users\/1"}],"replies":[{"embeddable":true,"href":"https:\/\/www.whisker.lv\/en\/wp-json\/wp\/v2\/comments?post=9199"}],"version-history":[{"count":4,"href":"https:\/\/www.whisker.lv\/en\/wp-json\/wp\/v2\/pages\/9199\/revisions"}],"predecessor-version":[{"id":11088,"href":"https:\/\/www.whisker.lv\/en\/wp-json\/wp\/v2\/pages\/9199\/revisions\/11088"}],"up":[{"embeddable":true,"href":"https:\/\/www.whisker.lv\/en\/wp-json\/wp\/v2\/pages\/8016"}],"wp:attachment":[{"href":"https:\/\/www.whisker.lv\/en\/wp-json\/wp\/v2\/media?parent=9199"}],"curies":[{"name":"wp","href":"https:\/\/api.w.org\/{rel}","templated":true}]}}