



{"id":9209,"date":"2019-03-13T20:21:24","date_gmt":"2019-03-13T18:21:24","guid":{"rendered":"https:\/\/www.whisker.lv\/?page_id=9209"},"modified":"2019-04-03T23:14:50","modified_gmt":"2019-04-03T21:14:50","slug":"pointers","status":"publish","type":"page","link":"https:\/\/www.whisker.lv\/en\/sunu-skirnes\/pointers\/","title":{"rendered":"Pointers"},"content":{"rendered":"[vc_row][vc_column][vc_text_separator title=&#8221;Pointers&#8221; border_width=&#8221;8&#8243;][\/vc_column][\/vc_row][vc_row][vc_column width=&#8221;1\/2&#8243;][vc_single_image image=&#8221;8314&#8243; img_size=&#8221;large&#8221; alignment=&#8221;center&#8221; style=&#8221;vc_box_rounded&#8221;][\/vc_column][vc_column width=&#8221;1\/2&#8243;][vc_column_text]<span style=\"color: #000000;\"><strong>Dzimtene:<\/strong> Lielbrit\u0101nija<\/span><\/p>\n<p><span style=\"color: #000000;\"><strong>Funkcija:<\/strong> za\u0137u dzin\u0113js<\/span><\/p>\n<p><span style=\"color: #000000;\"><strong>Izcel\u0161an\u0101s:<\/strong> ap 1600. g.<\/span><\/p>\n<p><span style=\"color: #000000;\"><strong>Skausta augstums:<\/strong> 61-69 cm<\/span><\/p>\n<p><span style=\"color: #000000;\"><strong>Masa:<\/strong> 20-30 kg<\/span><\/p>\n<p><span style=\"color: #000000;\"><strong>Raksturs:<\/strong> mo\u017es, ir atbild\u012bbas izj\u016bta<\/span><\/p>\n<p><span style=\"color: #000000;\"><strong>Dz\u012bves ilgums:<\/strong> 12-17 gadi<\/span>[\/vc_column_text][\/vc_column][\/vc_row][vc_row][vc_column][vc_column_text]<span style=\"color: #000000;\">Pointerim ir lokans un atl\u0113tisks \u0137ermenis. Kad suns o\u0161\u0146\u0101 gaisu, vi\u0146\u0161 augstu pace\u013c gais\u0101 profil\u0101 izliekto purnu. Pointerim piem\u012bt izcila o\u017ea. Skrienot vi\u0146\u0161 var att\u012bst\u012bt lielu \u0101trumu un p\u0101rvar\u0113t iev\u0113rojamus att\u0101lumus. Elegantais pointers ir lielisks darba suns. Ja v\u0113laties, lai vi\u0146\u0161 k\u013c\u016bst par j\u016bsu \u0123imenes m\u012bluli, \u0146emiet v\u0113r\u0101, ka sunim nepiecie\u0161ama p\u0101rdom\u0101ta dres\u016bra un fiziski treni\u0146i.<\/span><\/p>\n<p><span style=\"color: #000000;\"><strong>V\u0113sture.<\/strong> Jau kop\u0161 17. gadsimta pointers kalpo k\u0101 med\u012bbu suns. S\u0101kotn\u0113ji vi\u0146a uzdevums bija za\u0137u izdz\u012b\u0161ana no pasl\u0113ptuv\u0113m, t\u0101l\u0101k garau\u0161us turpin\u0101ja vaj\u0101t greihaundi.<\/span><\/p>\n<p><span style=\"color: #000000;\"><strong>Piez\u012bme.<\/strong> Saodis med\u012bjumu, pointers ie\u0146em \u012bpa\u0161u, tikai vi\u0146am rakstur\u012bgu st\u0101ju. Suns it k\u0101 sastingst un ar savu degunu nor\u0101da potenci\u0101l\u0101 upura atra\u0161an\u0101s vietu.<\/span><\/p>\n<p><span style=\"color: #000000;\"><strong>Otrs nosaukums.<\/strong> Ang\u013cu pointers.<\/span><\/p>\n[\/vc_column_text][\/vc_column][\/vc_row]\n","protected":false},"excerpt":{"rendered":"<p>[vc_row][vc_column][vc_text_separator title=&#8221;Pointers&#8221; border_width=&#8221;8&#8243;][\/vc_column][\/vc_row][vc_row][vc_column width=&#8221;1\/2&#8243;][vc_single_image image=&#8221;8314&#8243; img_size=&#8221;large&#8221; alignment=&#8221;center&#8221; style=&#8221;vc_box_rounded&#8221;][\/vc_column][vc_column width=&#8221;1\/2&#8243;][vc_column_text]Dzimtene: Lielbrit\u0101nija Funkcija: za\u0137u dzin\u0113js Izcel\u0161an\u0101s: ap 1600. g. Skausta augstums: 61-69 cm Masa: 20-30 kg Raksturs: mo\u017es, ir atbild\u012bbas izj\u016bta Dz\u012bves ilgums: 12-17 gadi[\/vc_column_text][\/vc_column][\/vc_row][vc_row][vc_column][vc_column_text]Pointerim ir lokans un atl\u0113tisks \u0137ermenis. Kad suns o\u0161\u0146\u0101 gaisu, vi\u0146\u0161 augstu pace\u013c gais\u0101 profil\u0101 izliekto purnu. Pointerim piem\u012bt izcila o\u017ea. Skrienot vi\u0146\u0161 [&hellip;]<\/p>\n","protected":false},"author":1,"featured_media":0,"parent":8016,"menu_order":0,"comment_status":"closed","ping_status":"closed","template":"page-fullwidth.php","meta":{"_acf_changed":false,"_glsr_average":0,"_glsr_ranking":0,"_glsr_reviews":0,"footnotes":""},"translation":{"provider":"WPGlobus","version":"2.12.2","language":"en","enabled_languages":["lv","en","ru"],"languages":{"lv":{"title":true,"content":true,"excerpt":false},"en":{"title":false,"content":false,"excerpt":false},"ru":{"title":false,"content":false,"excerpt":false}}},"acf":[],"yoast_head":"<!-- This site is optimized with the Yoast SEO plugin v22.5 - https:\/\/yoast.com\/wordpress\/plugins\/seo\/ -->\n<title>Pointers - Whisker.lv | Su\u0146u \u0161\u0137irnes - Pointers<\/title>\n<meta name=\"robots\" content=\"index, follow, max-snippet:-1, max-image-preview:large, max-video-preview:-1\" \/>\n<link rel=\"canonical\" href=\"https:\/\/www.whisker.lv\/sunu-skirnes\/pointers\/\" \/>\n<meta property=\"og:locale\" content=\"en_US\" \/>\n<meta property=\"og:type\" content=\"article\" \/>\n<meta property=\"og:title\" content=\"Pointers - Whisker\" \/>\n<meta property=\"og:url\" content=\"https:\/\/www.whisker.lv\/sunu-skirnes\/pointers\/\" \/>\n<meta property=\"og:site_name\" content=\"Whisker\" \/>\n<meta property=\"article:publisher\" content=\"https:\/\/www.facebook.com\/whisker.lv\/\" \/>\n<meta property=\"article:modified_time\" content=\"2019-04-03T21:14:50+00:00\" \/>\n<meta name=\"twitter:card\" content=\"summary_large_image\" \/>\n<meta name=\"twitter:label1\" content=\"Est. reading time\" \/>\n\t<meta name=\"twitter:data1\" content=\"1 minute\" \/>\n<script type=\"application\/ld+json\" class=\"yoast-schema-graph\">{\"@context\":\"https:\/\/schema.org\",\"@graph\":[{\"@type\":\"WebPage\",\"@id\":\"https:\/\/www.whisker.lv\/sunu-skirnes\/pointers\/\",\"url\":\"https:\/\/www.whisker.lv\/sunu-skirnes\/pointers\/\",\"name\":\"Pointers - Whisker.lv | Su\u0146u \u0161\u0137irnes - Pointers\",\"isPartOf\":{\"@id\":\"https:\/\/www.whisker.lv\/#website\"},\"datePublished\":\"2019-03-13T18:21:24+00:00\",\"dateModified\":\"2019-04-03T21:14:50+00:00\",\"description\":\"Pointers - tam ir lokans un atl\u0113tisks \u0137ermenis. Kad suns o\u0161\u0146\u0101 gaisu, vi\u0146\u0161 augstu pace\u013c gais\u0101 profil\u0101 izliekto purnu. Pointerim piem\u012bt izcila o\u017ea.\",\"breadcrumb\":{\"@id\":\"https:\/\/www.whisker.lv\/sunu-skirnes\/pointers\/#breadcrumb\"},\"inLanguage\":\"en-US\",\"potentialAction\":[{\"@type\":\"ReadAction\",\"target\":[\"https:\/\/www.whisker.lv\/sunu-skirnes\/pointers\/\"]}]},{\"@type\":\"BreadcrumbList\",\"@id\":\"https:\/\/www.whisker.lv\/sunu-skirnes\/pointers\/#breadcrumb\",\"itemListElement\":[{\"@type\":\"ListItem\",\"position\":1,\"name\":\"S\u0101kums\",\"item\":\"https:\/\/www.whisker.lv\/\"},{\"@type\":\"ListItem\",\"position\":2,\"name\":\"Su\u0146u \u0161\u0137irnes\",\"item\":\"https:\/\/www.whisker.lv\/sunu-skirnes\/\"},{\"@type\":\"ListItem\",\"position\":3,\"name\":\"Pointers\"}]},{\"@type\":\"WebSite\",\"@id\":\"https:\/\/www.whisker.lv\/#website\",\"url\":\"https:\/\/www.whisker.lv\/\",\"name\":\"Whisker\",\"description\":\"Tavs pal\u012bgs m\u0101jdzivnieku pieskat\u012b\u0161an\u0101\",\"potentialAction\":[{\"@type\":\"SearchAction\",\"target\":{\"@type\":\"EntryPoint\",\"urlTemplate\":\"https:\/\/www.whisker.lv\/?s={search_term_string}\"},\"query-input\":\"required name=search_term_string\"}],\"inLanguage\":\"en-US\"}]}<\/script>\n<!-- \/ Yoast SEO plugin. -->","yoast_head_json":{"title":"Pointers - Whisker.lv | Su\u0146u \u0161\u0137irnes - Pointers","robots":{"index":"index","follow":"follow","max-snippet":"max-snippet:-1","max-image-preview":"max-image-preview:large","max-video-preview":"max-video-preview:-1"},"canonical":"https:\/\/www.whisker.lv\/sunu-skirnes\/pointers\/","og_locale":"en_US","og_type":"article","og_title":"Pointers - Whisker","og_url":"https:\/\/www.whisker.lv\/sunu-skirnes\/pointers\/","og_site_name":"Whisker","article_publisher":"https:\/\/www.facebook.com\/whisker.lv\/","article_modified_time":"2019-04-03T21:14:50+00:00","twitter_card":"summary_large_image","twitter_misc":{"Est. reading time":"1 minute"},"schema":{"@context":"https:\/\/schema.org","@graph":[{"@type":"WebPage","@id":"https:\/\/www.whisker.lv\/sunu-skirnes\/pointers\/","url":"https:\/\/www.whisker.lv\/sunu-skirnes\/pointers\/","name":"Pointers - Whisker.lv | Su\u0146u \u0161\u0137irnes - Pointers","isPartOf":{"@id":"https:\/\/www.whisker.lv\/#website"},"datePublished":"2019-03-13T18:21:24+00:00","dateModified":"2019-04-03T21:14:50+00:00","description":"Pointers - tam ir lokans un atl\u0113tisks \u0137ermenis. Kad suns o\u0161\u0146\u0101 gaisu, vi\u0146\u0161 augstu pace\u013c gais\u0101 profil\u0101 izliekto purnu. Pointerim piem\u012bt izcila o\u017ea.","breadcrumb":{"@id":"https:\/\/www.whisker.lv\/sunu-skirnes\/pointers\/#breadcrumb"},"inLanguage":"en-US","potentialAction":[{"@type":"ReadAction","target":["https:\/\/www.whisker.lv\/sunu-skirnes\/pointers\/"]}]},{"@type":"BreadcrumbList","@id":"https:\/\/www.whisker.lv\/sunu-skirnes\/pointers\/#breadcrumb","itemListElement":[{"@type":"ListItem","position":1,"name":"S\u0101kums","item":"https:\/\/www.whisker.lv\/"},{"@type":"ListItem","position":2,"name":"Su\u0146u \u0161\u0137irnes","item":"https:\/\/www.whisker.lv\/sunu-skirnes\/"},{"@type":"ListItem","position":3,"name":"Pointers"}]},{"@type":"WebSite","@id":"https:\/\/www.whisker.lv\/#website","url":"https:\/\/www.whisker.lv\/","name":"Whisker","description":"Tavs pal\u012bgs m\u0101jdzivnieku pieskat\u012b\u0161an\u0101","potentialAction":[{"@type":"SearchAction","target":{"@type":"EntryPoint","urlTemplate":"https:\/\/www.whisker.lv\/?s={search_term_string}"},"query-input":"required name=search_term_string"}],"inLanguage":"en-US"}]}},"_links":{"self":[{"href":"https:\/\/www.whisker.lv\/en\/wp-json\/wp\/v2\/pages\/9209"}],"collection":[{"href":"https:\/\/www.whisker.lv\/en\/wp-json\/wp\/v2\/pages"}],"about":[{"href":"https:\/\/www.whisker.lv\/en\/wp-json\/wp\/v2\/types\/page"}],"author":[{"embeddable":true,"href":"https:\/\/www.whisker.lv\/en\/wp-json\/wp\/v2\/users\/1"}],"replies":[{"embeddable":true,"href":"https:\/\/www.whisker.lv\/en\/wp-json\/wp\/v2\/comments?post=9209"}],"version-history":[{"count":4,"href":"https:\/\/www.whisker.lv\/en\/wp-json\/wp\/v2\/pages\/9209\/revisions"}],"predecessor-version":[{"id":11085,"href":"https:\/\/www.whisker.lv\/en\/wp-json\/wp\/v2\/pages\/9209\/revisions\/11085"}],"up":[{"embeddable":true,"href":"https:\/\/www.whisker.lv\/en\/wp-json\/wp\/v2\/pages\/8016"}],"wp:attachment":[{"href":"https:\/\/www.whisker.lv\/en\/wp-json\/wp\/v2\/media?parent=9209"}],"curies":[{"name":"wp","href":"https:\/\/api.w.org\/{rel}","templated":true}]}}