



{"id":9218,"date":"2019-03-13T20:31:39","date_gmt":"2019-03-13T18:31:39","guid":{"rendered":"https:\/\/www.whisker.lv\/?page_id=9218"},"modified":"2019-04-03T23:12:31","modified_gmt":"2019-04-03T21:12:31","slug":"pireneju-kalnu-suns","status":"publish","type":"page","link":"https:\/\/www.whisker.lv\/en\/sunu-skirnes\/pireneju-kalnu-suns\/","title":{"rendered":"Pireneju kalnu suns"},"content":{"rendered":"[vc_row][vc_column][vc_text_separator title=&#8221;Pireneju kalnu suns&#8221; border_width=&#8221;6&#8243;][\/vc_column][\/vc_row][vc_row][vc_column width=&#8221;1\/2&#8243;][vc_single_image image=&#8221;8312&#8243; img_size=&#8221;full&#8221; alignment=&#8221;center&#8221; style=&#8221;vc_box_rounded&#8221;][\/vc_column][vc_column width=&#8221;1\/2&#8243;][vc_column_text]<span style=\"color: #000000;\"><strong>Dzimtene:<\/strong> Francija<\/span><\/p>\n<p><span style=\"color: #000000;\"><strong>Funkcija:<\/strong> aitu suns<\/span><\/p>\n<p><span style=\"color: #000000;\"><strong>Izcel\u0161an\u0101s:<\/strong>\u00a0 2000. p.m.\u0113.<\/span><\/p>\n<p><span style=\"color: #000000;\"><strong>Skausta augstums:<\/strong> 65-81 cm<\/span><\/p>\n<p><span style=\"color: #000000;\"><strong>Masa:<\/strong> 41-57 kg<\/span><\/p>\n<p><span style=\"color: #000000;\"><strong>Raksturs:<\/strong> v\u0113r\u012bgs, uzticams<\/span><\/p>\n<p><span style=\"color: #000000;\"><strong>Dz\u012bves ilgums:<\/strong> 10-12 gadi<\/span>[\/vc_column_text][\/vc_column][\/vc_row][vc_row][vc_column][vc_column_text]<span style=\"color: #000000;\">Lielos, elegantos pireneju kalnu su\u0146us bie\u017ei jauc ar Pireneju mastifiem. B\u016btisk\u0101k\u0101 at\u0161\u0137ir\u012bba ir pel\u0113kie, meln\u012bgsn\u0113jie vai dzelten\u012bgie laukumi Pireneju kalnu su\u0146iem rakstur\u012bgaj\u0101 baltaj\u0101 apmatojum\u0101. Ap ac\u012bm ir izteiksm\u012bgas, tum\u0161as \u201cbrilles\u201d. Biezais, rupjais apmatojums pasarg\u0101 suni kalnu bargajos klimatiskajos apst\u0101k\u013cos.<\/span><\/p>\n<p><span style=\"color: #000000;\"><strong>V\u0113sture.<\/strong> Dom\u0101jams, ka \u0161\u012bs fran\u010du su\u0146u \u0161\u0137irnes pamat\u0101 ir senie Pireneju aitu su\u0146i.<\/span><\/p>\n<p><span style=\"color: #000000;\"><strong>Piez\u012bme.<\/strong> Pireneju kalnu suni d\u0113v\u0113 par pieaugu\u0161u tikai tad, kad vi\u0146\u0161 sasniedzis tr\u012bs vai \u010detru gadu vecumu.<\/span><\/p>\n<p><span style=\"color: #000000;\"><strong>Otrs nosaukums.<\/strong> Lielais pirenejietis.<\/span>[\/vc_column_text][\/vc_column][\/vc_row]\n","protected":false},"excerpt":{"rendered":"<p>[vc_row][vc_column][vc_text_separator title=&#8221;Pireneju kalnu suns&#8221; border_width=&#8221;6&#8243;][\/vc_column][\/vc_row][vc_row][vc_column width=&#8221;1\/2&#8243;][vc_single_image image=&#8221;8312&#8243; img_size=&#8221;full&#8221; alignment=&#8221;center&#8221; style=&#8221;vc_box_rounded&#8221;][\/vc_column][vc_column width=&#8221;1\/2&#8243;][vc_column_text]Dzimtene: Francija Funkcija: aitu suns Izcel\u0161an\u0101s:\u00a0 2000. p.m.\u0113. Skausta augstums: 65-81 cm Masa: 41-57 kg Raksturs: v\u0113r\u012bgs, uzticams Dz\u012bves ilgums: 10-12 gadi[\/vc_column_text][\/vc_column][\/vc_row][vc_row][vc_column][vc_column_text]Lielos, elegantos pireneju kalnu su\u0146us bie\u017ei jauc ar Pireneju mastifiem. B\u016btisk\u0101k\u0101 at\u0161\u0137ir\u012bba ir pel\u0113kie, meln\u012bgsn\u0113jie vai dzelten\u012bgie laukumi Pireneju kalnu su\u0146iem rakstur\u012bgaj\u0101 baltaj\u0101 apmatojum\u0101. [&hellip;]<\/p>\n","protected":false},"author":1,"featured_media":0,"parent":8016,"menu_order":0,"comment_status":"closed","ping_status":"closed","template":"page-fullwidth.php","meta":{"_acf_changed":false,"_glsr_average":0,"_glsr_ranking":0,"_glsr_reviews":0,"footnotes":""},"translation":{"provider":"WPGlobus","version":"2.12.2","language":"en","enabled_languages":["lv","en","ru"],"languages":{"lv":{"title":true,"content":true,"excerpt":false},"en":{"title":false,"content":false,"excerpt":false},"ru":{"title":false,"content":false,"excerpt":false}}},"acf":[],"yoast_head":"<!-- This site is optimized with the Yoast SEO plugin v22.5 - https:\/\/yoast.com\/wordpress\/plugins\/seo\/ -->\n<title>Pireneju kalnu suns - Whisker.lv | Su\u0146u \u0161\u0137irnes - Pireneju kalnu suns<\/title>\n<meta name=\"robots\" content=\"index, follow, max-snippet:-1, max-image-preview:large, max-video-preview:-1\" \/>\n<link rel=\"canonical\" href=\"https:\/\/www.whisker.lv\/sunu-skirnes\/pireneju-kalnu-suns\/\" \/>\n<meta property=\"og:locale\" content=\"en_US\" \/>\n<meta property=\"og:type\" content=\"article\" \/>\n<meta property=\"og:title\" content=\"Pireneju kalnu suns - Whisker\" \/>\n<meta property=\"og:url\" content=\"https:\/\/www.whisker.lv\/sunu-skirnes\/pireneju-kalnu-suns\/\" \/>\n<meta property=\"og:site_name\" content=\"Whisker\" \/>\n<meta property=\"article:publisher\" content=\"https:\/\/www.facebook.com\/whisker.lv\/\" \/>\n<meta property=\"article:modified_time\" content=\"2019-04-03T21:12:31+00:00\" \/>\n<meta name=\"twitter:card\" content=\"summary_large_image\" \/>\n<meta name=\"twitter:label1\" content=\"Est. reading time\" \/>\n\t<meta name=\"twitter:data1\" content=\"1 minute\" \/>\n<script type=\"application\/ld+json\" class=\"yoast-schema-graph\">{\"@context\":\"https:\/\/schema.org\",\"@graph\":[{\"@type\":\"WebPage\",\"@id\":\"https:\/\/www.whisker.lv\/sunu-skirnes\/pireneju-kalnu-suns\/\",\"url\":\"https:\/\/www.whisker.lv\/sunu-skirnes\/pireneju-kalnu-suns\/\",\"name\":\"Pireneju kalnu suns - Whisker.lv | Su\u0146u \u0161\u0137irnes - Pireneju kalnu suns\",\"isPartOf\":{\"@id\":\"https:\/\/www.whisker.lv\/#website\"},\"datePublished\":\"2019-03-13T18:31:39+00:00\",\"dateModified\":\"2019-04-03T21:12:31+00:00\",\"description\":\"Pireneju kalnu suns - ap ac\u012bm ir izteiksm\u012bgas, tum\u0161as \u201cbrilles\u201d. Biezais, rupjais apmatojums pasarg\u0101 suni kalnu bargajos klimatiskajos apst\u0101k\u013cos.\",\"breadcrumb\":{\"@id\":\"https:\/\/www.whisker.lv\/sunu-skirnes\/pireneju-kalnu-suns\/#breadcrumb\"},\"inLanguage\":\"en-US\",\"potentialAction\":[{\"@type\":\"ReadAction\",\"target\":[\"https:\/\/www.whisker.lv\/sunu-skirnes\/pireneju-kalnu-suns\/\"]}]},{\"@type\":\"BreadcrumbList\",\"@id\":\"https:\/\/www.whisker.lv\/sunu-skirnes\/pireneju-kalnu-suns\/#breadcrumb\",\"itemListElement\":[{\"@type\":\"ListItem\",\"position\":1,\"name\":\"S\u0101kums\",\"item\":\"https:\/\/www.whisker.lv\/\"},{\"@type\":\"ListItem\",\"position\":2,\"name\":\"Su\u0146u \u0161\u0137irnes\",\"item\":\"https:\/\/www.whisker.lv\/sunu-skirnes\/\"},{\"@type\":\"ListItem\",\"position\":3,\"name\":\"Pireneju kalnu suns\"}]},{\"@type\":\"WebSite\",\"@id\":\"https:\/\/www.whisker.lv\/#website\",\"url\":\"https:\/\/www.whisker.lv\/\",\"name\":\"Whisker\",\"description\":\"Tavs pal\u012bgs m\u0101jdzivnieku pieskat\u012b\u0161an\u0101\",\"potentialAction\":[{\"@type\":\"SearchAction\",\"target\":{\"@type\":\"EntryPoint\",\"urlTemplate\":\"https:\/\/www.whisker.lv\/?s={search_term_string}\"},\"query-input\":\"required name=search_term_string\"}],\"inLanguage\":\"en-US\"}]}<\/script>\n<!-- \/ Yoast SEO plugin. -->","yoast_head_json":{"title":"Pireneju kalnu suns - Whisker.lv | Su\u0146u \u0161\u0137irnes - Pireneju kalnu suns","robots":{"index":"index","follow":"follow","max-snippet":"max-snippet:-1","max-image-preview":"max-image-preview:large","max-video-preview":"max-video-preview:-1"},"canonical":"https:\/\/www.whisker.lv\/sunu-skirnes\/pireneju-kalnu-suns\/","og_locale":"en_US","og_type":"article","og_title":"Pireneju kalnu suns - Whisker","og_url":"https:\/\/www.whisker.lv\/sunu-skirnes\/pireneju-kalnu-suns\/","og_site_name":"Whisker","article_publisher":"https:\/\/www.facebook.com\/whisker.lv\/","article_modified_time":"2019-04-03T21:12:31+00:00","twitter_card":"summary_large_image","twitter_misc":{"Est. reading time":"1 minute"},"schema":{"@context":"https:\/\/schema.org","@graph":[{"@type":"WebPage","@id":"https:\/\/www.whisker.lv\/sunu-skirnes\/pireneju-kalnu-suns\/","url":"https:\/\/www.whisker.lv\/sunu-skirnes\/pireneju-kalnu-suns\/","name":"Pireneju kalnu suns - Whisker.lv | Su\u0146u \u0161\u0137irnes - Pireneju kalnu suns","isPartOf":{"@id":"https:\/\/www.whisker.lv\/#website"},"datePublished":"2019-03-13T18:31:39+00:00","dateModified":"2019-04-03T21:12:31+00:00","description":"Pireneju kalnu suns - ap ac\u012bm ir izteiksm\u012bgas, tum\u0161as \u201cbrilles\u201d. Biezais, rupjais apmatojums pasarg\u0101 suni kalnu bargajos klimatiskajos apst\u0101k\u013cos.","breadcrumb":{"@id":"https:\/\/www.whisker.lv\/sunu-skirnes\/pireneju-kalnu-suns\/#breadcrumb"},"inLanguage":"en-US","potentialAction":[{"@type":"ReadAction","target":["https:\/\/www.whisker.lv\/sunu-skirnes\/pireneju-kalnu-suns\/"]}]},{"@type":"BreadcrumbList","@id":"https:\/\/www.whisker.lv\/sunu-skirnes\/pireneju-kalnu-suns\/#breadcrumb","itemListElement":[{"@type":"ListItem","position":1,"name":"S\u0101kums","item":"https:\/\/www.whisker.lv\/"},{"@type":"ListItem","position":2,"name":"Su\u0146u \u0161\u0137irnes","item":"https:\/\/www.whisker.lv\/sunu-skirnes\/"},{"@type":"ListItem","position":3,"name":"Pireneju kalnu suns"}]},{"@type":"WebSite","@id":"https:\/\/www.whisker.lv\/#website","url":"https:\/\/www.whisker.lv\/","name":"Whisker","description":"Tavs pal\u012bgs m\u0101jdzivnieku pieskat\u012b\u0161an\u0101","potentialAction":[{"@type":"SearchAction","target":{"@type":"EntryPoint","urlTemplate":"https:\/\/www.whisker.lv\/?s={search_term_string}"},"query-input":"required name=search_term_string"}],"inLanguage":"en-US"}]}},"_links":{"self":[{"href":"https:\/\/www.whisker.lv\/en\/wp-json\/wp\/v2\/pages\/9218"}],"collection":[{"href":"https:\/\/www.whisker.lv\/en\/wp-json\/wp\/v2\/pages"}],"about":[{"href":"https:\/\/www.whisker.lv\/en\/wp-json\/wp\/v2\/types\/page"}],"author":[{"embeddable":true,"href":"https:\/\/www.whisker.lv\/en\/wp-json\/wp\/v2\/users\/1"}],"replies":[{"embeddable":true,"href":"https:\/\/www.whisker.lv\/en\/wp-json\/wp\/v2\/comments?post=9218"}],"version-history":[{"count":4,"href":"https:\/\/www.whisker.lv\/en\/wp-json\/wp\/v2\/pages\/9218\/revisions"}],"predecessor-version":[{"id":11204,"href":"https:\/\/www.whisker.lv\/en\/wp-json\/wp\/v2\/pages\/9218\/revisions\/11204"}],"up":[{"embeddable":true,"href":"https:\/\/www.whisker.lv\/en\/wp-json\/wp\/v2\/pages\/8016"}],"wp:attachment":[{"href":"https:\/\/www.whisker.lv\/en\/wp-json\/wp\/v2\/media?parent=9218"}],"curies":[{"name":"wp","href":"https:\/\/api.w.org\/{rel}","templated":true}]}}