



{"id":9227,"date":"2019-03-13T20:42:16","date_gmt":"2019-03-13T18:42:16","guid":{"rendered":"https:\/\/www.whisker.lv\/?page_id=9227"},"modified":"2019-04-03T23:11:35","modified_gmt":"2019-04-03T21:11:35","slug":"pekinietis","status":"publish","type":"page","link":"https:\/\/www.whisker.lv\/en\/sunu-skirnes\/pekinietis\/","title":{"rendered":"Pekinietis"},"content":{"rendered":"[vc_row][vc_column][vc_text_separator title=&#8221;Pekinietis &#8221; border_width=&#8221;8&#8243;][\/vc_column][\/vc_row][vc_row][vc_column width=&#8221;1\/2&#8243;][vc_single_image image=&#8221;9229&#8243; img_size=&#8221;full&#8221; alignment=&#8221;center&#8221; style=&#8221;vc_box_rounded&#8221;][\/vc_column][vc_column width=&#8221;1\/2&#8243;][vc_column_text]<span style=\"color: #000000;\"><strong>Dzimtene:<\/strong> \u0136\u012bna<\/span><\/p>\n<p><span style=\"color: #000000;\"><strong>Funkcija:<\/strong> dekorat\u012bvais suns<\/span><\/p>\n<p><span style=\"color: #000000;\"><strong>Izcel\u0161an\u0101s:<\/strong> ap 100. g.<\/span><\/p>\n<p><span style=\"color: #000000;\"><strong>Skausta augstums:<\/strong> 15-23 cm<\/span><\/p>\n<p><span style=\"color: #000000;\"><strong>Masa:<\/strong> 3-6 kg<\/span><\/p>\n<p><span style=\"color: #000000;\"><strong>Raksturs:<\/strong> modrs, neatkar\u012bgs<\/span><\/p>\n<p><span style=\"color: #000000;\"><strong>Dz\u012bves ilgums:<\/strong> 12-14 gadi<\/span>[\/vc_column_text][\/vc_column][\/vc_row][vc_row][vc_column][vc_column_text]<span style=\"color: #000000;\">T\u0101 k\u0101 pekinietim ir \u012bsas k\u0101jas, rodas iespaids, ka vi\u0146\u0161 nevis iet, bet ve\u013cas. Vi\u0146am ir diezgan pr\u0101va galva ar profil\u0101 saplacin\u0101tu purnu, kuru kl\u0101j m\u012bksts, gar\u0161 apmatojums, t\u0101p\u0113c izskat\u0101s, ka sunim ir \u201ckr\u0113pes\u201d. Pekinie\u0161i ir modri un drosm\u012bgi m\u0101jas sargi.<\/span><\/p>\n<p><span style=\"color: #000000;\"><strong>V\u0113sture.<\/strong> Senatn\u0113 pekinie\u0161i baud\u012bju\u0161i \u012bpa\u0161as privil\u0113\u0123ijas \u0136\u012bnas imperatora galm\u0101, kur vi\u0146i tika uzskat\u012bti par sv\u0113tiem su\u0146iem. Eirop\u0101 \u0161\u012bs \u0161\u0137irnes su\u0146i pirmo reizi tika ievesti tikai 1860. gad\u0101 \u2013 tad, kad britu karasp\u0113ks bija ie\u0146\u0113mis Pekinu.<\/span><\/p>\n<p><span style=\"color: #000000;\"><strong>Piez\u012bme.<\/strong> K\u0101dreiz pekinie\u0161us d\u0113v\u0113ja par \u201cpiedurknes su\u0146iem\u201d, jo imper\u0101tora galminieki m\u0113dza vi\u0146us n\u0113s\u0101t sav\u0101s garaj\u0101s, plando\u0161aj\u0101s piedurkn\u0113s.<\/span><\/p>\n<p><span style=\"color: #000000;\"><strong>Otrs nosaukums.<\/strong> Pekinas pils suns.<\/span>[\/vc_column_text][\/vc_column][\/vc_row]\n","protected":false},"excerpt":{"rendered":"<p>[vc_row][vc_column][vc_text_separator title=&#8221;Pekinietis &#8221; border_width=&#8221;8&#8243;][\/vc_column][\/vc_row][vc_row][vc_column width=&#8221;1\/2&#8243;][vc_single_image image=&#8221;9229&#8243; img_size=&#8221;full&#8221; alignment=&#8221;center&#8221; style=&#8221;vc_box_rounded&#8221;][\/vc_column][vc_column width=&#8221;1\/2&#8243;][vc_column_text]Dzimtene: \u0136\u012bna Funkcija: dekorat\u012bvais suns Izcel\u0161an\u0101s: ap 100. g. Skausta augstums: 15-23 cm Masa: 3-6 kg Raksturs: modrs, neatkar\u012bgs Dz\u012bves ilgums: 12-14 gadi[\/vc_column_text][\/vc_column][\/vc_row][vc_row][vc_column][vc_column_text]T\u0101 k\u0101 pekinietim ir \u012bsas k\u0101jas, rodas iespaids, ka vi\u0146\u0161 nevis iet, bet ve\u013cas. Vi\u0146am ir diezgan pr\u0101va galva ar profil\u0101 saplacin\u0101tu purnu, kuru [&hellip;]<\/p>\n","protected":false},"author":1,"featured_media":0,"parent":8016,"menu_order":0,"comment_status":"closed","ping_status":"closed","template":"page-fullwidth.php","meta":{"_acf_changed":false,"_glsr_average":0,"_glsr_ranking":0,"_glsr_reviews":0,"footnotes":""},"translation":{"provider":"WPGlobus","version":"2.12.2","language":"en","enabled_languages":["lv","en","ru"],"languages":{"lv":{"title":true,"content":true,"excerpt":false},"en":{"title":false,"content":false,"excerpt":false},"ru":{"title":false,"content":false,"excerpt":false}}},"acf":[],"yoast_head":"<!-- This site is optimized with the Yoast SEO plugin v22.5 - https:\/\/yoast.com\/wordpress\/plugins\/seo\/ -->\n<title>Pekinietis - Whisker.lv | Su\u0146u \u0161\u0137irnes - Pekinietis<\/title>\n<meta name=\"robots\" content=\"index, follow, max-snippet:-1, max-image-preview:large, max-video-preview:-1\" \/>\n<link rel=\"canonical\" href=\"https:\/\/www.whisker.lv\/sunu-skirnes\/pekinietis\/\" \/>\n<meta property=\"og:locale\" content=\"en_US\" \/>\n<meta property=\"og:type\" content=\"article\" \/>\n<meta property=\"og:title\" content=\"Pekinietis - Whisker\" \/>\n<meta property=\"og:url\" content=\"https:\/\/www.whisker.lv\/sunu-skirnes\/pekinietis\/\" \/>\n<meta property=\"og:site_name\" content=\"Whisker\" \/>\n<meta property=\"article:publisher\" content=\"https:\/\/www.facebook.com\/whisker.lv\/\" \/>\n<meta property=\"article:modified_time\" content=\"2019-04-03T21:11:35+00:00\" \/>\n<meta name=\"twitter:card\" content=\"summary_large_image\" \/>\n<meta name=\"twitter:label1\" content=\"Est. reading time\" \/>\n\t<meta name=\"twitter:data1\" content=\"1 minute\" \/>\n<script type=\"application\/ld+json\" class=\"yoast-schema-graph\">{\"@context\":\"https:\/\/schema.org\",\"@graph\":[{\"@type\":\"WebPage\",\"@id\":\"https:\/\/www.whisker.lv\/sunu-skirnes\/pekinietis\/\",\"url\":\"https:\/\/www.whisker.lv\/sunu-skirnes\/pekinietis\/\",\"name\":\"Pekinietis - Whisker.lv | Su\u0146u \u0161\u0137irnes - Pekinietis\",\"isPartOf\":{\"@id\":\"https:\/\/www.whisker.lv\/#website\"},\"datePublished\":\"2019-03-13T18:42:16+00:00\",\"dateModified\":\"2019-04-03T21:11:35+00:00\",\"description\":\"Pekinietis - tam ir diezgan pr\u0101va galva ar profil\u0101 saplacin\u0101tu purnu, kuru kl\u0101j m\u012bksts, gar\u0161 apmatojums. Pekinie\u0161i ir modri un drosm\u012bgi m\u0101jas sargi.\",\"breadcrumb\":{\"@id\":\"https:\/\/www.whisker.lv\/sunu-skirnes\/pekinietis\/#breadcrumb\"},\"inLanguage\":\"en-US\",\"potentialAction\":[{\"@type\":\"ReadAction\",\"target\":[\"https:\/\/www.whisker.lv\/sunu-skirnes\/pekinietis\/\"]}]},{\"@type\":\"BreadcrumbList\",\"@id\":\"https:\/\/www.whisker.lv\/sunu-skirnes\/pekinietis\/#breadcrumb\",\"itemListElement\":[{\"@type\":\"ListItem\",\"position\":1,\"name\":\"S\u0101kums\",\"item\":\"https:\/\/www.whisker.lv\/\"},{\"@type\":\"ListItem\",\"position\":2,\"name\":\"Su\u0146u \u0161\u0137irnes\",\"item\":\"https:\/\/www.whisker.lv\/sunu-skirnes\/\"},{\"@type\":\"ListItem\",\"position\":3,\"name\":\"Pekinietis\"}]},{\"@type\":\"WebSite\",\"@id\":\"https:\/\/www.whisker.lv\/#website\",\"url\":\"https:\/\/www.whisker.lv\/\",\"name\":\"Whisker\",\"description\":\"Tavs pal\u012bgs m\u0101jdzivnieku pieskat\u012b\u0161an\u0101\",\"potentialAction\":[{\"@type\":\"SearchAction\",\"target\":{\"@type\":\"EntryPoint\",\"urlTemplate\":\"https:\/\/www.whisker.lv\/?s={search_term_string}\"},\"query-input\":\"required name=search_term_string\"}],\"inLanguage\":\"en-US\"}]}<\/script>\n<!-- \/ Yoast SEO plugin. -->","yoast_head_json":{"title":"Pekinietis - Whisker.lv | Su\u0146u \u0161\u0137irnes - Pekinietis","robots":{"index":"index","follow":"follow","max-snippet":"max-snippet:-1","max-image-preview":"max-image-preview:large","max-video-preview":"max-video-preview:-1"},"canonical":"https:\/\/www.whisker.lv\/sunu-skirnes\/pekinietis\/","og_locale":"en_US","og_type":"article","og_title":"Pekinietis - Whisker","og_url":"https:\/\/www.whisker.lv\/sunu-skirnes\/pekinietis\/","og_site_name":"Whisker","article_publisher":"https:\/\/www.facebook.com\/whisker.lv\/","article_modified_time":"2019-04-03T21:11:35+00:00","twitter_card":"summary_large_image","twitter_misc":{"Est. reading time":"1 minute"},"schema":{"@context":"https:\/\/schema.org","@graph":[{"@type":"WebPage","@id":"https:\/\/www.whisker.lv\/sunu-skirnes\/pekinietis\/","url":"https:\/\/www.whisker.lv\/sunu-skirnes\/pekinietis\/","name":"Pekinietis - Whisker.lv | Su\u0146u \u0161\u0137irnes - Pekinietis","isPartOf":{"@id":"https:\/\/www.whisker.lv\/#website"},"datePublished":"2019-03-13T18:42:16+00:00","dateModified":"2019-04-03T21:11:35+00:00","description":"Pekinietis - tam ir diezgan pr\u0101va galva ar profil\u0101 saplacin\u0101tu purnu, kuru kl\u0101j m\u012bksts, gar\u0161 apmatojums. Pekinie\u0161i ir modri un drosm\u012bgi m\u0101jas sargi.","breadcrumb":{"@id":"https:\/\/www.whisker.lv\/sunu-skirnes\/pekinietis\/#breadcrumb"},"inLanguage":"en-US","potentialAction":[{"@type":"ReadAction","target":["https:\/\/www.whisker.lv\/sunu-skirnes\/pekinietis\/"]}]},{"@type":"BreadcrumbList","@id":"https:\/\/www.whisker.lv\/sunu-skirnes\/pekinietis\/#breadcrumb","itemListElement":[{"@type":"ListItem","position":1,"name":"S\u0101kums","item":"https:\/\/www.whisker.lv\/"},{"@type":"ListItem","position":2,"name":"Su\u0146u \u0161\u0137irnes","item":"https:\/\/www.whisker.lv\/sunu-skirnes\/"},{"@type":"ListItem","position":3,"name":"Pekinietis"}]},{"@type":"WebSite","@id":"https:\/\/www.whisker.lv\/#website","url":"https:\/\/www.whisker.lv\/","name":"Whisker","description":"Tavs pal\u012bgs m\u0101jdzivnieku pieskat\u012b\u0161an\u0101","potentialAction":[{"@type":"SearchAction","target":{"@type":"EntryPoint","urlTemplate":"https:\/\/www.whisker.lv\/?s={search_term_string}"},"query-input":"required name=search_term_string"}],"inLanguage":"en-US"}]}},"_links":{"self":[{"href":"https:\/\/www.whisker.lv\/en\/wp-json\/wp\/v2\/pages\/9227"}],"collection":[{"href":"https:\/\/www.whisker.lv\/en\/wp-json\/wp\/v2\/pages"}],"about":[{"href":"https:\/\/www.whisker.lv\/en\/wp-json\/wp\/v2\/types\/page"}],"author":[{"embeddable":true,"href":"https:\/\/www.whisker.lv\/en\/wp-json\/wp\/v2\/users\/1"}],"replies":[{"embeddable":true,"href":"https:\/\/www.whisker.lv\/en\/wp-json\/wp\/v2\/comments?post=9227"}],"version-history":[{"count":3,"href":"https:\/\/www.whisker.lv\/en\/wp-json\/wp\/v2\/pages\/9227\/revisions"}],"predecessor-version":[{"id":9231,"href":"https:\/\/www.whisker.lv\/en\/wp-json\/wp\/v2\/pages\/9227\/revisions\/9231"}],"up":[{"embeddable":true,"href":"https:\/\/www.whisker.lv\/en\/wp-json\/wp\/v2\/pages\/8016"}],"wp:attachment":[{"href":"https:\/\/www.whisker.lv\/en\/wp-json\/wp\/v2\/media?parent=9227"}],"curies":[{"name":"wp","href":"https:\/\/api.w.org\/{rel}","templated":true}]}}