



{"id":9267,"date":"2019-03-14T01:01:21","date_gmt":"2019-03-13T23:01:21","guid":{"rendered":"https:\/\/www.whisker.lv\/?page_id=9267"},"modified":"2019-04-03T23:09:24","modified_gmt":"2019-04-03T21:09:24","slug":"norvegu-alnu-suns","status":"publish","type":"page","link":"https:\/\/www.whisker.lv\/en\/sunu-skirnes\/norvegu-alnu-suns\/","title":{"rendered":"Norv\u0113\u0123u a\u013c\u0146u suns"},"content":{"rendered":"[vc_row][vc_column][vc_text_separator title=&#8221;Norv\u0113\u0123u a\u013c\u0146u suns &#8221; border_width=&#8221;8&#8243;][\/vc_column][\/vc_row][vc_row][vc_column width=&#8221;1\/2&#8243;][vc_single_image image=&#8221;9269&#8243; img_size=&#8221;full&#8221; alignment=&#8221;center&#8221; style=&#8221;vc_box_rounded&#8221;][\/vc_column][vc_column width=&#8221;1\/2&#8243;][vc_column_text]<span style=\"color: #000000;\"><strong>Dzimtene:<\/strong> Norv\u0113\u0123ija<\/span><\/p>\n<p><span style=\"color: #000000;\"><strong>Funkcija:<\/strong> a\u013c\u0146u dzin\u0113js<\/span><\/p>\n<p><span style=\"color: #000000;\"><strong>Izcel\u0161an\u0101s:<\/strong> ap 1000. g.<\/span><\/p>\n<p><span style=\"color: #000000;\"><strong>Skausta augstums:<\/strong> 49-52 cm<\/span><\/p>\n<p><span style=\"color: #000000;\"><strong>Masa:<\/strong> 10-23 kg<\/span><\/p>\n<p><span style=\"color: #000000;\"><strong>Raksturs:<\/strong> mo\u017es, draudz\u012bgs<\/span><\/p>\n<p><span style=\"color: #000000;\"><strong>Dz\u012bves ilgums:<\/strong> 12-15 gadi<\/span>[\/vc_column_text][\/vc_column][\/vc_row][vc_row][vc_column][vc_column_text]<span style=\"color: #000000;\">Lielais suns veidots speci\u0101li a\u013c\u0146u med\u012bb\u0101m. Musku\u013cotais \u0137ermenis ir kompakts, t\u0101p\u0113c rodas iespaids, ka suns ir \u013coti plec\u012bgs. \u0160o iespaidu v\u0113l vair\u0101k pastiprina bl\u012bvais, pel\u0113c\u012bgais apmatojums. \u0160\u0137irnes otrs paveids ir meln\u0101 kr\u0101s\u0101.<\/span><\/p>\n<p><span style=\"color: #000000;\"><strong>V\u0113sture.<\/strong> Skandin\u0101vij\u0101 atrastais akmens laikmeta su\u0146a skelets ir l\u012bdz\u012bgs m\u016bsdienu a\u013c\u0146u su\u0146a skeletam.<\/span><\/p>\n<p><span style=\"color: #000000;\"><strong>Piez\u012bme.<\/strong> Draudz\u012bgais suns ir lielisks \u0123imenes m\u012blulis.<\/span><\/p>\n<p><span style=\"color: #000000;\"><strong>Otrs nosaukums.<\/strong> Elkhaunds.<\/span>[\/vc_column_text][\/vc_column][\/vc_row]\n","protected":false},"excerpt":{"rendered":"<p>[vc_row][vc_column][vc_text_separator title=&#8221;Norv\u0113\u0123u a\u013c\u0146u suns &#8221; border_width=&#8221;8&#8243;][\/vc_column][\/vc_row][vc_row][vc_column width=&#8221;1\/2&#8243;][vc_single_image image=&#8221;9269&#8243; img_size=&#8221;full&#8221; alignment=&#8221;center&#8221; style=&#8221;vc_box_rounded&#8221;][\/vc_column][vc_column width=&#8221;1\/2&#8243;][vc_column_text]Dzimtene: Norv\u0113\u0123ija Funkcija: a\u013c\u0146u dzin\u0113js Izcel\u0161an\u0101s: ap 1000. g. Skausta augstums: 49-52 cm Masa: 10-23 kg Raksturs: mo\u017es, draudz\u012bgs Dz\u012bves ilgums: 12-15 gadi[\/vc_column_text][\/vc_column][\/vc_row][vc_row][vc_column][vc_column_text]Lielais suns veidots speci\u0101li a\u013c\u0146u med\u012bb\u0101m. Musku\u013cotais \u0137ermenis ir kompakts, t\u0101p\u0113c rodas iespaids, ka suns ir \u013coti plec\u012bgs. \u0160o iespaidu v\u0113l vair\u0101k [&hellip;]<\/p>\n","protected":false},"author":1,"featured_media":0,"parent":8016,"menu_order":0,"comment_status":"closed","ping_status":"closed","template":"page-fullwidth.php","meta":{"_acf_changed":false,"_glsr_average":0,"_glsr_ranking":0,"_glsr_reviews":0,"footnotes":""},"translation":{"provider":"WPGlobus","version":"2.12.2","language":"en","enabled_languages":["lv","en","ru"],"languages":{"lv":{"title":true,"content":true,"excerpt":false},"en":{"title":false,"content":false,"excerpt":false},"ru":{"title":false,"content":false,"excerpt":false}}},"acf":[],"yoast_head":"<!-- This site is optimized with the Yoast SEO plugin v22.5 - https:\/\/yoast.com\/wordpress\/plugins\/seo\/ -->\n<title>Norv\u0113\u0123u a\u013c\u0146u suns - Whisker.lv | Su\u0146u \u0161\u0137irnes - Norv\u0113\u0123u a\u013c\u0146u suns<\/title>\n<meta name=\"robots\" content=\"index, follow, max-snippet:-1, max-image-preview:large, max-video-preview:-1\" \/>\n<link rel=\"canonical\" href=\"https:\/\/www.whisker.lv\/sunu-skirnes\/norvegu-alnu-suns\/\" \/>\n<meta property=\"og:locale\" content=\"en_US\" \/>\n<meta property=\"og:type\" content=\"article\" \/>\n<meta property=\"og:title\" content=\"Norv\u0113\u0123u a\u013c\u0146u suns - Whisker\" \/>\n<meta property=\"og:url\" content=\"https:\/\/www.whisker.lv\/sunu-skirnes\/norvegu-alnu-suns\/\" \/>\n<meta property=\"og:site_name\" content=\"Whisker\" \/>\n<meta property=\"article:publisher\" content=\"https:\/\/www.facebook.com\/whisker.lv\/\" \/>\n<meta property=\"article:modified_time\" content=\"2019-04-03T21:09:24+00:00\" \/>\n<meta name=\"twitter:card\" content=\"summary_large_image\" \/>\n<meta name=\"twitter:label1\" content=\"Est. reading time\" \/>\n\t<meta name=\"twitter:data1\" content=\"1 minute\" \/>\n<script type=\"application\/ld+json\" class=\"yoast-schema-graph\">{\"@context\":\"https:\/\/schema.org\",\"@graph\":[{\"@type\":\"WebPage\",\"@id\":\"https:\/\/www.whisker.lv\/sunu-skirnes\/norvegu-alnu-suns\/\",\"url\":\"https:\/\/www.whisker.lv\/sunu-skirnes\/norvegu-alnu-suns\/\",\"name\":\"Norv\u0113\u0123u a\u013c\u0146u suns - Whisker.lv | Su\u0146u \u0161\u0137irnes - Norv\u0113\u0123u a\u013c\u0146u suns\",\"isPartOf\":{\"@id\":\"https:\/\/www.whisker.lv\/#website\"},\"datePublished\":\"2019-03-13T23:01:21+00:00\",\"dateModified\":\"2019-04-03T21:09:24+00:00\",\"description\":\"Norv\u0113\u0123u a\u013c\u0146u suns - t\u0101 \u0137ermenis ir kompakts, t\u0101p\u0113c rodas iespaids, ka suns ir \u013coti plec\u012bgs.\u0160o iespaidu v\u0113l vair\u0101k pastiprina bl\u012bvais, pel\u0113c\u012bgais apmatojums.\",\"breadcrumb\":{\"@id\":\"https:\/\/www.whisker.lv\/sunu-skirnes\/norvegu-alnu-suns\/#breadcrumb\"},\"inLanguage\":\"en-US\",\"potentialAction\":[{\"@type\":\"ReadAction\",\"target\":[\"https:\/\/www.whisker.lv\/sunu-skirnes\/norvegu-alnu-suns\/\"]}]},{\"@type\":\"BreadcrumbList\",\"@id\":\"https:\/\/www.whisker.lv\/sunu-skirnes\/norvegu-alnu-suns\/#breadcrumb\",\"itemListElement\":[{\"@type\":\"ListItem\",\"position\":1,\"name\":\"S\u0101kums\",\"item\":\"https:\/\/www.whisker.lv\/\"},{\"@type\":\"ListItem\",\"position\":2,\"name\":\"Su\u0146u \u0161\u0137irnes\",\"item\":\"https:\/\/www.whisker.lv\/sunu-skirnes\/\"},{\"@type\":\"ListItem\",\"position\":3,\"name\":\"Norv\u0113\u0123u a\u013c\u0146u suns\"}]},{\"@type\":\"WebSite\",\"@id\":\"https:\/\/www.whisker.lv\/#website\",\"url\":\"https:\/\/www.whisker.lv\/\",\"name\":\"Whisker\",\"description\":\"Tavs pal\u012bgs m\u0101jdzivnieku pieskat\u012b\u0161an\u0101\",\"potentialAction\":[{\"@type\":\"SearchAction\",\"target\":{\"@type\":\"EntryPoint\",\"urlTemplate\":\"https:\/\/www.whisker.lv\/?s={search_term_string}\"},\"query-input\":\"required name=search_term_string\"}],\"inLanguage\":\"en-US\"}]}<\/script>\n<!-- \/ Yoast SEO plugin. -->","yoast_head_json":{"title":"Norv\u0113\u0123u a\u013c\u0146u suns - Whisker.lv | Su\u0146u \u0161\u0137irnes - Norv\u0113\u0123u a\u013c\u0146u suns","robots":{"index":"index","follow":"follow","max-snippet":"max-snippet:-1","max-image-preview":"max-image-preview:large","max-video-preview":"max-video-preview:-1"},"canonical":"https:\/\/www.whisker.lv\/sunu-skirnes\/norvegu-alnu-suns\/","og_locale":"en_US","og_type":"article","og_title":"Norv\u0113\u0123u a\u013c\u0146u suns - Whisker","og_url":"https:\/\/www.whisker.lv\/sunu-skirnes\/norvegu-alnu-suns\/","og_site_name":"Whisker","article_publisher":"https:\/\/www.facebook.com\/whisker.lv\/","article_modified_time":"2019-04-03T21:09:24+00:00","twitter_card":"summary_large_image","twitter_misc":{"Est. reading time":"1 minute"},"schema":{"@context":"https:\/\/schema.org","@graph":[{"@type":"WebPage","@id":"https:\/\/www.whisker.lv\/sunu-skirnes\/norvegu-alnu-suns\/","url":"https:\/\/www.whisker.lv\/sunu-skirnes\/norvegu-alnu-suns\/","name":"Norv\u0113\u0123u a\u013c\u0146u suns - Whisker.lv | Su\u0146u \u0161\u0137irnes - Norv\u0113\u0123u a\u013c\u0146u suns","isPartOf":{"@id":"https:\/\/www.whisker.lv\/#website"},"datePublished":"2019-03-13T23:01:21+00:00","dateModified":"2019-04-03T21:09:24+00:00","description":"Norv\u0113\u0123u a\u013c\u0146u suns - t\u0101 \u0137ermenis ir kompakts, t\u0101p\u0113c rodas iespaids, ka suns ir \u013coti plec\u012bgs.\u0160o iespaidu v\u0113l vair\u0101k pastiprina bl\u012bvais, pel\u0113c\u012bgais apmatojums.","breadcrumb":{"@id":"https:\/\/www.whisker.lv\/sunu-skirnes\/norvegu-alnu-suns\/#breadcrumb"},"inLanguage":"en-US","potentialAction":[{"@type":"ReadAction","target":["https:\/\/www.whisker.lv\/sunu-skirnes\/norvegu-alnu-suns\/"]}]},{"@type":"BreadcrumbList","@id":"https:\/\/www.whisker.lv\/sunu-skirnes\/norvegu-alnu-suns\/#breadcrumb","itemListElement":[{"@type":"ListItem","position":1,"name":"S\u0101kums","item":"https:\/\/www.whisker.lv\/"},{"@type":"ListItem","position":2,"name":"Su\u0146u \u0161\u0137irnes","item":"https:\/\/www.whisker.lv\/sunu-skirnes\/"},{"@type":"ListItem","position":3,"name":"Norv\u0113\u0123u a\u013c\u0146u suns"}]},{"@type":"WebSite","@id":"https:\/\/www.whisker.lv\/#website","url":"https:\/\/www.whisker.lv\/","name":"Whisker","description":"Tavs pal\u012bgs m\u0101jdzivnieku pieskat\u012b\u0161an\u0101","potentialAction":[{"@type":"SearchAction","target":{"@type":"EntryPoint","urlTemplate":"https:\/\/www.whisker.lv\/?s={search_term_string}"},"query-input":"required name=search_term_string"}],"inLanguage":"en-US"}]}},"_links":{"self":[{"href":"https:\/\/www.whisker.lv\/en\/wp-json\/wp\/v2\/pages\/9267"}],"collection":[{"href":"https:\/\/www.whisker.lv\/en\/wp-json\/wp\/v2\/pages"}],"about":[{"href":"https:\/\/www.whisker.lv\/en\/wp-json\/wp\/v2\/types\/page"}],"author":[{"embeddable":true,"href":"https:\/\/www.whisker.lv\/en\/wp-json\/wp\/v2\/users\/1"}],"replies":[{"embeddable":true,"href":"https:\/\/www.whisker.lv\/en\/wp-json\/wp\/v2\/comments?post=9267"}],"version-history":[{"count":3,"href":"https:\/\/www.whisker.lv\/en\/wp-json\/wp\/v2\/pages\/9267\/revisions"}],"predecessor-version":[{"id":9271,"href":"https:\/\/www.whisker.lv\/en\/wp-json\/wp\/v2\/pages\/9267\/revisions\/9271"}],"up":[{"embeddable":true,"href":"https:\/\/www.whisker.lv\/en\/wp-json\/wp\/v2\/pages\/8016"}],"wp:attachment":[{"href":"https:\/\/www.whisker.lv\/en\/wp-json\/wp\/v2\/media?parent=9267"}],"curies":[{"name":"wp","href":"https:\/\/api.w.org\/{rel}","templated":true}]}}