



{"id":9277,"date":"2019-03-14T01:13:52","date_gmt":"2019-03-13T23:13:52","guid":{"rendered":"https:\/\/www.whisker.lv\/?page_id=9277"},"modified":"2019-04-03T23:08:27","modified_gmt":"2019-04-03T21:08:27","slug":"neapoliesu-mastifs","status":"publish","type":"page","link":"https:\/\/www.whisker.lv\/en\/sunu-skirnes\/neapoliesu-mastifs\/","title":{"rendered":"Neapolie\u0161u mastifs"},"content":{"rendered":"[vc_row][vc_column][vc_text_separator title=&#8221;Neapolie\u0161u mastifs&#8221; border_width=&#8221;8&#8243;][\/vc_column][\/vc_row][vc_row][vc_column width=&#8221;1\/2&#8243;][vc_single_image image=&#8221;8303&#8243; img_size=&#8221;full&#8221; alignment=&#8221;center&#8221; style=&#8221;vc_box_rounded&#8221;][\/vc_column][vc_column width=&#8221;1\/2&#8243;][vc_column_text]<span style=\"color: #000000;\"><strong>Dzimtene:<\/strong> It\u0101lija<\/span><\/p>\n<p><span style=\"color: #000000;\"><strong>Funkcija:<\/strong> sargsuns, c\u012b\u0146as suns<\/span><\/p>\n<p><span style=\"color: #000000;\"><strong>Izcel\u0161an\u0101s:<\/strong> 100. p.m.\u0113.<\/span><\/p>\n<p><span style=\"color: #000000;\"><strong>Skausta augstums:<\/strong> 65-75 cm<\/span><\/p>\n<p><span style=\"color: #000000;\"><strong>Masa:<\/strong> 50-68 kg<\/span><\/p>\n<p><span style=\"color: #000000;\"><strong>Raksturs:<\/strong> modrs, uzticams<\/span><\/p>\n<p><span style=\"color: #000000;\"><strong>Dz\u012bves ilgums:<\/strong> 7-9 gadi<\/span>[\/vc_column_text][\/vc_column][\/vc_row][vc_row][vc_column][vc_column_text]<span style=\"color: #000000;\">Neapolie\u0161u mastifam, k\u0101 jau tipiskam mastifu p\u0101rst\u0101vim, ir l\u0113na, smagn\u0113ja, nedaudz l\u0101c\u012bga gaita un \u013coti liela galva. Uzl\u016bkojot mastifu, \u0161\u0137iet, ka vi\u0146am ir divi zodi. \u0160\u0101du iespaidu rada liel\u0101s, nokaren\u0101s \u0101das krokas uz purna un kakla. Neraugoties uz agres\u012bv\u0101 c\u012b\u0146as su\u0146a pag\u0101tni, m\u016bsdienu mastifs ir draudz\u012bgs, mierm\u012bl\u012bgs un r\u0101ms suns, sevi\u0161\u0137i tas izpau\u017eas attiec\u012bb\u0101 pret paz\u012bstamiem cilv\u0113kiem.<\/span><\/p>\n<p><span style=\"color: #000000;\"><strong>V\u0113sture.<\/strong> Neapolie\u0161u mastifi c\u0113lu\u0161ies no Sen\u0101s Romas c\u012b\u0146as su\u0146iem. Neiedom\u0101jami sp\u0113c\u012bgie mastifi tika izmantoti su\u0146u c\u012b\u0146\u0101s, \u012bpa\u0161umu apsarg\u0101\u0161anai un ratu vilk\u0161anai. Tikai 1946. gad\u0101 it\u0101\u013cu gleznot\u0101js Pj\u0113ro Skanci\u0101ni s\u0101ka akt\u012bvi r\u012bkoties, lai nepie\u013cautu p\u0101r\u0101k bie\u017eu neapolie\u0161u mastifa sap\u0101ro\u0161anos ar citu \u0161\u0137ir\u0146u su\u0146iem un garant\u0113tu \u0161\u0137irnei dro\u0161u pastav\u0113\u0161anu ar\u012b n\u0101kotn\u0113.<\/span><\/p>\n<p><span style=\"color: #000000;\"><strong>Piez\u012bme.<\/strong> Milz\u012bgais mastifs nav agres\u012bvs. Vi\u0146\u0161 ir \u013coti uzticams sargsuns. \u0160\u012b \u012bpa\u0161\u012bba p\u0101rmantota no senajiem mastifiem.<\/span>[\/vc_column_text][\/vc_column][\/vc_row]\n","protected":false},"excerpt":{"rendered":"<p>[vc_row][vc_column][vc_text_separator title=&#8221;Neapolie\u0161u mastifs&#8221; border_width=&#8221;8&#8243;][\/vc_column][\/vc_row][vc_row][vc_column width=&#8221;1\/2&#8243;][vc_single_image image=&#8221;8303&#8243; img_size=&#8221;full&#8221; alignment=&#8221;center&#8221; style=&#8221;vc_box_rounded&#8221;][\/vc_column][vc_column width=&#8221;1\/2&#8243;][vc_column_text]Dzimtene: It\u0101lija Funkcija: sargsuns, c\u012b\u0146as suns Izcel\u0161an\u0101s: 100. p.m.\u0113. Skausta augstums: 65-75 cm Masa: 50-68 kg Raksturs: modrs, uzticams Dz\u012bves ilgums: 7-9 gadi[\/vc_column_text][\/vc_column][\/vc_row][vc_row][vc_column][vc_column_text]Neapolie\u0161u mastifam, k\u0101 jau tipiskam mastifu p\u0101rst\u0101vim, ir l\u0113na, smagn\u0113ja, nedaudz l\u0101c\u012bga gaita un \u013coti liela galva. Uzl\u016bkojot mastifu, \u0161\u0137iet, ka vi\u0146am ir divi [&hellip;]<\/p>\n","protected":false},"author":1,"featured_media":0,"parent":8016,"menu_order":0,"comment_status":"closed","ping_status":"closed","template":"page-fullwidth.php","meta":{"_acf_changed":false,"_glsr_average":0,"_glsr_ranking":0,"_glsr_reviews":0,"footnotes":""},"translation":{"provider":"WPGlobus","version":"2.12.2","language":"en","enabled_languages":["lv","en","ru"],"languages":{"lv":{"title":true,"content":true,"excerpt":false},"en":{"title":false,"content":false,"excerpt":false},"ru":{"title":false,"content":false,"excerpt":false}}},"acf":[],"yoast_head":"<!-- This site is optimized with the Yoast SEO plugin v22.5 - https:\/\/yoast.com\/wordpress\/plugins\/seo\/ -->\n<title>Neapolie\u0161u mastifs - Whisker.lv | Su\u0146u \u0161\u0137irnes - Neapolie\u0161u mastifs<\/title>\n<meta name=\"robots\" content=\"index, follow, max-snippet:-1, max-image-preview:large, max-video-preview:-1\" \/>\n<link rel=\"canonical\" href=\"https:\/\/www.whisker.lv\/sunu-skirnes\/neapoliesu-mastifs\/\" \/>\n<meta property=\"og:locale\" content=\"en_US\" \/>\n<meta property=\"og:type\" content=\"article\" \/>\n<meta property=\"og:title\" content=\"Neapolie\u0161u mastifs - Whisker\" \/>\n<meta property=\"og:url\" content=\"https:\/\/www.whisker.lv\/sunu-skirnes\/neapoliesu-mastifs\/\" \/>\n<meta property=\"og:site_name\" content=\"Whisker\" \/>\n<meta property=\"article:publisher\" content=\"https:\/\/www.facebook.com\/whisker.lv\/\" \/>\n<meta property=\"article:modified_time\" content=\"2019-04-03T21:08:27+00:00\" \/>\n<meta name=\"twitter:card\" content=\"summary_large_image\" \/>\n<meta name=\"twitter:label1\" content=\"Est. reading time\" \/>\n\t<meta name=\"twitter:data1\" content=\"1 minute\" \/>\n<script type=\"application\/ld+json\" class=\"yoast-schema-graph\">{\"@context\":\"https:\/\/schema.org\",\"@graph\":[{\"@type\":\"WebPage\",\"@id\":\"https:\/\/www.whisker.lv\/sunu-skirnes\/neapoliesu-mastifs\/\",\"url\":\"https:\/\/www.whisker.lv\/sunu-skirnes\/neapoliesu-mastifs\/\",\"name\":\"Neapolie\u0161u mastifs - Whisker.lv | Su\u0146u \u0161\u0137irnes - Neapolie\u0161u mastifs\",\"isPartOf\":{\"@id\":\"https:\/\/www.whisker.lv\/#website\"},\"datePublished\":\"2019-03-13T23:13:52+00:00\",\"dateModified\":\"2019-04-03T21:08:27+00:00\",\"description\":\"Neapolie\u0161u mastifs - m\u016bsdienu mastifs ir draudz\u012bgs, mierm\u012bl\u012bgs un r\u0101ms suns, sevi\u0161\u0137i tas izpau\u017eas attiec\u012bb\u0101 pret paz\u012bstamiem cilv\u0113kiem.\",\"breadcrumb\":{\"@id\":\"https:\/\/www.whisker.lv\/sunu-skirnes\/neapoliesu-mastifs\/#breadcrumb\"},\"inLanguage\":\"en-US\",\"potentialAction\":[{\"@type\":\"ReadAction\",\"target\":[\"https:\/\/www.whisker.lv\/sunu-skirnes\/neapoliesu-mastifs\/\"]}]},{\"@type\":\"BreadcrumbList\",\"@id\":\"https:\/\/www.whisker.lv\/sunu-skirnes\/neapoliesu-mastifs\/#breadcrumb\",\"itemListElement\":[{\"@type\":\"ListItem\",\"position\":1,\"name\":\"S\u0101kums\",\"item\":\"https:\/\/www.whisker.lv\/\"},{\"@type\":\"ListItem\",\"position\":2,\"name\":\"Su\u0146u \u0161\u0137irnes\",\"item\":\"https:\/\/www.whisker.lv\/sunu-skirnes\/\"},{\"@type\":\"ListItem\",\"position\":3,\"name\":\"Neapolie\u0161u mastifs\"}]},{\"@type\":\"WebSite\",\"@id\":\"https:\/\/www.whisker.lv\/#website\",\"url\":\"https:\/\/www.whisker.lv\/\",\"name\":\"Whisker\",\"description\":\"Tavs pal\u012bgs m\u0101jdzivnieku pieskat\u012b\u0161an\u0101\",\"potentialAction\":[{\"@type\":\"SearchAction\",\"target\":{\"@type\":\"EntryPoint\",\"urlTemplate\":\"https:\/\/www.whisker.lv\/?s={search_term_string}\"},\"query-input\":\"required name=search_term_string\"}],\"inLanguage\":\"en-US\"}]}<\/script>\n<!-- \/ Yoast SEO plugin. -->","yoast_head_json":{"title":"Neapolie\u0161u mastifs - Whisker.lv | Su\u0146u \u0161\u0137irnes - Neapolie\u0161u mastifs","robots":{"index":"index","follow":"follow","max-snippet":"max-snippet:-1","max-image-preview":"max-image-preview:large","max-video-preview":"max-video-preview:-1"},"canonical":"https:\/\/www.whisker.lv\/sunu-skirnes\/neapoliesu-mastifs\/","og_locale":"en_US","og_type":"article","og_title":"Neapolie\u0161u mastifs - Whisker","og_url":"https:\/\/www.whisker.lv\/sunu-skirnes\/neapoliesu-mastifs\/","og_site_name":"Whisker","article_publisher":"https:\/\/www.facebook.com\/whisker.lv\/","article_modified_time":"2019-04-03T21:08:27+00:00","twitter_card":"summary_large_image","twitter_misc":{"Est. reading time":"1 minute"},"schema":{"@context":"https:\/\/schema.org","@graph":[{"@type":"WebPage","@id":"https:\/\/www.whisker.lv\/sunu-skirnes\/neapoliesu-mastifs\/","url":"https:\/\/www.whisker.lv\/sunu-skirnes\/neapoliesu-mastifs\/","name":"Neapolie\u0161u mastifs - Whisker.lv | Su\u0146u \u0161\u0137irnes - Neapolie\u0161u mastifs","isPartOf":{"@id":"https:\/\/www.whisker.lv\/#website"},"datePublished":"2019-03-13T23:13:52+00:00","dateModified":"2019-04-03T21:08:27+00:00","description":"Neapolie\u0161u mastifs - m\u016bsdienu mastifs ir draudz\u012bgs, mierm\u012bl\u012bgs un r\u0101ms suns, sevi\u0161\u0137i tas izpau\u017eas attiec\u012bb\u0101 pret paz\u012bstamiem cilv\u0113kiem.","breadcrumb":{"@id":"https:\/\/www.whisker.lv\/sunu-skirnes\/neapoliesu-mastifs\/#breadcrumb"},"inLanguage":"en-US","potentialAction":[{"@type":"ReadAction","target":["https:\/\/www.whisker.lv\/sunu-skirnes\/neapoliesu-mastifs\/"]}]},{"@type":"BreadcrumbList","@id":"https:\/\/www.whisker.lv\/sunu-skirnes\/neapoliesu-mastifs\/#breadcrumb","itemListElement":[{"@type":"ListItem","position":1,"name":"S\u0101kums","item":"https:\/\/www.whisker.lv\/"},{"@type":"ListItem","position":2,"name":"Su\u0146u \u0161\u0137irnes","item":"https:\/\/www.whisker.lv\/sunu-skirnes\/"},{"@type":"ListItem","position":3,"name":"Neapolie\u0161u mastifs"}]},{"@type":"WebSite","@id":"https:\/\/www.whisker.lv\/#website","url":"https:\/\/www.whisker.lv\/","name":"Whisker","description":"Tavs pal\u012bgs m\u0101jdzivnieku pieskat\u012b\u0161an\u0101","potentialAction":[{"@type":"SearchAction","target":{"@type":"EntryPoint","urlTemplate":"https:\/\/www.whisker.lv\/?s={search_term_string}"},"query-input":"required name=search_term_string"}],"inLanguage":"en-US"}]}},"_links":{"self":[{"href":"https:\/\/www.whisker.lv\/en\/wp-json\/wp\/v2\/pages\/9277"}],"collection":[{"href":"https:\/\/www.whisker.lv\/en\/wp-json\/wp\/v2\/pages"}],"about":[{"href":"https:\/\/www.whisker.lv\/en\/wp-json\/wp\/v2\/types\/page"}],"author":[{"embeddable":true,"href":"https:\/\/www.whisker.lv\/en\/wp-json\/wp\/v2\/users\/1"}],"replies":[{"embeddable":true,"href":"https:\/\/www.whisker.lv\/en\/wp-json\/wp\/v2\/comments?post=9277"}],"version-history":[{"count":5,"href":"https:\/\/www.whisker.lv\/en\/wp-json\/wp\/v2\/pages\/9277\/revisions"}],"predecessor-version":[{"id":11200,"href":"https:\/\/www.whisker.lv\/en\/wp-json\/wp\/v2\/pages\/9277\/revisions\/11200"}],"up":[{"embeddable":true,"href":"https:\/\/www.whisker.lv\/en\/wp-json\/wp\/v2\/pages\/8016"}],"wp:attachment":[{"href":"https:\/\/www.whisker.lv\/en\/wp-json\/wp\/v2\/media?parent=9277"}],"curies":[{"name":"wp","href":"https:\/\/api.w.org\/{rel}","templated":true}]}}