



{"id":9292,"date":"2019-03-14T01:32:52","date_gmt":"2019-03-13T23:32:52","guid":{"rendered":"https:\/\/www.whisker.lv\/?page_id=9292"},"modified":"2019-04-03T23:06:23","modified_gmt":"2019-04-03T21:06:23","slug":"miniaturas-taksis","status":"publish","type":"page","link":"https:\/\/www.whisker.lv\/en\/sunu-skirnes\/miniaturas-taksis\/","title":{"rendered":"Miniat\u016bras taksis"},"content":{"rendered":"[vc_row][vc_column][vc_text_separator title=&#8221;Miniat\u016bras taksis&#8221; border_width=&#8221;8&#8243;][\/vc_column][\/vc_row][vc_row][vc_column width=&#8221;1\/2&#8243;][vc_gallery type=&#8221;flexslider_slide&#8221; interval=&#8221;0&#8243; images=&#8221;9297,9298,9294&#8243; img_size=&#8221;large&#8221; onclick=&#8221;&#8221;][\/vc_column][vc_column width=&#8221;1\/2&#8243;][vc_column_text]<span style=\"color: #000000;\"><strong>Dzimtene:<\/strong> V\u0101cija<\/span><\/p>\n<p><span style=\"color: #000000;\"><strong>Funkcija:<\/strong> \u0101p\u0161u p\u0113ddzinis<\/span><\/p>\n<p><span style=\"color: #000000;\"><strong>Izcel\u0161an\u0101s:<\/strong> ap 1900. g.<\/span><\/p>\n<p><span style=\"color: #000000;\"><strong>Skausta augstums:<\/strong>\u00a013-23 cm<\/span><\/p>\n<p><span style=\"color: #000000;\"><strong>Masa:<\/strong> 4-5 kg<\/span><\/p>\n<p><span style=\"color: #000000;\"><strong>Raksturs:<\/strong> akt\u012bvs, noteikts<\/span><\/p>\n<p><span style=\"color: #000000;\"><strong>Dz\u012bves ilgums:<\/strong> 12-16 gadi<\/span>[\/vc_column_text][\/vc_column][\/vc_row][vc_row][vc_column][vc_column_text]<span style=\"color: #000000;\">Atkar\u012bb\u0101 no apmatojuma miniat\u016bra taksim ir vair\u0101ki paveidi. Gludspalvainajam miniat\u016brajam taksim ir \u012bss, bl\u012bvs, piegu\u013co\u0161s apmatojums. Ar\u012b garspalvainajam miniat\u016brajam taksim ir taisns un gluds apmatojums, tikai tas ir daudz gar\u0101ks un viet\u0101m vi\u013c\u0146ains. Savuk\u0101rt asspalvain\u0101 miniat\u016br\u0101 tak\u0161a \u0137ermeni vienm\u0113r\u012bgi sedz raupj\u0161, biezs un ciets apmatojums.<\/span><\/p>\n<p><span style=\"color: #000000;\"><strong>V\u0113sture.<\/strong> T\u0101pat k\u0101 \u0161\u0137irnes standartformas, ar\u012b miniat\u016brie tak\u0161i c\u0113lu\u0161ies no tak\u0161iem. S\u0101kum\u0101 tak\u0161us iedal\u012bja nevis p\u0113c apmatojuma veida, bet gan p\u0113c \u0137erme\u0146a masas. J\u0101piebilst, ka \u0161\u0101ds dal\u012bjums viet\u0101m past\u0101v ar\u012b m\u016bsdien\u0101s.<\/span><\/p>\n<p><span style=\"color: #000000;\"><strong>Piez\u012bme.<\/strong> Asspalvainais miniat\u016bras taksis Lielbrit\u0101nija tika ofici\u0101li atz\u012bts 1959. gad\u0101.<\/span>[\/vc_column_text][\/vc_column][\/vc_row]\n","protected":false},"excerpt":{"rendered":"<p>[vc_row][vc_column][vc_text_separator title=&#8221;Miniat\u016bras taksis&#8221; border_width=&#8221;8&#8243;][\/vc_column][\/vc_row][vc_row][vc_column width=&#8221;1\/2&#8243;][vc_gallery type=&#8221;flexslider_slide&#8221; interval=&#8221;0&#8243; images=&#8221;9297,9298,9294&#8243; img_size=&#8221;large&#8221; onclick=&#8221;&#8221;][\/vc_column][vc_column width=&#8221;1\/2&#8243;][vc_column_text]Dzimtene: V\u0101cija Funkcija: \u0101p\u0161u p\u0113ddzinis Izcel\u0161an\u0101s: ap 1900. g. Skausta augstums:\u00a013-23 cm Masa: 4-5 kg Raksturs: akt\u012bvs, noteikts Dz\u012bves ilgums: 12-16 gadi[\/vc_column_text][\/vc_column][\/vc_row][vc_row][vc_column][vc_column_text]Atkar\u012bb\u0101 no apmatojuma miniat\u016bra taksim ir vair\u0101ki paveidi. Gludspalvainajam miniat\u016brajam taksim ir \u012bss, bl\u012bvs, piegu\u013co\u0161s apmatojums. Ar\u012b garspalvainajam miniat\u016brajam taksim ir taisns un gluds [&hellip;]<\/p>\n","protected":false},"author":1,"featured_media":0,"parent":8016,"menu_order":0,"comment_status":"closed","ping_status":"closed","template":"page-fullwidth.php","meta":{"_acf_changed":false,"_glsr_average":0,"_glsr_ranking":0,"_glsr_reviews":0,"footnotes":""},"translation":{"provider":"WPGlobus","version":"2.12.2","language":"en","enabled_languages":["lv","en","ru"],"languages":{"lv":{"title":true,"content":true,"excerpt":false},"en":{"title":false,"content":false,"excerpt":false},"ru":{"title":false,"content":false,"excerpt":false}}},"acf":[],"yoast_head":"<!-- This site is optimized with the Yoast SEO plugin v22.5 - https:\/\/yoast.com\/wordpress\/plugins\/seo\/ -->\n<title>Miniat\u016bras taksis - Whisker.lv | Su\u0146u \u0161\u0137irnes - Miniat\u016bras taksis<\/title>\n<meta name=\"robots\" content=\"index, follow, max-snippet:-1, max-image-preview:large, max-video-preview:-1\" \/>\n<link rel=\"canonical\" href=\"https:\/\/www.whisker.lv\/sunu-skirnes\/miniaturas-taksis\/\" \/>\n<meta property=\"og:locale\" content=\"en_US\" \/>\n<meta property=\"og:type\" content=\"article\" \/>\n<meta property=\"og:title\" content=\"Miniat\u016bras taksis - Whisker\" \/>\n<meta property=\"og:url\" content=\"https:\/\/www.whisker.lv\/sunu-skirnes\/miniaturas-taksis\/\" \/>\n<meta property=\"og:site_name\" content=\"Whisker\" \/>\n<meta property=\"article:publisher\" content=\"https:\/\/www.facebook.com\/whisker.lv\/\" \/>\n<meta property=\"article:modified_time\" content=\"2019-04-03T21:06:23+00:00\" \/>\n<meta name=\"twitter:card\" content=\"summary_large_image\" \/>\n<meta name=\"twitter:label1\" content=\"Est. reading time\" \/>\n\t<meta name=\"twitter:data1\" content=\"1 minute\" \/>\n<script type=\"application\/ld+json\" class=\"yoast-schema-graph\">{\"@context\":\"https:\/\/schema.org\",\"@graph\":[{\"@type\":\"WebPage\",\"@id\":\"https:\/\/www.whisker.lv\/sunu-skirnes\/miniaturas-taksis\/\",\"url\":\"https:\/\/www.whisker.lv\/sunu-skirnes\/miniaturas-taksis\/\",\"name\":\"Miniat\u016bras taksis - Whisker.lv | Su\u0146u \u0161\u0137irnes - Miniat\u016bras taksis\",\"isPartOf\":{\"@id\":\"https:\/\/www.whisker.lv\/#website\"},\"datePublished\":\"2019-03-13T23:32:52+00:00\",\"dateModified\":\"2019-04-03T21:06:23+00:00\",\"description\":\"Miniat\u016bras taksis - atkar\u012bb\u0101 no apmatojuma miniat\u016bra taksim ir vair\u0101ki paveidi. Gludspalvainais, garspalvainais un asspalvainais miniat\u016brais taksis.\",\"breadcrumb\":{\"@id\":\"https:\/\/www.whisker.lv\/sunu-skirnes\/miniaturas-taksis\/#breadcrumb\"},\"inLanguage\":\"en-US\",\"potentialAction\":[{\"@type\":\"ReadAction\",\"target\":[\"https:\/\/www.whisker.lv\/sunu-skirnes\/miniaturas-taksis\/\"]}]},{\"@type\":\"BreadcrumbList\",\"@id\":\"https:\/\/www.whisker.lv\/sunu-skirnes\/miniaturas-taksis\/#breadcrumb\",\"itemListElement\":[{\"@type\":\"ListItem\",\"position\":1,\"name\":\"S\u0101kums\",\"item\":\"https:\/\/www.whisker.lv\/\"},{\"@type\":\"ListItem\",\"position\":2,\"name\":\"Su\u0146u \u0161\u0137irnes\",\"item\":\"https:\/\/www.whisker.lv\/sunu-skirnes\/\"},{\"@type\":\"ListItem\",\"position\":3,\"name\":\"Miniat\u016bras taksis\"}]},{\"@type\":\"WebSite\",\"@id\":\"https:\/\/www.whisker.lv\/#website\",\"url\":\"https:\/\/www.whisker.lv\/\",\"name\":\"Whisker\",\"description\":\"Tavs pal\u012bgs m\u0101jdzivnieku pieskat\u012b\u0161an\u0101\",\"potentialAction\":[{\"@type\":\"SearchAction\",\"target\":{\"@type\":\"EntryPoint\",\"urlTemplate\":\"https:\/\/www.whisker.lv\/?s={search_term_string}\"},\"query-input\":\"required name=search_term_string\"}],\"inLanguage\":\"en-US\"}]}<\/script>\n<!-- \/ Yoast SEO plugin. -->","yoast_head_json":{"title":"Miniat\u016bras taksis - Whisker.lv | Su\u0146u \u0161\u0137irnes - Miniat\u016bras taksis","robots":{"index":"index","follow":"follow","max-snippet":"max-snippet:-1","max-image-preview":"max-image-preview:large","max-video-preview":"max-video-preview:-1"},"canonical":"https:\/\/www.whisker.lv\/sunu-skirnes\/miniaturas-taksis\/","og_locale":"en_US","og_type":"article","og_title":"Miniat\u016bras taksis - Whisker","og_url":"https:\/\/www.whisker.lv\/sunu-skirnes\/miniaturas-taksis\/","og_site_name":"Whisker","article_publisher":"https:\/\/www.facebook.com\/whisker.lv\/","article_modified_time":"2019-04-03T21:06:23+00:00","twitter_card":"summary_large_image","twitter_misc":{"Est. reading time":"1 minute"},"schema":{"@context":"https:\/\/schema.org","@graph":[{"@type":"WebPage","@id":"https:\/\/www.whisker.lv\/sunu-skirnes\/miniaturas-taksis\/","url":"https:\/\/www.whisker.lv\/sunu-skirnes\/miniaturas-taksis\/","name":"Miniat\u016bras taksis - Whisker.lv | Su\u0146u \u0161\u0137irnes - Miniat\u016bras taksis","isPartOf":{"@id":"https:\/\/www.whisker.lv\/#website"},"datePublished":"2019-03-13T23:32:52+00:00","dateModified":"2019-04-03T21:06:23+00:00","description":"Miniat\u016bras taksis - atkar\u012bb\u0101 no apmatojuma miniat\u016bra taksim ir vair\u0101ki paveidi. Gludspalvainais, garspalvainais un asspalvainais miniat\u016brais taksis.","breadcrumb":{"@id":"https:\/\/www.whisker.lv\/sunu-skirnes\/miniaturas-taksis\/#breadcrumb"},"inLanguage":"en-US","potentialAction":[{"@type":"ReadAction","target":["https:\/\/www.whisker.lv\/sunu-skirnes\/miniaturas-taksis\/"]}]},{"@type":"BreadcrumbList","@id":"https:\/\/www.whisker.lv\/sunu-skirnes\/miniaturas-taksis\/#breadcrumb","itemListElement":[{"@type":"ListItem","position":1,"name":"S\u0101kums","item":"https:\/\/www.whisker.lv\/"},{"@type":"ListItem","position":2,"name":"Su\u0146u \u0161\u0137irnes","item":"https:\/\/www.whisker.lv\/sunu-skirnes\/"},{"@type":"ListItem","position":3,"name":"Miniat\u016bras taksis"}]},{"@type":"WebSite","@id":"https:\/\/www.whisker.lv\/#website","url":"https:\/\/www.whisker.lv\/","name":"Whisker","description":"Tavs pal\u012bgs m\u0101jdzivnieku pieskat\u012b\u0161an\u0101","potentialAction":[{"@type":"SearchAction","target":{"@type":"EntryPoint","urlTemplate":"https:\/\/www.whisker.lv\/?s={search_term_string}"},"query-input":"required name=search_term_string"}],"inLanguage":"en-US"}]}},"_links":{"self":[{"href":"https:\/\/www.whisker.lv\/en\/wp-json\/wp\/v2\/pages\/9292"}],"collection":[{"href":"https:\/\/www.whisker.lv\/en\/wp-json\/wp\/v2\/pages"}],"about":[{"href":"https:\/\/www.whisker.lv\/en\/wp-json\/wp\/v2\/types\/page"}],"author":[{"embeddable":true,"href":"https:\/\/www.whisker.lv\/en\/wp-json\/wp\/v2\/users\/1"}],"replies":[{"embeddable":true,"href":"https:\/\/www.whisker.lv\/en\/wp-json\/wp\/v2\/comments?post=9292"}],"version-history":[{"count":7,"href":"https:\/\/www.whisker.lv\/en\/wp-json\/wp\/v2\/pages\/9292\/revisions"}],"predecessor-version":[{"id":11198,"href":"https:\/\/www.whisker.lv\/en\/wp-json\/wp\/v2\/pages\/9292\/revisions\/11198"}],"up":[{"embeddable":true,"href":"https:\/\/www.whisker.lv\/en\/wp-json\/wp\/v2\/pages\/8016"}],"wp:attachment":[{"href":"https:\/\/www.whisker.lv\/en\/wp-json\/wp\/v2\/media?parent=9292"}],"curies":[{"name":"wp","href":"https:\/\/api.w.org\/{rel}","templated":true}]}}