



{"id":9300,"date":"2019-03-14T01:52:45","date_gmt":"2019-03-13T23:52:45","guid":{"rendered":"https:\/\/www.whisker.lv\/?page_id=9300"},"modified":"2019-04-03T23:05:52","modified_gmt":"2019-04-03T21:05:52","slug":"milzu-snaucers","status":"publish","type":"page","link":"https:\/\/www.whisker.lv\/en\/sunu-skirnes\/milzu-snaucers\/","title":{"rendered":"Milzu \u0161naucers"},"content":{"rendered":"[vc_row][vc_column][vc_text_separator title=&#8221;Milzu \u0161naucers&#8221; border_width=&#8221;8&#8243;][\/vc_column][\/vc_row][vc_row][vc_column width=&#8221;1\/2&#8243;][vc_single_image image=&#8221;9302&#8243; img_size=&#8221;full&#8221; alignment=&#8221;center&#8221; style=&#8221;vc_box_rounded&#8221;][\/vc_column][vc_column width=&#8221;1\/2&#8243;][vc_column_text]<span style=\"color: #000000;\"><strong>Dzimtene:<\/strong> V\u0101cija<\/span><\/p>\n<p><span style=\"color: #000000;\"><strong>Funkcija:<\/strong> lopu dzin\u0113js<\/span><\/p>\n<p><span style=\"color: #000000;\"><strong>Izcel\u0161an\u0101s:<\/strong> ap 1400. g.<\/span><\/p>\n<p><span style=\"color: #000000;\"><strong>Skausta augstums:<\/strong> 60-70 cm<\/span><\/p>\n<p><span style=\"color: #000000;\"><strong>Masa:<\/strong> 32-35 kg<\/span><\/p>\n<p><span style=\"color: #000000;\"><strong>Raksturs:<\/strong> uzticams, g\u0101d\u012bgs<\/span><\/p>\n<p><span style=\"color: #000000;\"><strong>Dz\u012bves ilgums:<\/strong> 12-15 gadi<\/span>[\/vc_column_text][\/vc_column][\/vc_row][vc_row][vc_column][vc_column_text]<span style=\"color: #000000;\">\u0160\u012b ir augum\u0101 liel\u0101k\u0101 no trim \u0161nauceru \u0161\u0137irn\u0113m. \u0160os su\u0146us var uzskat\u012bt par p\u0101r\u0113jo \u0161nauceru palielin\u0101tu kopiju. Milzu \u0161naucers ir sp\u0113c\u012bgs un musku\u013cots. Vi\u0146a augumam skaust\u0101 j\u0101b\u016bt tikpat lielam k\u0101 su\u0146a garums. Profil\u0101 milzu \u0161nauceram ir kvadr\u0101tveida forma.<\/span><\/p>\n<p><span style=\"color: #000000;\"><strong>V\u0113sture.<\/strong> Iesp\u0113jams, ka milzu \u0161naucers izveidots, sap\u0101rojot asspalvainos ganu su\u0146us ar augum\u0101 maz\u0101kiem \u0161nauceriem. Pirmo reizi \u0161\u0137irne piedal\u012bj\u0101s izst\u0101d\u0113 1909. gad\u0101 V\u0101cij\u0101, Minhen\u0113, ta\u010du toreiz \u0161ie su\u0146i tika nosaukti par krievu l\u0101\u010du \u0161nauceriem. S\u0101kotn\u0113ji milzu \u0161naucerus d\u0113v\u0113ja par Minhenes \u0161nauceriem.<\/span><\/p>\n<p><span style=\"color: #000000;\"><strong>Piez\u012bme.<\/strong> Izst\u0101d\u0113s \u012bpa\u0161a v\u0113r\u012bba tiek piev\u0113rsta ka\u017eoka virsk\u0101rtai. Akomatiem j\u0101b\u016bt raupjiem un asiem, nek\u0101d\u0101 gad\u012bjum\u0101 ne m\u012bkstiem. Aptuveni divas reizes gad\u0101 no su\u0146a ka\u017eoka j\u0101izpl\u016bk\u0101 nedz\u012bvie mati.<\/span><\/p>\n<p><span style=\"color: #000000;\"><strong>Otrs nosaukums.<\/strong> R\u012bzen\u0161naucers.<\/span>[\/vc_column_text][\/vc_column][\/vc_row]\n","protected":false},"excerpt":{"rendered":"<p>[vc_row][vc_column][vc_text_separator title=&#8221;Milzu \u0161naucers&#8221; border_width=&#8221;8&#8243;][\/vc_column][\/vc_row][vc_row][vc_column width=&#8221;1\/2&#8243;][vc_single_image image=&#8221;9302&#8243; img_size=&#8221;full&#8221; alignment=&#8221;center&#8221; style=&#8221;vc_box_rounded&#8221;][\/vc_column][vc_column width=&#8221;1\/2&#8243;][vc_column_text]Dzimtene: V\u0101cija Funkcija: lopu dzin\u0113js Izcel\u0161an\u0101s: ap 1400. g. Skausta augstums: 60-70 cm Masa: 32-35 kg Raksturs: uzticams, g\u0101d\u012bgs Dz\u012bves ilgums: 12-15 gadi[\/vc_column_text][\/vc_column][\/vc_row][vc_row][vc_column][vc_column_text]\u0160\u012b ir augum\u0101 liel\u0101k\u0101 no trim \u0161nauceru \u0161\u0137irn\u0113m. \u0160os su\u0146us var uzskat\u012bt par p\u0101r\u0113jo \u0161nauceru palielin\u0101tu kopiju. Milzu \u0161naucers ir sp\u0113c\u012bgs un musku\u013cots. Vi\u0146a [&hellip;]<\/p>\n","protected":false},"author":1,"featured_media":0,"parent":8016,"menu_order":0,"comment_status":"closed","ping_status":"closed","template":"page-fullwidth.php","meta":{"_acf_changed":false,"_glsr_average":0,"_glsr_ranking":0,"_glsr_reviews":0,"footnotes":""},"translation":{"provider":"WPGlobus","version":"2.12.2","language":"en","enabled_languages":["lv","en","ru"],"languages":{"lv":{"title":true,"content":true,"excerpt":false},"en":{"title":false,"content":false,"excerpt":false},"ru":{"title":false,"content":false,"excerpt":false}}},"acf":[],"yoast_head":"<!-- This site is optimized with the Yoast SEO plugin v22.5 - https:\/\/yoast.com\/wordpress\/plugins\/seo\/ -->\n<title>Milzu \u0161naucers - Whisker.lv | Su\u0146u \u0161\u0137irnes - Milzu \u0161naucers<\/title>\n<meta name=\"robots\" content=\"index, follow, max-snippet:-1, max-image-preview:large, max-video-preview:-1\" \/>\n<link rel=\"canonical\" href=\"https:\/\/www.whisker.lv\/sunu-skirnes\/milzu-snaucers\/\" \/>\n<meta property=\"og:locale\" content=\"en_US\" \/>\n<meta property=\"og:type\" content=\"article\" \/>\n<meta property=\"og:title\" content=\"Milzu \u0161naucers - Whisker\" \/>\n<meta property=\"og:url\" content=\"https:\/\/www.whisker.lv\/sunu-skirnes\/milzu-snaucers\/\" \/>\n<meta property=\"og:site_name\" content=\"Whisker\" \/>\n<meta property=\"article:publisher\" content=\"https:\/\/www.facebook.com\/whisker.lv\/\" \/>\n<meta property=\"article:modified_time\" content=\"2019-04-03T21:05:52+00:00\" \/>\n<meta name=\"twitter:card\" content=\"summary_large_image\" \/>\n<meta name=\"twitter:label1\" content=\"Est. reading time\" \/>\n\t<meta name=\"twitter:data1\" content=\"1 minute\" \/>\n<script type=\"application\/ld+json\" class=\"yoast-schema-graph\">{\"@context\":\"https:\/\/schema.org\",\"@graph\":[{\"@type\":\"WebPage\",\"@id\":\"https:\/\/www.whisker.lv\/sunu-skirnes\/milzu-snaucers\/\",\"url\":\"https:\/\/www.whisker.lv\/sunu-skirnes\/milzu-snaucers\/\",\"name\":\"Milzu \u0161naucers - Whisker.lv | Su\u0146u \u0161\u0137irnes - Milzu \u0161naucers\",\"isPartOf\":{\"@id\":\"https:\/\/www.whisker.lv\/#website\"},\"datePublished\":\"2019-03-13T23:52:45+00:00\",\"dateModified\":\"2019-04-03T21:05:52+00:00\",\"description\":\"Milzu \u0161naucers ir sp\u0113c\u012bgs un musku\u013cots. Vi\u0146a augumam skaust\u0101 j\u0101b\u016bt tikpat lielam k\u0101 su\u0146a garums. Profil\u0101 milzu \u0161nauceram ir kvadr\u0101tveida forma.\",\"breadcrumb\":{\"@id\":\"https:\/\/www.whisker.lv\/sunu-skirnes\/milzu-snaucers\/#breadcrumb\"},\"inLanguage\":\"en-US\",\"potentialAction\":[{\"@type\":\"ReadAction\",\"target\":[\"https:\/\/www.whisker.lv\/sunu-skirnes\/milzu-snaucers\/\"]}]},{\"@type\":\"BreadcrumbList\",\"@id\":\"https:\/\/www.whisker.lv\/sunu-skirnes\/milzu-snaucers\/#breadcrumb\",\"itemListElement\":[{\"@type\":\"ListItem\",\"position\":1,\"name\":\"S\u0101kums\",\"item\":\"https:\/\/www.whisker.lv\/\"},{\"@type\":\"ListItem\",\"position\":2,\"name\":\"Su\u0146u \u0161\u0137irnes\",\"item\":\"https:\/\/www.whisker.lv\/sunu-skirnes\/\"},{\"@type\":\"ListItem\",\"position\":3,\"name\":\"Milzu \u0161naucers\"}]},{\"@type\":\"WebSite\",\"@id\":\"https:\/\/www.whisker.lv\/#website\",\"url\":\"https:\/\/www.whisker.lv\/\",\"name\":\"Whisker\",\"description\":\"Tavs pal\u012bgs m\u0101jdzivnieku pieskat\u012b\u0161an\u0101\",\"potentialAction\":[{\"@type\":\"SearchAction\",\"target\":{\"@type\":\"EntryPoint\",\"urlTemplate\":\"https:\/\/www.whisker.lv\/?s={search_term_string}\"},\"query-input\":\"required name=search_term_string\"}],\"inLanguage\":\"en-US\"}]}<\/script>\n<!-- \/ Yoast SEO plugin. -->","yoast_head_json":{"title":"Milzu \u0161naucers - Whisker.lv | Su\u0146u \u0161\u0137irnes - Milzu \u0161naucers","robots":{"index":"index","follow":"follow","max-snippet":"max-snippet:-1","max-image-preview":"max-image-preview:large","max-video-preview":"max-video-preview:-1"},"canonical":"https:\/\/www.whisker.lv\/sunu-skirnes\/milzu-snaucers\/","og_locale":"en_US","og_type":"article","og_title":"Milzu \u0161naucers - Whisker","og_url":"https:\/\/www.whisker.lv\/sunu-skirnes\/milzu-snaucers\/","og_site_name":"Whisker","article_publisher":"https:\/\/www.facebook.com\/whisker.lv\/","article_modified_time":"2019-04-03T21:05:52+00:00","twitter_card":"summary_large_image","twitter_misc":{"Est. reading time":"1 minute"},"schema":{"@context":"https:\/\/schema.org","@graph":[{"@type":"WebPage","@id":"https:\/\/www.whisker.lv\/sunu-skirnes\/milzu-snaucers\/","url":"https:\/\/www.whisker.lv\/sunu-skirnes\/milzu-snaucers\/","name":"Milzu \u0161naucers - Whisker.lv | Su\u0146u \u0161\u0137irnes - Milzu \u0161naucers","isPartOf":{"@id":"https:\/\/www.whisker.lv\/#website"},"datePublished":"2019-03-13T23:52:45+00:00","dateModified":"2019-04-03T21:05:52+00:00","description":"Milzu \u0161naucers ir sp\u0113c\u012bgs un musku\u013cots. Vi\u0146a augumam skaust\u0101 j\u0101b\u016bt tikpat lielam k\u0101 su\u0146a garums. Profil\u0101 milzu \u0161nauceram ir kvadr\u0101tveida forma.","breadcrumb":{"@id":"https:\/\/www.whisker.lv\/sunu-skirnes\/milzu-snaucers\/#breadcrumb"},"inLanguage":"en-US","potentialAction":[{"@type":"ReadAction","target":["https:\/\/www.whisker.lv\/sunu-skirnes\/milzu-snaucers\/"]}]},{"@type":"BreadcrumbList","@id":"https:\/\/www.whisker.lv\/sunu-skirnes\/milzu-snaucers\/#breadcrumb","itemListElement":[{"@type":"ListItem","position":1,"name":"S\u0101kums","item":"https:\/\/www.whisker.lv\/"},{"@type":"ListItem","position":2,"name":"Su\u0146u \u0161\u0137irnes","item":"https:\/\/www.whisker.lv\/sunu-skirnes\/"},{"@type":"ListItem","position":3,"name":"Milzu \u0161naucers"}]},{"@type":"WebSite","@id":"https:\/\/www.whisker.lv\/#website","url":"https:\/\/www.whisker.lv\/","name":"Whisker","description":"Tavs pal\u012bgs m\u0101jdzivnieku pieskat\u012b\u0161an\u0101","potentialAction":[{"@type":"SearchAction","target":{"@type":"EntryPoint","urlTemplate":"https:\/\/www.whisker.lv\/?s={search_term_string}"},"query-input":"required name=search_term_string"}],"inLanguage":"en-US"}]}},"_links":{"self":[{"href":"https:\/\/www.whisker.lv\/en\/wp-json\/wp\/v2\/pages\/9300"}],"collection":[{"href":"https:\/\/www.whisker.lv\/en\/wp-json\/wp\/v2\/pages"}],"about":[{"href":"https:\/\/www.whisker.lv\/en\/wp-json\/wp\/v2\/types\/page"}],"author":[{"embeddable":true,"href":"https:\/\/www.whisker.lv\/en\/wp-json\/wp\/v2\/users\/1"}],"replies":[{"embeddable":true,"href":"https:\/\/www.whisker.lv\/en\/wp-json\/wp\/v2\/comments?post=9300"}],"version-history":[{"count":4,"href":"https:\/\/www.whisker.lv\/en\/wp-json\/wp\/v2\/pages\/9300\/revisions"}],"predecessor-version":[{"id":11197,"href":"https:\/\/www.whisker.lv\/en\/wp-json\/wp\/v2\/pages\/9300\/revisions\/11197"}],"up":[{"embeddable":true,"href":"https:\/\/www.whisker.lv\/en\/wp-json\/wp\/v2\/pages\/8016"}],"wp:attachment":[{"href":"https:\/\/www.whisker.lv\/en\/wp-json\/wp\/v2\/media?parent=9300"}],"curies":[{"name":"wp","href":"https:\/\/api.w.org\/{rel}","templated":true}]}}