



{"id":9305,"date":"2019-03-14T02:00:05","date_gmt":"2019-03-14T00:00:05","guid":{"rendered":"https:\/\/www.whisker.lv\/?page_id=9305"},"modified":"2019-04-03T23:05:21","modified_gmt":"2019-04-03T21:05:21","slug":"melnrudais-kunhaunds","status":"publish","type":"page","link":"https:\/\/www.whisker.lv\/en\/sunu-skirnes\/melnrudais-kunhaunds\/","title":{"rendered":"Melnrudais k\u016bnhaunds"},"content":{"rendered":"[vc_row][vc_column][vc_text_separator title=&#8221;Melnrudais k\u016bnhaunds&#8221; border_width=&#8221;8&#8243;][\/vc_column][\/vc_row][vc_row][vc_column width=&#8221;1\/2&#8243;][vc_single_image image=&#8221;9307&#8243; img_size=&#8221;full&#8221; alignment=&#8221;center&#8221; style=&#8221;vc_box_rounded&#8221;][\/vc_column][vc_column width=&#8221;1\/2&#8243;][vc_column_text]<span style=\"color: #000000;\"><strong>Dzimtene:<\/strong> ASV<\/span><\/p>\n<p><span style=\"color: #000000;\"><strong>Funkcija:<\/strong> jenotu dzin\u0113js<\/span><\/p>\n<p><span style=\"color: #000000;\"><strong>Izcel\u0161an\u0101s:<\/strong> ap 1700. g.<\/span><\/p>\n<p><span style=\"color: #000000;\"><strong>Skausta augstums:<\/strong> 58-59 cm<\/span><\/p>\n<p><span style=\"color: #000000;\"><strong>Masa:<\/strong> 25-35 kg<\/span><\/p>\n<p><span style=\"color: #000000;\"><strong>Raksturs:<\/strong> noteikts, dz\u012bvespriec\u012bgs<\/span><\/p>\n<p><span style=\"color: #000000;\"><strong>Dz\u012bves ilgums:<\/strong> 10-12 gadi<\/span>[\/vc_column_text][\/vc_column][\/vc_row][vc_row][vc_column][vc_column_text]<span style=\"color: #000000;\">\u0160\u0137irne c\u0113lusies no lapsu su\u0146iem un, iesp\u0113jams, ar\u012b no bladhaundiem. Ka\u017eoka pamatkr\u0101sa ir melna. Rud\u0101s iez\u012bmes aiz\u0146em aptuveni 10-15% no ka\u017eoka kopplat\u012bbas. Tom\u0113r reiz\u0113m uz su\u0146a kr\u016bt\u012bm ir redzami balti plankumi\u0146i. \u0160iem k\u016bnhaundiem ir draudz\u012bgs raksturs. Reiz saodis p\u0113das, vi\u0146\u0161 aizraut\u012bgi un neatlaid\u012bgi seko savam upurim. Mednieki vi\u0146us paz\u012bst ar savdab\u012bg\u0101m rej\u0101m.<\/span><\/p>\n<p><span style=\"color: #000000;\"><strong>V\u0113sture.<\/strong> \u0160\u0137irne izveidota ASV 18. gadsimt\u0101. Pirmo reizi ofici\u0101li tika atz\u012bta 1900. gad\u0101.<\/span><\/p>\n<p><span style=\"color: #000000;\"><strong>Piez\u012bme.<\/strong> B\u0113got no su\u0146a, jenoti m\u0113dz uzr\u0101pties augstu kokos, lai atrastu patv\u0113rumu no sava vaj\u0101t\u0101ja, t\u0101p\u0113c k\u016bnhaundus d\u0113v\u0113 par \u201ckok\u0101 dzin\u0113jiem\u201d.<\/span><\/p>\n<p><span style=\"color: #000000;\"><strong>Otrs nosaukums.<\/strong> Amerik\u0101\u0146u melnrudais k\u016bnhaunds.<\/span>[\/vc_column_text][\/vc_column][\/vc_row]\n","protected":false},"excerpt":{"rendered":"<p>[vc_row][vc_column][vc_text_separator title=&#8221;Melnrudais k\u016bnhaunds&#8221; border_width=&#8221;8&#8243;][\/vc_column][\/vc_row][vc_row][vc_column width=&#8221;1\/2&#8243;][vc_single_image image=&#8221;9307&#8243; img_size=&#8221;full&#8221; alignment=&#8221;center&#8221; style=&#8221;vc_box_rounded&#8221;][\/vc_column][vc_column width=&#8221;1\/2&#8243;][vc_column_text]Dzimtene: ASV Funkcija: jenotu dzin\u0113js Izcel\u0161an\u0101s: ap 1700. g. Skausta augstums: 58-59 cm Masa: 25-35 kg Raksturs: noteikts, dz\u012bvespriec\u012bgs Dz\u012bves ilgums: 10-12 gadi[\/vc_column_text][\/vc_column][\/vc_row][vc_row][vc_column][vc_column_text]\u0160\u0137irne c\u0113lusies no lapsu su\u0146iem un, iesp\u0113jams, ar\u012b no bladhaundiem. Ka\u017eoka pamatkr\u0101sa ir melna. Rud\u0101s iez\u012bmes aiz\u0146em aptuveni 10-15% no ka\u017eoka kopplat\u012bbas. Tom\u0113r reiz\u0113m [&hellip;]<\/p>\n","protected":false},"author":1,"featured_media":0,"parent":8016,"menu_order":0,"comment_status":"closed","ping_status":"closed","template":"page-fullwidth.php","meta":{"_acf_changed":false,"_glsr_average":0,"_glsr_ranking":0,"_glsr_reviews":0,"footnotes":""},"translation":{"provider":"WPGlobus","version":"2.12.2","language":"en","enabled_languages":["lv","en","ru"],"languages":{"lv":{"title":true,"content":true,"excerpt":false},"en":{"title":false,"content":false,"excerpt":false},"ru":{"title":false,"content":false,"excerpt":false}}},"acf":[],"yoast_head":"<!-- This site is optimized with the Yoast SEO plugin v22.5 - https:\/\/yoast.com\/wordpress\/plugins\/seo\/ -->\n<title>Melnrudais k\u016bnhaunds - Whisker.lv | Su\u0146u \u0161\u0137irnes - Melnrudais k\u016bnhaunds<\/title>\n<meta name=\"robots\" content=\"index, follow, max-snippet:-1, max-image-preview:large, max-video-preview:-1\" \/>\n<link rel=\"canonical\" href=\"https:\/\/www.whisker.lv\/sunu-skirnes\/melnrudais-kunhaunds\/\" \/>\n<meta property=\"og:locale\" content=\"en_US\" \/>\n<meta property=\"og:type\" content=\"article\" \/>\n<meta property=\"og:title\" content=\"Melnrudais k\u016bnhaunds - Whisker\" \/>\n<meta property=\"og:url\" content=\"https:\/\/www.whisker.lv\/sunu-skirnes\/melnrudais-kunhaunds\/\" \/>\n<meta property=\"og:site_name\" content=\"Whisker\" \/>\n<meta property=\"article:publisher\" content=\"https:\/\/www.facebook.com\/whisker.lv\/\" \/>\n<meta property=\"article:modified_time\" content=\"2019-04-03T21:05:21+00:00\" \/>\n<meta name=\"twitter:card\" content=\"summary_large_image\" \/>\n<meta name=\"twitter:label1\" content=\"Est. reading time\" \/>\n\t<meta name=\"twitter:data1\" content=\"1 minute\" \/>\n<script type=\"application\/ld+json\" class=\"yoast-schema-graph\">{\"@context\":\"https:\/\/schema.org\",\"@graph\":[{\"@type\":\"WebPage\",\"@id\":\"https:\/\/www.whisker.lv\/sunu-skirnes\/melnrudais-kunhaunds\/\",\"url\":\"https:\/\/www.whisker.lv\/sunu-skirnes\/melnrudais-kunhaunds\/\",\"name\":\"Melnrudais k\u016bnhaunds - Whisker.lv | Su\u0146u \u0161\u0137irnes - Melnrudais k\u016bnhaunds\",\"isPartOf\":{\"@id\":\"https:\/\/www.whisker.lv\/#website\"},\"datePublished\":\"2019-03-14T00:00:05+00:00\",\"dateModified\":\"2019-04-03T21:05:21+00:00\",\"description\":\"Melnrudais k\u016bnhaunds reiz saodis p\u0113das, aizraut\u012bgi un neatlaid\u012bgi seko savam upurim. Mednieki vi\u0146us paz\u012bst ar savdab\u012bg\u0101m rej\u0101m.\",\"breadcrumb\":{\"@id\":\"https:\/\/www.whisker.lv\/sunu-skirnes\/melnrudais-kunhaunds\/#breadcrumb\"},\"inLanguage\":\"en-US\",\"potentialAction\":[{\"@type\":\"ReadAction\",\"target\":[\"https:\/\/www.whisker.lv\/sunu-skirnes\/melnrudais-kunhaunds\/\"]}]},{\"@type\":\"BreadcrumbList\",\"@id\":\"https:\/\/www.whisker.lv\/sunu-skirnes\/melnrudais-kunhaunds\/#breadcrumb\",\"itemListElement\":[{\"@type\":\"ListItem\",\"position\":1,\"name\":\"S\u0101kums\",\"item\":\"https:\/\/www.whisker.lv\/\"},{\"@type\":\"ListItem\",\"position\":2,\"name\":\"Su\u0146u \u0161\u0137irnes\",\"item\":\"https:\/\/www.whisker.lv\/sunu-skirnes\/\"},{\"@type\":\"ListItem\",\"position\":3,\"name\":\"Melnrudais k\u016bnhaunds\"}]},{\"@type\":\"WebSite\",\"@id\":\"https:\/\/www.whisker.lv\/#website\",\"url\":\"https:\/\/www.whisker.lv\/\",\"name\":\"Whisker\",\"description\":\"Tavs pal\u012bgs m\u0101jdzivnieku pieskat\u012b\u0161an\u0101\",\"potentialAction\":[{\"@type\":\"SearchAction\",\"target\":{\"@type\":\"EntryPoint\",\"urlTemplate\":\"https:\/\/www.whisker.lv\/?s={search_term_string}\"},\"query-input\":\"required name=search_term_string\"}],\"inLanguage\":\"en-US\"}]}<\/script>\n<!-- \/ Yoast SEO plugin. -->","yoast_head_json":{"title":"Melnrudais k\u016bnhaunds - Whisker.lv | Su\u0146u \u0161\u0137irnes - Melnrudais k\u016bnhaunds","robots":{"index":"index","follow":"follow","max-snippet":"max-snippet:-1","max-image-preview":"max-image-preview:large","max-video-preview":"max-video-preview:-1"},"canonical":"https:\/\/www.whisker.lv\/sunu-skirnes\/melnrudais-kunhaunds\/","og_locale":"en_US","og_type":"article","og_title":"Melnrudais k\u016bnhaunds - Whisker","og_url":"https:\/\/www.whisker.lv\/sunu-skirnes\/melnrudais-kunhaunds\/","og_site_name":"Whisker","article_publisher":"https:\/\/www.facebook.com\/whisker.lv\/","article_modified_time":"2019-04-03T21:05:21+00:00","twitter_card":"summary_large_image","twitter_misc":{"Est. reading time":"1 minute"},"schema":{"@context":"https:\/\/schema.org","@graph":[{"@type":"WebPage","@id":"https:\/\/www.whisker.lv\/sunu-skirnes\/melnrudais-kunhaunds\/","url":"https:\/\/www.whisker.lv\/sunu-skirnes\/melnrudais-kunhaunds\/","name":"Melnrudais k\u016bnhaunds - Whisker.lv | Su\u0146u \u0161\u0137irnes - Melnrudais k\u016bnhaunds","isPartOf":{"@id":"https:\/\/www.whisker.lv\/#website"},"datePublished":"2019-03-14T00:00:05+00:00","dateModified":"2019-04-03T21:05:21+00:00","description":"Melnrudais k\u016bnhaunds reiz saodis p\u0113das, aizraut\u012bgi un neatlaid\u012bgi seko savam upurim. Mednieki vi\u0146us paz\u012bst ar savdab\u012bg\u0101m rej\u0101m.","breadcrumb":{"@id":"https:\/\/www.whisker.lv\/sunu-skirnes\/melnrudais-kunhaunds\/#breadcrumb"},"inLanguage":"en-US","potentialAction":[{"@type":"ReadAction","target":["https:\/\/www.whisker.lv\/sunu-skirnes\/melnrudais-kunhaunds\/"]}]},{"@type":"BreadcrumbList","@id":"https:\/\/www.whisker.lv\/sunu-skirnes\/melnrudais-kunhaunds\/#breadcrumb","itemListElement":[{"@type":"ListItem","position":1,"name":"S\u0101kums","item":"https:\/\/www.whisker.lv\/"},{"@type":"ListItem","position":2,"name":"Su\u0146u \u0161\u0137irnes","item":"https:\/\/www.whisker.lv\/sunu-skirnes\/"},{"@type":"ListItem","position":3,"name":"Melnrudais k\u016bnhaunds"}]},{"@type":"WebSite","@id":"https:\/\/www.whisker.lv\/#website","url":"https:\/\/www.whisker.lv\/","name":"Whisker","description":"Tavs pal\u012bgs m\u0101jdzivnieku pieskat\u012b\u0161an\u0101","potentialAction":[{"@type":"SearchAction","target":{"@type":"EntryPoint","urlTemplate":"https:\/\/www.whisker.lv\/?s={search_term_string}"},"query-input":"required name=search_term_string"}],"inLanguage":"en-US"}]}},"_links":{"self":[{"href":"https:\/\/www.whisker.lv\/en\/wp-json\/wp\/v2\/pages\/9305"}],"collection":[{"href":"https:\/\/www.whisker.lv\/en\/wp-json\/wp\/v2\/pages"}],"about":[{"href":"https:\/\/www.whisker.lv\/en\/wp-json\/wp\/v2\/types\/page"}],"author":[{"embeddable":true,"href":"https:\/\/www.whisker.lv\/en\/wp-json\/wp\/v2\/users\/1"}],"replies":[{"embeddable":true,"href":"https:\/\/www.whisker.lv\/en\/wp-json\/wp\/v2\/comments?post=9305"}],"version-history":[{"count":4,"href":"https:\/\/www.whisker.lv\/en\/wp-json\/wp\/v2\/pages\/9305\/revisions"}],"predecessor-version":[{"id":11196,"href":"https:\/\/www.whisker.lv\/en\/wp-json\/wp\/v2\/pages\/9305\/revisions\/11196"}],"up":[{"embeddable":true,"href":"https:\/\/www.whisker.lv\/en\/wp-json\/wp\/v2\/pages\/8016"}],"wp:attachment":[{"href":"https:\/\/www.whisker.lv\/en\/wp-json\/wp\/v2\/media?parent=9305"}],"curies":[{"name":"wp","href":"https:\/\/api.w.org\/{rel}","templated":true}]}}