



{"id":9310,"date":"2019-03-14T02:08:05","date_gmt":"2019-03-14T00:08:05","guid":{"rendered":"https:\/\/www.whisker.lv\/?page_id=9310"},"modified":"2019-04-03T23:04:53","modified_gmt":"2019-04-03T21:04:53","slug":"melnais-krievu-terjers","status":"publish","type":"page","link":"https:\/\/www.whisker.lv\/en\/sunu-skirnes\/melnais-krievu-terjers\/","title":{"rendered":"Melnais krievu terjers"},"content":{"rendered":"[vc_row][vc_column][vc_text_separator title=&#8221;Melnais krievu terjers&#8221; border_width=&#8221;8&#8243;][\/vc_column][\/vc_row][vc_row][vc_column width=&#8221;1\/2&#8243;][vc_single_image image=&#8221;9312&#8243; img_size=&#8221;full&#8221; alignment=&#8221;center&#8221; style=&#8221;vc_box_rounded&#8221;][\/vc_column][vc_column width=&#8221;1\/2&#8243;][vc_column_text]<span style=\"color: #000000;\"><strong>Dzimtene:<\/strong> Krievija<\/span><\/p>\n<p><span style=\"color: #000000;\"><strong>Funkcija:<\/strong> sargsuns<\/span><\/p>\n<p><span style=\"color: #000000;\"><strong>Izcel\u0161an\u0101s:<\/strong> ap 1800. g.<\/span><\/p>\n<p><span style=\"color: #000000;\"><strong>Skausta augstums:<\/strong> 64-72 cm<\/span><\/p>\n<p><span style=\"color: #000000;\"><strong>Masa:<\/strong> 36-65 kg<\/span><\/p>\n<p><span style=\"color: #000000;\"><strong>Raksturs:<\/strong> drosm\u012bgs, uztic\u012bgs<\/span><\/p>\n<p><span style=\"color: #000000;\"><strong>Dz\u012bves ilgums:<\/strong> 10-12 gadi<\/span>[\/vc_column_text][\/vc_column][\/vc_row][vc_row][vc_column][vc_column_text]<span style=\"color: #000000;\">Vairums melno terjeru ir mier\u012bgi, l\u012bdzsvaroti, paklaus\u012bgi un disciplin\u0113ti \u0123imenes su\u0146i, m\u0101j\u0101s uzvedas mier\u012bgi un klusi, pret sve\u0161iem neuztic\u012bgi un attur\u012bgi. Uztic\u012bgi savai \u0123imenei, labi izturas pret b\u0113rniem un citiem dz\u012bvniekiem. Parasti nem\u0113dz iesaist\u012bties kauti\u0146os ar citiem su\u0146iem. Suns nav agres\u012bvs, tom\u0113r vajadz\u012bbas gad\u012bjum\u0101 pa\u0161aizliedz\u012bgi un drosm\u012bgi aizst\u0101v \u0123imenes locek\u013cus. Audzinot melno terjeru, j\u0101liek liet\u0101 gan maigums, gan uzst\u0101j\u012bba, bet bez rupj\u012bbas un savas gribas uzspie\u0161anas.<\/span><\/p>\n<p><span style=\"color: #000000;\"><strong>V\u0113sture.<\/strong> Melnais krievu terjers ir Krievij\u0101 izveidota darba su\u0146u \u0161\u0137irne, su\u0146i Krievij\u0101 tiek d\u0113v\u0113ti ar\u012b par Krievijas l\u0101\u010du \u0161nauceru. 20. gadsimta piecdesmitajos gados Krievij\u0101 armijas kinologiem tika uzdots uzdevums izveidot iztur\u012bgu darba suni, sp\u0113j\u012bgu darboties ar\u012b smagos klimatiskajos apst\u0101k\u013cos.<\/span><\/p>\n<p><span style=\"color: #000000;\"><strong>Piez\u012bme.<\/strong> Lielajiem su\u0146iem pat\u012bk akt\u012bvi darboties, tom\u0113r nenodarbin\u0101tam sunim neveidosies slikti ieradumi. Melnajiem terjeriem piem\u0113roti akt\u012bvie su\u0146u sporta veidi. \u0160ie su\u0146i ir lieliski \u0123imenes draugi, vien\u012bgi saimniekam ir j\u0101b\u016bt autorit\u0101tei sunim, nav piem\u0113rota \u0161\u0137irne ies\u0101c\u0113jiem su\u0146u \u012bpa\u0161niekiem.<\/span>[\/vc_column_text][\/vc_column][\/vc_row]\n","protected":false},"excerpt":{"rendered":"<p>[vc_row][vc_column][vc_text_separator title=&#8221;Melnais krievu terjers&#8221; border_width=&#8221;8&#8243;][\/vc_column][\/vc_row][vc_row][vc_column width=&#8221;1\/2&#8243;][vc_single_image image=&#8221;9312&#8243; img_size=&#8221;full&#8221; alignment=&#8221;center&#8221; style=&#8221;vc_box_rounded&#8221;][\/vc_column][vc_column width=&#8221;1\/2&#8243;][vc_column_text]Dzimtene: Krievija Funkcija: sargsuns Izcel\u0161an\u0101s: ap 1800. g. Skausta augstums: 64-72 cm Masa: 36-65 kg Raksturs: drosm\u012bgs, uztic\u012bgs Dz\u012bves ilgums: 10-12 gadi[\/vc_column_text][\/vc_column][\/vc_row][vc_row][vc_column][vc_column_text]Vairums melno terjeru ir mier\u012bgi, l\u012bdzsvaroti, paklaus\u012bgi un disciplin\u0113ti \u0123imenes su\u0146i, m\u0101j\u0101s uzvedas mier\u012bgi un klusi, pret sve\u0161iem neuztic\u012bgi un attur\u012bgi. Uztic\u012bgi savai \u0123imenei, [&hellip;]<\/p>\n","protected":false},"author":1,"featured_media":0,"parent":8016,"menu_order":0,"comment_status":"closed","ping_status":"closed","template":"page-fullwidth.php","meta":{"_acf_changed":false,"_glsr_average":0,"_glsr_ranking":0,"_glsr_reviews":0,"footnotes":""},"translation":{"provider":"WPGlobus","version":"2.12.2","language":"en","enabled_languages":["lv","en","ru"],"languages":{"lv":{"title":true,"content":true,"excerpt":false},"en":{"title":false,"content":false,"excerpt":false},"ru":{"title":false,"content":false,"excerpt":false}}},"acf":[],"yoast_head":"<!-- This site is optimized with the Yoast SEO plugin v22.5 - https:\/\/yoast.com\/wordpress\/plugins\/seo\/ -->\n<title>Melnais krievu terjers - Whisker.lv | Su\u0146u \u0161\u0137irnes - Melnais krievu terjers<\/title>\n<meta name=\"robots\" content=\"index, follow, max-snippet:-1, max-image-preview:large, max-video-preview:-1\" \/>\n<link rel=\"canonical\" href=\"https:\/\/www.whisker.lv\/sunu-skirnes\/melnais-krievu-terjers\/\" \/>\n<meta property=\"og:locale\" content=\"en_US\" \/>\n<meta property=\"og:type\" content=\"article\" \/>\n<meta property=\"og:title\" content=\"Melnais krievu terjers - Whisker\" \/>\n<meta property=\"og:url\" content=\"https:\/\/www.whisker.lv\/sunu-skirnes\/melnais-krievu-terjers\/\" \/>\n<meta property=\"og:site_name\" content=\"Whisker\" \/>\n<meta property=\"article:publisher\" content=\"https:\/\/www.facebook.com\/whisker.lv\/\" \/>\n<meta property=\"article:modified_time\" content=\"2019-04-03T21:04:53+00:00\" \/>\n<meta name=\"twitter:card\" content=\"summary_large_image\" \/>\n<meta name=\"twitter:label1\" content=\"Est. reading time\" \/>\n\t<meta name=\"twitter:data1\" content=\"1 minute\" \/>\n<script type=\"application\/ld+json\" class=\"yoast-schema-graph\">{\"@context\":\"https:\/\/schema.org\",\"@graph\":[{\"@type\":\"WebPage\",\"@id\":\"https:\/\/www.whisker.lv\/sunu-skirnes\/melnais-krievu-terjers\/\",\"url\":\"https:\/\/www.whisker.lv\/sunu-skirnes\/melnais-krievu-terjers\/\",\"name\":\"Melnais krievu terjers - Whisker.lv | Su\u0146u \u0161\u0137irnes - Melnais krievu terjers\",\"isPartOf\":{\"@id\":\"https:\/\/www.whisker.lv\/#website\"},\"datePublished\":\"2019-03-14T00:08:05+00:00\",\"dateModified\":\"2019-04-03T21:04:53+00:00\",\"description\":\"Melnais krievu terjers - mier\u012bgi, l\u012bdzsvaroti, paklaus\u012bgi un disciplin\u0113ti \u0123imenes su\u0146i, m\u0101j\u0101s uzvedas mier\u012bgi un klusi, pret sve\u0161iem neuztic\u012bgi un attur\u012bgi.\",\"breadcrumb\":{\"@id\":\"https:\/\/www.whisker.lv\/sunu-skirnes\/melnais-krievu-terjers\/#breadcrumb\"},\"inLanguage\":\"en-US\",\"potentialAction\":[{\"@type\":\"ReadAction\",\"target\":[\"https:\/\/www.whisker.lv\/sunu-skirnes\/melnais-krievu-terjers\/\"]}]},{\"@type\":\"BreadcrumbList\",\"@id\":\"https:\/\/www.whisker.lv\/sunu-skirnes\/melnais-krievu-terjers\/#breadcrumb\",\"itemListElement\":[{\"@type\":\"ListItem\",\"position\":1,\"name\":\"S\u0101kums\",\"item\":\"https:\/\/www.whisker.lv\/\"},{\"@type\":\"ListItem\",\"position\":2,\"name\":\"Su\u0146u \u0161\u0137irnes\",\"item\":\"https:\/\/www.whisker.lv\/sunu-skirnes\/\"},{\"@type\":\"ListItem\",\"position\":3,\"name\":\"Melnais krievu terjers\"}]},{\"@type\":\"WebSite\",\"@id\":\"https:\/\/www.whisker.lv\/#website\",\"url\":\"https:\/\/www.whisker.lv\/\",\"name\":\"Whisker\",\"description\":\"Tavs pal\u012bgs m\u0101jdzivnieku pieskat\u012b\u0161an\u0101\",\"potentialAction\":[{\"@type\":\"SearchAction\",\"target\":{\"@type\":\"EntryPoint\",\"urlTemplate\":\"https:\/\/www.whisker.lv\/?s={search_term_string}\"},\"query-input\":\"required name=search_term_string\"}],\"inLanguage\":\"en-US\"}]}<\/script>\n<!-- \/ Yoast SEO plugin. -->","yoast_head_json":{"title":"Melnais krievu terjers - Whisker.lv | Su\u0146u \u0161\u0137irnes - Melnais krievu terjers","robots":{"index":"index","follow":"follow","max-snippet":"max-snippet:-1","max-image-preview":"max-image-preview:large","max-video-preview":"max-video-preview:-1"},"canonical":"https:\/\/www.whisker.lv\/sunu-skirnes\/melnais-krievu-terjers\/","og_locale":"en_US","og_type":"article","og_title":"Melnais krievu terjers - Whisker","og_url":"https:\/\/www.whisker.lv\/sunu-skirnes\/melnais-krievu-terjers\/","og_site_name":"Whisker","article_publisher":"https:\/\/www.facebook.com\/whisker.lv\/","article_modified_time":"2019-04-03T21:04:53+00:00","twitter_card":"summary_large_image","twitter_misc":{"Est. reading time":"1 minute"},"schema":{"@context":"https:\/\/schema.org","@graph":[{"@type":"WebPage","@id":"https:\/\/www.whisker.lv\/sunu-skirnes\/melnais-krievu-terjers\/","url":"https:\/\/www.whisker.lv\/sunu-skirnes\/melnais-krievu-terjers\/","name":"Melnais krievu terjers - Whisker.lv | Su\u0146u \u0161\u0137irnes - Melnais krievu terjers","isPartOf":{"@id":"https:\/\/www.whisker.lv\/#website"},"datePublished":"2019-03-14T00:08:05+00:00","dateModified":"2019-04-03T21:04:53+00:00","description":"Melnais krievu terjers - mier\u012bgi, l\u012bdzsvaroti, paklaus\u012bgi un disciplin\u0113ti \u0123imenes su\u0146i, m\u0101j\u0101s uzvedas mier\u012bgi un klusi, pret sve\u0161iem neuztic\u012bgi un attur\u012bgi.","breadcrumb":{"@id":"https:\/\/www.whisker.lv\/sunu-skirnes\/melnais-krievu-terjers\/#breadcrumb"},"inLanguage":"en-US","potentialAction":[{"@type":"ReadAction","target":["https:\/\/www.whisker.lv\/sunu-skirnes\/melnais-krievu-terjers\/"]}]},{"@type":"BreadcrumbList","@id":"https:\/\/www.whisker.lv\/sunu-skirnes\/melnais-krievu-terjers\/#breadcrumb","itemListElement":[{"@type":"ListItem","position":1,"name":"S\u0101kums","item":"https:\/\/www.whisker.lv\/"},{"@type":"ListItem","position":2,"name":"Su\u0146u \u0161\u0137irnes","item":"https:\/\/www.whisker.lv\/sunu-skirnes\/"},{"@type":"ListItem","position":3,"name":"Melnais krievu terjers"}]},{"@type":"WebSite","@id":"https:\/\/www.whisker.lv\/#website","url":"https:\/\/www.whisker.lv\/","name":"Whisker","description":"Tavs pal\u012bgs m\u0101jdzivnieku pieskat\u012b\u0161an\u0101","potentialAction":[{"@type":"SearchAction","target":{"@type":"EntryPoint","urlTemplate":"https:\/\/www.whisker.lv\/?s={search_term_string}"},"query-input":"required name=search_term_string"}],"inLanguage":"en-US"}]}},"_links":{"self":[{"href":"https:\/\/www.whisker.lv\/en\/wp-json\/wp\/v2\/pages\/9310"}],"collection":[{"href":"https:\/\/www.whisker.lv\/en\/wp-json\/wp\/v2\/pages"}],"about":[{"href":"https:\/\/www.whisker.lv\/en\/wp-json\/wp\/v2\/types\/page"}],"author":[{"embeddable":true,"href":"https:\/\/www.whisker.lv\/en\/wp-json\/wp\/v2\/users\/1"}],"replies":[{"embeddable":true,"href":"https:\/\/www.whisker.lv\/en\/wp-json\/wp\/v2\/comments?post=9310"}],"version-history":[{"count":4,"href":"https:\/\/www.whisker.lv\/en\/wp-json\/wp\/v2\/pages\/9310\/revisions"}],"predecessor-version":[{"id":11195,"href":"https:\/\/www.whisker.lv\/en\/wp-json\/wp\/v2\/pages\/9310\/revisions\/11195"}],"up":[{"embeddable":true,"href":"https:\/\/www.whisker.lv\/en\/wp-json\/wp\/v2\/pages\/8016"}],"wp:attachment":[{"href":"https:\/\/www.whisker.lv\/en\/wp-json\/wp\/v2\/media?parent=9310"}],"curies":[{"name":"wp","href":"https:\/\/api.w.org\/{rel}","templated":true}]}}