



{"id":9320,"date":"2019-03-14T02:21:57","date_gmt":"2019-03-14T00:21:57","guid":{"rendered":"https:\/\/www.whisker.lv\/?page_id=9320"},"modified":"2019-04-03T23:03:53","modified_gmt":"2019-04-03T21:03:53","slug":"mastifs","status":"publish","type":"page","link":"https:\/\/www.whisker.lv\/en\/sunu-skirnes\/mastifs\/","title":{"rendered":"Mastifs"},"content":{"rendered":"[vc_row][vc_column][vc_text_separator title=&#8221;Mastifs &#8221; border_width=&#8221;8&#8243;][\/vc_column][\/vc_row][vc_row][vc_column width=&#8221;1\/2&#8243;][vc_single_image image=&#8221;9322&#8243; img_size=&#8221;full&#8221; alignment=&#8221;center&#8221; style=&#8221;vc_box_rounded&#8221;][\/vc_column][vc_column width=&#8221;1\/2&#8243;][vc_column_text]<span style=\"color: #000000;\"><strong>Dzimtene:<\/strong> Lielbrit\u0101nija<\/span><\/p>\n<p><span style=\"color: #000000;\"><strong>Funkcija:<\/strong> sargsuns<\/span><\/p>\n<p><span style=\"color: #000000;\"><strong>Izcel\u0161an\u0101s:<\/strong> 1000. p.m.\u0113.<\/span><\/p>\n<p><span style=\"color: #000000;\"><strong>Skausta augstums:<\/strong> 70-76 cm<\/span><\/p>\n<p><span style=\"color: #000000;\"><strong>Masa:<\/strong> 79-86 kg<\/span><\/p>\n<p><span style=\"color: #000000;\"><strong>Raksturs:<\/strong> uzticams, modrs<\/span><\/p>\n<p><span style=\"color: #000000;\"><strong>Dz\u012bves ilgums:<\/strong> 6-10 gadi<\/span>[\/vc_column_text][\/vc_column][\/vc_row][vc_row][vc_column][vc_column_text]<span style=\"color: #000000;\">Sen\u0101s mastifu \u0161\u0137irnes iespaid\u012bgajiem su\u0146iem ir \u0101rk\u0101rt\u012bgi musku\u013cots, sp\u0113c\u012bgas uzb\u016bves \u0137ermenis. Mastifi ir izslav\u0113ti savas liel\u0101s drosmes un lielisko sarsu\u0146u \u012bpa\u0161\u012bbu d\u0113\u013c. \u0160\u0137irnes eksterjera rakstur\u012bg\u0101k\u0101 paz\u012bme ir mas\u012bvs \u0137ermenis. No jebkura skatpunkta galvai vajadz\u0113tu izskat\u012bties kvadr\u0101tainai. Par sp\u012bti niknajam izskatam mastifs ir pak\u013c\u0101v\u012bgs suns ar augstu atbild\u012bbas izj\u016btu. \u0145emiet v\u0113r\u0101, ka uzticamais sargsuns ar iebruc\u0113jiem neapietas sevi\u0161\u0137i maigi.<\/span><\/p>\n<p><span style=\"color: #000000;\"><strong>V\u0113sture.<\/strong> Pirm\u0101s rakstisk\u0101s liec\u012bbas par mastifiem Lielbrit\u0101nij\u0101 ir saglab\u0101ju\u0161\u0101s no romie\u0161u iebrukumu laikiem \u2013 J\u016blijs C\u0113zars saj\u016bsmin\u0101j\u0101s par mastifu drosmi kaujas lauk\u0101. V\u0113l\u0101k, 1415. gad\u0101 Eginkortas kauj\u0101, k\u0101ds mastifs sava saimnieka sera P\u0113ra Lefa l\u012b\u0137i uztic\u012bgi apsarg\u0101ja l\u012bdz pat c\u012b\u0146as beig\u0101m. Otr\u0101 pasaules kara laik\u0101 \u0161\u0137irne bija tuvu izn\u012bc\u012bbas robe\u017eai, tom\u0113r tika atjaunota.<\/span><\/p>\n<p><span style=\"color: #000000;\"><strong>Piez\u012bme.<\/strong> Mastifi no dabas ir gudri, t\u0101p\u0113c vi\u0146iem nepiecie\u0161ama cilv\u0113ku sabiedr\u012bba un liela uzman\u012bba. Potenci\u0101lajiem \u012bpa\u0161niekiem v\u0113lams iel\u0101got, ka mastifiem b\u016bs j\u0101velta daudz laika. T\u0101pat vi\u0146iem nepiecie\u0161ams liels pla\u0161ums un fiziskas nodarb\u012bbas.<\/span><\/p>\n[\/vc_column_text][\/vc_column][\/vc_row]\n","protected":false},"excerpt":{"rendered":"<p>[vc_row][vc_column][vc_text_separator title=&#8221;Mastifs &#8221; border_width=&#8221;8&#8243;][\/vc_column][\/vc_row][vc_row][vc_column width=&#8221;1\/2&#8243;][vc_single_image image=&#8221;9322&#8243; img_size=&#8221;full&#8221; alignment=&#8221;center&#8221; style=&#8221;vc_box_rounded&#8221;][\/vc_column][vc_column width=&#8221;1\/2&#8243;][vc_column_text]Dzimtene: Lielbrit\u0101nija Funkcija: sargsuns Izcel\u0161an\u0101s: 1000. p.m.\u0113. Skausta augstums: 70-76 cm Masa: 79-86 kg Raksturs: uzticams, modrs Dz\u012bves ilgums: 6-10 gadi[\/vc_column_text][\/vc_column][\/vc_row][vc_row][vc_column][vc_column_text]Sen\u0101s mastifu \u0161\u0137irnes iespaid\u012bgajiem su\u0146iem ir \u0101rk\u0101rt\u012bgi musku\u013cots, sp\u0113c\u012bgas uzb\u016bves \u0137ermenis. Mastifi ir izslav\u0113ti savas liel\u0101s drosmes un lielisko sarsu\u0146u \u012bpa\u0161\u012bbu d\u0113\u013c. \u0160\u0137irnes eksterjera rakstur\u012bg\u0101k\u0101 paz\u012bme [&hellip;]<\/p>\n","protected":false},"author":1,"featured_media":0,"parent":8016,"menu_order":0,"comment_status":"closed","ping_status":"closed","template":"page-fullwidth.php","meta":{"_acf_changed":false,"_glsr_average":0,"_glsr_ranking":0,"_glsr_reviews":0,"footnotes":""},"translation":{"provider":"WPGlobus","version":"2.12.2","language":"en","enabled_languages":["lv","en","ru"],"languages":{"lv":{"title":true,"content":true,"excerpt":false},"en":{"title":false,"content":false,"excerpt":false},"ru":{"title":false,"content":false,"excerpt":false}}},"acf":[],"yoast_head":"<!-- This site is optimized with the Yoast SEO plugin v22.5 - https:\/\/yoast.com\/wordpress\/plugins\/seo\/ -->\n<title>Mastifs - Whisker.lv | Su\u0146u \u0161\u0137irnes - Mastifs<\/title>\n<meta name=\"robots\" content=\"index, follow, max-snippet:-1, max-image-preview:large, max-video-preview:-1\" \/>\n<link rel=\"canonical\" href=\"https:\/\/www.whisker.lv\/sunu-skirnes\/mastifs\/\" \/>\n<meta property=\"og:locale\" content=\"en_US\" \/>\n<meta property=\"og:type\" content=\"article\" \/>\n<meta property=\"og:title\" content=\"Mastifs - Whisker\" \/>\n<meta property=\"og:url\" content=\"https:\/\/www.whisker.lv\/sunu-skirnes\/mastifs\/\" \/>\n<meta property=\"og:site_name\" content=\"Whisker\" \/>\n<meta property=\"article:publisher\" content=\"https:\/\/www.facebook.com\/whisker.lv\/\" \/>\n<meta property=\"article:modified_time\" content=\"2019-04-03T21:03:53+00:00\" \/>\n<meta name=\"twitter:card\" content=\"summary_large_image\" \/>\n<meta name=\"twitter:label1\" content=\"Est. reading time\" \/>\n\t<meta name=\"twitter:data1\" content=\"2 minutes\" \/>\n<script type=\"application\/ld+json\" class=\"yoast-schema-graph\">{\"@context\":\"https:\/\/schema.org\",\"@graph\":[{\"@type\":\"WebPage\",\"@id\":\"https:\/\/www.whisker.lv\/sunu-skirnes\/mastifs\/\",\"url\":\"https:\/\/www.whisker.lv\/sunu-skirnes\/mastifs\/\",\"name\":\"Mastifs - Whisker.lv | Su\u0146u \u0161\u0137irnes - Mastifs\",\"isPartOf\":{\"@id\":\"https:\/\/www.whisker.lv\/#website\"},\"datePublished\":\"2019-03-14T00:21:57+00:00\",\"dateModified\":\"2019-04-03T21:03:53+00:00\",\"description\":\"Par sp\u012bti niknajam izskatam mastifs ir pak\u013c\u0101v\u012bgs suns ar augstu atbild\u012bbas izj\u016btu. Uzticamais sargsuns ar iebruc\u0113jiem neapietas sevi\u0161\u0137i maigi.\",\"breadcrumb\":{\"@id\":\"https:\/\/www.whisker.lv\/sunu-skirnes\/mastifs\/#breadcrumb\"},\"inLanguage\":\"en-US\",\"potentialAction\":[{\"@type\":\"ReadAction\",\"target\":[\"https:\/\/www.whisker.lv\/sunu-skirnes\/mastifs\/\"]}]},{\"@type\":\"BreadcrumbList\",\"@id\":\"https:\/\/www.whisker.lv\/sunu-skirnes\/mastifs\/#breadcrumb\",\"itemListElement\":[{\"@type\":\"ListItem\",\"position\":1,\"name\":\"S\u0101kums\",\"item\":\"https:\/\/www.whisker.lv\/\"},{\"@type\":\"ListItem\",\"position\":2,\"name\":\"Su\u0146u \u0161\u0137irnes\",\"item\":\"https:\/\/www.whisker.lv\/sunu-skirnes\/\"},{\"@type\":\"ListItem\",\"position\":3,\"name\":\"Mastifs\"}]},{\"@type\":\"WebSite\",\"@id\":\"https:\/\/www.whisker.lv\/#website\",\"url\":\"https:\/\/www.whisker.lv\/\",\"name\":\"Whisker\",\"description\":\"Tavs pal\u012bgs m\u0101jdzivnieku pieskat\u012b\u0161an\u0101\",\"potentialAction\":[{\"@type\":\"SearchAction\",\"target\":{\"@type\":\"EntryPoint\",\"urlTemplate\":\"https:\/\/www.whisker.lv\/?s={search_term_string}\"},\"query-input\":\"required name=search_term_string\"}],\"inLanguage\":\"en-US\"}]}<\/script>\n<!-- \/ Yoast SEO plugin. -->","yoast_head_json":{"title":"Mastifs - Whisker.lv | Su\u0146u \u0161\u0137irnes - Mastifs","robots":{"index":"index","follow":"follow","max-snippet":"max-snippet:-1","max-image-preview":"max-image-preview:large","max-video-preview":"max-video-preview:-1"},"canonical":"https:\/\/www.whisker.lv\/sunu-skirnes\/mastifs\/","og_locale":"en_US","og_type":"article","og_title":"Mastifs - Whisker","og_url":"https:\/\/www.whisker.lv\/sunu-skirnes\/mastifs\/","og_site_name":"Whisker","article_publisher":"https:\/\/www.facebook.com\/whisker.lv\/","article_modified_time":"2019-04-03T21:03:53+00:00","twitter_card":"summary_large_image","twitter_misc":{"Est. reading time":"2 minutes"},"schema":{"@context":"https:\/\/schema.org","@graph":[{"@type":"WebPage","@id":"https:\/\/www.whisker.lv\/sunu-skirnes\/mastifs\/","url":"https:\/\/www.whisker.lv\/sunu-skirnes\/mastifs\/","name":"Mastifs - Whisker.lv | Su\u0146u \u0161\u0137irnes - Mastifs","isPartOf":{"@id":"https:\/\/www.whisker.lv\/#website"},"datePublished":"2019-03-14T00:21:57+00:00","dateModified":"2019-04-03T21:03:53+00:00","description":"Par sp\u012bti niknajam izskatam mastifs ir pak\u013c\u0101v\u012bgs suns ar augstu atbild\u012bbas izj\u016btu. Uzticamais sargsuns ar iebruc\u0113jiem neapietas sevi\u0161\u0137i maigi.","breadcrumb":{"@id":"https:\/\/www.whisker.lv\/sunu-skirnes\/mastifs\/#breadcrumb"},"inLanguage":"en-US","potentialAction":[{"@type":"ReadAction","target":["https:\/\/www.whisker.lv\/sunu-skirnes\/mastifs\/"]}]},{"@type":"BreadcrumbList","@id":"https:\/\/www.whisker.lv\/sunu-skirnes\/mastifs\/#breadcrumb","itemListElement":[{"@type":"ListItem","position":1,"name":"S\u0101kums","item":"https:\/\/www.whisker.lv\/"},{"@type":"ListItem","position":2,"name":"Su\u0146u \u0161\u0137irnes","item":"https:\/\/www.whisker.lv\/sunu-skirnes\/"},{"@type":"ListItem","position":3,"name":"Mastifs"}]},{"@type":"WebSite","@id":"https:\/\/www.whisker.lv\/#website","url":"https:\/\/www.whisker.lv\/","name":"Whisker","description":"Tavs pal\u012bgs m\u0101jdzivnieku pieskat\u012b\u0161an\u0101","potentialAction":[{"@type":"SearchAction","target":{"@type":"EntryPoint","urlTemplate":"https:\/\/www.whisker.lv\/?s={search_term_string}"},"query-input":"required name=search_term_string"}],"inLanguage":"en-US"}]}},"_links":{"self":[{"href":"https:\/\/www.whisker.lv\/en\/wp-json\/wp\/v2\/pages\/9320"}],"collection":[{"href":"https:\/\/www.whisker.lv\/en\/wp-json\/wp\/v2\/pages"}],"about":[{"href":"https:\/\/www.whisker.lv\/en\/wp-json\/wp\/v2\/types\/page"}],"author":[{"embeddable":true,"href":"https:\/\/www.whisker.lv\/en\/wp-json\/wp\/v2\/users\/1"}],"replies":[{"embeddable":true,"href":"https:\/\/www.whisker.lv\/en\/wp-json\/wp\/v2\/comments?post=9320"}],"version-history":[{"count":3,"href":"https:\/\/www.whisker.lv\/en\/wp-json\/wp\/v2\/pages\/9320\/revisions"}],"predecessor-version":[{"id":9324,"href":"https:\/\/www.whisker.lv\/en\/wp-json\/wp\/v2\/pages\/9320\/revisions\/9324"}],"up":[{"embeddable":true,"href":"https:\/\/www.whisker.lv\/en\/wp-json\/wp\/v2\/pages\/8016"}],"wp:attachment":[{"href":"https:\/\/www.whisker.lv\/en\/wp-json\/wp\/v2\/media?parent=9320"}],"curies":[{"name":"wp","href":"https:\/\/api.w.org\/{rel}","templated":true}]}}