



{"id":9325,"date":"2019-03-14T02:28:30","date_gmt":"2019-03-14T00:28:30","guid":{"rendered":"https:\/\/www.whisker.lv\/?page_id=9325"},"modified":"2019-04-03T23:02:53","modified_gmt":"2019-04-03T21:02:53","slug":"mancesteras-terjers","status":"publish","type":"page","link":"https:\/\/www.whisker.lv\/en\/sunu-skirnes\/mancesteras-terjers\/","title":{"rendered":"Man\u010desteras terjers"},"content":{"rendered":"[vc_row][vc_column][vc_text_separator title=&#8221;Man\u010desteras terjers&#8221; border_width=&#8221;8&#8243;][\/vc_column][\/vc_row][vc_row][vc_column width=&#8221;1\/2&#8243;][vc_single_image image=&#8221;9327&#8243; img_size=&#8221;full&#8221; alignment=&#8221;center&#8221; style=&#8221;vc_box_rounded&#8221;][\/vc_column][vc_column width=&#8221;1\/2&#8243;][vc_column_text]<span style=\"color: #000000;\"><strong>Dzimtene:<\/strong> Lielbrit\u0101nija<\/span><\/p>\n<p><span style=\"color: #000000;\"><strong>Funkcija:<\/strong> tru\u0161u dzin\u0113js, \u017eurku \u0137\u0113r\u0101j\u0101s<\/span><\/p>\n<p><span style=\"color: #000000;\"><strong>Izcel\u0161an\u0101s:<\/strong> ap 1500. g.<\/span><\/p>\n<p><span style=\"color: #000000;\"><strong>Skausta augstums:<\/strong> 38-41 cm<\/span><\/p>\n<p><span style=\"color: #000000;\"><strong>Masa:<\/strong> 5-10 kg<\/span><\/p>\n<p><span style=\"color: #000000;\"><strong>Raksturs:<\/strong> dz\u012bvespriec\u012bgs, uzman\u012bgs<\/span><\/p>\n<p><span style=\"color: #000000;\"><strong>Dz\u012bves ilgums:<\/strong> 15-17 gadi<\/span>[\/vc_column_text][\/vc_column][\/vc_row][vc_row][vc_column][vc_column_text]<span style=\"color: #000000;\">P\u0113c da\u017eiem eksterjera r\u0101d\u012bt\u0101jiem \u2013 eleganti izliekt\u0101s muguras un relat\u012bvi taisn\u0101 deguna \u2013 Man\u010desteras terjers l\u012bdzin\u0101s vipetam.<\/span><\/p>\n<p><span style=\"color: #000000;\"><strong>V\u0113sture.<\/strong> K\u0101dreiz atkar\u012bb\u0101 no su\u0146a lieluma bija vair\u0101ki Man\u010desteras terjeru paveidi. 19. gadsimta beig\u0101s, kad \u0161\u012b \u0161\u0137irne pirmo reizi tika ekspon\u0113ta Zieme\u013camerik\u0101, popularit\u0101ti iemantoja t\u0101s miniat\u016br\u0101 forma.<\/span><\/p>\n<p><span style=\"color: #000000;\"><strong>Piez\u012bme.<\/strong> 19. gadsimta beig\u0101s k\u0101d\u0101s sacens\u012bb\u0101s Man\u010desteras terjers Billijs 6 min\u016b\u0161u un 13 sekun\u017eu laik\u0101 nogalin\u0101ja 100 \u017eurkas.<\/span>[\/vc_column_text][\/vc_column][\/vc_row]\n","protected":false},"excerpt":{"rendered":"<p>[vc_row][vc_column][vc_text_separator title=&#8221;Man\u010desteras terjers&#8221; border_width=&#8221;8&#8243;][\/vc_column][\/vc_row][vc_row][vc_column width=&#8221;1\/2&#8243;][vc_single_image image=&#8221;9327&#8243; img_size=&#8221;full&#8221; alignment=&#8221;center&#8221; style=&#8221;vc_box_rounded&#8221;][\/vc_column][vc_column width=&#8221;1\/2&#8243;][vc_column_text]Dzimtene: Lielbrit\u0101nija Funkcija: tru\u0161u dzin\u0113js, \u017eurku \u0137\u0113r\u0101j\u0101s Izcel\u0161an\u0101s: ap 1500. g. Skausta augstums: 38-41 cm Masa: 5-10 kg Raksturs: dz\u012bvespriec\u012bgs, uzman\u012bgs Dz\u012bves ilgums: 15-17 gadi[\/vc_column_text][\/vc_column][\/vc_row][vc_row][vc_column][vc_column_text]P\u0113c da\u017eiem eksterjera r\u0101d\u012bt\u0101jiem \u2013 eleganti izliekt\u0101s muguras un relat\u012bvi taisn\u0101 deguna \u2013 Man\u010desteras terjers l\u012bdzin\u0101s vipetam. V\u0113sture. K\u0101dreiz atkar\u012bb\u0101 no su\u0146a [&hellip;]<\/p>\n","protected":false},"author":1,"featured_media":0,"parent":8016,"menu_order":0,"comment_status":"closed","ping_status":"closed","template":"page-fullwidth.php","meta":{"_acf_changed":false,"_glsr_average":0,"_glsr_ranking":0,"_glsr_reviews":0,"footnotes":""},"translation":{"provider":"WPGlobus","version":"2.12.2","language":"en","enabled_languages":["lv","en","ru"],"languages":{"lv":{"title":true,"content":true,"excerpt":false},"en":{"title":false,"content":false,"excerpt":false},"ru":{"title":false,"content":false,"excerpt":false}}},"acf":[],"yoast_head":"<!-- This site is optimized with the Yoast SEO plugin v22.5 - https:\/\/yoast.com\/wordpress\/plugins\/seo\/ -->\n<title>Man\u010desteras terjers - Whisker.lv | Su\u0146u \u0161\u0137irnes - Man\u010desteras terjers<\/title>\n<meta name=\"robots\" content=\"index, follow, max-snippet:-1, max-image-preview:large, max-video-preview:-1\" \/>\n<link rel=\"canonical\" href=\"https:\/\/www.whisker.lv\/sunu-skirnes\/mancesteras-terjers\/\" \/>\n<meta property=\"og:locale\" content=\"en_US\" \/>\n<meta property=\"og:type\" content=\"article\" \/>\n<meta property=\"og:title\" content=\"Man\u010desteras terjers - Whisker\" \/>\n<meta property=\"og:url\" content=\"https:\/\/www.whisker.lv\/sunu-skirnes\/mancesteras-terjers\/\" \/>\n<meta property=\"og:site_name\" content=\"Whisker\" \/>\n<meta property=\"article:publisher\" content=\"https:\/\/www.facebook.com\/whisker.lv\/\" \/>\n<meta property=\"article:modified_time\" content=\"2019-04-03T21:02:53+00:00\" \/>\n<meta name=\"twitter:card\" content=\"summary_large_image\" \/>\n<meta name=\"twitter:label1\" content=\"Est. reading time\" \/>\n\t<meta name=\"twitter:data1\" content=\"1 minute\" \/>\n<script type=\"application\/ld+json\" class=\"yoast-schema-graph\">{\"@context\":\"https:\/\/schema.org\",\"@graph\":[{\"@type\":\"WebPage\",\"@id\":\"https:\/\/www.whisker.lv\/sunu-skirnes\/mancesteras-terjers\/\",\"url\":\"https:\/\/www.whisker.lv\/sunu-skirnes\/mancesteras-terjers\/\",\"name\":\"Man\u010desteras terjers - Whisker.lv | Su\u0146u \u0161\u0137irnes - Man\u010desteras terjers\",\"isPartOf\":{\"@id\":\"https:\/\/www.whisker.lv\/#website\"},\"datePublished\":\"2019-03-14T00:28:30+00:00\",\"dateModified\":\"2019-04-03T21:02:53+00:00\",\"description\":\"P\u0113c da\u017eiem eksterjera r\u0101d\u012bt\u0101jiem \u2013 eleganti izliekt\u0101s muguras un relat\u012bvi taisn\u0101 deguna \u2013 Man\u010desteras terjers l\u012bdzin\u0101s vipetam.\",\"breadcrumb\":{\"@id\":\"https:\/\/www.whisker.lv\/sunu-skirnes\/mancesteras-terjers\/#breadcrumb\"},\"inLanguage\":\"en-US\",\"potentialAction\":[{\"@type\":\"ReadAction\",\"target\":[\"https:\/\/www.whisker.lv\/sunu-skirnes\/mancesteras-terjers\/\"]}]},{\"@type\":\"BreadcrumbList\",\"@id\":\"https:\/\/www.whisker.lv\/sunu-skirnes\/mancesteras-terjers\/#breadcrumb\",\"itemListElement\":[{\"@type\":\"ListItem\",\"position\":1,\"name\":\"S\u0101kums\",\"item\":\"https:\/\/www.whisker.lv\/\"},{\"@type\":\"ListItem\",\"position\":2,\"name\":\"Su\u0146u \u0161\u0137irnes\",\"item\":\"https:\/\/www.whisker.lv\/sunu-skirnes\/\"},{\"@type\":\"ListItem\",\"position\":3,\"name\":\"Man\u010desteras terjers\"}]},{\"@type\":\"WebSite\",\"@id\":\"https:\/\/www.whisker.lv\/#website\",\"url\":\"https:\/\/www.whisker.lv\/\",\"name\":\"Whisker\",\"description\":\"Tavs pal\u012bgs m\u0101jdzivnieku pieskat\u012b\u0161an\u0101\",\"potentialAction\":[{\"@type\":\"SearchAction\",\"target\":{\"@type\":\"EntryPoint\",\"urlTemplate\":\"https:\/\/www.whisker.lv\/?s={search_term_string}\"},\"query-input\":\"required name=search_term_string\"}],\"inLanguage\":\"en-US\"}]}<\/script>\n<!-- \/ Yoast SEO plugin. -->","yoast_head_json":{"title":"Man\u010desteras terjers - Whisker.lv | Su\u0146u \u0161\u0137irnes - Man\u010desteras terjers","robots":{"index":"index","follow":"follow","max-snippet":"max-snippet:-1","max-image-preview":"max-image-preview:large","max-video-preview":"max-video-preview:-1"},"canonical":"https:\/\/www.whisker.lv\/sunu-skirnes\/mancesteras-terjers\/","og_locale":"en_US","og_type":"article","og_title":"Man\u010desteras terjers - Whisker","og_url":"https:\/\/www.whisker.lv\/sunu-skirnes\/mancesteras-terjers\/","og_site_name":"Whisker","article_publisher":"https:\/\/www.facebook.com\/whisker.lv\/","article_modified_time":"2019-04-03T21:02:53+00:00","twitter_card":"summary_large_image","twitter_misc":{"Est. reading time":"1 minute"},"schema":{"@context":"https:\/\/schema.org","@graph":[{"@type":"WebPage","@id":"https:\/\/www.whisker.lv\/sunu-skirnes\/mancesteras-terjers\/","url":"https:\/\/www.whisker.lv\/sunu-skirnes\/mancesteras-terjers\/","name":"Man\u010desteras terjers - Whisker.lv | Su\u0146u \u0161\u0137irnes - Man\u010desteras terjers","isPartOf":{"@id":"https:\/\/www.whisker.lv\/#website"},"datePublished":"2019-03-14T00:28:30+00:00","dateModified":"2019-04-03T21:02:53+00:00","description":"P\u0113c da\u017eiem eksterjera r\u0101d\u012bt\u0101jiem \u2013 eleganti izliekt\u0101s muguras un relat\u012bvi taisn\u0101 deguna \u2013 Man\u010desteras terjers l\u012bdzin\u0101s vipetam.","breadcrumb":{"@id":"https:\/\/www.whisker.lv\/sunu-skirnes\/mancesteras-terjers\/#breadcrumb"},"inLanguage":"en-US","potentialAction":[{"@type":"ReadAction","target":["https:\/\/www.whisker.lv\/sunu-skirnes\/mancesteras-terjers\/"]}]},{"@type":"BreadcrumbList","@id":"https:\/\/www.whisker.lv\/sunu-skirnes\/mancesteras-terjers\/#breadcrumb","itemListElement":[{"@type":"ListItem","position":1,"name":"S\u0101kums","item":"https:\/\/www.whisker.lv\/"},{"@type":"ListItem","position":2,"name":"Su\u0146u \u0161\u0137irnes","item":"https:\/\/www.whisker.lv\/sunu-skirnes\/"},{"@type":"ListItem","position":3,"name":"Man\u010desteras terjers"}]},{"@type":"WebSite","@id":"https:\/\/www.whisker.lv\/#website","url":"https:\/\/www.whisker.lv\/","name":"Whisker","description":"Tavs pal\u012bgs m\u0101jdzivnieku pieskat\u012b\u0161an\u0101","potentialAction":[{"@type":"SearchAction","target":{"@type":"EntryPoint","urlTemplate":"https:\/\/www.whisker.lv\/?s={search_term_string}"},"query-input":"required name=search_term_string"}],"inLanguage":"en-US"}]}},"_links":{"self":[{"href":"https:\/\/www.whisker.lv\/en\/wp-json\/wp\/v2\/pages\/9325"}],"collection":[{"href":"https:\/\/www.whisker.lv\/en\/wp-json\/wp\/v2\/pages"}],"about":[{"href":"https:\/\/www.whisker.lv\/en\/wp-json\/wp\/v2\/types\/page"}],"author":[{"embeddable":true,"href":"https:\/\/www.whisker.lv\/en\/wp-json\/wp\/v2\/users\/1"}],"replies":[{"embeddable":true,"href":"https:\/\/www.whisker.lv\/en\/wp-json\/wp\/v2\/comments?post=9325"}],"version-history":[{"count":4,"href":"https:\/\/www.whisker.lv\/en\/wp-json\/wp\/v2\/pages\/9325\/revisions"}],"predecessor-version":[{"id":11193,"href":"https:\/\/www.whisker.lv\/en\/wp-json\/wp\/v2\/pages\/9325\/revisions\/11193"}],"up":[{"embeddable":true,"href":"https:\/\/www.whisker.lv\/en\/wp-json\/wp\/v2\/pages\/8016"}],"wp:attachment":[{"href":"https:\/\/www.whisker.lv\/en\/wp-json\/wp\/v2\/media?parent=9325"}],"curies":[{"name":"wp","href":"https:\/\/api.w.org\/{rel}","templated":true}]}}