



{"id":9404,"date":"2019-03-14T23:45:32","date_gmt":"2019-03-14T21:45:32","guid":{"rendered":"https:\/\/www.whisker.lv\/?page_id=9404"},"modified":"2019-04-03T22:56:55","modified_gmt":"2019-04-03T20:56:55","slug":"leonbergers","status":"publish","type":"page","link":"https:\/\/www.whisker.lv\/en\/sunu-skirnes\/leonbergers\/","title":{"rendered":"Leonbergers"},"content":{"rendered":"[vc_row][vc_column][vc_text_separator title=&#8221;Leonbergers&#8221; border_width=&#8221;8&#8243;][\/vc_column][\/vc_row][vc_row][vc_column width=&#8221;1\/2&#8243;][vc_single_image image=&#8221;8170&#8243; img_size=&#8221;full&#8221; alignment=&#8221;center&#8221; style=&#8221;vc_box_rounded&#8221;][\/vc_column][vc_column width=&#8221;1\/2&#8243;][vc_column_text]<span style=\"color: #000000;\"><strong>Dzimtene:<\/strong> V\u0101cija<\/span><\/p>\n<p><span style=\"color: #000000;\"><strong>Funkcija:<\/strong> simbolisks talismans<\/span><\/p>\n<p><span style=\"color: #000000;\"><strong>Izcel\u0161an\u0101s:<\/strong> ap 1800. g.<\/span><\/p>\n<p><span style=\"color: #000000;\"><strong>Skausta augstums:<\/strong> 65-80 cm<\/span><\/p>\n<p><span style=\"color: #000000;\"><strong>Masa:<\/strong> 34-50 kg<\/span><\/p>\n<p><span style=\"color: #000000;\"><strong>Raksturs:<\/strong> gudrs, draudz\u012bgs<\/span><\/p>\n<p><span style=\"color: #000000;\"><strong>Dz\u012bves ilgums:<\/strong> 7 gadi<\/span>[\/vc_column_text][\/vc_column][\/vc_row][vc_row][vc_column][vc_column_text]<span style=\"color: #000000;\">Suns izveidots krustojot \u0146\u016bfaundlendus un sanbern\u0101rus. V\u0113l\u0101k \u0161os su\u0146us krustoja ar cit\u0101m \u0161\u0137irn\u0113m, piem\u0113ram, lielo \u0160veices ganu suni. Leonbergera eksterjer\u0101 un iztur\u0113\u0161an\u0101s manier\u0113s atspogu\u013cojas vi\u0146a tuv\u0101ko radinieku rakstur\u012bg\u0101s iez\u012bmes. Standarts nosaka, ka baltie laukumi pie\u013caujami tikai noteikt\u0101s \u0137erme\u0146a viet\u0101s.<\/span><\/p>\n<p><span style=\"color: #000000;\"><strong>V\u0113sture.<\/strong> 19. gadsimta \u010detrdesmitajos gados V\u0101cijas pils\u0113tas Leonbergas m\u0113rs Heinrihs Esigs ierosin\u0101ja izveidot jaunu su\u0146u \u0161\u0137irni. P\u0113c eksterjera su\u0146iem vajadz\u0113ja l\u012bdzin\u0101ties su\u0146a fig\u016brai, kura atrad\u0101s uz k\u0101da jumta kores. Jaunrad\u012bt\u0101 su\u0146u \u0161\u0137irne tika nod\u0113v\u0113ta par leonbergeru.<\/span><\/p>\n<p><span style=\"color: #000000;\"><strong>Piez\u012bme.<\/strong> Leonbergers m\u012bl \u016bdeni, t\u0101p\u0113c vi\u0146\u0161 veiksm\u012bgi tiek gal\u0101 ar g\u0101b\u0161anas darbiem. Sunim ir \u016bdensnecaurlaid\u012bgs ka\u017eoks, bet starp pirkstiem ir pl\u0113ve.<\/span><\/p>\n[\/vc_column_text][\/vc_column][\/vc_row]\n","protected":false},"excerpt":{"rendered":"<p>[vc_row][vc_column][vc_text_separator title=&#8221;Leonbergers&#8221; border_width=&#8221;8&#8243;][\/vc_column][\/vc_row][vc_row][vc_column width=&#8221;1\/2&#8243;][vc_single_image image=&#8221;8170&#8243; img_size=&#8221;full&#8221; alignment=&#8221;center&#8221; style=&#8221;vc_box_rounded&#8221;][\/vc_column][vc_column width=&#8221;1\/2&#8243;][vc_column_text]Dzimtene: V\u0101cija Funkcija: simbolisks talismans Izcel\u0161an\u0101s: ap 1800. g. Skausta augstums: 65-80 cm Masa: 34-50 kg Raksturs: gudrs, draudz\u012bgs Dz\u012bves ilgums: 7 gadi[\/vc_column_text][\/vc_column][\/vc_row][vc_row][vc_column][vc_column_text]Suns izveidots krustojot \u0146\u016bfaundlendus un sanbern\u0101rus. V\u0113l\u0101k \u0161os su\u0146us krustoja ar cit\u0101m \u0161\u0137irn\u0113m, piem\u0113ram, lielo \u0160veices ganu suni. Leonbergera eksterjer\u0101 un iztur\u0113\u0161an\u0101s manier\u0113s atspogu\u013cojas vi\u0146a [&hellip;]<\/p>\n","protected":false},"author":1,"featured_media":0,"parent":8016,"menu_order":0,"comment_status":"closed","ping_status":"closed","template":"page-fullwidth.php","meta":{"_acf_changed":false,"_glsr_average":0,"_glsr_ranking":0,"_glsr_reviews":0,"footnotes":""},"translation":{"provider":"WPGlobus","version":"2.12.2","language":"en","enabled_languages":["lv","en","ru"],"languages":{"lv":{"title":true,"content":true,"excerpt":false},"en":{"title":false,"content":false,"excerpt":false},"ru":{"title":false,"content":false,"excerpt":false}}},"acf":[],"yoast_head":"<!-- This site is optimized with the Yoast SEO plugin v22.5 - https:\/\/yoast.com\/wordpress\/plugins\/seo\/ -->\n<title>Leonbergers - Whisker.lv | Su\u0146u \u0161\u0137irnes - Leonbergers<\/title>\n<meta name=\"robots\" content=\"index, follow, max-snippet:-1, max-image-preview:large, max-video-preview:-1\" \/>\n<link rel=\"canonical\" href=\"https:\/\/www.whisker.lv\/sunu-skirnes\/leonbergers\/\" \/>\n<meta property=\"og:locale\" content=\"en_US\" \/>\n<meta property=\"og:type\" content=\"article\" \/>\n<meta property=\"og:title\" content=\"Leonbergers - Whisker\" \/>\n<meta property=\"og:url\" content=\"https:\/\/www.whisker.lv\/sunu-skirnes\/leonbergers\/\" \/>\n<meta property=\"og:site_name\" content=\"Whisker\" \/>\n<meta property=\"article:publisher\" content=\"https:\/\/www.facebook.com\/whisker.lv\/\" \/>\n<meta property=\"article:modified_time\" content=\"2019-04-03T20:56:55+00:00\" \/>\n<meta name=\"twitter:card\" content=\"summary_large_image\" \/>\n<meta name=\"twitter:label1\" content=\"Est. reading time\" \/>\n\t<meta name=\"twitter:data1\" content=\"1 minute\" \/>\n<script type=\"application\/ld+json\" class=\"yoast-schema-graph\">{\"@context\":\"https:\/\/schema.org\",\"@graph\":[{\"@type\":\"WebPage\",\"@id\":\"https:\/\/www.whisker.lv\/sunu-skirnes\/leonbergers\/\",\"url\":\"https:\/\/www.whisker.lv\/sunu-skirnes\/leonbergers\/\",\"name\":\"Leonbergers - Whisker.lv | Su\u0146u \u0161\u0137irnes - Leonbergers\",\"isPartOf\":{\"@id\":\"https:\/\/www.whisker.lv\/#website\"},\"datePublished\":\"2019-03-14T21:45:32+00:00\",\"dateModified\":\"2019-04-03T20:56:55+00:00\",\"description\":\"Leonbergers - suns izveidots krustojot \u0146\u016bfaundlendus un sanbern\u0101rus. V\u0113l\u0101k \u0161os su\u0146us krustoja ar cit\u0101m \u0161\u0137irn\u0113m, piem\u0113ram, lielo \u0160veices ganu suni.\",\"breadcrumb\":{\"@id\":\"https:\/\/www.whisker.lv\/sunu-skirnes\/leonbergers\/#breadcrumb\"},\"inLanguage\":\"en-US\",\"potentialAction\":[{\"@type\":\"ReadAction\",\"target\":[\"https:\/\/www.whisker.lv\/sunu-skirnes\/leonbergers\/\"]}]},{\"@type\":\"BreadcrumbList\",\"@id\":\"https:\/\/www.whisker.lv\/sunu-skirnes\/leonbergers\/#breadcrumb\",\"itemListElement\":[{\"@type\":\"ListItem\",\"position\":1,\"name\":\"S\u0101kums\",\"item\":\"https:\/\/www.whisker.lv\/\"},{\"@type\":\"ListItem\",\"position\":2,\"name\":\"Su\u0146u \u0161\u0137irnes\",\"item\":\"https:\/\/www.whisker.lv\/sunu-skirnes\/\"},{\"@type\":\"ListItem\",\"position\":3,\"name\":\"Leonbergers\"}]},{\"@type\":\"WebSite\",\"@id\":\"https:\/\/www.whisker.lv\/#website\",\"url\":\"https:\/\/www.whisker.lv\/\",\"name\":\"Whisker\",\"description\":\"Tavs pal\u012bgs m\u0101jdzivnieku pieskat\u012b\u0161an\u0101\",\"potentialAction\":[{\"@type\":\"SearchAction\",\"target\":{\"@type\":\"EntryPoint\",\"urlTemplate\":\"https:\/\/www.whisker.lv\/?s={search_term_string}\"},\"query-input\":\"required name=search_term_string\"}],\"inLanguage\":\"en-US\"}]}<\/script>\n<!-- \/ Yoast SEO plugin. -->","yoast_head_json":{"title":"Leonbergers - Whisker.lv | Su\u0146u \u0161\u0137irnes - Leonbergers","robots":{"index":"index","follow":"follow","max-snippet":"max-snippet:-1","max-image-preview":"max-image-preview:large","max-video-preview":"max-video-preview:-1"},"canonical":"https:\/\/www.whisker.lv\/sunu-skirnes\/leonbergers\/","og_locale":"en_US","og_type":"article","og_title":"Leonbergers - Whisker","og_url":"https:\/\/www.whisker.lv\/sunu-skirnes\/leonbergers\/","og_site_name":"Whisker","article_publisher":"https:\/\/www.facebook.com\/whisker.lv\/","article_modified_time":"2019-04-03T20:56:55+00:00","twitter_card":"summary_large_image","twitter_misc":{"Est. reading time":"1 minute"},"schema":{"@context":"https:\/\/schema.org","@graph":[{"@type":"WebPage","@id":"https:\/\/www.whisker.lv\/sunu-skirnes\/leonbergers\/","url":"https:\/\/www.whisker.lv\/sunu-skirnes\/leonbergers\/","name":"Leonbergers - Whisker.lv | Su\u0146u \u0161\u0137irnes - Leonbergers","isPartOf":{"@id":"https:\/\/www.whisker.lv\/#website"},"datePublished":"2019-03-14T21:45:32+00:00","dateModified":"2019-04-03T20:56:55+00:00","description":"Leonbergers - suns izveidots krustojot \u0146\u016bfaundlendus un sanbern\u0101rus. V\u0113l\u0101k \u0161os su\u0146us krustoja ar cit\u0101m \u0161\u0137irn\u0113m, piem\u0113ram, lielo \u0160veices ganu suni.","breadcrumb":{"@id":"https:\/\/www.whisker.lv\/sunu-skirnes\/leonbergers\/#breadcrumb"},"inLanguage":"en-US","potentialAction":[{"@type":"ReadAction","target":["https:\/\/www.whisker.lv\/sunu-skirnes\/leonbergers\/"]}]},{"@type":"BreadcrumbList","@id":"https:\/\/www.whisker.lv\/sunu-skirnes\/leonbergers\/#breadcrumb","itemListElement":[{"@type":"ListItem","position":1,"name":"S\u0101kums","item":"https:\/\/www.whisker.lv\/"},{"@type":"ListItem","position":2,"name":"Su\u0146u \u0161\u0137irnes","item":"https:\/\/www.whisker.lv\/sunu-skirnes\/"},{"@type":"ListItem","position":3,"name":"Leonbergers"}]},{"@type":"WebSite","@id":"https:\/\/www.whisker.lv\/#website","url":"https:\/\/www.whisker.lv\/","name":"Whisker","description":"Tavs pal\u012bgs m\u0101jdzivnieku pieskat\u012b\u0161an\u0101","potentialAction":[{"@type":"SearchAction","target":{"@type":"EntryPoint","urlTemplate":"https:\/\/www.whisker.lv\/?s={search_term_string}"},"query-input":"required name=search_term_string"}],"inLanguage":"en-US"}]}},"_links":{"self":[{"href":"https:\/\/www.whisker.lv\/en\/wp-json\/wp\/v2\/pages\/9404"}],"collection":[{"href":"https:\/\/www.whisker.lv\/en\/wp-json\/wp\/v2\/pages"}],"about":[{"href":"https:\/\/www.whisker.lv\/en\/wp-json\/wp\/v2\/types\/page"}],"author":[{"embeddable":true,"href":"https:\/\/www.whisker.lv\/en\/wp-json\/wp\/v2\/users\/1"}],"replies":[{"embeddable":true,"href":"https:\/\/www.whisker.lv\/en\/wp-json\/wp\/v2\/comments?post=9404"}],"version-history":[{"count":3,"href":"https:\/\/www.whisker.lv\/en\/wp-json\/wp\/v2\/pages\/9404\/revisions"}],"predecessor-version":[{"id":9407,"href":"https:\/\/www.whisker.lv\/en\/wp-json\/wp\/v2\/pages\/9404\/revisions\/9407"}],"up":[{"embeddable":true,"href":"https:\/\/www.whisker.lv\/en\/wp-json\/wp\/v2\/pages\/8016"}],"wp:attachment":[{"href":"https:\/\/www.whisker.lv\/en\/wp-json\/wp\/v2\/media?parent=9404"}],"curies":[{"name":"wp","href":"https:\/\/api.w.org\/{rel}","templated":true}]}}