



{"id":9428,"date":"2019-03-15T02:27:43","date_gmt":"2019-03-15T00:27:43","guid":{"rendered":"https:\/\/www.whisker.lv\/?page_id=9428"},"modified":"2019-04-03T22:54:20","modified_gmt":"2019-04-03T20:54:20","slug":"kuvass","status":"publish","type":"page","link":"https:\/\/www.whisker.lv\/en\/sunu-skirnes\/kuvass\/","title":{"rendered":"Kuvass"},"content":{"rendered":"[vc_row][vc_column][vc_text_separator title=&#8221;Kuvass&#8221; border_width=&#8221;8&#8243;][\/vc_column][\/vc_row][vc_row][vc_column width=&#8221;1\/2&#8243;][vc_single_image image=&#8221;9430&#8243; img_size=&#8221;full&#8221; alignment=&#8221;center&#8221; style=&#8221;vc_box_rounded&#8221;][\/vc_column][vc_column width=&#8221;1\/2&#8243;][vc_column_text]<span style=\"color: #000000;\"><strong>Dzimtene:<\/strong> Ung\u0101rija<\/span><\/p>\n<p><span style=\"color: #000000;\"><strong>Funkcija:<\/strong> ganu suns<\/span><\/p>\n<p><span style=\"color: #000000;\"><strong>Izcel\u0161an\u0101s:<\/strong> ap 1200. g.<\/span><\/p>\n<p><span style=\"color: #000000;\"><strong>Skausta augstums:<\/strong> 56-66 cm<\/span><\/p>\n<p><span style=\"color: #000000;\"><strong>Masa:<\/strong> 35-50 kg<\/span><\/p>\n<p><span style=\"color: #000000;\"><strong>Raksturs:<\/strong> uzticams, uzman\u012bgs<\/span><\/p>\n<p><span style=\"color: #000000;\"><strong>Dz\u012bves ilgums:<\/strong> 10-12 gadi<\/span>[\/vc_column_text][\/vc_column][\/vc_row][vc_row][vc_column][vc_column_text]<span style=\"color: #000000;\">\u0160\u012b darba \u0161\u0137irne vair\u0101k piem\u0113rota gan\u0101mpulku apsarg\u0101\u0161anai, nevis uzraudz\u012b\u0161anai. Kuvass ir sp\u0113c\u012bgas miesasb\u016bves suns ar samer\u012bg\u0101m, skaist\u0101m \u0137erme\u0146a proporcij\u0101m. Biezais ka\u017eoks parasti ir balt\u0101 vai zilo\u0146kaula kr\u0101s\u0101. Nokaren\u0101s ausis cie\u0161i piek\u013caujas vaigu kauliem. Liela, bet ne mas\u012bva galva ar neman\u0101mu p\u0101reju no galvas uz purnu.<\/span><\/p>\n<p><span style=\"color: #000000;\"><strong>V\u0113sture.<\/strong> Prec\u012bzi \u0161\u0137irnes p\u0113cte\u010di nav zin\u0101mi. Dom\u0101jams, ka tie n\u0101k no Tibetas un caur Turciju atvesti uz Ung\u0101riju. Eksterjera galven\u0101s poz\u012bcij\u0101s suns l\u012bdz\u012bgs Maremmas aitu sunim un Pireneju kalnu sunim. Iesp\u0113jams, ka \u0161\u0137irnei ir kop\u012bga izcelsme.<\/span><\/p>\n<p><span style=\"color: #000000;\"><strong>Piez\u012bme.<\/strong>\u00a0Vi\u0146\u0161 ir labs sargsuns un m\u0113dz uztic\u012bgi pie\u0137erties saimniekam.<\/span>[\/vc_column_text][\/vc_column][\/vc_row]\n","protected":false},"excerpt":{"rendered":"<p>[vc_row][vc_column][vc_text_separator title=&#8221;Kuvass&#8221; border_width=&#8221;8&#8243;][\/vc_column][\/vc_row][vc_row][vc_column width=&#8221;1\/2&#8243;][vc_single_image image=&#8221;9430&#8243; img_size=&#8221;full&#8221; alignment=&#8221;center&#8221; style=&#8221;vc_box_rounded&#8221;][\/vc_column][vc_column width=&#8221;1\/2&#8243;][vc_column_text]Dzimtene: Ung\u0101rija Funkcija: ganu suns Izcel\u0161an\u0101s: ap 1200. g. Skausta augstums: 56-66 cm Masa: 35-50 kg Raksturs: uzticams, uzman\u012bgs Dz\u012bves ilgums: 10-12 gadi[\/vc_column_text][\/vc_column][\/vc_row][vc_row][vc_column][vc_column_text]\u0160\u012b darba \u0161\u0137irne vair\u0101k piem\u0113rota gan\u0101mpulku apsarg\u0101\u0161anai, nevis uzraudz\u012b\u0161anai. Kuvass ir sp\u0113c\u012bgas miesasb\u016bves suns ar samer\u012bg\u0101m, skaist\u0101m \u0137erme\u0146a proporcij\u0101m. Biezais ka\u017eoks parasti ir balt\u0101 vai [&hellip;]<\/p>\n","protected":false},"author":1,"featured_media":0,"parent":8016,"menu_order":0,"comment_status":"closed","ping_status":"closed","template":"page-fullwidth.php","meta":{"_acf_changed":false,"_glsr_average":0,"_glsr_ranking":0,"_glsr_reviews":0,"footnotes":""},"translation":{"provider":"WPGlobus","version":"2.12.2","language":"en","enabled_languages":["lv","en","ru"],"languages":{"lv":{"title":true,"content":true,"excerpt":false},"en":{"title":false,"content":false,"excerpt":false},"ru":{"title":false,"content":false,"excerpt":false}}},"acf":[],"yoast_head":"<!-- This site is optimized with the Yoast SEO plugin v22.5 - https:\/\/yoast.com\/wordpress\/plugins\/seo\/ -->\n<title>Kuvass - Whisker.lv | Su\u0146u \u0161irnes - Kuvass<\/title>\n<meta name=\"robots\" content=\"index, follow, max-snippet:-1, max-image-preview:large, max-video-preview:-1\" \/>\n<link rel=\"canonical\" href=\"https:\/\/www.whisker.lv\/sunu-skirnes\/kuvass\/\" \/>\n<meta property=\"og:locale\" content=\"en_US\" \/>\n<meta property=\"og:type\" content=\"article\" \/>\n<meta property=\"og:title\" content=\"Kuvass - Whisker\" \/>\n<meta property=\"og:url\" content=\"https:\/\/www.whisker.lv\/sunu-skirnes\/kuvass\/\" \/>\n<meta property=\"og:site_name\" content=\"Whisker\" \/>\n<meta property=\"article:publisher\" content=\"https:\/\/www.facebook.com\/whisker.lv\/\" \/>\n<meta property=\"article:modified_time\" content=\"2019-04-03T20:54:20+00:00\" \/>\n<meta name=\"twitter:card\" content=\"summary_large_image\" \/>\n<meta name=\"twitter:label1\" content=\"Est. reading time\" \/>\n\t<meta name=\"twitter:data1\" content=\"1 minute\" \/>\n<script type=\"application\/ld+json\" class=\"yoast-schema-graph\">{\"@context\":\"https:\/\/schema.org\",\"@graph\":[{\"@type\":\"WebPage\",\"@id\":\"https:\/\/www.whisker.lv\/sunu-skirnes\/kuvass\/\",\"url\":\"https:\/\/www.whisker.lv\/sunu-skirnes\/kuvass\/\",\"name\":\"Kuvass - Whisker.lv | Su\u0146u \u0161irnes - Kuvass\",\"isPartOf\":{\"@id\":\"https:\/\/www.whisker.lv\/#website\"},\"datePublished\":\"2019-03-15T00:27:43+00:00\",\"dateModified\":\"2019-04-03T20:54:20+00:00\",\"description\":\"Kuvass ir sp\u0113c\u012bgas miesasb\u016bves suns ar samer\u012bg\u0101m, skaist\u0101m \u0137erme\u0146a proporcij\u0101m. Biezais ka\u017eoks parasti ir balt\u0101 vai zilo\u0146kaula kr\u0101s\u0101.\",\"breadcrumb\":{\"@id\":\"https:\/\/www.whisker.lv\/sunu-skirnes\/kuvass\/#breadcrumb\"},\"inLanguage\":\"en-US\",\"potentialAction\":[{\"@type\":\"ReadAction\",\"target\":[\"https:\/\/www.whisker.lv\/sunu-skirnes\/kuvass\/\"]}]},{\"@type\":\"BreadcrumbList\",\"@id\":\"https:\/\/www.whisker.lv\/sunu-skirnes\/kuvass\/#breadcrumb\",\"itemListElement\":[{\"@type\":\"ListItem\",\"position\":1,\"name\":\"S\u0101kums\",\"item\":\"https:\/\/www.whisker.lv\/\"},{\"@type\":\"ListItem\",\"position\":2,\"name\":\"Su\u0146u \u0161\u0137irnes\",\"item\":\"https:\/\/www.whisker.lv\/sunu-skirnes\/\"},{\"@type\":\"ListItem\",\"position\":3,\"name\":\"Kuvass\"}]},{\"@type\":\"WebSite\",\"@id\":\"https:\/\/www.whisker.lv\/#website\",\"url\":\"https:\/\/www.whisker.lv\/\",\"name\":\"Whisker\",\"description\":\"Tavs pal\u012bgs m\u0101jdzivnieku pieskat\u012b\u0161an\u0101\",\"potentialAction\":[{\"@type\":\"SearchAction\",\"target\":{\"@type\":\"EntryPoint\",\"urlTemplate\":\"https:\/\/www.whisker.lv\/?s={search_term_string}\"},\"query-input\":\"required name=search_term_string\"}],\"inLanguage\":\"en-US\"}]}<\/script>\n<!-- \/ Yoast SEO plugin. -->","yoast_head_json":{"title":"Kuvass - Whisker.lv | Su\u0146u \u0161irnes - Kuvass","robots":{"index":"index","follow":"follow","max-snippet":"max-snippet:-1","max-image-preview":"max-image-preview:large","max-video-preview":"max-video-preview:-1"},"canonical":"https:\/\/www.whisker.lv\/sunu-skirnes\/kuvass\/","og_locale":"en_US","og_type":"article","og_title":"Kuvass - Whisker","og_url":"https:\/\/www.whisker.lv\/sunu-skirnes\/kuvass\/","og_site_name":"Whisker","article_publisher":"https:\/\/www.facebook.com\/whisker.lv\/","article_modified_time":"2019-04-03T20:54:20+00:00","twitter_card":"summary_large_image","twitter_misc":{"Est. reading time":"1 minute"},"schema":{"@context":"https:\/\/schema.org","@graph":[{"@type":"WebPage","@id":"https:\/\/www.whisker.lv\/sunu-skirnes\/kuvass\/","url":"https:\/\/www.whisker.lv\/sunu-skirnes\/kuvass\/","name":"Kuvass - Whisker.lv | Su\u0146u \u0161irnes - Kuvass","isPartOf":{"@id":"https:\/\/www.whisker.lv\/#website"},"datePublished":"2019-03-15T00:27:43+00:00","dateModified":"2019-04-03T20:54:20+00:00","description":"Kuvass ir sp\u0113c\u012bgas miesasb\u016bves suns ar samer\u012bg\u0101m, skaist\u0101m \u0137erme\u0146a proporcij\u0101m. Biezais ka\u017eoks parasti ir balt\u0101 vai zilo\u0146kaula kr\u0101s\u0101.","breadcrumb":{"@id":"https:\/\/www.whisker.lv\/sunu-skirnes\/kuvass\/#breadcrumb"},"inLanguage":"en-US","potentialAction":[{"@type":"ReadAction","target":["https:\/\/www.whisker.lv\/sunu-skirnes\/kuvass\/"]}]},{"@type":"BreadcrumbList","@id":"https:\/\/www.whisker.lv\/sunu-skirnes\/kuvass\/#breadcrumb","itemListElement":[{"@type":"ListItem","position":1,"name":"S\u0101kums","item":"https:\/\/www.whisker.lv\/"},{"@type":"ListItem","position":2,"name":"Su\u0146u \u0161\u0137irnes","item":"https:\/\/www.whisker.lv\/sunu-skirnes\/"},{"@type":"ListItem","position":3,"name":"Kuvass"}]},{"@type":"WebSite","@id":"https:\/\/www.whisker.lv\/#website","url":"https:\/\/www.whisker.lv\/","name":"Whisker","description":"Tavs pal\u012bgs m\u0101jdzivnieku pieskat\u012b\u0161an\u0101","potentialAction":[{"@type":"SearchAction","target":{"@type":"EntryPoint","urlTemplate":"https:\/\/www.whisker.lv\/?s={search_term_string}"},"query-input":"required name=search_term_string"}],"inLanguage":"en-US"}]}},"_links":{"self":[{"href":"https:\/\/www.whisker.lv\/en\/wp-json\/wp\/v2\/pages\/9428"}],"collection":[{"href":"https:\/\/www.whisker.lv\/en\/wp-json\/wp\/v2\/pages"}],"about":[{"href":"https:\/\/www.whisker.lv\/en\/wp-json\/wp\/v2\/types\/page"}],"author":[{"embeddable":true,"href":"https:\/\/www.whisker.lv\/en\/wp-json\/wp\/v2\/users\/1"}],"replies":[{"embeddable":true,"href":"https:\/\/www.whisker.lv\/en\/wp-json\/wp\/v2\/comments?post=9428"}],"version-history":[{"count":5,"href":"https:\/\/www.whisker.lv\/en\/wp-json\/wp\/v2\/pages\/9428\/revisions"}],"predecessor-version":[{"id":11184,"href":"https:\/\/www.whisker.lv\/en\/wp-json\/wp\/v2\/pages\/9428\/revisions\/11184"}],"up":[{"embeddable":true,"href":"https:\/\/www.whisker.lv\/en\/wp-json\/wp\/v2\/pages\/8016"}],"wp:attachment":[{"href":"https:\/\/www.whisker.lv\/en\/wp-json\/wp\/v2\/media?parent=9428"}],"curies":[{"name":"wp","href":"https:\/\/api.w.org\/{rel}","templated":true}]}}