



{"id":9443,"date":"2019-03-15T03:20:23","date_gmt":"2019-03-15T01:20:23","guid":{"rendered":"https:\/\/www.whisker.lv\/?page_id=9443"},"modified":"2019-04-03T22:52:48","modified_gmt":"2019-04-03T20:52:48","slug":"komondors","status":"publish","type":"page","link":"https:\/\/www.whisker.lv\/en\/sunu-skirnes\/komondors\/","title":{"rendered":"Komondors"},"content":{"rendered":"[vc_row][vc_column][vc_text_separator title=&#8221;Komondors&#8221; border_width=&#8221;8&#8243;][\/vc_column][\/vc_row][vc_row][vc_column width=&#8221;1\/2&#8243;][vc_single_image image=&#8221;8161&#8243; img_size=&#8221;large&#8221; alignment=&#8221;center&#8221; style=&#8221;vc_box_rounded&#8221;][\/vc_column][vc_column width=&#8221;1\/2&#8243;][vc_column_text]<span style=\"color: #000000;\"><strong>Dzimtene:<\/strong> Ung\u0101rija<\/span><\/p>\n<p><span style=\"color: #000000;\"><strong>Funkcija:<\/strong> aitu suns<\/span><\/p>\n<p><span style=\"color: #000000;\"><strong>Izcel\u0161an\u0101s:<\/strong> ap 800. g.<\/span><\/p>\n<p><span style=\"color: #000000;\"><strong>Skausta augstums:<\/strong> 66-81 cm<\/span><\/p>\n<p><span style=\"color: #000000;\"><strong>Masa:<\/strong> 36-61 kg<\/span><\/p>\n<p><span style=\"color: #000000;\"><strong>Raksturs:<\/strong> v\u0113r\u012bgs, uzticams<\/span><\/p>\n<p><span style=\"color: #000000;\"><strong>Dz\u012bves ilgums:<\/strong> 10-12 gadi<\/span>[\/vc_column_text][\/vc_column][\/vc_row][vc_row][vc_column][vc_column_text]<span style=\"color: #000000;\">Komandoru viegli atpaz\u012bt p\u0113c savdab\u012bg\u0101 aukli\u0146\u0101s sav\u012bt\u0101 apmatojuma, kas sniedzas l\u012bdz pat zemei. Eksterjera galvenaj\u0101s poz\u012bcij\u0101s \u0161\u0137irne l\u012bdz\u012bga ung\u0101ru puli, lai gan komandori ir liel\u0101ki un drukn\u0101ki.<\/span><\/p>\n<p><span style=\"color: #000000;\"><strong>V\u0113sture.<\/strong>\u00a0Komandoru eksterjers ir lieliski piem\u0113rots lopu, sevi\u0161\u0137i aitu gan\u0101mpulka uzraudz\u012b\u0161anai. Vi\u0146\u0161 viegli iej\u016bk aitu bar\u0101 un tad negaid\u012bti uzbr\u016bk pl\u0113s\u0113jam. \u0160\u0137irnes nosaukums c\u0113lies no v\u0101rdu savienojuma <em>komandor kevdu<\/em>, kas tulkojum\u0101 noz\u012bm\u0113 \u201cdr\u016bms\u201d vai \u201cdusm\u012bgs\u201d.<\/span><\/p>\n<p><span style=\"color: #000000;\"><strong>Piez\u012bme.<\/strong> Ka\u017eoks nav j\u0101\u0137emm\u0113 vai j\u0101suk\u0101, bet gan j\u0101sadala pa \u201caukl\u0101m\u201d un katra \u201caukla\u201d atbilsto\u0161i j\u0101trimm\u0113.<\/span>[\/vc_column_text][\/vc_column][\/vc_row]\n","protected":false},"excerpt":{"rendered":"<p>[vc_row][vc_column][vc_text_separator title=&#8221;Komondors&#8221; border_width=&#8221;8&#8243;][\/vc_column][\/vc_row][vc_row][vc_column width=&#8221;1\/2&#8243;][vc_single_image image=&#8221;8161&#8243; img_size=&#8221;large&#8221; alignment=&#8221;center&#8221; style=&#8221;vc_box_rounded&#8221;][\/vc_column][vc_column width=&#8221;1\/2&#8243;][vc_column_text]Dzimtene: Ung\u0101rija Funkcija: aitu suns Izcel\u0161an\u0101s: ap 800. g. Skausta augstums: 66-81 cm Masa: 36-61 kg Raksturs: v\u0113r\u012bgs, uzticams Dz\u012bves ilgums: 10-12 gadi[\/vc_column_text][\/vc_column][\/vc_row][vc_row][vc_column][vc_column_text]Komandoru viegli atpaz\u012bt p\u0113c savdab\u012bg\u0101 aukli\u0146\u0101s sav\u012bt\u0101 apmatojuma, kas sniedzas l\u012bdz pat zemei. Eksterjera galvenaj\u0101s poz\u012bcij\u0101s \u0161\u0137irne l\u012bdz\u012bga ung\u0101ru puli, lai gan komandori ir liel\u0101ki [&hellip;]<\/p>\n","protected":false},"author":1,"featured_media":0,"parent":8016,"menu_order":0,"comment_status":"closed","ping_status":"closed","template":"page-fullwidth.php","meta":{"_acf_changed":false,"_glsr_average":0,"_glsr_ranking":0,"_glsr_reviews":0,"footnotes":""},"translation":{"provider":"WPGlobus","version":"2.12.2","language":"en","enabled_languages":["lv","en","ru"],"languages":{"lv":{"title":true,"content":true,"excerpt":false},"en":{"title":false,"content":false,"excerpt":false},"ru":{"title":false,"content":false,"excerpt":false}}},"acf":[],"yoast_head":"<!-- This site is optimized with the Yoast SEO plugin v22.5 - https:\/\/yoast.com\/wordpress\/plugins\/seo\/ -->\n<title>Komondors - Whisker.lv | Su\u0146u \u0161\u0137irnes - Komandors<\/title>\n<meta name=\"robots\" content=\"index, follow, max-snippet:-1, max-image-preview:large, max-video-preview:-1\" \/>\n<link rel=\"canonical\" href=\"https:\/\/www.whisker.lv\/sunu-skirnes\/komondors\/\" \/>\n<meta property=\"og:locale\" content=\"en_US\" \/>\n<meta property=\"og:type\" content=\"article\" \/>\n<meta property=\"og:title\" content=\"Komondors - Whisker\" \/>\n<meta property=\"og:url\" content=\"https:\/\/www.whisker.lv\/sunu-skirnes\/komondors\/\" \/>\n<meta property=\"og:site_name\" content=\"Whisker\" \/>\n<meta property=\"article:publisher\" content=\"https:\/\/www.facebook.com\/whisker.lv\/\" \/>\n<meta property=\"article:modified_time\" content=\"2019-04-03T20:52:48+00:00\" \/>\n<meta name=\"twitter:card\" content=\"summary_large_image\" \/>\n<meta name=\"twitter:label1\" content=\"Est. reading time\" \/>\n\t<meta name=\"twitter:data1\" content=\"1 minute\" \/>\n<script type=\"application\/ld+json\" class=\"yoast-schema-graph\">{\"@context\":\"https:\/\/schema.org\",\"@graph\":[{\"@type\":\"WebPage\",\"@id\":\"https:\/\/www.whisker.lv\/sunu-skirnes\/komondors\/\",\"url\":\"https:\/\/www.whisker.lv\/sunu-skirnes\/komondors\/\",\"name\":\"Komondors - Whisker.lv | Su\u0146u \u0161\u0137irnes - Komandors\",\"isPartOf\":{\"@id\":\"https:\/\/www.whisker.lv\/#website\"},\"datePublished\":\"2019-03-15T01:20:23+00:00\",\"dateModified\":\"2019-04-03T20:52:48+00:00\",\"description\":\"Komandors - viegli atpaz\u012bt p\u0113c savdab\u012bg\u0101 aukli\u0146as sav\u012bt\u0101 apmatojuma,kas sniedzas l\u012bdz pat zemei. Eksterjera galvenaj\u0101s poz\u012bcij\u0101s \u0161\u0137irne l\u012bdz\u012bga ung\u0101ru puli.\",\"breadcrumb\":{\"@id\":\"https:\/\/www.whisker.lv\/sunu-skirnes\/komondors\/#breadcrumb\"},\"inLanguage\":\"en-US\",\"potentialAction\":[{\"@type\":\"ReadAction\",\"target\":[\"https:\/\/www.whisker.lv\/sunu-skirnes\/komondors\/\"]}]},{\"@type\":\"BreadcrumbList\",\"@id\":\"https:\/\/www.whisker.lv\/sunu-skirnes\/komondors\/#breadcrumb\",\"itemListElement\":[{\"@type\":\"ListItem\",\"position\":1,\"name\":\"S\u0101kums\",\"item\":\"https:\/\/www.whisker.lv\/\"},{\"@type\":\"ListItem\",\"position\":2,\"name\":\"Su\u0146u \u0161\u0137irnes\",\"item\":\"https:\/\/www.whisker.lv\/sunu-skirnes\/\"},{\"@type\":\"ListItem\",\"position\":3,\"name\":\"Komondors\"}]},{\"@type\":\"WebSite\",\"@id\":\"https:\/\/www.whisker.lv\/#website\",\"url\":\"https:\/\/www.whisker.lv\/\",\"name\":\"Whisker\",\"description\":\"Tavs pal\u012bgs m\u0101jdzivnieku pieskat\u012b\u0161an\u0101\",\"potentialAction\":[{\"@type\":\"SearchAction\",\"target\":{\"@type\":\"EntryPoint\",\"urlTemplate\":\"https:\/\/www.whisker.lv\/?s={search_term_string}\"},\"query-input\":\"required name=search_term_string\"}],\"inLanguage\":\"en-US\"}]}<\/script>\n<!-- \/ Yoast SEO plugin. -->","yoast_head_json":{"title":"Komondors - Whisker.lv | Su\u0146u \u0161\u0137irnes - Komandors","robots":{"index":"index","follow":"follow","max-snippet":"max-snippet:-1","max-image-preview":"max-image-preview:large","max-video-preview":"max-video-preview:-1"},"canonical":"https:\/\/www.whisker.lv\/sunu-skirnes\/komondors\/","og_locale":"en_US","og_type":"article","og_title":"Komondors - Whisker","og_url":"https:\/\/www.whisker.lv\/sunu-skirnes\/komondors\/","og_site_name":"Whisker","article_publisher":"https:\/\/www.facebook.com\/whisker.lv\/","article_modified_time":"2019-04-03T20:52:48+00:00","twitter_card":"summary_large_image","twitter_misc":{"Est. reading time":"1 minute"},"schema":{"@context":"https:\/\/schema.org","@graph":[{"@type":"WebPage","@id":"https:\/\/www.whisker.lv\/sunu-skirnes\/komondors\/","url":"https:\/\/www.whisker.lv\/sunu-skirnes\/komondors\/","name":"Komondors - Whisker.lv | Su\u0146u \u0161\u0137irnes - Komandors","isPartOf":{"@id":"https:\/\/www.whisker.lv\/#website"},"datePublished":"2019-03-15T01:20:23+00:00","dateModified":"2019-04-03T20:52:48+00:00","description":"Komandors - viegli atpaz\u012bt p\u0113c savdab\u012bg\u0101 aukli\u0146as sav\u012bt\u0101 apmatojuma,kas sniedzas l\u012bdz pat zemei. Eksterjera galvenaj\u0101s poz\u012bcij\u0101s \u0161\u0137irne l\u012bdz\u012bga ung\u0101ru puli.","breadcrumb":{"@id":"https:\/\/www.whisker.lv\/sunu-skirnes\/komondors\/#breadcrumb"},"inLanguage":"en-US","potentialAction":[{"@type":"ReadAction","target":["https:\/\/www.whisker.lv\/sunu-skirnes\/komondors\/"]}]},{"@type":"BreadcrumbList","@id":"https:\/\/www.whisker.lv\/sunu-skirnes\/komondors\/#breadcrumb","itemListElement":[{"@type":"ListItem","position":1,"name":"S\u0101kums","item":"https:\/\/www.whisker.lv\/"},{"@type":"ListItem","position":2,"name":"Su\u0146u \u0161\u0137irnes","item":"https:\/\/www.whisker.lv\/sunu-skirnes\/"},{"@type":"ListItem","position":3,"name":"Komondors"}]},{"@type":"WebSite","@id":"https:\/\/www.whisker.lv\/#website","url":"https:\/\/www.whisker.lv\/","name":"Whisker","description":"Tavs pal\u012bgs m\u0101jdzivnieku pieskat\u012b\u0161an\u0101","potentialAction":[{"@type":"SearchAction","target":{"@type":"EntryPoint","urlTemplate":"https:\/\/www.whisker.lv\/?s={search_term_string}"},"query-input":"required name=search_term_string"}],"inLanguage":"en-US"}]}},"_links":{"self":[{"href":"https:\/\/www.whisker.lv\/en\/wp-json\/wp\/v2\/pages\/9443"}],"collection":[{"href":"https:\/\/www.whisker.lv\/en\/wp-json\/wp\/v2\/pages"}],"about":[{"href":"https:\/\/www.whisker.lv\/en\/wp-json\/wp\/v2\/types\/page"}],"author":[{"embeddable":true,"href":"https:\/\/www.whisker.lv\/en\/wp-json\/wp\/v2\/users\/1"}],"replies":[{"embeddable":true,"href":"https:\/\/www.whisker.lv\/en\/wp-json\/wp\/v2\/comments?post=9443"}],"version-history":[{"count":6,"href":"https:\/\/www.whisker.lv\/en\/wp-json\/wp\/v2\/pages\/9443\/revisions"}],"predecessor-version":[{"id":11180,"href":"https:\/\/www.whisker.lv\/en\/wp-json\/wp\/v2\/pages\/9443\/revisions\/11180"}],"up":[{"embeddable":true,"href":"https:\/\/www.whisker.lv\/en\/wp-json\/wp\/v2\/pages\/8016"}],"wp:attachment":[{"href":"https:\/\/www.whisker.lv\/en\/wp-json\/wp\/v2\/media?parent=9443"}],"curies":[{"name":"wp","href":"https:\/\/api.w.org\/{rel}","templated":true}]}}