



{"id":9457,"date":"2019-03-15T03:37:30","date_gmt":"2019-03-15T01:37:30","guid":{"rendered":"https:\/\/www.whisker.lv\/?page_id=9457"},"modified":"2019-04-03T22:50:48","modified_gmt":"2019-04-03T20:50:48","slug":"kinga-carlza-spaniels","status":"publish","type":"page","link":"https:\/\/www.whisker.lv\/en\/sunu-skirnes\/kinga-carlza-spaniels\/","title":{"rendered":"Kinga \u010c\u0101rlza spaniels"},"content":{"rendered":"[vc_row][vc_column][vc_text_separator title=&#8221;Kinga \u010c\u0101rlza spaniels&#8221; border_width=&#8221;8&#8243;][\/vc_column][\/vc_row][vc_row][vc_column width=&#8221;1\/2&#8243;][vc_single_image image=&#8221;9459&#8243; img_size=&#8221;full&#8221; alignment=&#8221;center&#8221; style=&#8221;vc_box_rounded&#8221;][\/vc_column][vc_column width=&#8221;1\/2&#8243;][vc_column_text]<span style=\"color: #000000;\"><strong>Dzimtene:<\/strong> Lielbrit\u0101nija<\/span><\/p>\n<p><span style=\"color: #000000;\"><strong>Funkcija:<\/strong> dekorat\u012bvais suns<\/span><\/p>\n<p><span style=\"color: #000000;\"><strong>Izcel\u0161an\u0101s:<\/strong> ap 1600. g.<\/span><\/p>\n<p><span style=\"color: #000000;\"><strong>Skausta augstums<\/strong>: 25-27 cm<\/span><\/p>\n<p><span style=\"color: #000000;\"><strong>Masa:<\/strong> 4-6 kg<\/span><\/p>\n<p><span style=\"color: #000000;\"><strong>Raksturs:<\/strong> draudz\u012bgs, pak\u013c\u0101v\u012bgs<\/span><\/p>\n<p><span style=\"color: #000000;\"><strong>Dz\u012bves ilgums:<\/strong> 10-12 gadi<\/span>[\/vc_column_text][\/vc_column][\/vc_row][vc_row][vc_column][vc_column_text]<span style=\"color: #000000;\">\u0160\u012bs s\u0137irnes su\u0146iem rakstur\u012bgs kupolveida galvaskauss. Jau gadsimtiem ilgi mazais sun\u012bts ar jauko raksturu bijis iecien\u012bts \u0123imenes m\u012blulis. \u0160\u0137iet, ka vi\u0146a liel\u0101s, tum\u0161\u0101s acis vienm\u0113r pau\u017e l\u016bgumu.<\/span><\/p>\n<p><span style=\"color: #000000;\"><strong>V\u0113sture.<\/strong> \u0160o piem\u012bl\u012bgo suni iem\u012b\u013coja karalis \u010c\u0101rlzs II, kur\u0161 vald\u012bja no 1630. l\u012bdz 1635. gadam. Vi\u0146\u0161 savus su\u0146us regul\u0101ri dres\u0113ja Sv. D\u017eeimsa park\u0101 London\u0101.<\/span><\/p>\n<p><span style=\"color: #000000;\"><strong>Otrs nosaukums.<\/strong> Ang\u013cu toispaniels.<\/span>[\/vc_column_text][\/vc_column][\/vc_row]\n","protected":false},"excerpt":{"rendered":"<p>[vc_row][vc_column][vc_text_separator title=&#8221;Kinga \u010c\u0101rlza spaniels&#8221; border_width=&#8221;8&#8243;][\/vc_column][\/vc_row][vc_row][vc_column width=&#8221;1\/2&#8243;][vc_single_image image=&#8221;9459&#8243; img_size=&#8221;full&#8221; alignment=&#8221;center&#8221; style=&#8221;vc_box_rounded&#8221;][\/vc_column][vc_column width=&#8221;1\/2&#8243;][vc_column_text]Dzimtene: Lielbrit\u0101nija Funkcija: dekorat\u012bvais suns Izcel\u0161an\u0101s: ap 1600. g. Skausta augstums: 25-27 cm Masa: 4-6 kg Raksturs: draudz\u012bgs, pak\u013c\u0101v\u012bgs Dz\u012bves ilgums: 10-12 gadi[\/vc_column_text][\/vc_column][\/vc_row][vc_row][vc_column][vc_column_text]\u0160\u012bs s\u0137irnes su\u0146iem rakstur\u012bgs kupolveida galvaskauss. Jau gadsimtiem ilgi mazais sun\u012bts ar jauko raksturu bijis iecien\u012bts \u0123imenes m\u012blulis. \u0160\u0137iet, ka vi\u0146a liel\u0101s, tum\u0161\u0101s [&hellip;]<\/p>\n","protected":false},"author":1,"featured_media":0,"parent":8016,"menu_order":0,"comment_status":"closed","ping_status":"closed","template":"page-fullwidth.php","meta":{"_acf_changed":false,"_glsr_average":0,"_glsr_ranking":0,"_glsr_reviews":0,"footnotes":""},"translation":{"provider":"WPGlobus","version":"2.12.2","language":"en","enabled_languages":["lv","en","ru"],"languages":{"lv":{"title":true,"content":true,"excerpt":false},"en":{"title":false,"content":false,"excerpt":false},"ru":{"title":false,"content":false,"excerpt":false}}},"acf":[],"yoast_head":"<!-- This site is optimized with the Yoast SEO plugin v22.5 - https:\/\/yoast.com\/wordpress\/plugins\/seo\/ -->\n<title>Kinga \u010c\u0101rlza spaniels - Whisker.lv | Su\u0146u s\u0137irnes - Kinga \u010c\u0101rlza spaniels<\/title>\n<meta name=\"robots\" content=\"index, follow, max-snippet:-1, max-image-preview:large, max-video-preview:-1\" \/>\n<link rel=\"canonical\" href=\"https:\/\/www.whisker.lv\/sunu-skirnes\/kinga-carlza-spaniels\/\" \/>\n<meta property=\"og:locale\" content=\"en_US\" \/>\n<meta property=\"og:type\" content=\"article\" \/>\n<meta property=\"og:title\" content=\"Kinga \u010c\u0101rlza spaniels - Whisker\" \/>\n<meta property=\"og:url\" content=\"https:\/\/www.whisker.lv\/sunu-skirnes\/kinga-carlza-spaniels\/\" \/>\n<meta property=\"og:site_name\" content=\"Whisker\" \/>\n<meta property=\"article:publisher\" content=\"https:\/\/www.facebook.com\/whisker.lv\/\" \/>\n<meta property=\"article:modified_time\" content=\"2019-04-03T20:50:48+00:00\" \/>\n<meta name=\"twitter:card\" content=\"summary_large_image\" \/>\n<meta name=\"twitter:label1\" content=\"Est. reading time\" \/>\n\t<meta name=\"twitter:data1\" content=\"1 minute\" \/>\n<script type=\"application\/ld+json\" class=\"yoast-schema-graph\">{\"@context\":\"https:\/\/schema.org\",\"@graph\":[{\"@type\":\"WebPage\",\"@id\":\"https:\/\/www.whisker.lv\/sunu-skirnes\/kinga-carlza-spaniels\/\",\"url\":\"https:\/\/www.whisker.lv\/sunu-skirnes\/kinga-carlza-spaniels\/\",\"name\":\"Kinga \u010c\u0101rlza spaniels - Whisker.lv | Su\u0146u s\u0137irnes - Kinga \u010c\u0101rlza spaniels\",\"isPartOf\":{\"@id\":\"https:\/\/www.whisker.lv\/#website\"},\"datePublished\":\"2019-03-15T01:37:30+00:00\",\"dateModified\":\"2019-04-03T20:50:48+00:00\",\"description\":\"Kinga \u010c\u0101rlza spaniels jau gadsimtiem ilgi bijis iecien\u012bts \u0123imenes m\u012blulis. \u0160\u0137iet, ka vi\u0146a liel\u0101s, tum\u0161\u0101s acis vienm\u0113r pau\u017e l\u016bgumu.\",\"breadcrumb\":{\"@id\":\"https:\/\/www.whisker.lv\/sunu-skirnes\/kinga-carlza-spaniels\/#breadcrumb\"},\"inLanguage\":\"en-US\",\"potentialAction\":[{\"@type\":\"ReadAction\",\"target\":[\"https:\/\/www.whisker.lv\/sunu-skirnes\/kinga-carlza-spaniels\/\"]}]},{\"@type\":\"BreadcrumbList\",\"@id\":\"https:\/\/www.whisker.lv\/sunu-skirnes\/kinga-carlza-spaniels\/#breadcrumb\",\"itemListElement\":[{\"@type\":\"ListItem\",\"position\":1,\"name\":\"S\u0101kums\",\"item\":\"https:\/\/www.whisker.lv\/\"},{\"@type\":\"ListItem\",\"position\":2,\"name\":\"Su\u0146u \u0161\u0137irnes\",\"item\":\"https:\/\/www.whisker.lv\/sunu-skirnes\/\"},{\"@type\":\"ListItem\",\"position\":3,\"name\":\"Kinga \u010c\u0101rlza spaniels\"}]},{\"@type\":\"WebSite\",\"@id\":\"https:\/\/www.whisker.lv\/#website\",\"url\":\"https:\/\/www.whisker.lv\/\",\"name\":\"Whisker\",\"description\":\"Tavs pal\u012bgs m\u0101jdzivnieku pieskat\u012b\u0161an\u0101\",\"potentialAction\":[{\"@type\":\"SearchAction\",\"target\":{\"@type\":\"EntryPoint\",\"urlTemplate\":\"https:\/\/www.whisker.lv\/?s={search_term_string}\"},\"query-input\":\"required name=search_term_string\"}],\"inLanguage\":\"en-US\"}]}<\/script>\n<!-- \/ Yoast SEO plugin. -->","yoast_head_json":{"title":"Kinga \u010c\u0101rlza spaniels - Whisker.lv | Su\u0146u s\u0137irnes - Kinga \u010c\u0101rlza spaniels","robots":{"index":"index","follow":"follow","max-snippet":"max-snippet:-1","max-image-preview":"max-image-preview:large","max-video-preview":"max-video-preview:-1"},"canonical":"https:\/\/www.whisker.lv\/sunu-skirnes\/kinga-carlza-spaniels\/","og_locale":"en_US","og_type":"article","og_title":"Kinga \u010c\u0101rlza spaniels - Whisker","og_url":"https:\/\/www.whisker.lv\/sunu-skirnes\/kinga-carlza-spaniels\/","og_site_name":"Whisker","article_publisher":"https:\/\/www.facebook.com\/whisker.lv\/","article_modified_time":"2019-04-03T20:50:48+00:00","twitter_card":"summary_large_image","twitter_misc":{"Est. reading time":"1 minute"},"schema":{"@context":"https:\/\/schema.org","@graph":[{"@type":"WebPage","@id":"https:\/\/www.whisker.lv\/sunu-skirnes\/kinga-carlza-spaniels\/","url":"https:\/\/www.whisker.lv\/sunu-skirnes\/kinga-carlza-spaniels\/","name":"Kinga \u010c\u0101rlza spaniels - Whisker.lv | Su\u0146u s\u0137irnes - Kinga \u010c\u0101rlza spaniels","isPartOf":{"@id":"https:\/\/www.whisker.lv\/#website"},"datePublished":"2019-03-15T01:37:30+00:00","dateModified":"2019-04-03T20:50:48+00:00","description":"Kinga \u010c\u0101rlza spaniels jau gadsimtiem ilgi bijis iecien\u012bts \u0123imenes m\u012blulis. \u0160\u0137iet, ka vi\u0146a liel\u0101s, tum\u0161\u0101s acis vienm\u0113r pau\u017e l\u016bgumu.","breadcrumb":{"@id":"https:\/\/www.whisker.lv\/sunu-skirnes\/kinga-carlza-spaniels\/#breadcrumb"},"inLanguage":"en-US","potentialAction":[{"@type":"ReadAction","target":["https:\/\/www.whisker.lv\/sunu-skirnes\/kinga-carlza-spaniels\/"]}]},{"@type":"BreadcrumbList","@id":"https:\/\/www.whisker.lv\/sunu-skirnes\/kinga-carlza-spaniels\/#breadcrumb","itemListElement":[{"@type":"ListItem","position":1,"name":"S\u0101kums","item":"https:\/\/www.whisker.lv\/"},{"@type":"ListItem","position":2,"name":"Su\u0146u \u0161\u0137irnes","item":"https:\/\/www.whisker.lv\/sunu-skirnes\/"},{"@type":"ListItem","position":3,"name":"Kinga \u010c\u0101rlza spaniels"}]},{"@type":"WebSite","@id":"https:\/\/www.whisker.lv\/#website","url":"https:\/\/www.whisker.lv\/","name":"Whisker","description":"Tavs pal\u012bgs m\u0101jdzivnieku pieskat\u012b\u0161an\u0101","potentialAction":[{"@type":"SearchAction","target":{"@type":"EntryPoint","urlTemplate":"https:\/\/www.whisker.lv\/?s={search_term_string}"},"query-input":"required name=search_term_string"}],"inLanguage":"en-US"}]}},"_links":{"self":[{"href":"https:\/\/www.whisker.lv\/en\/wp-json\/wp\/v2\/pages\/9457"}],"collection":[{"href":"https:\/\/www.whisker.lv\/en\/wp-json\/wp\/v2\/pages"}],"about":[{"href":"https:\/\/www.whisker.lv\/en\/wp-json\/wp\/v2\/types\/page"}],"author":[{"embeddable":true,"href":"https:\/\/www.whisker.lv\/en\/wp-json\/wp\/v2\/users\/1"}],"replies":[{"embeddable":true,"href":"https:\/\/www.whisker.lv\/en\/wp-json\/wp\/v2\/comments?post=9457"}],"version-history":[{"count":4,"href":"https:\/\/www.whisker.lv\/en\/wp-json\/wp\/v2\/pages\/9457\/revisions"}],"predecessor-version":[{"id":11178,"href":"https:\/\/www.whisker.lv\/en\/wp-json\/wp\/v2\/pages\/9457\/revisions\/11178"}],"up":[{"embeddable":true,"href":"https:\/\/www.whisker.lv\/en\/wp-json\/wp\/v2\/pages\/8016"}],"wp:attachment":[{"href":"https:\/\/www.whisker.lv\/en\/wp-json\/wp\/v2\/media?parent=9457"}],"curies":[{"name":"wp","href":"https:\/\/api.w.org\/{rel}","templated":true}]}}