



{"id":9462,"date":"2019-03-15T03:42:05","date_gmt":"2019-03-15T01:42:05","guid":{"rendered":"https:\/\/www.whisker.lv\/?page_id=9462"},"modified":"2019-04-03T22:50:16","modified_gmt":"2019-04-03T20:50:16","slug":"keri-zilais-terjers","status":"publish","type":"page","link":"https:\/\/www.whisker.lv\/en\/sunu-skirnes\/keri-zilais-terjers\/","title":{"rendered":"Keri zilais terjers"},"content":{"rendered":"[vc_row][vc_column][vc_text_separator title=&#8221;Keri zilais terjers &#8221; border_width=&#8221;8&#8243;][\/vc_column][\/vc_row][vc_row][vc_column width=&#8221;1\/2&#8243;][vc_single_image image=&#8221;9464&#8243; img_size=&#8221;full&#8221; alignment=&#8221;center&#8221; style=&#8221;vc_box_rounded&#8221;][\/vc_column][vc_column width=&#8221;1\/2&#8243;][vc_column_text]<span style=\"color: #000000;\"><strong>Dzimtene:<\/strong> \u012arija<\/span><\/p>\n<p><span style=\"color: #000000;\"><strong>Funkcija:<\/strong> pe\u013cu un \u017eurku \u0137\u0113r\u0101js<\/span><\/p>\n<p><span style=\"color: #000000;\"><strong>Izcel\u0161an\u0101s:<\/strong> ap 1800. g.<\/span><\/p>\n<p><span style=\"color: #000000;\"><strong>Skausta augstums:<\/strong> 46-48 cm<\/span><\/p>\n<p><span style=\"color: #000000;\"><strong>Masa:<\/strong> 15-17 kg<\/span><\/p>\n<p><span style=\"color: #000000;\"><strong>Raksturs:<\/strong> l\u012bdzsvarots, draudz\u012bgs<\/span><\/p>\n<p><span style=\"color: #000000;\"><strong>Dz\u012bves ilgums:<\/strong> 12-15 gadi<\/span>[\/vc_column_text][\/vc_column][\/vc_row][vc_row][vc_column][vc_column_text]<span style=\"color: #000000;\">Keri zilo terjeru \u0161\u0137irnes kuc\u0113ni piedzimstot ir melni, t\u0101d\u0113j\u0101di vi\u0146i stipri at\u0161\u0137iras no pieaugu\u0161ajiem su\u0146iem. \u0160iem terjeriem rakstur\u012bgo zilo nokr\u0101su kuc\u0113na ka\u017eoks ieg\u016bst tikai p\u0113c 18 m\u0113ne\u0161iem. Ta\u010du pieaugu\u0161iem su\u0146iem ar\u012b viet\u0101m ir tum\u0161s apmatojums.<\/span><\/p>\n<p><span style=\"color: #000000;\"><strong>V\u0113sture.<\/strong> \u0160\u0137irnes dzimtene ir Keri gr\u0101fiste \u012arijas dienvidrietumos. \u0160\u0137irne veidota, krustojot Velsas, Bedlingtonas un kvie\u0161u kr\u0101sas terjerus.<\/span><\/p>\n<p><span style=\"color: #000000;\"><strong>Piez\u012bme.<\/strong> Apmatojumam nepiecie\u0161ama r\u016bp\u012bga ikdienas kop\u0161ana.<\/span>[\/vc_column_text][\/vc_column][\/vc_row]\n","protected":false},"excerpt":{"rendered":"<p>[vc_row][vc_column][vc_text_separator title=&#8221;Keri zilais terjers &#8221; border_width=&#8221;8&#8243;][\/vc_column][\/vc_row][vc_row][vc_column width=&#8221;1\/2&#8243;][vc_single_image image=&#8221;9464&#8243; img_size=&#8221;full&#8221; alignment=&#8221;center&#8221; style=&#8221;vc_box_rounded&#8221;][\/vc_column][vc_column width=&#8221;1\/2&#8243;][vc_column_text]Dzimtene: \u012arija Funkcija: pe\u013cu un \u017eurku \u0137\u0113r\u0101js Izcel\u0161an\u0101s: ap 1800. g. Skausta augstums: 46-48 cm Masa: 15-17 kg Raksturs: l\u012bdzsvarots, draudz\u012bgs Dz\u012bves ilgums: 12-15 gadi[\/vc_column_text][\/vc_column][\/vc_row][vc_row][vc_column][vc_column_text]Keri zilo terjeru \u0161\u0137irnes kuc\u0113ni piedzimstot ir melni, t\u0101d\u0113j\u0101di vi\u0146i stipri at\u0161\u0137iras no pieaugu\u0161ajiem su\u0146iem. \u0160iem terjeriem rakstur\u012bgo zilo nokr\u0101su [&hellip;]<\/p>\n","protected":false},"author":1,"featured_media":0,"parent":8016,"menu_order":0,"comment_status":"closed","ping_status":"closed","template":"page-fullwidth.php","meta":{"_acf_changed":false,"_glsr_average":0,"_glsr_ranking":0,"_glsr_reviews":0,"footnotes":""},"translation":{"provider":"WPGlobus","version":"2.12.2","language":"en","enabled_languages":["lv","en","ru"],"languages":{"lv":{"title":true,"content":true,"excerpt":false},"en":{"title":false,"content":false,"excerpt":false},"ru":{"title":false,"content":false,"excerpt":false}}},"acf":[],"yoast_head":"<!-- This site is optimized with the Yoast SEO plugin v22.5 - https:\/\/yoast.com\/wordpress\/plugins\/seo\/ -->\n<title>Keri zilais terjers - Whisker.lv | Su\u0146u \u0161\u0137irnes - Keri zilais terjers<\/title>\n<meta name=\"robots\" content=\"index, follow, max-snippet:-1, max-image-preview:large, max-video-preview:-1\" \/>\n<link rel=\"canonical\" href=\"https:\/\/www.whisker.lv\/sunu-skirnes\/keri-zilais-terjers\/\" \/>\n<meta property=\"og:locale\" content=\"en_US\" \/>\n<meta property=\"og:type\" content=\"article\" \/>\n<meta property=\"og:title\" content=\"Keri zilais terjers - Whisker\" \/>\n<meta property=\"og:url\" content=\"https:\/\/www.whisker.lv\/sunu-skirnes\/keri-zilais-terjers\/\" \/>\n<meta property=\"og:site_name\" content=\"Whisker\" \/>\n<meta property=\"article:publisher\" content=\"https:\/\/www.facebook.com\/whisker.lv\/\" \/>\n<meta property=\"article:modified_time\" content=\"2019-04-03T20:50:16+00:00\" \/>\n<meta name=\"twitter:card\" content=\"summary_large_image\" \/>\n<meta name=\"twitter:label1\" content=\"Est. reading time\" \/>\n\t<meta name=\"twitter:data1\" content=\"1 minute\" \/>\n<script type=\"application\/ld+json\" class=\"yoast-schema-graph\">{\"@context\":\"https:\/\/schema.org\",\"@graph\":[{\"@type\":\"WebPage\",\"@id\":\"https:\/\/www.whisker.lv\/sunu-skirnes\/keri-zilais-terjers\/\",\"url\":\"https:\/\/www.whisker.lv\/sunu-skirnes\/keri-zilais-terjers\/\",\"name\":\"Keri zilais terjers - Whisker.lv | Su\u0146u \u0161\u0137irnes - Keri zilais terjers\",\"isPartOf\":{\"@id\":\"https:\/\/www.whisker.lv\/#website\"},\"datePublished\":\"2019-03-15T01:42:05+00:00\",\"dateModified\":\"2019-04-03T20:50:16+00:00\",\"description\":\"Keri zilais terjers - \u0161\u0137irnes kuc\u0113ni piedzimstot ir melni. \u0160iem terjeriem rakstur\u012bgo zilo nokr\u0101su kuc\u0113na ka\u017eoks ieg\u016bst tikai p\u0113c 18 m\u0113ne\u0161iem.\",\"breadcrumb\":{\"@id\":\"https:\/\/www.whisker.lv\/sunu-skirnes\/keri-zilais-terjers\/#breadcrumb\"},\"inLanguage\":\"en-US\",\"potentialAction\":[{\"@type\":\"ReadAction\",\"target\":[\"https:\/\/www.whisker.lv\/sunu-skirnes\/keri-zilais-terjers\/\"]}]},{\"@type\":\"BreadcrumbList\",\"@id\":\"https:\/\/www.whisker.lv\/sunu-skirnes\/keri-zilais-terjers\/#breadcrumb\",\"itemListElement\":[{\"@type\":\"ListItem\",\"position\":1,\"name\":\"S\u0101kums\",\"item\":\"https:\/\/www.whisker.lv\/\"},{\"@type\":\"ListItem\",\"position\":2,\"name\":\"Su\u0146u \u0161\u0137irnes\",\"item\":\"https:\/\/www.whisker.lv\/sunu-skirnes\/\"},{\"@type\":\"ListItem\",\"position\":3,\"name\":\"Keri zilais terjers\"}]},{\"@type\":\"WebSite\",\"@id\":\"https:\/\/www.whisker.lv\/#website\",\"url\":\"https:\/\/www.whisker.lv\/\",\"name\":\"Whisker\",\"description\":\"Tavs pal\u012bgs m\u0101jdzivnieku pieskat\u012b\u0161an\u0101\",\"potentialAction\":[{\"@type\":\"SearchAction\",\"target\":{\"@type\":\"EntryPoint\",\"urlTemplate\":\"https:\/\/www.whisker.lv\/?s={search_term_string}\"},\"query-input\":\"required name=search_term_string\"}],\"inLanguage\":\"en-US\"}]}<\/script>\n<!-- \/ Yoast SEO plugin. -->","yoast_head_json":{"title":"Keri zilais terjers - Whisker.lv | Su\u0146u \u0161\u0137irnes - Keri zilais terjers","robots":{"index":"index","follow":"follow","max-snippet":"max-snippet:-1","max-image-preview":"max-image-preview:large","max-video-preview":"max-video-preview:-1"},"canonical":"https:\/\/www.whisker.lv\/sunu-skirnes\/keri-zilais-terjers\/","og_locale":"en_US","og_type":"article","og_title":"Keri zilais terjers - Whisker","og_url":"https:\/\/www.whisker.lv\/sunu-skirnes\/keri-zilais-terjers\/","og_site_name":"Whisker","article_publisher":"https:\/\/www.facebook.com\/whisker.lv\/","article_modified_time":"2019-04-03T20:50:16+00:00","twitter_card":"summary_large_image","twitter_misc":{"Est. reading time":"1 minute"},"schema":{"@context":"https:\/\/schema.org","@graph":[{"@type":"WebPage","@id":"https:\/\/www.whisker.lv\/sunu-skirnes\/keri-zilais-terjers\/","url":"https:\/\/www.whisker.lv\/sunu-skirnes\/keri-zilais-terjers\/","name":"Keri zilais terjers - Whisker.lv | Su\u0146u \u0161\u0137irnes - Keri zilais terjers","isPartOf":{"@id":"https:\/\/www.whisker.lv\/#website"},"datePublished":"2019-03-15T01:42:05+00:00","dateModified":"2019-04-03T20:50:16+00:00","description":"Keri zilais terjers - \u0161\u0137irnes kuc\u0113ni piedzimstot ir melni. \u0160iem terjeriem rakstur\u012bgo zilo nokr\u0101su kuc\u0113na ka\u017eoks ieg\u016bst tikai p\u0113c 18 m\u0113ne\u0161iem.","breadcrumb":{"@id":"https:\/\/www.whisker.lv\/sunu-skirnes\/keri-zilais-terjers\/#breadcrumb"},"inLanguage":"en-US","potentialAction":[{"@type":"ReadAction","target":["https:\/\/www.whisker.lv\/sunu-skirnes\/keri-zilais-terjers\/"]}]},{"@type":"BreadcrumbList","@id":"https:\/\/www.whisker.lv\/sunu-skirnes\/keri-zilais-terjers\/#breadcrumb","itemListElement":[{"@type":"ListItem","position":1,"name":"S\u0101kums","item":"https:\/\/www.whisker.lv\/"},{"@type":"ListItem","position":2,"name":"Su\u0146u \u0161\u0137irnes","item":"https:\/\/www.whisker.lv\/sunu-skirnes\/"},{"@type":"ListItem","position":3,"name":"Keri zilais terjers"}]},{"@type":"WebSite","@id":"https:\/\/www.whisker.lv\/#website","url":"https:\/\/www.whisker.lv\/","name":"Whisker","description":"Tavs pal\u012bgs m\u0101jdzivnieku pieskat\u012b\u0161an\u0101","potentialAction":[{"@type":"SearchAction","target":{"@type":"EntryPoint","urlTemplate":"https:\/\/www.whisker.lv\/?s={search_term_string}"},"query-input":"required name=search_term_string"}],"inLanguage":"en-US"}]}},"_links":{"self":[{"href":"https:\/\/www.whisker.lv\/en\/wp-json\/wp\/v2\/pages\/9462"}],"collection":[{"href":"https:\/\/www.whisker.lv\/en\/wp-json\/wp\/v2\/pages"}],"about":[{"href":"https:\/\/www.whisker.lv\/en\/wp-json\/wp\/v2\/types\/page"}],"author":[{"embeddable":true,"href":"https:\/\/www.whisker.lv\/en\/wp-json\/wp\/v2\/users\/1"}],"replies":[{"embeddable":true,"href":"https:\/\/www.whisker.lv\/en\/wp-json\/wp\/v2\/comments?post=9462"}],"version-history":[{"count":3,"href":"https:\/\/www.whisker.lv\/en\/wp-json\/wp\/v2\/pages\/9462\/revisions"}],"predecessor-version":[{"id":9466,"href":"https:\/\/www.whisker.lv\/en\/wp-json\/wp\/v2\/pages\/9462\/revisions\/9466"}],"up":[{"embeddable":true,"href":"https:\/\/www.whisker.lv\/en\/wp-json\/wp\/v2\/pages\/8016"}],"wp:attachment":[{"href":"https:\/\/www.whisker.lv\/en\/wp-json\/wp\/v2\/media?parent=9462"}],"curies":[{"name":"wp","href":"https:\/\/api.w.org\/{rel}","templated":true}]}}