



{"id":9483,"date":"2019-03-15T04:43:00","date_gmt":"2019-03-15T02:43:00","guid":{"rendered":"https:\/\/www.whisker.lv\/?page_id=9483"},"modified":"2019-04-03T22:45:27","modified_gmt":"2019-04-03T20:45:27","slug":"kane-korso","status":"publish","type":"page","link":"https:\/\/www.whisker.lv\/en\/sunu-skirnes\/kane-korso\/","title":{"rendered":"Kane korso"},"content":{"rendered":"[vc_row][vc_column][vc_text_separator title=&#8221;Kane Korso&#8221; border_width=&#8221;8&#8243;][\/vc_column][\/vc_row][vc_row][vc_column width=&#8221;1\/2&#8243;][vc_single_image image=&#8221;8153&#8243; img_size=&#8221;large&#8221; alignment=&#8221;center&#8221; style=&#8221;vc_box_rounded&#8221;][\/vc_column][vc_column width=&#8221;1\/2&#8243;][vc_column_text]<span style=\"color: #000000;\"><strong>Dzimtene:<\/strong> It\u0101lija<\/span><\/p>\n<p><span style=\"color: #000000;\"><strong>Funkcija:<\/strong> gan\u0101mpulku uzraugs, c\u012b\u0146as suns<\/span><\/p>\n<p><span style=\"color: #000000;\"><strong>Izcel\u0161an\u0101s:<\/strong> ap 1800. g.<\/span><\/p>\n<p><span style=\"color: #000000;\"><strong>Skausta augstums:<\/strong> 58-70 cm<\/span><\/p>\n<p><span style=\"color: #000000;\"><strong>Masa:<\/strong> 40-50 kg<\/span><\/p>\n<p><span style=\"color: #000000;\"><strong>Raksturs:<\/strong> gudrs, attap\u012bgs<\/span><\/p>\n<p><span style=\"color: #000000;\"><strong>Dz\u012bves ilgums:<\/strong> 9-12 gadi<\/span>[\/vc_column_text][\/vc_column][\/vc_row][vc_row][vc_column][vc_column_text]<span style=\"color: #000000;\">\u0160\u012bs \u0161\u0137irnes p\u0101rst\u0101vji ir drosm\u012bgi un loj\u0101li, uzman\u012bgi un modri, labi piel\u0101gojas apst\u0101k\u013ciem. \u0145emot v\u0113r\u0101 to sp\u0113c\u012bgo \u0137erme\u0146a uzb\u016bvi, \u0101tro reakciju un iedzimtos sarga instinktus, \u0161ie su\u0146i prasa pieredz\u0113ju\u0161a saimnieka paciet\u012bgu un neatlaid\u012bgu audzin\u0101\u0161anu. Tikai t\u0101d\u0101 gad\u012bjum\u0101 iesp\u0113jams izaudzin\u0101t paklaus\u012bgu un uzticamu \u0123imenes draugu. Ja no mazotnes kane korso tiek radin\u0101ti pie citu dz\u012bvnieku un da\u017e\u0101du cilv\u0113ku sabiedr\u012bbas, vi\u0146i k\u013c\u016bst par labiem \u0123imenes draugiem.<\/span><\/p>\n<p><span style=\"color: #000000;\"><strong>V\u0113sture.<\/strong> Kane korso n\u0101ku\u0161i no It\u0101lijas dienvidiem, kur c\u0113lu\u0161ies no Sen\u0101s Romas molosiem, izmantoti lielo b\u012bstamo zv\u0113ru med\u012bb\u0101s un su\u0146u c\u012b\u0146\u0101s. Kane korso biju\u0161i dro\u0161i m\u0101jas un gan\u0101mpulku sargi, sarg\u0101ju\u0161i ce\u013cot\u0101jus no lielce\u013cu laup\u012bt\u0101jiem.<\/span><\/p>\n<p><span style=\"color: #000000;\"><strong>Piez\u012bme.<\/strong> \u0160iem sportiskajiem su\u0146iem nepiecie\u0161ams daudz kust\u0113ties, lab\u0101k, ja to r\u012bc\u012bb\u0101 ir norobe\u017eota teritorija, kur br\u012bvi izskrieties.<\/span>[\/vc_column_text][\/vc_column][\/vc_row]\n","protected":false},"excerpt":{"rendered":"<p>[vc_row][vc_column][vc_text_separator title=&#8221;Kane Korso&#8221; border_width=&#8221;8&#8243;][\/vc_column][\/vc_row][vc_row][vc_column width=&#8221;1\/2&#8243;][vc_single_image image=&#8221;8153&#8243; img_size=&#8221;large&#8221; alignment=&#8221;center&#8221; style=&#8221;vc_box_rounded&#8221;][\/vc_column][vc_column width=&#8221;1\/2&#8243;][vc_column_text]Dzimtene: It\u0101lija Funkcija: gan\u0101mpulku uzraugs, c\u012b\u0146as suns Izcel\u0161an\u0101s: ap 1800. g. Skausta augstums: 58-70 cm Masa: 40-50 kg Raksturs: gudrs, attap\u012bgs Dz\u012bves ilgums: 9-12 gadi[\/vc_column_text][\/vc_column][\/vc_row][vc_row][vc_column][vc_column_text]\u0160\u012bs \u0161\u0137irnes p\u0101rst\u0101vji ir drosm\u012bgi un loj\u0101li, uzman\u012bgi un modri, labi piel\u0101gojas apst\u0101k\u013ciem. \u0145emot v\u0113r\u0101 to sp\u0113c\u012bgo \u0137erme\u0146a uzb\u016bvi, \u0101tro reakciju un [&hellip;]<\/p>\n","protected":false},"author":1,"featured_media":0,"parent":8016,"menu_order":0,"comment_status":"closed","ping_status":"closed","template":"page-fullwidth.php","meta":{"_acf_changed":false,"_glsr_average":0,"_glsr_ranking":0,"_glsr_reviews":0,"footnotes":""},"translation":{"provider":"WPGlobus","version":"2.12.2","language":"en","enabled_languages":["lv","en","ru"],"languages":{"lv":{"title":true,"content":true,"excerpt":false},"en":{"title":false,"content":false,"excerpt":false},"ru":{"title":false,"content":false,"excerpt":false}}},"acf":[],"yoast_head":"<!-- This site is optimized with the Yoast SEO plugin v22.5 - https:\/\/yoast.com\/wordpress\/plugins\/seo\/ -->\n<title>Kane korso - Whisker.lv | Su\u0146u \u0161\u0137irnes - Kane korso<\/title>\n<meta name=\"robots\" content=\"index, follow, max-snippet:-1, max-image-preview:large, max-video-preview:-1\" \/>\n<link rel=\"canonical\" href=\"https:\/\/www.whisker.lv\/sunu-skirnes\/kane-korso\/\" \/>\n<meta property=\"og:locale\" content=\"en_US\" \/>\n<meta property=\"og:type\" content=\"article\" \/>\n<meta property=\"og:title\" content=\"Kane korso - Whisker\" \/>\n<meta property=\"og:url\" content=\"https:\/\/www.whisker.lv\/sunu-skirnes\/kane-korso\/\" \/>\n<meta property=\"og:site_name\" content=\"Whisker\" \/>\n<meta property=\"article:publisher\" content=\"https:\/\/www.facebook.com\/whisker.lv\/\" \/>\n<meta property=\"article:modified_time\" content=\"2019-04-03T20:45:27+00:00\" \/>\n<meta name=\"twitter:card\" content=\"summary_large_image\" \/>\n<meta name=\"twitter:label1\" content=\"Est. reading time\" \/>\n\t<meta name=\"twitter:data1\" content=\"1 minute\" \/>\n<script type=\"application\/ld+json\" class=\"yoast-schema-graph\">{\"@context\":\"https:\/\/schema.org\",\"@graph\":[{\"@type\":\"WebPage\",\"@id\":\"https:\/\/www.whisker.lv\/sunu-skirnes\/kane-korso\/\",\"url\":\"https:\/\/www.whisker.lv\/sunu-skirnes\/kane-korso\/\",\"name\":\"Kane korso - Whisker.lv | Su\u0146u \u0161\u0137irnes - Kane korso\",\"isPartOf\":{\"@id\":\"https:\/\/www.whisker.lv\/#website\"},\"datePublished\":\"2019-03-15T02:43:00+00:00\",\"dateModified\":\"2019-04-03T20:45:27+00:00\",\"description\":\"Kane korso ir sp\u0113c\u012bga \u0137erme\u0146a uzb\u016bve, \u0101tra reakcija un iedzimti sarga instinkti. \u0160ie su\u0146i prasa pieredz\u0113ju\u0161a saimnieka paciet\u012bgu un neatlaid\u012bgu audzin\u0101\u0161anu.\",\"breadcrumb\":{\"@id\":\"https:\/\/www.whisker.lv\/sunu-skirnes\/kane-korso\/#breadcrumb\"},\"inLanguage\":\"en-US\",\"potentialAction\":[{\"@type\":\"ReadAction\",\"target\":[\"https:\/\/www.whisker.lv\/sunu-skirnes\/kane-korso\/\"]}]},{\"@type\":\"BreadcrumbList\",\"@id\":\"https:\/\/www.whisker.lv\/sunu-skirnes\/kane-korso\/#breadcrumb\",\"itemListElement\":[{\"@type\":\"ListItem\",\"position\":1,\"name\":\"S\u0101kums\",\"item\":\"https:\/\/www.whisker.lv\/\"},{\"@type\":\"ListItem\",\"position\":2,\"name\":\"Su\u0146u \u0161\u0137irnes\",\"item\":\"https:\/\/www.whisker.lv\/sunu-skirnes\/\"},{\"@type\":\"ListItem\",\"position\":3,\"name\":\"Kane korso\"}]},{\"@type\":\"WebSite\",\"@id\":\"https:\/\/www.whisker.lv\/#website\",\"url\":\"https:\/\/www.whisker.lv\/\",\"name\":\"Whisker\",\"description\":\"Tavs pal\u012bgs m\u0101jdzivnieku pieskat\u012b\u0161an\u0101\",\"potentialAction\":[{\"@type\":\"SearchAction\",\"target\":{\"@type\":\"EntryPoint\",\"urlTemplate\":\"https:\/\/www.whisker.lv\/?s={search_term_string}\"},\"query-input\":\"required name=search_term_string\"}],\"inLanguage\":\"en-US\"}]}<\/script>\n<!-- \/ Yoast SEO plugin. -->","yoast_head_json":{"title":"Kane korso - Whisker.lv | Su\u0146u \u0161\u0137irnes - Kane korso","robots":{"index":"index","follow":"follow","max-snippet":"max-snippet:-1","max-image-preview":"max-image-preview:large","max-video-preview":"max-video-preview:-1"},"canonical":"https:\/\/www.whisker.lv\/sunu-skirnes\/kane-korso\/","og_locale":"en_US","og_type":"article","og_title":"Kane korso - Whisker","og_url":"https:\/\/www.whisker.lv\/sunu-skirnes\/kane-korso\/","og_site_name":"Whisker","article_publisher":"https:\/\/www.facebook.com\/whisker.lv\/","article_modified_time":"2019-04-03T20:45:27+00:00","twitter_card":"summary_large_image","twitter_misc":{"Est. reading time":"1 minute"},"schema":{"@context":"https:\/\/schema.org","@graph":[{"@type":"WebPage","@id":"https:\/\/www.whisker.lv\/sunu-skirnes\/kane-korso\/","url":"https:\/\/www.whisker.lv\/sunu-skirnes\/kane-korso\/","name":"Kane korso - Whisker.lv | Su\u0146u \u0161\u0137irnes - Kane korso","isPartOf":{"@id":"https:\/\/www.whisker.lv\/#website"},"datePublished":"2019-03-15T02:43:00+00:00","dateModified":"2019-04-03T20:45:27+00:00","description":"Kane korso ir sp\u0113c\u012bga \u0137erme\u0146a uzb\u016bve, \u0101tra reakcija un iedzimti sarga instinkti. \u0160ie su\u0146i prasa pieredz\u0113ju\u0161a saimnieka paciet\u012bgu un neatlaid\u012bgu audzin\u0101\u0161anu.","breadcrumb":{"@id":"https:\/\/www.whisker.lv\/sunu-skirnes\/kane-korso\/#breadcrumb"},"inLanguage":"en-US","potentialAction":[{"@type":"ReadAction","target":["https:\/\/www.whisker.lv\/sunu-skirnes\/kane-korso\/"]}]},{"@type":"BreadcrumbList","@id":"https:\/\/www.whisker.lv\/sunu-skirnes\/kane-korso\/#breadcrumb","itemListElement":[{"@type":"ListItem","position":1,"name":"S\u0101kums","item":"https:\/\/www.whisker.lv\/"},{"@type":"ListItem","position":2,"name":"Su\u0146u \u0161\u0137irnes","item":"https:\/\/www.whisker.lv\/sunu-skirnes\/"},{"@type":"ListItem","position":3,"name":"Kane korso"}]},{"@type":"WebSite","@id":"https:\/\/www.whisker.lv\/#website","url":"https:\/\/www.whisker.lv\/","name":"Whisker","description":"Tavs pal\u012bgs m\u0101jdzivnieku pieskat\u012b\u0161an\u0101","potentialAction":[{"@type":"SearchAction","target":{"@type":"EntryPoint","urlTemplate":"https:\/\/www.whisker.lv\/?s={search_term_string}"},"query-input":"required name=search_term_string"}],"inLanguage":"en-US"}]}},"_links":{"self":[{"href":"https:\/\/www.whisker.lv\/en\/wp-json\/wp\/v2\/pages\/9483"}],"collection":[{"href":"https:\/\/www.whisker.lv\/en\/wp-json\/wp\/v2\/pages"}],"about":[{"href":"https:\/\/www.whisker.lv\/en\/wp-json\/wp\/v2\/types\/page"}],"author":[{"embeddable":true,"href":"https:\/\/www.whisker.lv\/en\/wp-json\/wp\/v2\/users\/1"}],"replies":[{"embeddable":true,"href":"https:\/\/www.whisker.lv\/en\/wp-json\/wp\/v2\/comments?post=9483"}],"version-history":[{"count":5,"href":"https:\/\/www.whisker.lv\/en\/wp-json\/wp\/v2\/pages\/9483\/revisions"}],"predecessor-version":[{"id":11313,"href":"https:\/\/www.whisker.lv\/en\/wp-json\/wp\/v2\/pages\/9483\/revisions\/11313"}],"up":[{"embeddable":true,"href":"https:\/\/www.whisker.lv\/en\/wp-json\/wp\/v2\/pages\/8016"}],"wp:attachment":[{"href":"https:\/\/www.whisker.lv\/en\/wp-json\/wp\/v2\/media?parent=9483"}],"curies":[{"name":"wp","href":"https:\/\/api.w.org\/{rel}","templated":true}]}}