



{"id":9488,"date":"2019-03-15T04:47:52","date_gmt":"2019-03-15T02:47:52","guid":{"rendered":"https:\/\/www.whisker.lv\/?page_id=9488"},"modified":"2019-04-03T22:44:54","modified_gmt":"2019-04-03T20:44:54","slug":"kanaanas-suns","status":"publish","type":"page","link":"https:\/\/www.whisker.lv\/en\/sunu-skirnes\/kanaanas-suns\/","title":{"rendered":"Kana\u0101nas suns"},"content":{"rendered":"[vc_row][vc_column][vc_text_separator title=&#8221;Kana\u0101nas suns&#8221; border_width=&#8221;8&#8243;][\/vc_column][\/vc_row][vc_row][vc_column width=&#8221;1\/2&#8243;][vc_single_image image=&#8221;9490&#8243; img_size=&#8221;full&#8221; alignment=&#8221;center&#8221; style=&#8221;vc_box_rounded&#8221;][\/vc_column][vc_column width=&#8221;1\/2&#8243;][vc_column_text]<span style=\"color: #000000;\"><strong>Dzimtene:<\/strong> Izra\u0113la<\/span><\/p>\n<p><span style=\"color: #000000;\"><strong>Funkcija:<\/strong> gan\u0101mpulku uzraugs<\/span><\/p>\n<p><span style=\"color: #000000;\"><strong>Izcel\u0161an\u0101s:<\/strong> 2000. p.m.\u0113.<\/span><\/p>\n<p><span style=\"color: #000000;\"><strong>Skausta augstums:<\/strong> 48-61 cm<\/span><\/p>\n<p><span style=\"color: #000000;\"><strong>Masa:<\/strong> 16-25 kg<\/span><\/p>\n<p><span style=\"color: #000000;\"><strong>Raksturs:<\/strong> gudrs, attap\u012bgs<\/span><\/p>\n<p><span style=\"color: #000000;\"><strong>Dz\u012bves ilgums:<\/strong> 12-15 gadi<\/span>[\/vc_column_text][\/vc_column][\/vc_row][vc_row][vc_column][vc_column_text]<span style=\"color: #000000;\">Vid\u0113ji liel\u0101, sp\u0113c\u012bgi veidot\u0101 \u0161picu tipa su\u0146a dzimtene ir Izra\u0113la. Par \u0161\u0137irnes priek\u0161te\u010diem uzskata p\u0101riju su\u0146us, kurus cilv\u0113ki pieradin\u0101ja s\u012bklopu gan\u0101mpulka uzraudz\u012b\u0161anai un kazu apsarg\u0101\u0161anai no \u0161ak\u0101\u013ciem un citiem pl\u0113s\u0113jiem.<\/span><\/p>\n<p><span style=\"color: #000000;\"><strong>V\u0113sture.<\/strong> T\u012br\u0161\u0137irnes veido\u0161anu 1935. gad\u0101 uzs\u0101ka dr.Mancela un vi\u0146as v\u012brs. Vi\u0146i cent\u0101s pan\u0101kt, lai jaundzimu\u0161ie kuc\u0113ni p\u0113c eksterjera l\u012bdzin\u0101tos vec\u0101kiem. M\u016bsdien\u0101s izplat\u012bto Kana\u0101nas su\u0146u priek\u0161te\u010di selekcijas ce\u013c\u0101 tika izveidoti Shaar Hagai su\u0146audz\u0113tav\u0101 Jeruzalem\u0113.<\/span><\/p>\n<p><span style=\"color: #000000;\"><strong>Piez\u012bme.<\/strong> Lai ar\u012b su\u0146iem ir br\u012bv\u012bbu m\u012blo\u0161s raksturs, vi\u0146i itin viegli pak\u013caujas dres\u016brai.<\/span>[\/vc_column_text][\/vc_column][\/vc_row]\n","protected":false},"excerpt":{"rendered":"<p>[vc_row][vc_column][vc_text_separator title=&#8221;Kana\u0101nas suns&#8221; border_width=&#8221;8&#8243;][\/vc_column][\/vc_row][vc_row][vc_column width=&#8221;1\/2&#8243;][vc_single_image image=&#8221;9490&#8243; img_size=&#8221;full&#8221; alignment=&#8221;center&#8221; style=&#8221;vc_box_rounded&#8221;][\/vc_column][vc_column width=&#8221;1\/2&#8243;][vc_column_text]Dzimtene: Izra\u0113la Funkcija: gan\u0101mpulku uzraugs Izcel\u0161an\u0101s: 2000. p.m.\u0113. Skausta augstums: 48-61 cm Masa: 16-25 kg Raksturs: gudrs, attap\u012bgs Dz\u012bves ilgums: 12-15 gadi[\/vc_column_text][\/vc_column][\/vc_row][vc_row][vc_column][vc_column_text]Vid\u0113ji liel\u0101, sp\u0113c\u012bgi veidot\u0101 \u0161picu tipa su\u0146a dzimtene ir Izra\u0113la. Par \u0161\u0137irnes priek\u0161te\u010diem uzskata p\u0101riju su\u0146us, kurus cilv\u0113ki pieradin\u0101ja s\u012bklopu gan\u0101mpulka uzraudz\u012b\u0161anai un kazu apsarg\u0101\u0161anai [&hellip;]<\/p>\n","protected":false},"author":1,"featured_media":0,"parent":8016,"menu_order":0,"comment_status":"closed","ping_status":"closed","template":"page-fullwidth.php","meta":{"_acf_changed":false,"_glsr_average":0,"_glsr_ranking":0,"_glsr_reviews":0,"footnotes":""},"translation":{"provider":"WPGlobus","version":"2.12.2","language":"en","enabled_languages":["lv","en","ru"],"languages":{"lv":{"title":true,"content":true,"excerpt":false},"en":{"title":false,"content":false,"excerpt":false},"ru":{"title":false,"content":false,"excerpt":false}}},"acf":[],"yoast_head":"<!-- This site is optimized with the Yoast SEO plugin v22.5 - https:\/\/yoast.com\/wordpress\/plugins\/seo\/ -->\n<title>Kana\u0101nas suns - Whisker.lv | Su\u0146u \u0161\u0137irnes - Kana\u0101nas suns<\/title>\n<meta name=\"robots\" content=\"index, follow, max-snippet:-1, max-image-preview:large, max-video-preview:-1\" \/>\n<link rel=\"canonical\" href=\"https:\/\/www.whisker.lv\/sunu-skirnes\/kanaanas-suns\/\" \/>\n<meta property=\"og:locale\" content=\"en_US\" \/>\n<meta property=\"og:type\" content=\"article\" \/>\n<meta property=\"og:title\" content=\"Kana\u0101nas suns - Whisker\" \/>\n<meta property=\"og:url\" content=\"https:\/\/www.whisker.lv\/sunu-skirnes\/kanaanas-suns\/\" \/>\n<meta property=\"og:site_name\" content=\"Whisker\" \/>\n<meta property=\"article:publisher\" content=\"https:\/\/www.facebook.com\/whisker.lv\/\" \/>\n<meta property=\"article:modified_time\" content=\"2019-04-03T20:44:54+00:00\" \/>\n<meta name=\"twitter:card\" content=\"summary_large_image\" \/>\n<meta name=\"twitter:label1\" content=\"Est. reading time\" \/>\n\t<meta name=\"twitter:data1\" content=\"1 minute\" \/>\n<script type=\"application\/ld+json\" class=\"yoast-schema-graph\">{\"@context\":\"https:\/\/schema.org\",\"@graph\":[{\"@type\":\"WebPage\",\"@id\":\"https:\/\/www.whisker.lv\/sunu-skirnes\/kanaanas-suns\/\",\"url\":\"https:\/\/www.whisker.lv\/sunu-skirnes\/kanaanas-suns\/\",\"name\":\"Kana\u0101nas suns - Whisker.lv | Su\u0146u \u0161\u0137irnes - Kana\u0101nas suns\",\"isPartOf\":{\"@id\":\"https:\/\/www.whisker.lv\/#website\"},\"datePublished\":\"2019-03-15T02:47:52+00:00\",\"dateModified\":\"2019-04-03T20:44:54+00:00\",\"description\":\"Kana\u0101nas suns - par \u0161\u0137irnes priek\u0161te\u010diem uzskata p\u0101riju su\u0146us, kurus cilv\u0113ki pieradin\u0101ja s\u012bklopu gan\u0101mpulka uzraudz\u012b\u0161anai un kazu apsarg\u0101\u0161anai.\",\"breadcrumb\":{\"@id\":\"https:\/\/www.whisker.lv\/sunu-skirnes\/kanaanas-suns\/#breadcrumb\"},\"inLanguage\":\"en-US\",\"potentialAction\":[{\"@type\":\"ReadAction\",\"target\":[\"https:\/\/www.whisker.lv\/sunu-skirnes\/kanaanas-suns\/\"]}]},{\"@type\":\"BreadcrumbList\",\"@id\":\"https:\/\/www.whisker.lv\/sunu-skirnes\/kanaanas-suns\/#breadcrumb\",\"itemListElement\":[{\"@type\":\"ListItem\",\"position\":1,\"name\":\"S\u0101kums\",\"item\":\"https:\/\/www.whisker.lv\/\"},{\"@type\":\"ListItem\",\"position\":2,\"name\":\"Su\u0146u \u0161\u0137irnes\",\"item\":\"https:\/\/www.whisker.lv\/sunu-skirnes\/\"},{\"@type\":\"ListItem\",\"position\":3,\"name\":\"Kana\u0101nas suns\"}]},{\"@type\":\"WebSite\",\"@id\":\"https:\/\/www.whisker.lv\/#website\",\"url\":\"https:\/\/www.whisker.lv\/\",\"name\":\"Whisker\",\"description\":\"Tavs pal\u012bgs m\u0101jdzivnieku pieskat\u012b\u0161an\u0101\",\"potentialAction\":[{\"@type\":\"SearchAction\",\"target\":{\"@type\":\"EntryPoint\",\"urlTemplate\":\"https:\/\/www.whisker.lv\/?s={search_term_string}\"},\"query-input\":\"required name=search_term_string\"}],\"inLanguage\":\"en-US\"}]}<\/script>\n<!-- \/ Yoast SEO plugin. -->","yoast_head_json":{"title":"Kana\u0101nas suns - Whisker.lv | Su\u0146u \u0161\u0137irnes - Kana\u0101nas suns","robots":{"index":"index","follow":"follow","max-snippet":"max-snippet:-1","max-image-preview":"max-image-preview:large","max-video-preview":"max-video-preview:-1"},"canonical":"https:\/\/www.whisker.lv\/sunu-skirnes\/kanaanas-suns\/","og_locale":"en_US","og_type":"article","og_title":"Kana\u0101nas suns - Whisker","og_url":"https:\/\/www.whisker.lv\/sunu-skirnes\/kanaanas-suns\/","og_site_name":"Whisker","article_publisher":"https:\/\/www.facebook.com\/whisker.lv\/","article_modified_time":"2019-04-03T20:44:54+00:00","twitter_card":"summary_large_image","twitter_misc":{"Est. reading time":"1 minute"},"schema":{"@context":"https:\/\/schema.org","@graph":[{"@type":"WebPage","@id":"https:\/\/www.whisker.lv\/sunu-skirnes\/kanaanas-suns\/","url":"https:\/\/www.whisker.lv\/sunu-skirnes\/kanaanas-suns\/","name":"Kana\u0101nas suns - Whisker.lv | Su\u0146u \u0161\u0137irnes - Kana\u0101nas suns","isPartOf":{"@id":"https:\/\/www.whisker.lv\/#website"},"datePublished":"2019-03-15T02:47:52+00:00","dateModified":"2019-04-03T20:44:54+00:00","description":"Kana\u0101nas suns - par \u0161\u0137irnes priek\u0161te\u010diem uzskata p\u0101riju su\u0146us, kurus cilv\u0113ki pieradin\u0101ja s\u012bklopu gan\u0101mpulka uzraudz\u012b\u0161anai un kazu apsarg\u0101\u0161anai.","breadcrumb":{"@id":"https:\/\/www.whisker.lv\/sunu-skirnes\/kanaanas-suns\/#breadcrumb"},"inLanguage":"en-US","potentialAction":[{"@type":"ReadAction","target":["https:\/\/www.whisker.lv\/sunu-skirnes\/kanaanas-suns\/"]}]},{"@type":"BreadcrumbList","@id":"https:\/\/www.whisker.lv\/sunu-skirnes\/kanaanas-suns\/#breadcrumb","itemListElement":[{"@type":"ListItem","position":1,"name":"S\u0101kums","item":"https:\/\/www.whisker.lv\/"},{"@type":"ListItem","position":2,"name":"Su\u0146u \u0161\u0137irnes","item":"https:\/\/www.whisker.lv\/sunu-skirnes\/"},{"@type":"ListItem","position":3,"name":"Kana\u0101nas suns"}]},{"@type":"WebSite","@id":"https:\/\/www.whisker.lv\/#website","url":"https:\/\/www.whisker.lv\/","name":"Whisker","description":"Tavs pal\u012bgs m\u0101jdzivnieku pieskat\u012b\u0161an\u0101","potentialAction":[{"@type":"SearchAction","target":{"@type":"EntryPoint","urlTemplate":"https:\/\/www.whisker.lv\/?s={search_term_string}"},"query-input":"required name=search_term_string"}],"inLanguage":"en-US"}]}},"_links":{"self":[{"href":"https:\/\/www.whisker.lv\/en\/wp-json\/wp\/v2\/pages\/9488"}],"collection":[{"href":"https:\/\/www.whisker.lv\/en\/wp-json\/wp\/v2\/pages"}],"about":[{"href":"https:\/\/www.whisker.lv\/en\/wp-json\/wp\/v2\/types\/page"}],"author":[{"embeddable":true,"href":"https:\/\/www.whisker.lv\/en\/wp-json\/wp\/v2\/users\/1"}],"replies":[{"embeddable":true,"href":"https:\/\/www.whisker.lv\/en\/wp-json\/wp\/v2\/comments?post=9488"}],"version-history":[{"count":4,"href":"https:\/\/www.whisker.lv\/en\/wp-json\/wp\/v2\/pages\/9488\/revisions"}],"predecessor-version":[{"id":11174,"href":"https:\/\/www.whisker.lv\/en\/wp-json\/wp\/v2\/pages\/9488\/revisions\/11174"}],"up":[{"embeddable":true,"href":"https:\/\/www.whisker.lv\/en\/wp-json\/wp\/v2\/pages\/8016"}],"wp:attachment":[{"href":"https:\/\/www.whisker.lv\/en\/wp-json\/wp\/v2\/media?parent=9488"}],"curies":[{"name":"wp","href":"https:\/\/api.w.org\/{rel}","templated":true}]}}