



{"id":9507,"date":"2019-03-15T05:15:03","date_gmt":"2019-03-15T03:15:03","guid":{"rendered":"https:\/\/www.whisker.lv\/?page_id=9507"},"modified":"2019-04-03T22:39:58","modified_gmt":"2019-04-03T20:39:58","slug":"iru-vilku-suns","status":"publish","type":"page","link":"https:\/\/www.whisker.lv\/en\/sunu-skirnes\/iru-vilku-suns\/","title":{"rendered":"\u012aru vilku suns"},"content":{"rendered":"[vc_row][vc_column][vc_text_separator title=&#8221;\u012aru vilku suns&#8221; border_width=&#8221;8&#8243;][\/vc_column][\/vc_row][vc_row][vc_column width=&#8221;1\/2&#8243;][vc_single_image image=&#8221;8146&#8243; img_size=&#8221;large&#8221; alignment=&#8221;center&#8221; style=&#8221;vc_box_rounded&#8221;][\/vc_column][vc_column width=&#8221;1\/2&#8243;][vc_column_text]<span style=\"color: #000000;\"><strong>Dzimtene:<\/strong> \u012arija<\/span><\/p>\n<p><span style=\"color: #000000;\"><strong>Funkcija:<\/strong> vilku dzin\u0113js<\/span><\/p>\n<p><span style=\"color: #000000;\"><strong>Izcel\u0161an\u0101s:<\/strong> 100. p.m.\u0113.<\/span><\/p>\n<p><span style=\"color: #000000;\">Skausta augstums: 71-90 cm<\/span><\/p>\n<p><span style=\"color: #000000;\"><strong>Masa:<\/strong> 40-55 kg<\/span><\/p>\n<p><span style=\"color: #000000;\"><strong>Raksturs:<\/strong> maigs, draudz\u012bgs<\/span><\/p>\n<p><span style=\"color: #000000;\"><strong>Dz\u012bves ilgums:<\/strong> 6-8 gadi<\/span>[\/vc_column_text][\/vc_column][\/vc_row][vc_row][vc_column][vc_column_text]<span style=\"color: #000000;\">\u012aru vilku suns ir liel\u0101kais savas sugas p\u0101rst\u0101vis pasaul\u0113. Iz\u0146emot gigantiskos izm\u0113rus, p\u0101r\u0113j\u0101s eksterjera poz\u012bcij\u0101s vi\u0146\u0161 atg\u0101dina d\u012brhaundus. Kaut ar\u012b \u012bru vilku suns ir liels, vi\u0146\u0161 ir \u013coti graciozs. Vi\u0146am ir raupj\u0161, asspalvains ka\u017eoks un musku\u013cots \u0137ermenis. Gar\u0101 aste ir neparasti sp\u0113c\u012bga \u2013 kad suns s\u0101k to luncin\u0101t, m\u0101j\u0101s iest\u0101jas \u012bsts haoss. \u012aru vilku suns ir mierm\u012bl\u012bgs, uztic\u012bgs. Vi\u0146am jau kop\u0161 kuc\u0113nu vecuma nepiecie\u0161amas fiziskas nodarb\u012bbas.<\/span><\/p>\n<p><span style=\"color: #000000;\"><strong>V\u0113sture.<\/strong> \u012aru vilku su\u0146i paz\u012bstami jau gadsimtiem ilgi. Senie \u012bru vilku su\u0146i gandr\u012bz izmira 19. gadsimta vid\u016b \u2013 vair\u0101k nek\u0101 simts gadus p\u0113c tam, kad \u012arij\u0101 tika nogalin\u0101ts p\u0113d\u0113jais vilks. Ta\u010du pateicoties skotu kaptei\u0146a D\u017eord\u017ea Greiema p\u016bl\u0113m, \u0161\u0137irne tika gl\u0101bta.<\/span><\/p>\n<p><span style=\"color: #000000;\"><strong>Piez\u012bme.<\/strong> \u012aru vilku su\u0146u kuc\u0113nus nevajadz\u0113tu vest gar\u0101s pastaig\u0101s, jo tas var negat\u012bvi ietekm\u0113t vi\u0146u loc\u012btavu att\u012bst\u012bbu. Tom\u0113r \u013caujiet kuc\u0113niem izskrieties rota\u013c\u0101joties.<\/span>[\/vc_column_text][\/vc_column][\/vc_row]\n","protected":false},"excerpt":{"rendered":"<p>[vc_row][vc_column][vc_text_separator title=&#8221;\u012aru vilku suns&#8221; border_width=&#8221;8&#8243;][\/vc_column][\/vc_row][vc_row][vc_column width=&#8221;1\/2&#8243;][vc_single_image image=&#8221;8146&#8243; img_size=&#8221;large&#8221; alignment=&#8221;center&#8221; style=&#8221;vc_box_rounded&#8221;][\/vc_column][vc_column width=&#8221;1\/2&#8243;][vc_column_text]Dzimtene: \u012arija Funkcija: vilku dzin\u0113js Izcel\u0161an\u0101s: 100. p.m.\u0113. Skausta augstums: 71-90 cm Masa: 40-55 kg Raksturs: maigs, draudz\u012bgs Dz\u012bves ilgums: 6-8 gadi[\/vc_column_text][\/vc_column][\/vc_row][vc_row][vc_column][vc_column_text]\u012aru vilku suns ir liel\u0101kais savas sugas p\u0101rst\u0101vis pasaul\u0113. Iz\u0146emot gigantiskos izm\u0113rus, p\u0101r\u0113j\u0101s eksterjera poz\u012bcij\u0101s vi\u0146\u0161 atg\u0101dina d\u012brhaundus. Kaut ar\u012b \u012bru vilku suns ir [&hellip;]<\/p>\n","protected":false},"author":1,"featured_media":0,"parent":8016,"menu_order":0,"comment_status":"closed","ping_status":"closed","template":"page-fullwidth.php","meta":{"_acf_changed":false,"_glsr_average":0,"_glsr_ranking":0,"_glsr_reviews":0,"footnotes":""},"translation":{"provider":"WPGlobus","version":"2.12.2","language":"en","enabled_languages":["lv","en","ru"],"languages":{"lv":{"title":true,"content":true,"excerpt":false},"en":{"title":false,"content":false,"excerpt":false},"ru":{"title":false,"content":false,"excerpt":false}}},"acf":[],"yoast_head":"<!-- This site is optimized with the Yoast SEO plugin v22.5 - https:\/\/yoast.com\/wordpress\/plugins\/seo\/ -->\n<title>\u012aru vilku suns - Whisker.lv | Su\u0146u \u0161\u0137irnes - \u012aru vilku suns<\/title>\n<meta name=\"robots\" content=\"index, follow, max-snippet:-1, max-image-preview:large, max-video-preview:-1\" \/>\n<link rel=\"canonical\" href=\"https:\/\/www.whisker.lv\/sunu-skirnes\/iru-vilku-suns\/\" \/>\n<meta property=\"og:locale\" content=\"en_US\" \/>\n<meta property=\"og:type\" content=\"article\" \/>\n<meta property=\"og:title\" content=\"\u012aru vilku suns - Whisker\" \/>\n<meta property=\"og:url\" content=\"https:\/\/www.whisker.lv\/sunu-skirnes\/iru-vilku-suns\/\" \/>\n<meta property=\"og:site_name\" content=\"Whisker\" \/>\n<meta property=\"article:publisher\" content=\"https:\/\/www.facebook.com\/whisker.lv\/\" \/>\n<meta property=\"article:modified_time\" content=\"2019-04-03T20:39:58+00:00\" \/>\n<meta name=\"twitter:card\" content=\"summary_large_image\" \/>\n<meta name=\"twitter:label1\" content=\"Est. reading time\" \/>\n\t<meta name=\"twitter:data1\" content=\"1 minute\" \/>\n<script type=\"application\/ld+json\" class=\"yoast-schema-graph\">{\"@context\":\"https:\/\/schema.org\",\"@graph\":[{\"@type\":\"WebPage\",\"@id\":\"https:\/\/www.whisker.lv\/sunu-skirnes\/iru-vilku-suns\/\",\"url\":\"https:\/\/www.whisker.lv\/sunu-skirnes\/iru-vilku-suns\/\",\"name\":\"\u012aru vilku suns - Whisker.lv | Su\u0146u \u0161\u0137irnes - \u012aru vilku suns\",\"isPartOf\":{\"@id\":\"https:\/\/www.whisker.lv\/#website\"},\"datePublished\":\"2019-03-15T03:15:03+00:00\",\"dateModified\":\"2019-04-03T20:39:58+00:00\",\"description\":\"\u012aru vilku suns ir liel\u0101kais savas sugas p\u0101rst\u0101vis pasaul\u0113. Iz\u0146emot gigantiskos izm\u0113rus, p\u0101r\u0113j\u0101s eksterjera poz\u012bcij\u0101s vi\u0146\u0161 atg\u0101dina d\u012brhaundus.\",\"breadcrumb\":{\"@id\":\"https:\/\/www.whisker.lv\/sunu-skirnes\/iru-vilku-suns\/#breadcrumb\"},\"inLanguage\":\"en-US\",\"potentialAction\":[{\"@type\":\"ReadAction\",\"target\":[\"https:\/\/www.whisker.lv\/sunu-skirnes\/iru-vilku-suns\/\"]}]},{\"@type\":\"BreadcrumbList\",\"@id\":\"https:\/\/www.whisker.lv\/sunu-skirnes\/iru-vilku-suns\/#breadcrumb\",\"itemListElement\":[{\"@type\":\"ListItem\",\"position\":1,\"name\":\"S\u0101kums\",\"item\":\"https:\/\/www.whisker.lv\/\"},{\"@type\":\"ListItem\",\"position\":2,\"name\":\"Su\u0146u \u0161\u0137irnes\",\"item\":\"https:\/\/www.whisker.lv\/sunu-skirnes\/\"},{\"@type\":\"ListItem\",\"position\":3,\"name\":\"\u012aru vilku suns\"}]},{\"@type\":\"WebSite\",\"@id\":\"https:\/\/www.whisker.lv\/#website\",\"url\":\"https:\/\/www.whisker.lv\/\",\"name\":\"Whisker\",\"description\":\"Tavs pal\u012bgs m\u0101jdzivnieku pieskat\u012b\u0161an\u0101\",\"potentialAction\":[{\"@type\":\"SearchAction\",\"target\":{\"@type\":\"EntryPoint\",\"urlTemplate\":\"https:\/\/www.whisker.lv\/?s={search_term_string}\"},\"query-input\":\"required name=search_term_string\"}],\"inLanguage\":\"en-US\"}]}<\/script>\n<!-- \/ Yoast SEO plugin. -->","yoast_head_json":{"title":"\u012aru vilku suns - Whisker.lv | Su\u0146u \u0161\u0137irnes - \u012aru vilku suns","robots":{"index":"index","follow":"follow","max-snippet":"max-snippet:-1","max-image-preview":"max-image-preview:large","max-video-preview":"max-video-preview:-1"},"canonical":"https:\/\/www.whisker.lv\/sunu-skirnes\/iru-vilku-suns\/","og_locale":"en_US","og_type":"article","og_title":"\u012aru vilku suns - Whisker","og_url":"https:\/\/www.whisker.lv\/sunu-skirnes\/iru-vilku-suns\/","og_site_name":"Whisker","article_publisher":"https:\/\/www.facebook.com\/whisker.lv\/","article_modified_time":"2019-04-03T20:39:58+00:00","twitter_card":"summary_large_image","twitter_misc":{"Est. reading time":"1 minute"},"schema":{"@context":"https:\/\/schema.org","@graph":[{"@type":"WebPage","@id":"https:\/\/www.whisker.lv\/sunu-skirnes\/iru-vilku-suns\/","url":"https:\/\/www.whisker.lv\/sunu-skirnes\/iru-vilku-suns\/","name":"\u012aru vilku suns - Whisker.lv | Su\u0146u \u0161\u0137irnes - \u012aru vilku suns","isPartOf":{"@id":"https:\/\/www.whisker.lv\/#website"},"datePublished":"2019-03-15T03:15:03+00:00","dateModified":"2019-04-03T20:39:58+00:00","description":"\u012aru vilku suns ir liel\u0101kais savas sugas p\u0101rst\u0101vis pasaul\u0113. Iz\u0146emot gigantiskos izm\u0113rus, p\u0101r\u0113j\u0101s eksterjera poz\u012bcij\u0101s vi\u0146\u0161 atg\u0101dina d\u012brhaundus.","breadcrumb":{"@id":"https:\/\/www.whisker.lv\/sunu-skirnes\/iru-vilku-suns\/#breadcrumb"},"inLanguage":"en-US","potentialAction":[{"@type":"ReadAction","target":["https:\/\/www.whisker.lv\/sunu-skirnes\/iru-vilku-suns\/"]}]},{"@type":"BreadcrumbList","@id":"https:\/\/www.whisker.lv\/sunu-skirnes\/iru-vilku-suns\/#breadcrumb","itemListElement":[{"@type":"ListItem","position":1,"name":"S\u0101kums","item":"https:\/\/www.whisker.lv\/"},{"@type":"ListItem","position":2,"name":"Su\u0146u \u0161\u0137irnes","item":"https:\/\/www.whisker.lv\/sunu-skirnes\/"},{"@type":"ListItem","position":3,"name":"\u012aru vilku suns"}]},{"@type":"WebSite","@id":"https:\/\/www.whisker.lv\/#website","url":"https:\/\/www.whisker.lv\/","name":"Whisker","description":"Tavs pal\u012bgs m\u0101jdzivnieku pieskat\u012b\u0161an\u0101","potentialAction":[{"@type":"SearchAction","target":{"@type":"EntryPoint","urlTemplate":"https:\/\/www.whisker.lv\/?s={search_term_string}"},"query-input":"required name=search_term_string"}],"inLanguage":"en-US"}]}},"_links":{"self":[{"href":"https:\/\/www.whisker.lv\/en\/wp-json\/wp\/v2\/pages\/9507"}],"collection":[{"href":"https:\/\/www.whisker.lv\/en\/wp-json\/wp\/v2\/pages"}],"about":[{"href":"https:\/\/www.whisker.lv\/en\/wp-json\/wp\/v2\/types\/page"}],"author":[{"embeddable":true,"href":"https:\/\/www.whisker.lv\/en\/wp-json\/wp\/v2\/users\/1"}],"replies":[{"embeddable":true,"href":"https:\/\/www.whisker.lv\/en\/wp-json\/wp\/v2\/comments?post=9507"}],"version-history":[{"count":5,"href":"https:\/\/www.whisker.lv\/en\/wp-json\/wp\/v2\/pages\/9507\/revisions"}],"predecessor-version":[{"id":11312,"href":"https:\/\/www.whisker.lv\/en\/wp-json\/wp\/v2\/pages\/9507\/revisions\/11312"}],"up":[{"embeddable":true,"href":"https:\/\/www.whisker.lv\/en\/wp-json\/wp\/v2\/pages\/8016"}],"wp:attachment":[{"href":"https:\/\/www.whisker.lv\/en\/wp-json\/wp\/v2\/media?parent=9507"}],"curies":[{"name":"wp","href":"https:\/\/api.w.org\/{rel}","templated":true}]}}