



{"id":9527,"date":"2019-03-15T05:36:06","date_gmt":"2019-03-15T03:36:06","guid":{"rendered":"https:\/\/www.whisker.lv\/?page_id=9527"},"modified":"2019-04-03T22:36:46","modified_gmt":"2019-04-03T20:36:46","slug":"iru-rudi-baltais-seters","status":"publish","type":"page","link":"https:\/\/www.whisker.lv\/en\/sunu-skirnes\/iru-rudi-baltais-seters\/","title":{"rendered":"\u012aru rudi baltais seters"},"content":{"rendered":"[vc_row][vc_column][vc_text_separator title=&#8221;\u012aru rudi baltais seters &#8221; border_width=&#8221;8&#8243;][\/vc_column][\/vc_row][vc_row][vc_column width=&#8221;1\/2&#8243;][vc_single_image image=&#8221;9529&#8243; img_size=&#8221;full&#8221; alignment=&#8221;center&#8221; style=&#8221;vc_box_rounded&#8221;][\/vc_column][vc_column width=&#8221;1\/2&#8243;][vc_column_text]<span style=\"color: #000000;\"><strong>Dzimtene:<\/strong> \u012arija<\/span><\/p>\n<p><span style=\"color: #000000;\"><strong>Funkcija:<\/strong> med\u012bjuma atra\u0161ana<\/span><\/p>\n<p><span style=\"color: #000000;\"><strong>Izcel\u0161an\u0101s:<\/strong>\u00a0ap\u00a01700. g.<\/span><\/p>\n<p><span style=\"color: #000000;\"><strong>Skausta augstums:<\/strong> 58-69 cm<\/span><\/p>\n<p><span style=\"color: #000000;\"><strong>Masa:<\/strong> 27-32 kg<\/span><\/p>\n<p><span style=\"color: #000000;\"><strong>Raksturs:<\/strong> akt\u012bvs, sirsn\u012bgs<\/span><\/p>\n<p><span style=\"color: #000000;\"><strong>Dz\u012bves ilgums:<\/strong> 11-15 gadi<\/span>[\/vc_column_text][\/vc_column][\/vc_row][vc_row][vc_column][vc_column_text]<span style=\"color: #000000;\">\u0160\u012bs \u0161\u0137irnes seteriem ir atl\u0113tisks, sp\u0113c\u012bgs, harmoniski veidots \u0137ermenis un satic\u012bga daba. Sal\u012bdzin\u0101jum\u0101 ar \u012bru seteriem vi\u0146iem ir mas\u012bv\u0101ks \u0137ermenis, plat\u0101ka galva un izteikt\u0101ks pakau\u0161a kauls. Smalkais, garais ka\u017eoks parasti ir plankumains. T\u0101 pamattonis ir balts, bet plankumi \u2013 rudi. Viet\u0101m ka\u017eoks ir l\u0101sumains un ar maziem raibumiem. J\u0101\u0146em v\u0113r\u0101, ka gai\u0161pel\u0113ks apmatojums mazina \u0161\u0137irnes su\u0146a v\u0113rt\u012bbu. \u0160is seters ir slavens ar savu izcilo o\u017eu un sp\u0113ju piedal\u012bties med\u012bb\u0101s jebk\u0101dos laika apst\u0101k\u013cos.<\/span><\/p>\n<p><span style=\"color: #000000;\"><strong>V\u0113sture.<\/strong> S\u0101kotn\u0113ji \u0161ie iztur\u012bgie su\u0146i tika d\u0113v\u0113ti par raibajiem seteriem. Vi\u0146u tuv\u0101kie radinieki ir graciozie \u012bru seteri. Dom\u0101jams, ka ab\u0101m \u0161\u0137irn\u0113m ir kop\u012bgs sencis. Lai gan \u012bru rudi baltie seteri ir lieliski darba su\u0146i, reiz vi\u0146i bija tuvu izmir\u0161anas robe\u017eai. P\u0113d\u0113jos gados \u0161\u0137irne piedz\u012bvo renesansi.<\/span><\/p>\n<p><span style=\"color: #000000;\"><strong>Piez\u012bme.<\/strong> \u012aru rudi baltis seters ir br\u012bni\u0161\u0137\u012bgs \u0123imenes m\u012blulis, ta\u010du vi\u0146am nepiecie\u0161ama nopietna un stingra dres\u016bra.<\/span>[\/vc_column_text][\/vc_column][\/vc_row]\n","protected":false},"excerpt":{"rendered":"<p>[vc_row][vc_column][vc_text_separator title=&#8221;\u012aru rudi baltais seters &#8221; border_width=&#8221;8&#8243;][\/vc_column][\/vc_row][vc_row][vc_column width=&#8221;1\/2&#8243;][vc_single_image image=&#8221;9529&#8243; img_size=&#8221;full&#8221; alignment=&#8221;center&#8221; style=&#8221;vc_box_rounded&#8221;][\/vc_column][vc_column width=&#8221;1\/2&#8243;][vc_column_text]Dzimtene: \u012arija Funkcija: med\u012bjuma atra\u0161ana Izcel\u0161an\u0101s:\u00a0ap\u00a01700. g. Skausta augstums: 58-69 cm Masa: 27-32 kg Raksturs: akt\u012bvs, sirsn\u012bgs Dz\u012bves ilgums: 11-15 gadi[\/vc_column_text][\/vc_column][\/vc_row][vc_row][vc_column][vc_column_text]\u0160\u012bs \u0161\u0137irnes seteriem ir atl\u0113tisks, sp\u0113c\u012bgs, harmoniski veidots \u0137ermenis un satic\u012bga daba. Sal\u012bdzin\u0101jum\u0101 ar \u012bru seteriem vi\u0146iem ir mas\u012bv\u0101ks \u0137ermenis, plat\u0101ka galva un [&hellip;]<\/p>\n","protected":false},"author":1,"featured_media":0,"parent":8016,"menu_order":0,"comment_status":"closed","ping_status":"closed","template":"page-fullwidth.php","meta":{"_acf_changed":false,"_glsr_average":0,"_glsr_ranking":0,"_glsr_reviews":0,"footnotes":""},"translation":{"provider":"WPGlobus","version":"2.12.2","language":"en","enabled_languages":["lv","en","ru"],"languages":{"lv":{"title":true,"content":true,"excerpt":false},"en":{"title":false,"content":false,"excerpt":false},"ru":{"title":false,"content":false,"excerpt":false}}},"acf":[],"yoast_head":"<!-- This site is optimized with the Yoast SEO plugin v22.5 - https:\/\/yoast.com\/wordpress\/plugins\/seo\/ -->\n<title>\u012aru rudi baltais seters - Whisker.lv | Su\u0146u \u0161kirnes - \u012aru rudi baltais seters<\/title>\n<meta name=\"robots\" content=\"index, follow, max-snippet:-1, max-image-preview:large, max-video-preview:-1\" \/>\n<link rel=\"canonical\" href=\"https:\/\/www.whisker.lv\/sunu-skirnes\/iru-rudi-baltais-seters\/\" \/>\n<meta property=\"og:locale\" content=\"en_US\" \/>\n<meta property=\"og:type\" content=\"article\" \/>\n<meta property=\"og:title\" content=\"\u012aru rudi baltais seters - Whisker\" \/>\n<meta property=\"og:url\" content=\"https:\/\/www.whisker.lv\/sunu-skirnes\/iru-rudi-baltais-seters\/\" \/>\n<meta property=\"og:site_name\" content=\"Whisker\" \/>\n<meta property=\"article:publisher\" content=\"https:\/\/www.facebook.com\/whisker.lv\/\" \/>\n<meta property=\"article:modified_time\" content=\"2019-04-03T20:36:46+00:00\" \/>\n<meta name=\"twitter:card\" content=\"summary_large_image\" \/>\n<meta name=\"twitter:label1\" content=\"Est. reading time\" \/>\n\t<meta name=\"twitter:data1\" content=\"1 minute\" \/>\n<script type=\"application\/ld+json\" class=\"yoast-schema-graph\">{\"@context\":\"https:\/\/schema.org\",\"@graph\":[{\"@type\":\"WebPage\",\"@id\":\"https:\/\/www.whisker.lv\/sunu-skirnes\/iru-rudi-baltais-seters\/\",\"url\":\"https:\/\/www.whisker.lv\/sunu-skirnes\/iru-rudi-baltais-seters\/\",\"name\":\"\u012aru rudi baltais seters - Whisker.lv | Su\u0146u \u0161kirnes - \u012aru rudi baltais seters\",\"isPartOf\":{\"@id\":\"https:\/\/www.whisker.lv\/#website\"},\"datePublished\":\"2019-03-15T03:36:06+00:00\",\"dateModified\":\"2019-04-03T20:36:46+00:00\",\"description\":\"\u012aru rudi baltais seters - t\u0101 smalkais, garais ka\u017eoks parasti ir plankumains, pamattonis ir balts, bet plankumi \u2013 rudi. Viet\u0101m ka\u017eoks ir l\u0101sumains.\",\"breadcrumb\":{\"@id\":\"https:\/\/www.whisker.lv\/sunu-skirnes\/iru-rudi-baltais-seters\/#breadcrumb\"},\"inLanguage\":\"en-US\",\"potentialAction\":[{\"@type\":\"ReadAction\",\"target\":[\"https:\/\/www.whisker.lv\/sunu-skirnes\/iru-rudi-baltais-seters\/\"]}]},{\"@type\":\"BreadcrumbList\",\"@id\":\"https:\/\/www.whisker.lv\/sunu-skirnes\/iru-rudi-baltais-seters\/#breadcrumb\",\"itemListElement\":[{\"@type\":\"ListItem\",\"position\":1,\"name\":\"S\u0101kums\",\"item\":\"https:\/\/www.whisker.lv\/\"},{\"@type\":\"ListItem\",\"position\":2,\"name\":\"Su\u0146u \u0161\u0137irnes\",\"item\":\"https:\/\/www.whisker.lv\/sunu-skirnes\/\"},{\"@type\":\"ListItem\",\"position\":3,\"name\":\"\u012aru rudi baltais seters\"}]},{\"@type\":\"WebSite\",\"@id\":\"https:\/\/www.whisker.lv\/#website\",\"url\":\"https:\/\/www.whisker.lv\/\",\"name\":\"Whisker\",\"description\":\"Tavs pal\u012bgs m\u0101jdzivnieku pieskat\u012b\u0161an\u0101\",\"potentialAction\":[{\"@type\":\"SearchAction\",\"target\":{\"@type\":\"EntryPoint\",\"urlTemplate\":\"https:\/\/www.whisker.lv\/?s={search_term_string}\"},\"query-input\":\"required name=search_term_string\"}],\"inLanguage\":\"en-US\"}]}<\/script>\n<!-- \/ Yoast SEO plugin. -->","yoast_head_json":{"title":"\u012aru rudi baltais seters - Whisker.lv | Su\u0146u \u0161kirnes - \u012aru rudi baltais seters","robots":{"index":"index","follow":"follow","max-snippet":"max-snippet:-1","max-image-preview":"max-image-preview:large","max-video-preview":"max-video-preview:-1"},"canonical":"https:\/\/www.whisker.lv\/sunu-skirnes\/iru-rudi-baltais-seters\/","og_locale":"en_US","og_type":"article","og_title":"\u012aru rudi baltais seters - Whisker","og_url":"https:\/\/www.whisker.lv\/sunu-skirnes\/iru-rudi-baltais-seters\/","og_site_name":"Whisker","article_publisher":"https:\/\/www.facebook.com\/whisker.lv\/","article_modified_time":"2019-04-03T20:36:46+00:00","twitter_card":"summary_large_image","twitter_misc":{"Est. reading time":"1 minute"},"schema":{"@context":"https:\/\/schema.org","@graph":[{"@type":"WebPage","@id":"https:\/\/www.whisker.lv\/sunu-skirnes\/iru-rudi-baltais-seters\/","url":"https:\/\/www.whisker.lv\/sunu-skirnes\/iru-rudi-baltais-seters\/","name":"\u012aru rudi baltais seters - Whisker.lv | Su\u0146u \u0161kirnes - \u012aru rudi baltais seters","isPartOf":{"@id":"https:\/\/www.whisker.lv\/#website"},"datePublished":"2019-03-15T03:36:06+00:00","dateModified":"2019-04-03T20:36:46+00:00","description":"\u012aru rudi baltais seters - t\u0101 smalkais, garais ka\u017eoks parasti ir plankumains, pamattonis ir balts, bet plankumi \u2013 rudi. Viet\u0101m ka\u017eoks ir l\u0101sumains.","breadcrumb":{"@id":"https:\/\/www.whisker.lv\/sunu-skirnes\/iru-rudi-baltais-seters\/#breadcrumb"},"inLanguage":"en-US","potentialAction":[{"@type":"ReadAction","target":["https:\/\/www.whisker.lv\/sunu-skirnes\/iru-rudi-baltais-seters\/"]}]},{"@type":"BreadcrumbList","@id":"https:\/\/www.whisker.lv\/sunu-skirnes\/iru-rudi-baltais-seters\/#breadcrumb","itemListElement":[{"@type":"ListItem","position":1,"name":"S\u0101kums","item":"https:\/\/www.whisker.lv\/"},{"@type":"ListItem","position":2,"name":"Su\u0146u \u0161\u0137irnes","item":"https:\/\/www.whisker.lv\/sunu-skirnes\/"},{"@type":"ListItem","position":3,"name":"\u012aru rudi baltais seters"}]},{"@type":"WebSite","@id":"https:\/\/www.whisker.lv\/#website","url":"https:\/\/www.whisker.lv\/","name":"Whisker","description":"Tavs pal\u012bgs m\u0101jdzivnieku pieskat\u012b\u0161an\u0101","potentialAction":[{"@type":"SearchAction","target":{"@type":"EntryPoint","urlTemplate":"https:\/\/www.whisker.lv\/?s={search_term_string}"},"query-input":"required name=search_term_string"}],"inLanguage":"en-US"}]}},"_links":{"self":[{"href":"https:\/\/www.whisker.lv\/en\/wp-json\/wp\/v2\/pages\/9527"}],"collection":[{"href":"https:\/\/www.whisker.lv\/en\/wp-json\/wp\/v2\/pages"}],"about":[{"href":"https:\/\/www.whisker.lv\/en\/wp-json\/wp\/v2\/types\/page"}],"author":[{"embeddable":true,"href":"https:\/\/www.whisker.lv\/en\/wp-json\/wp\/v2\/users\/1"}],"replies":[{"embeddable":true,"href":"https:\/\/www.whisker.lv\/en\/wp-json\/wp\/v2\/comments?post=9527"}],"version-history":[{"count":3,"href":"https:\/\/www.whisker.lv\/en\/wp-json\/wp\/v2\/pages\/9527\/revisions"}],"predecessor-version":[{"id":9531,"href":"https:\/\/www.whisker.lv\/en\/wp-json\/wp\/v2\/pages\/9527\/revisions\/9531"}],"up":[{"embeddable":true,"href":"https:\/\/www.whisker.lv\/en\/wp-json\/wp\/v2\/pages\/8016"}],"wp:attachment":[{"href":"https:\/\/www.whisker.lv\/en\/wp-json\/wp\/v2\/media?parent=9527"}],"curies":[{"name":"wp","href":"https:\/\/api.w.org\/{rel}","templated":true}]}}