



{"id":9549,"date":"2019-03-15T05:59:16","date_gmt":"2019-03-15T03:59:16","guid":{"rendered":"https:\/\/www.whisker.lv\/?page_id=9549"},"modified":"2019-04-03T22:34:43","modified_gmt":"2019-04-03T20:34:43","slug":"havanas-bisons","status":"publish","type":"page","link":"https:\/\/www.whisker.lv\/en\/sunu-skirnes\/havanas-bisons\/","title":{"rendered":"Havanas bi\u0161ons"},"content":{"rendered":"[vc_row][vc_column][vc_text_separator title=&#8221;Havanas bi\u0161ons&#8221; border_width=&#8221;8&#8243;][\/vc_column][\/vc_row][vc_row][vc_column width=&#8221;1\/2&#8243;][vc_single_image image=&#8221;8137&#8243; img_size=&#8221;large&#8221; alignment=&#8221;center&#8221; style=&#8221;vc_box_rounded&#8221;][\/vc_column][vc_column width=&#8221;1\/2&#8243;][vc_column_text]<span style=\"color: #000000;\"><strong>Dzimtene:<\/strong> Kuba<\/span><\/p>\n<p><span style=\"color: #000000;\"><strong>Funkcija:<\/strong> pavadonis<\/span><\/p>\n<p><span style=\"color: #000000;\"><strong>Izcel\u0161an\u0101s:<\/strong>\u00a0ap 1700. g.<\/span><\/p>\n<p><span style=\"color: #000000;\"><strong>Skausta augstums:<\/strong> 20-28 cm<\/span><\/p>\n<p><span style=\"color: #000000;\"><strong>Masa:<\/strong> 3-6 kg<\/span><\/p>\n<p><span style=\"color: #000000;\"><strong>Raksturs:<\/strong> atsauc\u012bgs, draudz\u012bgs<\/span><\/p>\n<p><span style=\"color: #000000;\"><strong>Dz\u012bves ilgums:<\/strong> 14-16 gadi<\/span>[\/vc_column_text][\/vc_column][\/vc_row][vc_row][vc_column][vc_column_text]<span style=\"color: #000000;\">\u0160is suns ir c\u0113lies no bi\u0161oniem (z\u012bda sun\u012b\u0161iem) un ir radniec\u012bgs bi\u0161ona friz\u0113 \u0161\u0137irnei. Vi\u0146am ir biezs, kupls ka\u017eoks, kas parasti m\u0113dz b\u016bt da\u017e\u0101d\u0101s kr\u0101s\u0101s vai divu un tr\u012bs kr\u0101su sajaukumos.<\/span><\/p>\n<p><span style=\"color: #000000;\"><strong>V\u0113sture.<\/strong> Dom\u0101jams, ka \u0161os su\u0146us no Kan\u0101riju sal\u0101m uz Kubu atvedu\u0161i j\u016brnieki.<\/span><\/p>\n<p><span style=\"color: #000000;\"><strong>Piez\u012bme.<\/strong> \u0160\u012b \u0161\u0137irne k\u013c\u016bst arvien popul\u0101r\u0101ka ASV.<\/span>[\/vc_column_text][\/vc_column][\/vc_row]\n","protected":false},"excerpt":{"rendered":"<p>[vc_row][vc_column][vc_text_separator title=&#8221;Havanas bi\u0161ons&#8221; border_width=&#8221;8&#8243;][\/vc_column][\/vc_row][vc_row][vc_column width=&#8221;1\/2&#8243;][vc_single_image image=&#8221;8137&#8243; img_size=&#8221;large&#8221; alignment=&#8221;center&#8221; style=&#8221;vc_box_rounded&#8221;][\/vc_column][vc_column width=&#8221;1\/2&#8243;][vc_column_text]Dzimtene: Kuba Funkcija: pavadonis Izcel\u0161an\u0101s:\u00a0ap 1700. g. Skausta augstums: 20-28 cm Masa: 3-6 kg Raksturs: atsauc\u012bgs, draudz\u012bgs Dz\u012bves ilgums: 14-16 gadi[\/vc_column_text][\/vc_column][\/vc_row][vc_row][vc_column][vc_column_text]\u0160is suns ir c\u0113lies no bi\u0161oniem (z\u012bda sun\u012b\u0161iem) un ir radniec\u012bgs bi\u0161ona friz\u0113 \u0161\u0137irnei. Vi\u0146am ir biezs, kupls ka\u017eoks, kas parasti m\u0113dz b\u016bt da\u017e\u0101d\u0101s kr\u0101s\u0101s vai [&hellip;]<\/p>\n","protected":false},"author":1,"featured_media":0,"parent":8016,"menu_order":0,"comment_status":"closed","ping_status":"closed","template":"page-fullwidth.php","meta":{"_acf_changed":false,"_glsr_average":0,"_glsr_ranking":0,"_glsr_reviews":0,"footnotes":""},"translation":{"provider":"WPGlobus","version":"2.12.2","language":"en","enabled_languages":["lv","en","ru"],"languages":{"lv":{"title":true,"content":true,"excerpt":false},"en":{"title":false,"content":false,"excerpt":false},"ru":{"title":false,"content":false,"excerpt":false}}},"acf":[],"yoast_head":"<!-- This site is optimized with the Yoast SEO plugin v22.5 - https:\/\/yoast.com\/wordpress\/plugins\/seo\/ -->\n<title>Havanas bi\u0161ons - Whisker<\/title>\n<meta name=\"robots\" content=\"index, follow, max-snippet:-1, max-image-preview:large, max-video-preview:-1\" \/>\n<link rel=\"canonical\" href=\"https:\/\/www.whisker.lv\/en\/sunu-skirnes\/havanas-bisons\/\" \/>\n<meta property=\"og:locale\" content=\"en_US\" \/>\n<meta property=\"og:type\" content=\"article\" \/>\n<meta property=\"og:title\" content=\"Havanas bi\u0161ons - Whisker\" \/>\n<meta property=\"og:url\" content=\"https:\/\/www.whisker.lv\/en\/sunu-skirnes\/havanas-bisons\/\" \/>\n<meta property=\"og:site_name\" content=\"Whisker\" \/>\n<meta property=\"article:publisher\" content=\"https:\/\/www.facebook.com\/whisker.lv\/\" \/>\n<meta property=\"article:modified_time\" content=\"2019-04-03T20:34:43+00:00\" \/>\n<meta name=\"twitter:card\" content=\"summary_large_image\" \/>\n<meta name=\"twitter:label1\" content=\"Est. reading time\" \/>\n\t<meta name=\"twitter:data1\" content=\"1 minute\" \/>\n<script type=\"application\/ld+json\" class=\"yoast-schema-graph\">{\"@context\":\"https:\/\/schema.org\",\"@graph\":[{\"@type\":\"WebPage\",\"@id\":\"https:\/\/www.whisker.lv\/en\/sunu-skirnes\/havanas-bisons\/\",\"url\":\"https:\/\/www.whisker.lv\/en\/sunu-skirnes\/havanas-bisons\/\",\"name\":\"Havanas bi\u0161ons - Whisker\",\"isPartOf\":{\"@id\":\"https:\/\/www.whisker.lv\/#website\"},\"datePublished\":\"2019-03-15T03:59:16+00:00\",\"dateModified\":\"2019-04-03T20:34:43+00:00\",\"description\":\"Havanas bi\u0161ons ir radniec\u012bgs bi\u0161ona friz\u0113 \u0161\u0137irnei. Vi\u0146am ir biezs, kupls ka\u017eoks, kas parasti ir sudrabains, zeltains, melns vai kr\u0113mkr\u0101s\u0101.\",\"breadcrumb\":{\"@id\":\"https:\/\/www.whisker.lv\/en\/sunu-skirnes\/havanas-bisons\/#breadcrumb\"},\"inLanguage\":\"en-US\",\"potentialAction\":[{\"@type\":\"ReadAction\",\"target\":[\"https:\/\/www.whisker.lv\/en\/sunu-skirnes\/havanas-bisons\/\"]}]},{\"@type\":\"BreadcrumbList\",\"@id\":\"https:\/\/www.whisker.lv\/en\/sunu-skirnes\/havanas-bisons\/#breadcrumb\",\"itemListElement\":[{\"@type\":\"ListItem\",\"position\":1,\"name\":\"S\u0101kums\",\"item\":\"https:\/\/www.whisker.lv\/\"},{\"@type\":\"ListItem\",\"position\":2,\"name\":\"Su\u0146u \u0161\u0137irnes\",\"item\":\"https:\/\/www.whisker.lv\/sunu-skirnes\/\"},{\"@type\":\"ListItem\",\"position\":3,\"name\":\"Havanas bi\u0161ons\"}]},{\"@type\":\"WebSite\",\"@id\":\"https:\/\/www.whisker.lv\/#website\",\"url\":\"https:\/\/www.whisker.lv\/\",\"name\":\"Whisker\",\"description\":\"Tavs pal\u012bgs m\u0101jdzivnieku pieskat\u012b\u0161an\u0101\",\"potentialAction\":[{\"@type\":\"SearchAction\",\"target\":{\"@type\":\"EntryPoint\",\"urlTemplate\":\"https:\/\/www.whisker.lv\/?s={search_term_string}\"},\"query-input\":\"required name=search_term_string\"}],\"inLanguage\":\"en-US\"}]}<\/script>\n<!-- \/ Yoast SEO plugin. -->","yoast_head_json":{"title":"Havanas bi\u0161ons - Whisker","robots":{"index":"index","follow":"follow","max-snippet":"max-snippet:-1","max-image-preview":"max-image-preview:large","max-video-preview":"max-video-preview:-1"},"canonical":"https:\/\/www.whisker.lv\/en\/sunu-skirnes\/havanas-bisons\/","og_locale":"en_US","og_type":"article","og_title":"Havanas bi\u0161ons - Whisker","og_url":"https:\/\/www.whisker.lv\/en\/sunu-skirnes\/havanas-bisons\/","og_site_name":"Whisker","article_publisher":"https:\/\/www.facebook.com\/whisker.lv\/","article_modified_time":"2019-04-03T20:34:43+00:00","twitter_card":"summary_large_image","twitter_misc":{"Est. reading time":"1 minute"},"schema":{"@context":"https:\/\/schema.org","@graph":[{"@type":"WebPage","@id":"https:\/\/www.whisker.lv\/en\/sunu-skirnes\/havanas-bisons\/","url":"https:\/\/www.whisker.lv\/en\/sunu-skirnes\/havanas-bisons\/","name":"Havanas bi\u0161ons - Whisker","isPartOf":{"@id":"https:\/\/www.whisker.lv\/#website"},"datePublished":"2019-03-15T03:59:16+00:00","dateModified":"2019-04-03T20:34:43+00:00","description":"Havanas bi\u0161ons ir radniec\u012bgs bi\u0161ona friz\u0113 \u0161\u0137irnei. Vi\u0146am ir biezs, kupls ka\u017eoks, kas parasti ir sudrabains, zeltains, melns vai kr\u0113mkr\u0101s\u0101.","breadcrumb":{"@id":"https:\/\/www.whisker.lv\/en\/sunu-skirnes\/havanas-bisons\/#breadcrumb"},"inLanguage":"en-US","potentialAction":[{"@type":"ReadAction","target":["https:\/\/www.whisker.lv\/en\/sunu-skirnes\/havanas-bisons\/"]}]},{"@type":"BreadcrumbList","@id":"https:\/\/www.whisker.lv\/en\/sunu-skirnes\/havanas-bisons\/#breadcrumb","itemListElement":[{"@type":"ListItem","position":1,"name":"S\u0101kums","item":"https:\/\/www.whisker.lv\/"},{"@type":"ListItem","position":2,"name":"Su\u0146u \u0161\u0137irnes","item":"https:\/\/www.whisker.lv\/sunu-skirnes\/"},{"@type":"ListItem","position":3,"name":"Havanas bi\u0161ons"}]},{"@type":"WebSite","@id":"https:\/\/www.whisker.lv\/#website","url":"https:\/\/www.whisker.lv\/","name":"Whisker","description":"Tavs pal\u012bgs m\u0101jdzivnieku pieskat\u012b\u0161an\u0101","potentialAction":[{"@type":"SearchAction","target":{"@type":"EntryPoint","urlTemplate":"https:\/\/www.whisker.lv\/?s={search_term_string}"},"query-input":"required name=search_term_string"}],"inLanguage":"en-US"}]}},"_links":{"self":[{"href":"https:\/\/www.whisker.lv\/en\/wp-json\/wp\/v2\/pages\/9549"}],"collection":[{"href":"https:\/\/www.whisker.lv\/en\/wp-json\/wp\/v2\/pages"}],"about":[{"href":"https:\/\/www.whisker.lv\/en\/wp-json\/wp\/v2\/types\/page"}],"author":[{"embeddable":true,"href":"https:\/\/www.whisker.lv\/en\/wp-json\/wp\/v2\/users\/1"}],"replies":[{"embeddable":true,"href":"https:\/\/www.whisker.lv\/en\/wp-json\/wp\/v2\/comments?post=9549"}],"version-history":[{"count":6,"href":"https:\/\/www.whisker.lv\/en\/wp-json\/wp\/v2\/pages\/9549\/revisions"}],"predecessor-version":[{"id":11170,"href":"https:\/\/www.whisker.lv\/en\/wp-json\/wp\/v2\/pages\/9549\/revisions\/11170"}],"up":[{"embeddable":true,"href":"https:\/\/www.whisker.lv\/en\/wp-json\/wp\/v2\/pages\/8016"}],"wp:attachment":[{"href":"https:\/\/www.whisker.lv\/en\/wp-json\/wp\/v2\/media?parent=9549"}],"curies":[{"name":"wp","href":"https:\/\/api.w.org\/{rel}","templated":true}]}}