



{"id":9603,"date":"2019-03-15T08:40:40","date_gmt":"2019-03-15T06:40:40","guid":{"rendered":"https:\/\/www.whisker.lv\/?page_id=9603"},"modified":"2019-04-03T22:29:31","modified_gmt":"2019-04-03T20:29:31","slug":"foksterjers","status":"publish","type":"page","link":"https:\/\/www.whisker.lv\/en\/sunu-skirnes\/foksterjers\/","title":{"rendered":"Foksterjers"},"content":{"rendered":"[vc_row][vc_column][vc_text_separator title=&#8221;Foksterjers&#8221; border_width=&#8221;8&#8243;][\/vc_column][\/vc_row][vc_row][vc_column width=&#8221;1\/2&#8243;][vc_single_image image=&#8221;9602&#8243; img_size=&#8221;full&#8221; alignment=&#8221;center&#8221; style=&#8221;vc_box_rounded&#8221;][\/vc_column][vc_column width=&#8221;1\/2&#8243;][vc_column_text]<span style=\"color: #000000;\"><strong>Dzimtene:<\/strong> Lielbrit\u0101nija<\/span><\/p>\n<p><span style=\"color: #000000;\"><strong>Funkcija:<\/strong> lapsu dzin\u0113js<\/span><\/p>\n<p><span style=\"color: #000000;\"><strong>Izcel\u0161an\u0101s:<\/strong> ap 1700. g.<\/span><\/p>\n<p><span style=\"color: #000000;\"><strong>Skausta augstums:<\/strong> 39 cm<\/span><\/p>\n<p><span style=\"color: #000000;\"><strong>Masa:<\/strong> 7-8 kg<\/span><\/p>\n<p><span style=\"color: #000000;\"><strong>Raksturs:<\/strong> modrs, l\u012bdzsvarots<\/span><\/p>\n<p><span style=\"color: #000000;\"><strong>Dz\u012bves ilgums:<\/strong> 12-15 gadi<\/span>[\/vc_column_text][\/vc_column][\/vc_row][vc_row][vc_column][vc_column_text]<span style=\"color: #000000;\">Gludspalvainajam foksterjeram l\u012bdz\u012bgi k\u0101 asspalvain\u0101 foksterjera apmatojums ir ass un bl\u012bvs, bez nevienas sprodzi\u0146as. Ka\u017eokam ir akomati un m\u012bksta pavilna.<\/span><\/p>\n<p><span style=\"color: #000000;\"><strong>V\u0113sture.<\/strong> Viens no asspalvain\u0101 foksterjera priek\u0161te\u010diem ir asspalvainais terjers.<\/span><\/p>\n<p><span style=\"color: #000000;\"><strong>Piez\u012bme.<\/strong> Su\u0146a ka\u017eoka sagatavo\u0161ana atbilsto\u0161i izst\u0101des reglamentam prasa daudz p\u016b\u013cu.<\/span><\/p>\n<p><span style=\"color: #000000;\"><strong>Otrs nosaukums.<\/strong> Asspalvainais foksterjers.<\/span>[\/vc_column_text][\/vc_column][\/vc_row]\n","protected":false},"excerpt":{"rendered":"<p>[vc_row][vc_column][vc_text_separator title=&#8221;Foksterjers&#8221; border_width=&#8221;8&#8243;][\/vc_column][\/vc_row][vc_row][vc_column width=&#8221;1\/2&#8243;][vc_single_image image=&#8221;9602&#8243; img_size=&#8221;full&#8221; alignment=&#8221;center&#8221; style=&#8221;vc_box_rounded&#8221;][\/vc_column][vc_column width=&#8221;1\/2&#8243;][vc_column_text]Dzimtene: Lielbrit\u0101nija Funkcija: lapsu dzin\u0113js Izcel\u0161an\u0101s: ap 1700. g. Skausta augstums: 39 cm Masa: 7-8 kg Raksturs: modrs, l\u012bdzsvarots Dz\u012bves ilgums: 12-15 gadi[\/vc_column_text][\/vc_column][\/vc_row][vc_row][vc_column][vc_column_text]Gludspalvainajam foksterjeram l\u012bdz\u012bgi k\u0101 asspalvain\u0101 foksterjera apmatojums ir ass un bl\u012bvs, bez nevienas sprodzi\u0146as. Ka\u017eokam ir akomati un m\u012bksta pavilna. V\u0113sture. Viens no asspalvain\u0101 foksterjera [&hellip;]<\/p>\n","protected":false},"author":1,"featured_media":0,"parent":8016,"menu_order":0,"comment_status":"closed","ping_status":"closed","template":"page-fullwidth.php","meta":{"_acf_changed":false,"_glsr_average":0,"_glsr_ranking":0,"_glsr_reviews":0,"footnotes":""},"translation":{"provider":"WPGlobus","version":"2.12.2","language":"en","enabled_languages":["lv","en","ru"],"languages":{"lv":{"title":true,"content":true,"excerpt":false},"en":{"title":false,"content":false,"excerpt":false},"ru":{"title":false,"content":false,"excerpt":false}}},"acf":[],"yoast_head":"<!-- This site is optimized with the Yoast SEO plugin v22.5 - https:\/\/yoast.com\/wordpress\/plugins\/seo\/ -->\n<title>Foksterjers - Whisker .lv | Su\u0146u \u0161\u0137irnes - Foksterjers<\/title>\n<meta name=\"robots\" content=\"index, follow, max-snippet:-1, max-image-preview:large, max-video-preview:-1\" \/>\n<link rel=\"canonical\" href=\"https:\/\/www.whisker.lv\/sunu-skirnes\/foksterjers\/\" \/>\n<meta property=\"og:locale\" content=\"en_US\" \/>\n<meta property=\"og:type\" content=\"article\" \/>\n<meta property=\"og:title\" content=\"Foksterjers - Whisker\" \/>\n<meta property=\"og:url\" content=\"https:\/\/www.whisker.lv\/sunu-skirnes\/foksterjers\/\" \/>\n<meta property=\"og:site_name\" content=\"Whisker\" \/>\n<meta property=\"article:publisher\" content=\"https:\/\/www.facebook.com\/whisker.lv\/\" \/>\n<meta property=\"article:modified_time\" content=\"2019-04-03T20:29:31+00:00\" \/>\n<meta name=\"twitter:card\" content=\"summary_large_image\" \/>\n<meta name=\"twitter:label1\" content=\"Est. reading time\" \/>\n\t<meta name=\"twitter:data1\" content=\"1 minute\" \/>\n<script type=\"application\/ld+json\" class=\"yoast-schema-graph\">{\"@context\":\"https:\/\/schema.org\",\"@graph\":[{\"@type\":\"WebPage\",\"@id\":\"https:\/\/www.whisker.lv\/sunu-skirnes\/foksterjers\/\",\"url\":\"https:\/\/www.whisker.lv\/sunu-skirnes\/foksterjers\/\",\"name\":\"Foksterjers - Whisker .lv | Su\u0146u \u0161\u0137irnes - Foksterjers\",\"isPartOf\":{\"@id\":\"https:\/\/www.whisker.lv\/#website\"},\"datePublished\":\"2019-03-15T06:40:40+00:00\",\"dateModified\":\"2019-04-03T20:29:31+00:00\",\"description\":\"Foksterjers - \u0161\u012b asspalvain\u0101 terjers apmatojums ir ass un bl\u012bvs, bez nevienas sprodzi\u0146as. Ka\u017eokam ir akomati un m\u012bksta pavilna.\",\"breadcrumb\":{\"@id\":\"https:\/\/www.whisker.lv\/sunu-skirnes\/foksterjers\/#breadcrumb\"},\"inLanguage\":\"en-US\",\"potentialAction\":[{\"@type\":\"ReadAction\",\"target\":[\"https:\/\/www.whisker.lv\/sunu-skirnes\/foksterjers\/\"]}]},{\"@type\":\"BreadcrumbList\",\"@id\":\"https:\/\/www.whisker.lv\/sunu-skirnes\/foksterjers\/#breadcrumb\",\"itemListElement\":[{\"@type\":\"ListItem\",\"position\":1,\"name\":\"S\u0101kums\",\"item\":\"https:\/\/www.whisker.lv\/\"},{\"@type\":\"ListItem\",\"position\":2,\"name\":\"Su\u0146u \u0161\u0137irnes\",\"item\":\"https:\/\/www.whisker.lv\/sunu-skirnes\/\"},{\"@type\":\"ListItem\",\"position\":3,\"name\":\"Foksterjers\"}]},{\"@type\":\"WebSite\",\"@id\":\"https:\/\/www.whisker.lv\/#website\",\"url\":\"https:\/\/www.whisker.lv\/\",\"name\":\"Whisker\",\"description\":\"Tavs pal\u012bgs m\u0101jdzivnieku pieskat\u012b\u0161an\u0101\",\"potentialAction\":[{\"@type\":\"SearchAction\",\"target\":{\"@type\":\"EntryPoint\",\"urlTemplate\":\"https:\/\/www.whisker.lv\/?s={search_term_string}\"},\"query-input\":\"required name=search_term_string\"}],\"inLanguage\":\"en-US\"}]}<\/script>\n<!-- \/ Yoast SEO plugin. -->","yoast_head_json":{"title":"Foksterjers - Whisker .lv | Su\u0146u \u0161\u0137irnes - Foksterjers","robots":{"index":"index","follow":"follow","max-snippet":"max-snippet:-1","max-image-preview":"max-image-preview:large","max-video-preview":"max-video-preview:-1"},"canonical":"https:\/\/www.whisker.lv\/sunu-skirnes\/foksterjers\/","og_locale":"en_US","og_type":"article","og_title":"Foksterjers - Whisker","og_url":"https:\/\/www.whisker.lv\/sunu-skirnes\/foksterjers\/","og_site_name":"Whisker","article_publisher":"https:\/\/www.facebook.com\/whisker.lv\/","article_modified_time":"2019-04-03T20:29:31+00:00","twitter_card":"summary_large_image","twitter_misc":{"Est. reading time":"1 minute"},"schema":{"@context":"https:\/\/schema.org","@graph":[{"@type":"WebPage","@id":"https:\/\/www.whisker.lv\/sunu-skirnes\/foksterjers\/","url":"https:\/\/www.whisker.lv\/sunu-skirnes\/foksterjers\/","name":"Foksterjers - Whisker .lv | Su\u0146u \u0161\u0137irnes - Foksterjers","isPartOf":{"@id":"https:\/\/www.whisker.lv\/#website"},"datePublished":"2019-03-15T06:40:40+00:00","dateModified":"2019-04-03T20:29:31+00:00","description":"Foksterjers - \u0161\u012b asspalvain\u0101 terjers apmatojums ir ass un bl\u012bvs, bez nevienas sprodzi\u0146as. Ka\u017eokam ir akomati un m\u012bksta pavilna.","breadcrumb":{"@id":"https:\/\/www.whisker.lv\/sunu-skirnes\/foksterjers\/#breadcrumb"},"inLanguage":"en-US","potentialAction":[{"@type":"ReadAction","target":["https:\/\/www.whisker.lv\/sunu-skirnes\/foksterjers\/"]}]},{"@type":"BreadcrumbList","@id":"https:\/\/www.whisker.lv\/sunu-skirnes\/foksterjers\/#breadcrumb","itemListElement":[{"@type":"ListItem","position":1,"name":"S\u0101kums","item":"https:\/\/www.whisker.lv\/"},{"@type":"ListItem","position":2,"name":"Su\u0146u \u0161\u0137irnes","item":"https:\/\/www.whisker.lv\/sunu-skirnes\/"},{"@type":"ListItem","position":3,"name":"Foksterjers"}]},{"@type":"WebSite","@id":"https:\/\/www.whisker.lv\/#website","url":"https:\/\/www.whisker.lv\/","name":"Whisker","description":"Tavs pal\u012bgs m\u0101jdzivnieku pieskat\u012b\u0161an\u0101","potentialAction":[{"@type":"SearchAction","target":{"@type":"EntryPoint","urlTemplate":"https:\/\/www.whisker.lv\/?s={search_term_string}"},"query-input":"required name=search_term_string"}],"inLanguage":"en-US"}]}},"_links":{"self":[{"href":"https:\/\/www.whisker.lv\/en\/wp-json\/wp\/v2\/pages\/9603"}],"collection":[{"href":"https:\/\/www.whisker.lv\/en\/wp-json\/wp\/v2\/pages"}],"about":[{"href":"https:\/\/www.whisker.lv\/en\/wp-json\/wp\/v2\/types\/page"}],"author":[{"embeddable":true,"href":"https:\/\/www.whisker.lv\/en\/wp-json\/wp\/v2\/users\/1"}],"replies":[{"embeddable":true,"href":"https:\/\/www.whisker.lv\/en\/wp-json\/wp\/v2\/comments?post=9603"}],"version-history":[{"count":3,"href":"https:\/\/www.whisker.lv\/en\/wp-json\/wp\/v2\/pages\/9603\/revisions"}],"predecessor-version":[{"id":9607,"href":"https:\/\/www.whisker.lv\/en\/wp-json\/wp\/v2\/pages\/9603\/revisions\/9607"}],"up":[{"embeddable":true,"href":"https:\/\/www.whisker.lv\/en\/wp-json\/wp\/v2\/pages\/8016"}],"wp:attachment":[{"href":"https:\/\/www.whisker.lv\/en\/wp-json\/wp\/v2\/media?parent=9603"}],"curies":[{"name":"wp","href":"https:\/\/api.w.org\/{rel}","templated":true}]}}