



{"id":9636,"date":"2019-03-15T19:54:22","date_gmt":"2019-03-15T17:54:22","guid":{"rendered":"https:\/\/www.whisker.lv\/?page_id=9636"},"modified":"2019-04-03T22:27:19","modified_gmt":"2019-04-03T20:27:19","slug":"erdelterjers","status":"publish","type":"page","link":"https:\/\/www.whisker.lv\/en\/sunu-skirnes\/erdelterjers\/","title":{"rendered":"Erdelterjers"},"content":{"rendered":"[vc_row][vc_column][vc_text_separator title=&#8221;Erdelterjers&#8221; border_width=&#8221;8&#8243;][\/vc_column][\/vc_row][vc_row][vc_column width=&#8221;1\/2&#8243;][vc_single_image image=&#8221;9638&#8243; img_size=&#8221;full&#8221; alignment=&#8221;center&#8221; style=&#8221;vc_box_rounded&#8221;][\/vc_column][vc_column width=&#8221;1\/2&#8243;][vc_column_text]<span style=\"color: #000000;\"><strong>Dzimtene:<\/strong> Lielbrit\u0101nija<\/span><\/p>\n<p><span style=\"color: #000000;\"><strong>Funkcija:<\/strong> \u0101p\u0161u un \u016bdru dzin\u0113js<\/span><\/p>\n<p><span style=\"color: #000000;\"><strong>Izcel\u0161an\u0101s:<\/strong> ap 1800. g.<\/span><\/p>\n<p><span style=\"color: #000000;\"><strong>Skausta augstums:<\/strong> 56-61 cm<\/span><\/p>\n<p><span style=\"color: #000000;\"><strong>Masa:<\/strong> 20-23 kg<\/span><\/p>\n<p><span style=\"color: #000000;\"><strong>Raksturs:<\/strong> inteli\u0123ents, ar atbild\u012bbas izj\u016btu<\/span><\/p>\n<p><span style=\"color: #000000;\"><strong>Dz\u012bves ilgums:<\/strong> 11-14 gadi<\/span>[\/vc_column_text][\/vc_column][\/vc_row][vc_row][vc_column][vc_column_text]<span style=\"color: #000000;\">Liel\u0101kais no terjeriem. Su\u0146a apmatojums ir biezs, vi\u013c\u0146ains un \u016bdensnecaurlaid\u012bgs, parasti r\u016bsgan\u0101 kr\u0101s\u0101 ar melnu l\u0101sojumu.<\/span><\/p>\n<p><span style=\"color: #000000;\"><strong>V\u0113sture.<\/strong> \u0160\u0137irne izveidota Anglij\u0101, Jork\u0161\u012bras dienvidda\u013c\u0101, krustojot vair\u0101ku \u0161\u0137ir\u0146u terjerus un \u016bdru dzin\u0113jsuni.<\/span><\/p>\n<p><span style=\"color: #000000;\"><strong>Piez\u012bme.<\/strong> Divreiz gad\u0101, kad erdelterjeriem main\u0101s apmatojums, tas ir j\u0101trimm\u0113.<\/span><\/p>\n<p><span style=\"color: #000000;\"><strong>Citi nosaukumi.<\/strong> Votersaida terjers, bingli terjers.<\/span>[\/vc_column_text][\/vc_column][\/vc_row]\n","protected":false},"excerpt":{"rendered":"<p>[vc_row][vc_column][vc_text_separator title=&#8221;Erdelterjers&#8221; border_width=&#8221;8&#8243;][\/vc_column][\/vc_row][vc_row][vc_column width=&#8221;1\/2&#8243;][vc_single_image image=&#8221;9638&#8243; img_size=&#8221;full&#8221; alignment=&#8221;center&#8221; style=&#8221;vc_box_rounded&#8221;][\/vc_column][vc_column width=&#8221;1\/2&#8243;][vc_column_text]Dzimtene: Lielbrit\u0101nija Funkcija: \u0101p\u0161u un \u016bdru dzin\u0113js Izcel\u0161an\u0101s: ap 1800. g. Skausta augstums: 56-61 cm Masa: 20-23 kg Raksturs: inteli\u0123ents, ar atbild\u012bbas izj\u016btu Dz\u012bves ilgums: 11-14 gadi[\/vc_column_text][\/vc_column][\/vc_row][vc_row][vc_column][vc_column_text]Liel\u0101kais no terjeriem. Su\u0146a apmatojums ir biezs, vi\u013c\u0146ains un \u016bdensnecaurlaid\u012bgs, parasti r\u016bsgan\u0101 kr\u0101s\u0101 ar melnu l\u0101sojumu. V\u0113sture. \u0160\u0137irne izveidota Anglij\u0101, Jork\u0161\u012bras [&hellip;]<\/p>\n","protected":false},"author":1,"featured_media":0,"parent":8016,"menu_order":0,"comment_status":"closed","ping_status":"closed","template":"page-fullwidth.php","meta":{"_acf_changed":false,"_glsr_average":0,"_glsr_ranking":0,"_glsr_reviews":0,"footnotes":""},"translation":{"provider":"WPGlobus","version":"2.12.2","language":"en","enabled_languages":["lv","en","ru"],"languages":{"lv":{"title":true,"content":true,"excerpt":false},"en":{"title":false,"content":false,"excerpt":false},"ru":{"title":false,"content":false,"excerpt":false}}},"acf":[],"yoast_head":"<!-- This site is optimized with the Yoast SEO plugin v22.5 - https:\/\/yoast.com\/wordpress\/plugins\/seo\/ -->\n<title>Erdelterjers - Whisker.lv | Su\u0146u \u0161\u0137irnes - Erdelterjers<\/title>\n<meta name=\"robots\" content=\"index, follow, max-snippet:-1, max-image-preview:large, max-video-preview:-1\" \/>\n<link rel=\"canonical\" href=\"https:\/\/www.whisker.lv\/sunu-skirnes\/erdelterjers\/\" \/>\n<meta property=\"og:locale\" content=\"en_US\" \/>\n<meta property=\"og:type\" content=\"article\" \/>\n<meta property=\"og:title\" content=\"Erdelterjers - Whisker\" \/>\n<meta property=\"og:url\" content=\"https:\/\/www.whisker.lv\/sunu-skirnes\/erdelterjers\/\" \/>\n<meta property=\"og:site_name\" content=\"Whisker\" \/>\n<meta property=\"article:publisher\" content=\"https:\/\/www.facebook.com\/whisker.lv\/\" \/>\n<meta property=\"article:modified_time\" content=\"2019-04-03T20:27:19+00:00\" \/>\n<meta name=\"twitter:card\" content=\"summary_large_image\" \/>\n<meta name=\"twitter:label1\" content=\"Est. reading time\" \/>\n\t<meta name=\"twitter:data1\" content=\"1 minute\" \/>\n<script type=\"application\/ld+json\" class=\"yoast-schema-graph\">{\"@context\":\"https:\/\/schema.org\",\"@graph\":[{\"@type\":\"WebPage\",\"@id\":\"https:\/\/www.whisker.lv\/sunu-skirnes\/erdelterjers\/\",\"url\":\"https:\/\/www.whisker.lv\/sunu-skirnes\/erdelterjers\/\",\"name\":\"Erdelterjers - Whisker.lv | Su\u0146u \u0161\u0137irnes - Erdelterjers\",\"isPartOf\":{\"@id\":\"https:\/\/www.whisker.lv\/#website\"},\"datePublished\":\"2019-03-15T17:54:22+00:00\",\"dateModified\":\"2019-04-03T20:27:19+00:00\",\"description\":\"Erdelterjers - liel\u0101kais no terjeriem. Su\u0146a apmatojums ir biezs, vi\u013c\u0146ains un \u016bdensnecaurlaid\u012bgs, parasti r\u016bsgan\u0101 kr\u0101s\u0101 ar melnu l\u0101sojumu.\",\"breadcrumb\":{\"@id\":\"https:\/\/www.whisker.lv\/sunu-skirnes\/erdelterjers\/#breadcrumb\"},\"inLanguage\":\"en-US\",\"potentialAction\":[{\"@type\":\"ReadAction\",\"target\":[\"https:\/\/www.whisker.lv\/sunu-skirnes\/erdelterjers\/\"]}]},{\"@type\":\"BreadcrumbList\",\"@id\":\"https:\/\/www.whisker.lv\/sunu-skirnes\/erdelterjers\/#breadcrumb\",\"itemListElement\":[{\"@type\":\"ListItem\",\"position\":1,\"name\":\"S\u0101kums\",\"item\":\"https:\/\/www.whisker.lv\/\"},{\"@type\":\"ListItem\",\"position\":2,\"name\":\"Su\u0146u \u0161\u0137irnes\",\"item\":\"https:\/\/www.whisker.lv\/sunu-skirnes\/\"},{\"@type\":\"ListItem\",\"position\":3,\"name\":\"Erdelterjers\"}]},{\"@type\":\"WebSite\",\"@id\":\"https:\/\/www.whisker.lv\/#website\",\"url\":\"https:\/\/www.whisker.lv\/\",\"name\":\"Whisker\",\"description\":\"Tavs pal\u012bgs m\u0101jdzivnieku pieskat\u012b\u0161an\u0101\",\"potentialAction\":[{\"@type\":\"SearchAction\",\"target\":{\"@type\":\"EntryPoint\",\"urlTemplate\":\"https:\/\/www.whisker.lv\/?s={search_term_string}\"},\"query-input\":\"required name=search_term_string\"}],\"inLanguage\":\"en-US\"}]}<\/script>\n<!-- \/ Yoast SEO plugin. -->","yoast_head_json":{"title":"Erdelterjers - Whisker.lv | Su\u0146u \u0161\u0137irnes - Erdelterjers","robots":{"index":"index","follow":"follow","max-snippet":"max-snippet:-1","max-image-preview":"max-image-preview:large","max-video-preview":"max-video-preview:-1"},"canonical":"https:\/\/www.whisker.lv\/sunu-skirnes\/erdelterjers\/","og_locale":"en_US","og_type":"article","og_title":"Erdelterjers - Whisker","og_url":"https:\/\/www.whisker.lv\/sunu-skirnes\/erdelterjers\/","og_site_name":"Whisker","article_publisher":"https:\/\/www.facebook.com\/whisker.lv\/","article_modified_time":"2019-04-03T20:27:19+00:00","twitter_card":"summary_large_image","twitter_misc":{"Est. reading time":"1 minute"},"schema":{"@context":"https:\/\/schema.org","@graph":[{"@type":"WebPage","@id":"https:\/\/www.whisker.lv\/sunu-skirnes\/erdelterjers\/","url":"https:\/\/www.whisker.lv\/sunu-skirnes\/erdelterjers\/","name":"Erdelterjers - Whisker.lv | Su\u0146u \u0161\u0137irnes - Erdelterjers","isPartOf":{"@id":"https:\/\/www.whisker.lv\/#website"},"datePublished":"2019-03-15T17:54:22+00:00","dateModified":"2019-04-03T20:27:19+00:00","description":"Erdelterjers - liel\u0101kais no terjeriem. Su\u0146a apmatojums ir biezs, vi\u013c\u0146ains un \u016bdensnecaurlaid\u012bgs, parasti r\u016bsgan\u0101 kr\u0101s\u0101 ar melnu l\u0101sojumu.","breadcrumb":{"@id":"https:\/\/www.whisker.lv\/sunu-skirnes\/erdelterjers\/#breadcrumb"},"inLanguage":"en-US","potentialAction":[{"@type":"ReadAction","target":["https:\/\/www.whisker.lv\/sunu-skirnes\/erdelterjers\/"]}]},{"@type":"BreadcrumbList","@id":"https:\/\/www.whisker.lv\/sunu-skirnes\/erdelterjers\/#breadcrumb","itemListElement":[{"@type":"ListItem","position":1,"name":"S\u0101kums","item":"https:\/\/www.whisker.lv\/"},{"@type":"ListItem","position":2,"name":"Su\u0146u \u0161\u0137irnes","item":"https:\/\/www.whisker.lv\/sunu-skirnes\/"},{"@type":"ListItem","position":3,"name":"Erdelterjers"}]},{"@type":"WebSite","@id":"https:\/\/www.whisker.lv\/#website","url":"https:\/\/www.whisker.lv\/","name":"Whisker","description":"Tavs pal\u012bgs m\u0101jdzivnieku pieskat\u012b\u0161an\u0101","potentialAction":[{"@type":"SearchAction","target":{"@type":"EntryPoint","urlTemplate":"https:\/\/www.whisker.lv\/?s={search_term_string}"},"query-input":"required name=search_term_string"}],"inLanguage":"en-US"}]}},"_links":{"self":[{"href":"https:\/\/www.whisker.lv\/en\/wp-json\/wp\/v2\/pages\/9636"}],"collection":[{"href":"https:\/\/www.whisker.lv\/en\/wp-json\/wp\/v2\/pages"}],"about":[{"href":"https:\/\/www.whisker.lv\/en\/wp-json\/wp\/v2\/types\/page"}],"author":[{"embeddable":true,"href":"https:\/\/www.whisker.lv\/en\/wp-json\/wp\/v2\/users\/1"}],"replies":[{"embeddable":true,"href":"https:\/\/www.whisker.lv\/en\/wp-json\/wp\/v2\/comments?post=9636"}],"version-history":[{"count":3,"href":"https:\/\/www.whisker.lv\/en\/wp-json\/wp\/v2\/pages\/9636\/revisions"}],"predecessor-version":[{"id":9640,"href":"https:\/\/www.whisker.lv\/en\/wp-json\/wp\/v2\/pages\/9636\/revisions\/9640"}],"up":[{"embeddable":true,"href":"https:\/\/www.whisker.lv\/en\/wp-json\/wp\/v2\/pages\/8016"}],"wp:attachment":[{"href":"https:\/\/www.whisker.lv\/en\/wp-json\/wp\/v2\/media?parent=9636"}],"curies":[{"name":"wp","href":"https:\/\/api.w.org\/{rel}","templated":true}]}}