



{"id":9641,"date":"2019-03-15T20:02:19","date_gmt":"2019-03-15T18:02:19","guid":{"rendered":"https:\/\/www.whisker.lv\/?page_id=9641"},"modified":"2019-04-03T22:26:45","modified_gmt":"2019-04-03T20:26:45","slug":"entelbuhas-ganu-suns","status":"publish","type":"page","link":"https:\/\/www.whisker.lv\/en\/sunu-skirnes\/entelbuhas-ganu-suns\/","title":{"rendered":"Entelbuhas ganu suns"},"content":{"rendered":"[vc_row][vc_column][vc_text_separator title=&#8221;Entelbuhas ganu suns &#8221; border_width=&#8221;8&#8243;][\/vc_column][\/vc_row][vc_row][vc_column width=&#8221;1\/2&#8243;][vc_single_image image=&#8221;9643&#8243; img_size=&#8221;full&#8221; alignment=&#8221;center&#8221; style=&#8221;vc_box_rounded&#8221;][\/vc_column][vc_column width=&#8221;1\/2&#8243;][vc_column_text]<span style=\"color: #000000;\"><strong>Dzimtene:<\/strong> \u0160veice<\/span><\/p>\n<p><span style=\"color: #000000;\"><strong>Funkcija:<\/strong> kazu suns<\/span><\/p>\n<p><span style=\"color: #000000;\"><strong>Izcel\u0161an\u0101s:<\/strong> ap 500. g.<\/span><\/p>\n<p><span style=\"color: #000000;\"><strong>Skausta augstums:<\/strong> 48-58 cm<\/span><\/p>\n<p><span style=\"color: #000000;\"><strong>Masa:<\/strong> 23-25 kg<\/span><\/p>\n<p><span style=\"color: #000000;\"><strong>Raksturs:<\/strong> dz\u012bvespriec\u012bgs, uzticams<\/span><\/p>\n<p><span style=\"color: #000000;\"><strong>Dz\u012bves ilgums:<\/strong> 11-13 gadi<\/span>[\/vc_column_text][\/vc_column][\/vc_row][vc_row][vc_column][vc_column_text]<span style=\"color: #000000;\">Maz\u0101kie no \u0160veices ganu su\u0146iem. Entelbuhas ganu sunim nav astes, t\u0101 tiek sa\u012bsin\u0101ta uzreiz p\u0113c dzim\u0161anas. T\u0101pat k\u0101 p\u0101r\u0113jiem \u0160veices ganu su\u0146iem, ar\u012b \u0161iem su\u0146iem uz galvas ir simetriski melni, rudi un balti laukumi.<\/span><\/p>\n<p><span style=\"color: #000000;\"><strong>V\u0113sture.<\/strong> Dzimtaj\u0101 Entelbuhas pils\u0113t\u0101 \u0161os su\u0146us izmantoja k\u0101 lopu dzin\u0113jus.<\/span><\/p>\n<p><span style=\"color: #000000;\"><strong>Piez\u012bme.<\/strong> Slaveni ar maigo attieksmi pret b\u0113rniem. \u0160ie su\u0146i ir lieliski \u0123imenes m\u012blu\u013ci. Su\u0146iem nepiecie\u0161ama regul\u0101ra fiziska slodze.<\/span><\/p>\n<p><span style=\"color: #000000;\"><strong>Otrs nosaukums.<\/strong> Entelbuhas kalnu suns, entelbuhers.<\/span>[\/vc_column_text][\/vc_column][\/vc_row]\n","protected":false},"excerpt":{"rendered":"<p>[vc_row][vc_column][vc_text_separator title=&#8221;Entelbuhas ganu suns &#8221; border_width=&#8221;8&#8243;][\/vc_column][\/vc_row][vc_row][vc_column width=&#8221;1\/2&#8243;][vc_single_image image=&#8221;9643&#8243; img_size=&#8221;full&#8221; alignment=&#8221;center&#8221; style=&#8221;vc_box_rounded&#8221;][\/vc_column][vc_column width=&#8221;1\/2&#8243;][vc_column_text]Dzimtene: \u0160veice Funkcija: kazu suns Izcel\u0161an\u0101s: ap 500. g. Skausta augstums: 48-58 cm Masa: 23-25 kg Raksturs: dz\u012bvespriec\u012bgs, uzticams Dz\u012bves ilgums: 11-13 gadi[\/vc_column_text][\/vc_column][\/vc_row][vc_row][vc_column][vc_column_text]Maz\u0101kie no \u0160veices ganu su\u0146iem. Entelbuhas ganu sunim nav astes, t\u0101 tiek sa\u012bsin\u0101ta uzreiz p\u0113c dzim\u0161anas. T\u0101pat k\u0101 p\u0101r\u0113jiem \u0160veices ganu su\u0146iem, [&hellip;]<\/p>\n","protected":false},"author":1,"featured_media":0,"parent":8016,"menu_order":0,"comment_status":"closed","ping_status":"closed","template":"page-fullwidth.php","meta":{"_acf_changed":false,"_glsr_average":0,"_glsr_ranking":0,"_glsr_reviews":0,"footnotes":""},"translation":{"provider":"WPGlobus","version":"2.12.2","language":"en","enabled_languages":["lv","en","ru"],"languages":{"lv":{"title":true,"content":true,"excerpt":false},"en":{"title":false,"content":false,"excerpt":false},"ru":{"title":false,"content":false,"excerpt":false}}},"acf":[],"yoast_head":"<!-- This site is optimized with the Yoast SEO plugin v22.5 - https:\/\/yoast.com\/wordpress\/plugins\/seo\/ -->\n<title>Entelbuhas ganu suns - Whisker.lv | Su\u0146u \u0161\u0137irnes - Entelbuhas ganu suns<\/title>\n<meta name=\"robots\" content=\"index, follow, max-snippet:-1, max-image-preview:large, max-video-preview:-1\" \/>\n<link rel=\"canonical\" href=\"https:\/\/www.whisker.lv\/sunu-skirnes\/entelbuhas-ganu-suns\/\" \/>\n<meta property=\"og:locale\" content=\"en_US\" \/>\n<meta property=\"og:type\" content=\"article\" \/>\n<meta property=\"og:title\" content=\"Entelbuhas ganu suns - Whisker\" \/>\n<meta property=\"og:url\" content=\"https:\/\/www.whisker.lv\/sunu-skirnes\/entelbuhas-ganu-suns\/\" \/>\n<meta property=\"og:site_name\" content=\"Whisker\" \/>\n<meta property=\"article:publisher\" content=\"https:\/\/www.facebook.com\/whisker.lv\/\" \/>\n<meta property=\"article:modified_time\" content=\"2019-04-03T20:26:45+00:00\" \/>\n<meta name=\"twitter:card\" content=\"summary_large_image\" \/>\n<meta name=\"twitter:label1\" content=\"Est. reading time\" \/>\n\t<meta name=\"twitter:data1\" content=\"1 minute\" \/>\n<script type=\"application\/ld+json\" class=\"yoast-schema-graph\">{\"@context\":\"https:\/\/schema.org\",\"@graph\":[{\"@type\":\"WebPage\",\"@id\":\"https:\/\/www.whisker.lv\/sunu-skirnes\/entelbuhas-ganu-suns\/\",\"url\":\"https:\/\/www.whisker.lv\/sunu-skirnes\/entelbuhas-ganu-suns\/\",\"name\":\"Entelbuhas ganu suns - Whisker.lv | Su\u0146u \u0161\u0137irnes - Entelbuhas ganu suns\",\"isPartOf\":{\"@id\":\"https:\/\/www.whisker.lv\/#website\"},\"datePublished\":\"2019-03-15T18:02:19+00:00\",\"dateModified\":\"2019-04-03T20:26:45+00:00\",\"description\":\"Entelbuhas ganu suns slavens ar maigo attieksmi pret b\u0113rniem. \u0160ie su\u0146i ir lieliski \u0123imenes m\u012blu\u013ci. Su\u0146iem nepiecie\u0161ama regul\u0101ra fiziska slodze.\",\"breadcrumb\":{\"@id\":\"https:\/\/www.whisker.lv\/sunu-skirnes\/entelbuhas-ganu-suns\/#breadcrumb\"},\"inLanguage\":\"en-US\",\"potentialAction\":[{\"@type\":\"ReadAction\",\"target\":[\"https:\/\/www.whisker.lv\/sunu-skirnes\/entelbuhas-ganu-suns\/\"]}]},{\"@type\":\"BreadcrumbList\",\"@id\":\"https:\/\/www.whisker.lv\/sunu-skirnes\/entelbuhas-ganu-suns\/#breadcrumb\",\"itemListElement\":[{\"@type\":\"ListItem\",\"position\":1,\"name\":\"S\u0101kums\",\"item\":\"https:\/\/www.whisker.lv\/\"},{\"@type\":\"ListItem\",\"position\":2,\"name\":\"Su\u0146u \u0161\u0137irnes\",\"item\":\"https:\/\/www.whisker.lv\/sunu-skirnes\/\"},{\"@type\":\"ListItem\",\"position\":3,\"name\":\"Entelbuhas ganu suns\"}]},{\"@type\":\"WebSite\",\"@id\":\"https:\/\/www.whisker.lv\/#website\",\"url\":\"https:\/\/www.whisker.lv\/\",\"name\":\"Whisker\",\"description\":\"Tavs pal\u012bgs m\u0101jdzivnieku pieskat\u012b\u0161an\u0101\",\"potentialAction\":[{\"@type\":\"SearchAction\",\"target\":{\"@type\":\"EntryPoint\",\"urlTemplate\":\"https:\/\/www.whisker.lv\/?s={search_term_string}\"},\"query-input\":\"required name=search_term_string\"}],\"inLanguage\":\"en-US\"}]}<\/script>\n<!-- \/ Yoast SEO plugin. -->","yoast_head_json":{"title":"Entelbuhas ganu suns - Whisker.lv | Su\u0146u \u0161\u0137irnes - Entelbuhas ganu suns","robots":{"index":"index","follow":"follow","max-snippet":"max-snippet:-1","max-image-preview":"max-image-preview:large","max-video-preview":"max-video-preview:-1"},"canonical":"https:\/\/www.whisker.lv\/sunu-skirnes\/entelbuhas-ganu-suns\/","og_locale":"en_US","og_type":"article","og_title":"Entelbuhas ganu suns - Whisker","og_url":"https:\/\/www.whisker.lv\/sunu-skirnes\/entelbuhas-ganu-suns\/","og_site_name":"Whisker","article_publisher":"https:\/\/www.facebook.com\/whisker.lv\/","article_modified_time":"2019-04-03T20:26:45+00:00","twitter_card":"summary_large_image","twitter_misc":{"Est. reading time":"1 minute"},"schema":{"@context":"https:\/\/schema.org","@graph":[{"@type":"WebPage","@id":"https:\/\/www.whisker.lv\/sunu-skirnes\/entelbuhas-ganu-suns\/","url":"https:\/\/www.whisker.lv\/sunu-skirnes\/entelbuhas-ganu-suns\/","name":"Entelbuhas ganu suns - Whisker.lv | Su\u0146u \u0161\u0137irnes - Entelbuhas ganu suns","isPartOf":{"@id":"https:\/\/www.whisker.lv\/#website"},"datePublished":"2019-03-15T18:02:19+00:00","dateModified":"2019-04-03T20:26:45+00:00","description":"Entelbuhas ganu suns slavens ar maigo attieksmi pret b\u0113rniem. \u0160ie su\u0146i ir lieliski \u0123imenes m\u012blu\u013ci. Su\u0146iem nepiecie\u0161ama regul\u0101ra fiziska slodze.","breadcrumb":{"@id":"https:\/\/www.whisker.lv\/sunu-skirnes\/entelbuhas-ganu-suns\/#breadcrumb"},"inLanguage":"en-US","potentialAction":[{"@type":"ReadAction","target":["https:\/\/www.whisker.lv\/sunu-skirnes\/entelbuhas-ganu-suns\/"]}]},{"@type":"BreadcrumbList","@id":"https:\/\/www.whisker.lv\/sunu-skirnes\/entelbuhas-ganu-suns\/#breadcrumb","itemListElement":[{"@type":"ListItem","position":1,"name":"S\u0101kums","item":"https:\/\/www.whisker.lv\/"},{"@type":"ListItem","position":2,"name":"Su\u0146u \u0161\u0137irnes","item":"https:\/\/www.whisker.lv\/sunu-skirnes\/"},{"@type":"ListItem","position":3,"name":"Entelbuhas ganu suns"}]},{"@type":"WebSite","@id":"https:\/\/www.whisker.lv\/#website","url":"https:\/\/www.whisker.lv\/","name":"Whisker","description":"Tavs pal\u012bgs m\u0101jdzivnieku pieskat\u012b\u0161an\u0101","potentialAction":[{"@type":"SearchAction","target":{"@type":"EntryPoint","urlTemplate":"https:\/\/www.whisker.lv\/?s={search_term_string}"},"query-input":"required name=search_term_string"}],"inLanguage":"en-US"}]}},"_links":{"self":[{"href":"https:\/\/www.whisker.lv\/en\/wp-json\/wp\/v2\/pages\/9641"}],"collection":[{"href":"https:\/\/www.whisker.lv\/en\/wp-json\/wp\/v2\/pages"}],"about":[{"href":"https:\/\/www.whisker.lv\/en\/wp-json\/wp\/v2\/types\/page"}],"author":[{"embeddable":true,"href":"https:\/\/www.whisker.lv\/en\/wp-json\/wp\/v2\/users\/1"}],"replies":[{"embeddable":true,"href":"https:\/\/www.whisker.lv\/en\/wp-json\/wp\/v2\/comments?post=9641"}],"version-history":[{"count":3,"href":"https:\/\/www.whisker.lv\/en\/wp-json\/wp\/v2\/pages\/9641\/revisions"}],"predecessor-version":[{"id":9645,"href":"https:\/\/www.whisker.lv\/en\/wp-json\/wp\/v2\/pages\/9641\/revisions\/9645"}],"up":[{"embeddable":true,"href":"https:\/\/www.whisker.lv\/en\/wp-json\/wp\/v2\/pages\/8016"}],"wp:attachment":[{"href":"https:\/\/www.whisker.lv\/en\/wp-json\/wp\/v2\/media?parent=9641"}],"curies":[{"name":"wp","href":"https:\/\/api.w.org\/{rel}","templated":true}]}}