



{"id":9651,"date":"2019-03-15T20:15:26","date_gmt":"2019-03-15T18:15:26","guid":{"rendered":"https:\/\/www.whisker.lv\/?page_id=9651"},"modified":"2019-04-03T22:24:54","modified_gmt":"2019-04-03T20:24:54","slug":"dobermanis","status":"publish","type":"page","link":"https:\/\/www.whisker.lv\/en\/sunu-skirnes\/dobermanis\/","title":{"rendered":"Dobermanis"},"content":{"rendered":"[vc_row][vc_column][vc_text_separator title=&#8221;Dobermanis&#8221; border_width=&#8221;8&#8243;][\/vc_column][\/vc_row][vc_row][vc_column width=&#8221;1\/2&#8243;][vc_single_image image=&#8221;8193&#8243; img_size=&#8221;large&#8221; alignment=&#8221;center&#8221; style=&#8221;vc_box_rounded&#8221;][\/vc_column][vc_column width=&#8221;1\/2&#8243;][vc_column_text]<span style=\"color: #000000;\"><strong>Dzimtene:<\/strong> V\u0101cija<\/span><\/p>\n<p><span style=\"color: #000000;\"><strong>Funkcija:<\/strong> sargsuns<\/span><\/p>\n<p><span style=\"color: #000000;\"><strong>Izcel\u0161an\u0101s:<\/strong> ap 1800. g.<\/span><\/p>\n<p><span style=\"color: #000000;\"><strong>Skausta augstums:<\/strong> 65-69 cm<\/span><\/p>\n<p><span style=\"color: #000000;\"><strong>Masa:<\/strong> 30-40 kg<\/span><\/p>\n<p><span style=\"color: #000000;\"><strong>Raksturs:<\/strong> drosm\u012bgs, bezbail\u012bgs<\/span><\/p>\n<p><span style=\"color: #000000;\"><strong>Dz\u012bves ilgums:<\/strong> 10-12 gadi<\/span>[\/vc_column_text][\/vc_column][\/vc_row][vc_row][vc_column][vc_column_text]<span style=\"color: #000000;\">Vid\u0113ji lielu, \u013coti elegantu su\u0146u \u0161\u0137irne ar kalsnu, musku\u013cotu un izcili samer\u012bgu \u0137ermeni. Apmatojums ir melns ar rudiem laukumiem. Dobermanis ir drosm\u012bgs, \u013coti iztur\u012bgs un modrs sargsuns.<\/span><\/p>\n<p><span style=\"color: #000000;\"><strong>V\u0113sture.<\/strong> \u0160\u0137irni izveidojis v\u0101cu nodok\u013cu inspektors Ludvigs Dobermanis. Vi\u0146\u0161 grib\u0113ja ieg\u016bt suni, kur\u0161 var\u0113tu iebied\u0113t zag\u013cus un laup\u012bt\u0101jus, k\u0101 ar\u012b nodok\u013cu nemaks\u0101t\u0101jus. \u0160\u0137irne veidota, krustojot visda\u017e\u0101d\u0101ko \u0161\u0137ir\u0146u su\u0146us, to skait\u0101 v\u0101cu aitu su\u0146us, rotveilerus, v\u0101cu pin\u010derus un Man\u010desteras terjerus.<\/span><\/p>\n<p><span style=\"color: #000000;\"><strong>Piez\u012bme.<\/strong> K\u0101dreiz doberma\u0146iem bija agres\u012bvu su\u0146u slava. Tom\u0113r, ja no mazotnes suni pareizi un p\u0101rdom\u0101ti audzina, vi\u0146\u0161 k\u013c\u016bst par paklaus\u012bgu pal\u012bgu.<\/span><\/p>\n<p><span style=\"color: #000000;\"><strong>Otrs nosaukums.<\/strong> Doberma\u0146pin\u010ders.<\/span>[\/vc_column_text][\/vc_column][\/vc_row]\n","protected":false},"excerpt":{"rendered":"<p>[vc_row][vc_column][vc_text_separator title=&#8221;Dobermanis&#8221; border_width=&#8221;8&#8243;][\/vc_column][\/vc_row][vc_row][vc_column width=&#8221;1\/2&#8243;][vc_single_image image=&#8221;8193&#8243; img_size=&#8221;large&#8221; alignment=&#8221;center&#8221; style=&#8221;vc_box_rounded&#8221;][\/vc_column][vc_column width=&#8221;1\/2&#8243;][vc_column_text]Dzimtene: V\u0101cija Funkcija: sargsuns Izcel\u0161an\u0101s: ap 1800. g. Skausta augstums: 65-69 cm Masa: 30-40 kg Raksturs: drosm\u012bgs, bezbail\u012bgs Dz\u012bves ilgums: 10-12 gadi[\/vc_column_text][\/vc_column][\/vc_row][vc_row][vc_column][vc_column_text]Vid\u0113ji lielu, \u013coti elegantu su\u0146u \u0161\u0137irne ar kalsnu, musku\u013cotu un izcili samer\u012bgu \u0137ermeni. Apmatojums ir melns ar rudiem laukumiem. Dobermanis ir drosm\u012bgs, \u013coti iztur\u012bgs un modrs [&hellip;]<\/p>\n","protected":false},"author":1,"featured_media":0,"parent":8016,"menu_order":0,"comment_status":"closed","ping_status":"closed","template":"page-fullwidth.php","meta":{"_acf_changed":false,"_glsr_average":0,"_glsr_ranking":0,"_glsr_reviews":0,"footnotes":""},"translation":{"provider":"WPGlobus","version":"2.12.2","language":"en","enabled_languages":["lv","en","ru"],"languages":{"lv":{"title":true,"content":true,"excerpt":false},"en":{"title":false,"content":false,"excerpt":false},"ru":{"title":false,"content":false,"excerpt":false}}},"acf":[],"yoast_head":"<!-- This site is optimized with the Yoast SEO plugin v22.5 - https:\/\/yoast.com\/wordpress\/plugins\/seo\/ -->\n<title>Dobermanis - Whiskerlv | Su\u0146u \u0161\u0137irnes - Dobermanis<\/title>\n<meta name=\"robots\" content=\"index, follow, max-snippet:-1, max-image-preview:large, max-video-preview:-1\" \/>\n<link rel=\"canonical\" href=\"https:\/\/www.whisker.lv\/sunu-skirnes\/dobermanis\/\" \/>\n<meta property=\"og:locale\" content=\"en_US\" \/>\n<meta property=\"og:type\" content=\"article\" \/>\n<meta property=\"og:title\" content=\"Dobermanis - Whisker\" \/>\n<meta property=\"og:url\" content=\"https:\/\/www.whisker.lv\/sunu-skirnes\/dobermanis\/\" \/>\n<meta property=\"og:site_name\" content=\"Whisker\" \/>\n<meta property=\"article:publisher\" content=\"https:\/\/www.facebook.com\/whisker.lv\/\" \/>\n<meta property=\"article:modified_time\" content=\"2019-04-03T20:24:54+00:00\" \/>\n<meta name=\"twitter:card\" content=\"summary_large_image\" \/>\n<meta name=\"twitter:label1\" content=\"Est. reading time\" \/>\n\t<meta name=\"twitter:data1\" content=\"1 minute\" \/>\n<script type=\"application\/ld+json\" class=\"yoast-schema-graph\">{\"@context\":\"https:\/\/schema.org\",\"@graph\":[{\"@type\":\"WebPage\",\"@id\":\"https:\/\/www.whisker.lv\/sunu-skirnes\/dobermanis\/\",\"url\":\"https:\/\/www.whisker.lv\/sunu-skirnes\/dobermanis\/\",\"name\":\"Dobermanis - Whiskerlv | Su\u0146u \u0161\u0137irnes - Dobermanis\",\"isPartOf\":{\"@id\":\"https:\/\/www.whisker.lv\/#website\"},\"datePublished\":\"2019-03-15T18:15:26+00:00\",\"dateModified\":\"2019-04-03T20:24:54+00:00\",\"description\":\"Dobermanis ir drosm\u012bgs, \u013coti iztur\u012bgs un modrs sargsuns. Vid\u0113ji lielu, \u013coti elegantu su\u0146u \u0161\u0137irne ar kalsnu, musku\u013cotu un izcili samer\u012bgu \u0137ermeni.\",\"breadcrumb\":{\"@id\":\"https:\/\/www.whisker.lv\/sunu-skirnes\/dobermanis\/#breadcrumb\"},\"inLanguage\":\"en-US\",\"potentialAction\":[{\"@type\":\"ReadAction\",\"target\":[\"https:\/\/www.whisker.lv\/sunu-skirnes\/dobermanis\/\"]}]},{\"@type\":\"BreadcrumbList\",\"@id\":\"https:\/\/www.whisker.lv\/sunu-skirnes\/dobermanis\/#breadcrumb\",\"itemListElement\":[{\"@type\":\"ListItem\",\"position\":1,\"name\":\"S\u0101kums\",\"item\":\"https:\/\/www.whisker.lv\/\"},{\"@type\":\"ListItem\",\"position\":2,\"name\":\"Su\u0146u \u0161\u0137irnes\",\"item\":\"https:\/\/www.whisker.lv\/sunu-skirnes\/\"},{\"@type\":\"ListItem\",\"position\":3,\"name\":\"Dobermanis\"}]},{\"@type\":\"WebSite\",\"@id\":\"https:\/\/www.whisker.lv\/#website\",\"url\":\"https:\/\/www.whisker.lv\/\",\"name\":\"Whisker\",\"description\":\"Tavs pal\u012bgs m\u0101jdzivnieku pieskat\u012b\u0161an\u0101\",\"potentialAction\":[{\"@type\":\"SearchAction\",\"target\":{\"@type\":\"EntryPoint\",\"urlTemplate\":\"https:\/\/www.whisker.lv\/?s={search_term_string}\"},\"query-input\":\"required name=search_term_string\"}],\"inLanguage\":\"en-US\"}]}<\/script>\n<!-- \/ Yoast SEO plugin. -->","yoast_head_json":{"title":"Dobermanis - Whiskerlv | Su\u0146u \u0161\u0137irnes - Dobermanis","robots":{"index":"index","follow":"follow","max-snippet":"max-snippet:-1","max-image-preview":"max-image-preview:large","max-video-preview":"max-video-preview:-1"},"canonical":"https:\/\/www.whisker.lv\/sunu-skirnes\/dobermanis\/","og_locale":"en_US","og_type":"article","og_title":"Dobermanis - Whisker","og_url":"https:\/\/www.whisker.lv\/sunu-skirnes\/dobermanis\/","og_site_name":"Whisker","article_publisher":"https:\/\/www.facebook.com\/whisker.lv\/","article_modified_time":"2019-04-03T20:24:54+00:00","twitter_card":"summary_large_image","twitter_misc":{"Est. reading time":"1 minute"},"schema":{"@context":"https:\/\/schema.org","@graph":[{"@type":"WebPage","@id":"https:\/\/www.whisker.lv\/sunu-skirnes\/dobermanis\/","url":"https:\/\/www.whisker.lv\/sunu-skirnes\/dobermanis\/","name":"Dobermanis - Whiskerlv | Su\u0146u \u0161\u0137irnes - Dobermanis","isPartOf":{"@id":"https:\/\/www.whisker.lv\/#website"},"datePublished":"2019-03-15T18:15:26+00:00","dateModified":"2019-04-03T20:24:54+00:00","description":"Dobermanis ir drosm\u012bgs, \u013coti iztur\u012bgs un modrs sargsuns. Vid\u0113ji lielu, \u013coti elegantu su\u0146u \u0161\u0137irne ar kalsnu, musku\u013cotu un izcili samer\u012bgu \u0137ermeni.","breadcrumb":{"@id":"https:\/\/www.whisker.lv\/sunu-skirnes\/dobermanis\/#breadcrumb"},"inLanguage":"en-US","potentialAction":[{"@type":"ReadAction","target":["https:\/\/www.whisker.lv\/sunu-skirnes\/dobermanis\/"]}]},{"@type":"BreadcrumbList","@id":"https:\/\/www.whisker.lv\/sunu-skirnes\/dobermanis\/#breadcrumb","itemListElement":[{"@type":"ListItem","position":1,"name":"S\u0101kums","item":"https:\/\/www.whisker.lv\/"},{"@type":"ListItem","position":2,"name":"Su\u0146u \u0161\u0137irnes","item":"https:\/\/www.whisker.lv\/sunu-skirnes\/"},{"@type":"ListItem","position":3,"name":"Dobermanis"}]},{"@type":"WebSite","@id":"https:\/\/www.whisker.lv\/#website","url":"https:\/\/www.whisker.lv\/","name":"Whisker","description":"Tavs pal\u012bgs m\u0101jdzivnieku pieskat\u012b\u0161an\u0101","potentialAction":[{"@type":"SearchAction","target":{"@type":"EntryPoint","urlTemplate":"https:\/\/www.whisker.lv\/?s={search_term_string}"},"query-input":"required name=search_term_string"}],"inLanguage":"en-US"}]}},"_links":{"self":[{"href":"https:\/\/www.whisker.lv\/en\/wp-json\/wp\/v2\/pages\/9651"}],"collection":[{"href":"https:\/\/www.whisker.lv\/en\/wp-json\/wp\/v2\/pages"}],"about":[{"href":"https:\/\/www.whisker.lv\/en\/wp-json\/wp\/v2\/types\/page"}],"author":[{"embeddable":true,"href":"https:\/\/www.whisker.lv\/en\/wp-json\/wp\/v2\/users\/1"}],"replies":[{"embeddable":true,"href":"https:\/\/www.whisker.lv\/en\/wp-json\/wp\/v2\/comments?post=9651"}],"version-history":[{"count":5,"href":"https:\/\/www.whisker.lv\/en\/wp-json\/wp\/v2\/pages\/9651\/revisions"}],"predecessor-version":[{"id":11166,"href":"https:\/\/www.whisker.lv\/en\/wp-json\/wp\/v2\/pages\/9651\/revisions\/11166"}],"up":[{"embeddable":true,"href":"https:\/\/www.whisker.lv\/en\/wp-json\/wp\/v2\/pages\/8016"}],"wp:attachment":[{"href":"https:\/\/www.whisker.lv\/en\/wp-json\/wp\/v2\/media?parent=9651"}],"curies":[{"name":"wp","href":"https:\/\/api.w.org\/{rel}","templated":true}]}}