



{"id":9656,"date":"2019-03-15T20:23:41","date_gmt":"2019-03-15T18:23:41","guid":{"rendered":"https:\/\/www.whisker.lv\/?page_id=9656"},"modified":"2019-04-03T22:23:38","modified_gmt":"2019-04-03T20:23:38","slug":"dirhaunds","status":"publish","type":"page","link":"https:\/\/www.whisker.lv\/en\/sunu-skirnes\/dirhaunds\/","title":{"rendered":"D\u012brhaunds"},"content":{"rendered":"[vc_row][vc_column][vc_text_separator title=&#8221;D\u012brhaunds&#8221; border_width=&#8221;8&#8243;][\/vc_column][\/vc_row][vc_row][vc_column width=&#8221;1\/2&#8243;][vc_single_image image=&#8221;9658&#8243; img_size=&#8221;full&#8221; alignment=&#8221;center&#8221; style=&#8221;vc_box_rounded&#8221;][\/vc_column][vc_column width=&#8221;1\/2&#8243;][vc_column_text]<span style=\"color: #000000;\"><strong>Dzimtene:<\/strong> Lielbrit\u0101nija<\/span><\/p>\n<p><span style=\"color: #000000;\"><strong>Funkcija:<\/strong> brie\u017eu dzin\u0113js<\/span><\/p>\n<p><span style=\"color: #000000;\"><strong>Izcel\u0161an\u0101s:<\/strong> ap 800. g.<\/span><\/p>\n<p><span style=\"color: #000000;\"><strong>Skausta augstums:<\/strong> 71-76 cm<\/span><\/p>\n<p><span style=\"color: #000000;\"><strong>Masa:<\/strong> 36-45 kg<\/span><\/p>\n<p><span style=\"color: #000000;\"><strong>Raksturs:<\/strong> maigs, akt\u012bvs<\/span><\/p>\n<p><span style=\"color: #000000;\"><strong>Dz\u012bves ilgums:<\/strong> 8-11 gadi<\/span>[\/vc_column_text][\/vc_column][\/vc_row][vc_row][vc_column][vc_column_text]<span style=\"color: #000000;\">Lai ar\u012b d\u012brhaunds l\u012bdzin\u0101s \u012bru vilku sunim, tom\u0113r slaidais un viegli veidotais \u0137ermenis, galvas forma un smailais purns, kas sa\u0161aurin\u0101s degungala virzien\u0101, nor\u0101da uz radniec\u012bbu ar greihaundiem. M\u016bsdienu d\u012brhaundiem parasti ir zilganpel\u0113ks ka\u017eoks, bet atsevi\u0161kiem \u012bpat\u0146iem tas m\u0113dz b\u016bt ar\u012b sarkan\u012bgs ar meln\u0101m iez\u012bm\u0113m uz purna un aus\u012bm.<\/span><\/p>\n<p><span style=\"color: #000000;\"><strong>V\u0113sture.<\/strong> D\u012brhaundi izveidoti Skotij\u0101 brie\u017eu med\u012b\u0161anai. Kad med\u012bb\u0101s s\u0101ka izmantot \u0161aujamiero\u010dus, d\u012brhaundu skaits strauji saruka. M\u016bsdien\u0101s vi\u0146i k\u013cuvu\u0161i par iecien\u012btiem \u0123imenes m\u012blu\u013ciem.<\/span><\/p>\n<p><span style=\"color: #000000;\"><strong>Piez\u012bme.<\/strong> Kupais ka\u017eoks pasarg\u0101 d\u012brhaundus no nelabv\u0113l\u012bgiem laika apst\u0101k\u013ciem.<\/span><\/p>\n<p><span style=\"color: #000000;\"><strong>Otrs nosaukums.<\/strong> Skotu d\u012brhaunds.<\/span>[\/vc_column_text][\/vc_column][\/vc_row]\n","protected":false},"excerpt":{"rendered":"<p>[vc_row][vc_column][vc_text_separator title=&#8221;D\u012brhaunds&#8221; border_width=&#8221;8&#8243;][\/vc_column][\/vc_row][vc_row][vc_column width=&#8221;1\/2&#8243;][vc_single_image image=&#8221;9658&#8243; img_size=&#8221;full&#8221; alignment=&#8221;center&#8221; style=&#8221;vc_box_rounded&#8221;][\/vc_column][vc_column width=&#8221;1\/2&#8243;][vc_column_text]Dzimtene: Lielbrit\u0101nija Funkcija: brie\u017eu dzin\u0113js Izcel\u0161an\u0101s: ap 800. g. Skausta augstums: 71-76 cm Masa: 36-45 kg Raksturs: maigs, akt\u012bvs Dz\u012bves ilgums: 8-11 gadi[\/vc_column_text][\/vc_column][\/vc_row][vc_row][vc_column][vc_column_text]Lai ar\u012b d\u012brhaunds l\u012bdzin\u0101s \u012bru vilku sunim, tom\u0113r slaidais un viegli veidotais \u0137ermenis, galvas forma un smailais purns, kas sa\u0161aurin\u0101s degungala virzien\u0101, nor\u0101da uz radniec\u012bbu [&hellip;]<\/p>\n","protected":false},"author":1,"featured_media":0,"parent":8016,"menu_order":0,"comment_status":"closed","ping_status":"closed","template":"page-fullwidth.php","meta":{"_acf_changed":false,"_glsr_average":0,"_glsr_ranking":0,"_glsr_reviews":0,"footnotes":""},"translation":{"provider":"WPGlobus","version":"2.12.2","language":"en","enabled_languages":["lv","en","ru"],"languages":{"lv":{"title":true,"content":true,"excerpt":false},"en":{"title":false,"content":false,"excerpt":false},"ru":{"title":false,"content":false,"excerpt":false}}},"acf":[],"yoast_head":"<!-- This site is optimized with the Yoast SEO plugin v22.5 - https:\/\/yoast.com\/wordpress\/plugins\/seo\/ -->\n<title>D\u012brhaunds - Whisker.lv | Su\u0146u \u0161\u0137irnes - D\u012brhaunds<\/title>\n<meta name=\"robots\" content=\"index, follow, max-snippet:-1, max-image-preview:large, max-video-preview:-1\" \/>\n<link rel=\"canonical\" href=\"https:\/\/www.whisker.lv\/sunu-skirnes\/dirhaunds\/\" \/>\n<meta property=\"og:locale\" content=\"en_US\" \/>\n<meta property=\"og:type\" content=\"article\" \/>\n<meta property=\"og:title\" content=\"D\u012brhaunds - Whisker\" \/>\n<meta property=\"og:url\" content=\"https:\/\/www.whisker.lv\/sunu-skirnes\/dirhaunds\/\" \/>\n<meta property=\"og:site_name\" content=\"Whisker\" \/>\n<meta property=\"article:publisher\" content=\"https:\/\/www.facebook.com\/whisker.lv\/\" \/>\n<meta property=\"article:modified_time\" content=\"2019-04-03T20:23:38+00:00\" \/>\n<meta name=\"twitter:card\" content=\"summary_large_image\" \/>\n<meta name=\"twitter:label1\" content=\"Est. reading time\" \/>\n\t<meta name=\"twitter:data1\" content=\"1 minute\" \/>\n<script type=\"application\/ld+json\" class=\"yoast-schema-graph\">{\"@context\":\"https:\/\/schema.org\",\"@graph\":[{\"@type\":\"WebPage\",\"@id\":\"https:\/\/www.whisker.lv\/sunu-skirnes\/dirhaunds\/\",\"url\":\"https:\/\/www.whisker.lv\/sunu-skirnes\/dirhaunds\/\",\"name\":\"D\u012brhaunds - Whisker.lv | Su\u0146u \u0161\u0137irnes - D\u012brhaunds\",\"isPartOf\":{\"@id\":\"https:\/\/www.whisker.lv\/#website\"},\"datePublished\":\"2019-03-15T18:23:41+00:00\",\"dateModified\":\"2019-04-03T20:23:38+00:00\",\"description\":\"D\u012brhaunds l\u012bdzin\u0101s \u012bru vilku sunim, tom\u0113r slaidais un viegli veidotais \u0137ermenis, galvas forma un smailais purns, nor\u0101da uz radniec\u012bbu ar greihaundiem.\",\"breadcrumb\":{\"@id\":\"https:\/\/www.whisker.lv\/sunu-skirnes\/dirhaunds\/#breadcrumb\"},\"inLanguage\":\"en-US\",\"potentialAction\":[{\"@type\":\"ReadAction\",\"target\":[\"https:\/\/www.whisker.lv\/sunu-skirnes\/dirhaunds\/\"]}]},{\"@type\":\"BreadcrumbList\",\"@id\":\"https:\/\/www.whisker.lv\/sunu-skirnes\/dirhaunds\/#breadcrumb\",\"itemListElement\":[{\"@type\":\"ListItem\",\"position\":1,\"name\":\"S\u0101kums\",\"item\":\"https:\/\/www.whisker.lv\/\"},{\"@type\":\"ListItem\",\"position\":2,\"name\":\"Su\u0146u \u0161\u0137irnes\",\"item\":\"https:\/\/www.whisker.lv\/sunu-skirnes\/\"},{\"@type\":\"ListItem\",\"position\":3,\"name\":\"D\u012brhaunds\"}]},{\"@type\":\"WebSite\",\"@id\":\"https:\/\/www.whisker.lv\/#website\",\"url\":\"https:\/\/www.whisker.lv\/\",\"name\":\"Whisker\",\"description\":\"Tavs pal\u012bgs m\u0101jdzivnieku pieskat\u012b\u0161an\u0101\",\"potentialAction\":[{\"@type\":\"SearchAction\",\"target\":{\"@type\":\"EntryPoint\",\"urlTemplate\":\"https:\/\/www.whisker.lv\/?s={search_term_string}\"},\"query-input\":\"required name=search_term_string\"}],\"inLanguage\":\"en-US\"}]}<\/script>\n<!-- \/ Yoast SEO plugin. -->","yoast_head_json":{"title":"D\u012brhaunds - Whisker.lv | Su\u0146u \u0161\u0137irnes - D\u012brhaunds","robots":{"index":"index","follow":"follow","max-snippet":"max-snippet:-1","max-image-preview":"max-image-preview:large","max-video-preview":"max-video-preview:-1"},"canonical":"https:\/\/www.whisker.lv\/sunu-skirnes\/dirhaunds\/","og_locale":"en_US","og_type":"article","og_title":"D\u012brhaunds - Whisker","og_url":"https:\/\/www.whisker.lv\/sunu-skirnes\/dirhaunds\/","og_site_name":"Whisker","article_publisher":"https:\/\/www.facebook.com\/whisker.lv\/","article_modified_time":"2019-04-03T20:23:38+00:00","twitter_card":"summary_large_image","twitter_misc":{"Est. reading time":"1 minute"},"schema":{"@context":"https:\/\/schema.org","@graph":[{"@type":"WebPage","@id":"https:\/\/www.whisker.lv\/sunu-skirnes\/dirhaunds\/","url":"https:\/\/www.whisker.lv\/sunu-skirnes\/dirhaunds\/","name":"D\u012brhaunds - Whisker.lv | Su\u0146u \u0161\u0137irnes - D\u012brhaunds","isPartOf":{"@id":"https:\/\/www.whisker.lv\/#website"},"datePublished":"2019-03-15T18:23:41+00:00","dateModified":"2019-04-03T20:23:38+00:00","description":"D\u012brhaunds l\u012bdzin\u0101s \u012bru vilku sunim, tom\u0113r slaidais un viegli veidotais \u0137ermenis, galvas forma un smailais purns, nor\u0101da uz radniec\u012bbu ar greihaundiem.","breadcrumb":{"@id":"https:\/\/www.whisker.lv\/sunu-skirnes\/dirhaunds\/#breadcrumb"},"inLanguage":"en-US","potentialAction":[{"@type":"ReadAction","target":["https:\/\/www.whisker.lv\/sunu-skirnes\/dirhaunds\/"]}]},{"@type":"BreadcrumbList","@id":"https:\/\/www.whisker.lv\/sunu-skirnes\/dirhaunds\/#breadcrumb","itemListElement":[{"@type":"ListItem","position":1,"name":"S\u0101kums","item":"https:\/\/www.whisker.lv\/"},{"@type":"ListItem","position":2,"name":"Su\u0146u \u0161\u0137irnes","item":"https:\/\/www.whisker.lv\/sunu-skirnes\/"},{"@type":"ListItem","position":3,"name":"D\u012brhaunds"}]},{"@type":"WebSite","@id":"https:\/\/www.whisker.lv\/#website","url":"https:\/\/www.whisker.lv\/","name":"Whisker","description":"Tavs pal\u012bgs m\u0101jdzivnieku pieskat\u012b\u0161an\u0101","potentialAction":[{"@type":"SearchAction","target":{"@type":"EntryPoint","urlTemplate":"https:\/\/www.whisker.lv\/?s={search_term_string}"},"query-input":"required name=search_term_string"}],"inLanguage":"en-US"}]}},"_links":{"self":[{"href":"https:\/\/www.whisker.lv\/en\/wp-json\/wp\/v2\/pages\/9656"}],"collection":[{"href":"https:\/\/www.whisker.lv\/en\/wp-json\/wp\/v2\/pages"}],"about":[{"href":"https:\/\/www.whisker.lv\/en\/wp-json\/wp\/v2\/types\/page"}],"author":[{"embeddable":true,"href":"https:\/\/www.whisker.lv\/en\/wp-json\/wp\/v2\/users\/1"}],"replies":[{"embeddable":true,"href":"https:\/\/www.whisker.lv\/en\/wp-json\/wp\/v2\/comments?post=9656"}],"version-history":[{"count":3,"href":"https:\/\/www.whisker.lv\/en\/wp-json\/wp\/v2\/pages\/9656\/revisions"}],"predecessor-version":[{"id":9660,"href":"https:\/\/www.whisker.lv\/en\/wp-json\/wp\/v2\/pages\/9656\/revisions\/9660"}],"up":[{"embeddable":true,"href":"https:\/\/www.whisker.lv\/en\/wp-json\/wp\/v2\/pages\/8016"}],"wp:attachment":[{"href":"https:\/\/www.whisker.lv\/en\/wp-json\/wp\/v2\/media?parent=9656"}],"curies":[{"name":"wp","href":"https:\/\/api.w.org\/{rel}","templated":true}]}}