



{"id":9678,"date":"2019-03-15T20:49:23","date_gmt":"2019-03-15T18:49:23","guid":{"rendered":"https:\/\/www.whisker.lv\/?page_id=9678"},"modified":"2019-04-03T22:20:54","modified_gmt":"2019-04-03T20:20:54","slug":"civava","status":"publish","type":"page","link":"https:\/\/www.whisker.lv\/en\/sunu-skirnes\/civava\/","title":{"rendered":"\u010civava"},"content":{"rendered":"[vc_row][vc_column][vc_text_separator title=&#8221;\u010civava&#8221; border_width=&#8221;8&#8243;][\/vc_column][\/vc_row][vc_row][vc_column width=&#8221;1\/2&#8243;][vc_single_image image=&#8221;9680&#8243; img_size=&#8221;full&#8221; alignment=&#8221;center&#8221; style=&#8221;vc_box_rounded&#8221;][\/vc_column][vc_column width=&#8221;1\/2&#8243;][vc_column_text]<span style=\"color: #000000;\"><strong>Dzimtene:<\/strong> Meksika<\/span><\/p>\n<p><span style=\"color: #000000;\"><strong>Funkcija:<\/strong> dekorat\u012bvais suns<\/span><\/p>\n<p><span style=\"color: #000000;\"><strong>Izcel\u0161an\u0101s:<\/strong> ap 1800. g.<\/span><\/p>\n<p><span style=\"color: #000000;\"><strong>Skausta augstums:<\/strong> 15-22 cm<\/span><\/p>\n<p><span style=\"color: #000000;\"><strong>Masa:<\/strong> 1-3 kg<\/span><\/p>\n<p><span style=\"color: #000000;\"><strong>Raksturs:<\/strong> drosm\u012bgs, rota\u013c\u012bgs<\/span><\/p>\n<p><span style=\"color: #000000;\"><strong>Dz\u012bves ilgums:<\/strong> 14-16 gadi<\/span>[\/vc_column_text][\/vc_column][\/vc_row][vc_row][vc_column][vc_column_text]<span style=\"color: #000000;\">\u010civava ir neliels, bet \u013coti drosm\u012bgs suns. Atkar\u012bb\u0101 no ka\u017eoka tipa \u0161\u0137irnei ir divi paveidi \u2013 vienam no tiem ka\u017eoks ir \u012bss un gluds, bet otram \u2013 gar\u0161 un nedaudz vi\u013c\u0146ots. Otrs paveids ir izveidots krustojot \u012bsspalvaino \u010divavu ar Jork\u0161iras terjeru un papilonu. Abi \u0161\u0137irnes paveidi at\u0161\u0137iras tikai p\u0113c ka\u017eoka tipa. Ka\u017eoka kr\u0101sojums var b\u016bt kasta\u0146br\u016bns, t\u0113raudzils, balts, sudrabkr\u0101sas vai dzeltenbr\u016bns.<\/span><\/p>\n<p><span style=\"color: #000000;\"><strong>V\u0113sture.<\/strong> Nosaukums \u201c\u010divava\u201d aizg\u016bts no k\u0101da Meksikas \u0161tata, kur\u0101 \u0161\u0137irne izveidota. ASV \u0161\u012b \u0161\u0137irne pirmo reizi par\u0101d\u012bj\u0101s 19. gadsimta beig\u0101s. \u0160eit izveidota ar\u012b t\u012br\u0161\u0137irne. V\u0113l\u0101k \u0161os su\u0146us ieveda ar\u012b Eirop\u0101.<\/span><\/p>\n<p><span style=\"color: #000000;\"><strong>Piez\u012bme.<\/strong> \u010ciuaua \u0161\u0137irnes su\u0146i sp\u0113j b\u016bt gan j\u016bt\u012bgi, gan apbr\u012bnojami vienaldz\u012bgi un attur\u012bgi. Kad suns ir satraukts, vi\u0146\u0161 tr\u012bc.<\/span>[\/vc_column_text][\/vc_column][\/vc_row]\n","protected":false},"excerpt":{"rendered":"<p>[vc_row][vc_column][vc_text_separator title=&#8221;\u010civava&#8221; border_width=&#8221;8&#8243;][\/vc_column][\/vc_row][vc_row][vc_column width=&#8221;1\/2&#8243;][vc_single_image image=&#8221;9680&#8243; img_size=&#8221;full&#8221; alignment=&#8221;center&#8221; style=&#8221;vc_box_rounded&#8221;][\/vc_column][vc_column width=&#8221;1\/2&#8243;][vc_column_text]Dzimtene: Meksika Funkcija: dekorat\u012bvais suns Izcel\u0161an\u0101s: ap 1800. g. Skausta augstums: 15-22 cm Masa: 1-3 kg Raksturs: drosm\u012bgs, rota\u013c\u012bgs Dz\u012bves ilgums: 14-16 gadi[\/vc_column_text][\/vc_column][\/vc_row][vc_row][vc_column][vc_column_text]\u010civava ir neliels, bet \u013coti drosm\u012bgs suns. Atkar\u012bb\u0101 no ka\u017eoka tipa \u0161\u0137irnei ir divi paveidi \u2013 vienam no tiem ka\u017eoks ir \u012bss un gluds, bet [&hellip;]<\/p>\n","protected":false},"author":1,"featured_media":0,"parent":8016,"menu_order":0,"comment_status":"closed","ping_status":"closed","template":"page-fullwidth.php","meta":{"_acf_changed":false,"_glsr_average":0,"_glsr_ranking":0,"_glsr_reviews":0,"footnotes":""},"translation":{"provider":"WPGlobus","version":"2.12.2","language":"en","enabled_languages":["lv","en","ru"],"languages":{"lv":{"title":true,"content":true,"excerpt":false},"en":{"title":false,"content":false,"excerpt":false},"ru":{"title":false,"content":false,"excerpt":false}}},"acf":[],"yoast_head":"<!-- This site is optimized with the Yoast SEO plugin v22.5 - https:\/\/yoast.com\/wordpress\/plugins\/seo\/ -->\n<title>\u010civava - Whisker.lv | Su\u0146u \u0161\u0137irnes - \u010civava<\/title>\n<meta name=\"robots\" content=\"index, follow, max-snippet:-1, max-image-preview:large, max-video-preview:-1\" \/>\n<link rel=\"canonical\" href=\"https:\/\/www.whisker.lv\/sunu-skirnes\/civava\/\" \/>\n<meta property=\"og:locale\" content=\"en_US\" \/>\n<meta property=\"og:type\" content=\"article\" \/>\n<meta property=\"og:title\" content=\"\u010civava - Whisker\" \/>\n<meta property=\"og:url\" content=\"https:\/\/www.whisker.lv\/sunu-skirnes\/civava\/\" \/>\n<meta property=\"og:site_name\" content=\"Whisker\" \/>\n<meta property=\"article:publisher\" content=\"https:\/\/www.facebook.com\/whisker.lv\/\" \/>\n<meta property=\"article:modified_time\" content=\"2019-04-03T20:20:54+00:00\" \/>\n<meta name=\"twitter:card\" content=\"summary_large_image\" \/>\n<meta name=\"twitter:label1\" content=\"Est. reading time\" \/>\n\t<meta name=\"twitter:data1\" content=\"1 minute\" \/>\n<script type=\"application\/ld+json\" class=\"yoast-schema-graph\">{\"@context\":\"https:\/\/schema.org\",\"@graph\":[{\"@type\":\"WebPage\",\"@id\":\"https:\/\/www.whisker.lv\/sunu-skirnes\/civava\/\",\"url\":\"https:\/\/www.whisker.lv\/sunu-skirnes\/civava\/\",\"name\":\"\u010civava - Whisker.lv | Su\u0146u \u0161\u0137irnes - \u010civava\",\"isPartOf\":{\"@id\":\"https:\/\/www.whisker.lv\/#website\"},\"datePublished\":\"2019-03-15T18:49:23+00:00\",\"dateModified\":\"2019-04-03T20:20:54+00:00\",\"description\":\"\u010civava - atkar\u012bb\u0101 no ka\u017eoka tipa \u0161\u0137irnei ir divi paveidi \u2013 vienam no tiem ka\u017eoks ir \u012bss un gluds, bet otram \u2013 gar\u0161 un nedaudz vi\u013c\u0146ots.\",\"breadcrumb\":{\"@id\":\"https:\/\/www.whisker.lv\/sunu-skirnes\/civava\/#breadcrumb\"},\"inLanguage\":\"en-US\",\"potentialAction\":[{\"@type\":\"ReadAction\",\"target\":[\"https:\/\/www.whisker.lv\/sunu-skirnes\/civava\/\"]}]},{\"@type\":\"BreadcrumbList\",\"@id\":\"https:\/\/www.whisker.lv\/sunu-skirnes\/civava\/#breadcrumb\",\"itemListElement\":[{\"@type\":\"ListItem\",\"position\":1,\"name\":\"S\u0101kums\",\"item\":\"https:\/\/www.whisker.lv\/\"},{\"@type\":\"ListItem\",\"position\":2,\"name\":\"Su\u0146u \u0161\u0137irnes\",\"item\":\"https:\/\/www.whisker.lv\/sunu-skirnes\/\"},{\"@type\":\"ListItem\",\"position\":3,\"name\":\"\u010civava\"}]},{\"@type\":\"WebSite\",\"@id\":\"https:\/\/www.whisker.lv\/#website\",\"url\":\"https:\/\/www.whisker.lv\/\",\"name\":\"Whisker\",\"description\":\"Tavs pal\u012bgs m\u0101jdzivnieku pieskat\u012b\u0161an\u0101\",\"potentialAction\":[{\"@type\":\"SearchAction\",\"target\":{\"@type\":\"EntryPoint\",\"urlTemplate\":\"https:\/\/www.whisker.lv\/?s={search_term_string}\"},\"query-input\":\"required name=search_term_string\"}],\"inLanguage\":\"en-US\"}]}<\/script>\n<!-- \/ Yoast SEO plugin. -->","yoast_head_json":{"title":"\u010civava - Whisker.lv | Su\u0146u \u0161\u0137irnes - \u010civava","robots":{"index":"index","follow":"follow","max-snippet":"max-snippet:-1","max-image-preview":"max-image-preview:large","max-video-preview":"max-video-preview:-1"},"canonical":"https:\/\/www.whisker.lv\/sunu-skirnes\/civava\/","og_locale":"en_US","og_type":"article","og_title":"\u010civava - Whisker","og_url":"https:\/\/www.whisker.lv\/sunu-skirnes\/civava\/","og_site_name":"Whisker","article_publisher":"https:\/\/www.facebook.com\/whisker.lv\/","article_modified_time":"2019-04-03T20:20:54+00:00","twitter_card":"summary_large_image","twitter_misc":{"Est. reading time":"1 minute"},"schema":{"@context":"https:\/\/schema.org","@graph":[{"@type":"WebPage","@id":"https:\/\/www.whisker.lv\/sunu-skirnes\/civava\/","url":"https:\/\/www.whisker.lv\/sunu-skirnes\/civava\/","name":"\u010civava - Whisker.lv | Su\u0146u \u0161\u0137irnes - \u010civava","isPartOf":{"@id":"https:\/\/www.whisker.lv\/#website"},"datePublished":"2019-03-15T18:49:23+00:00","dateModified":"2019-04-03T20:20:54+00:00","description":"\u010civava - atkar\u012bb\u0101 no ka\u017eoka tipa \u0161\u0137irnei ir divi paveidi \u2013 vienam no tiem ka\u017eoks ir \u012bss un gluds, bet otram \u2013 gar\u0161 un nedaudz vi\u013c\u0146ots.","breadcrumb":{"@id":"https:\/\/www.whisker.lv\/sunu-skirnes\/civava\/#breadcrumb"},"inLanguage":"en-US","potentialAction":[{"@type":"ReadAction","target":["https:\/\/www.whisker.lv\/sunu-skirnes\/civava\/"]}]},{"@type":"BreadcrumbList","@id":"https:\/\/www.whisker.lv\/sunu-skirnes\/civava\/#breadcrumb","itemListElement":[{"@type":"ListItem","position":1,"name":"S\u0101kums","item":"https:\/\/www.whisker.lv\/"},{"@type":"ListItem","position":2,"name":"Su\u0146u \u0161\u0137irnes","item":"https:\/\/www.whisker.lv\/sunu-skirnes\/"},{"@type":"ListItem","position":3,"name":"\u010civava"}]},{"@type":"WebSite","@id":"https:\/\/www.whisker.lv\/#website","url":"https:\/\/www.whisker.lv\/","name":"Whisker","description":"Tavs pal\u012bgs m\u0101jdzivnieku pieskat\u012b\u0161an\u0101","potentialAction":[{"@type":"SearchAction","target":{"@type":"EntryPoint","urlTemplate":"https:\/\/www.whisker.lv\/?s={search_term_string}"},"query-input":"required name=search_term_string"}],"inLanguage":"en-US"}]}},"_links":{"self":[{"href":"https:\/\/www.whisker.lv\/en\/wp-json\/wp\/v2\/pages\/9678"}],"collection":[{"href":"https:\/\/www.whisker.lv\/en\/wp-json\/wp\/v2\/pages"}],"about":[{"href":"https:\/\/www.whisker.lv\/en\/wp-json\/wp\/v2\/types\/page"}],"author":[{"embeddable":true,"href":"https:\/\/www.whisker.lv\/en\/wp-json\/wp\/v2\/users\/1"}],"replies":[{"embeddable":true,"href":"https:\/\/www.whisker.lv\/en\/wp-json\/wp\/v2\/comments?post=9678"}],"version-history":[{"count":4,"href":"https:\/\/www.whisker.lv\/en\/wp-json\/wp\/v2\/pages\/9678\/revisions"}],"predecessor-version":[{"id":11163,"href":"https:\/\/www.whisker.lv\/en\/wp-json\/wp\/v2\/pages\/9678\/revisions\/11163"}],"up":[{"embeddable":true,"href":"https:\/\/www.whisker.lv\/en\/wp-json\/wp\/v2\/pages\/8016"}],"wp:attachment":[{"href":"https:\/\/www.whisker.lv\/en\/wp-json\/wp\/v2\/media?parent=9678"}],"curies":[{"name":"wp","href":"https:\/\/api.w.org\/{rel}","templated":true}]}}