



{"id":10699,"date":"2019-03-26T02:09:34","date_gmt":"2019-03-26T00:09:34","guid":{"rendered":"https:\/\/www.whisker.lv\/?page_id=10699"},"modified":"2019-04-02T23:58:19","modified_gmt":"2019-04-02T21:58:19","slug":"vai-esi-sunu-skirnu-eksperts","status":"publish","type":"page","link":"https:\/\/www.whisker.lv\/ru\/vai-esi-sunu-skirnu-eksperts\/","title":{"rendered":"Vai esi su\u0146u \u0161\u0137ir\u0146u eksperts?"},"content":{"rendered":"[vc_row][vc_column][vc_column_text]\t\t\r\n\t\t\t\r\n\r\n\t\t<style>\r\n\t\t\t#fca_qc_quiz_10662.fca_qc_quiz p:not( .fca_qc_back_response ):not( #fca_qc_question_right_or_wrong ):not( .fca_qc_question_response_correct_answer ):not( .fca_qc_question_response_response ):not( .fca_qc_question_response_hint ):not( .fca_qc_question_response_item p ),\r\n\t\t\t#fca_qc_quiz_10662.fca_qc_quiz a:not( .fca_qc_share_link ),\r\n\t\t\t#fca_qc_quiz_10662.fca_qc_quiz div:not( .correct-answer ):not( .wrong-answer ){\r\n\t\t\t\tcolor: #151515;\r\n\t\t\t}\r\n\r\n\t\t\t#fca_qc_quiz_10662.fca_qc_quiz div.fca-qc-back.correct-answer,\r\n\t\t\t#fca_qc_quiz_10662.fca_qc_quiz div.fca_qc_question_response_item.correct-answer {\r\n\t\t\t\tbackground-color: #abdc8c;\r\n\t\t\t}\r\n\r\n\t\t\t#fca_qc_quiz_10662.fca_qc_quiz div.fca-qc-back.wrong-answer,\r\n\t\t\t#fca_qc_quiz_10662.fca_qc_quiz div.fca_qc_question_response_item.wrong-answer {\r\n\t\t\t\tbackground-color: #f57484;\r\n\t\t\t}\r\n\r\n\t\t\t#fca_qc_quiz_10662.fca_qc_quiz div.fca_qc_question_response_item p {\r\n\t\t\t\tcolor: #151515;\r\n\t\t\t}\r\n\r\n\t\t\t#fca_qc_quiz_10662.fca_qc_quiz{\r\n\t\t\t\tborder: #151515 0px solid;\r\n\t\t\t\tborder-radius: 0pxpx;\r\n\t\t\t}\r\n\r\n\t\t\t#fca_qc_quiz_10662.fca_qc_quiz button.fca_qc_next_question {\r\n\t\t\t\tcolor: #151515;\r\n\t\t\t\tborder: #151515 2px solid;\r\n\t\t\t\tbackground-color:  transparent;\r\n\t\t\t}\r\n\r\n\t\t\t#fca_qc_quiz_10662.fca_qc_quiz button.fca_qc_next_question:hover {\r\n\t\t\t\tbackground-color: #FFFFFF;\r\n\t\t\t}\r\n\r\n\t\t\t#fca_qc_quiz_10662.fca_qc_quiz button.fca_qc_button {\r\n\t\t\t\tbackground-color: #58afa2;\r\n\t\t\t\tbox-shadow: 0 2px 0 0 #3c7d73;\r\n\t\t\t\tcolor: #FFFFFF;\r\n\t\t\t}\r\n\r\n\t\t\t#fca_qc_quiz_10662.fca_qc_quiz button.fca_qc_button:hover {\r\n\t\t\t\tbackground-color: #3c7d73;\r\n\t\t\t}\r\n\t\t\t\r\n\t\t\t#fca_qc_quiz_10662.fca_qc_quiz div.fca_qc_answer_div {\r\n\t\t\t\tbackground-color: #6d6d6d;\r\n\t\t\t\tborder: #6d6d6d 0px solid;\r\n\t\t\t}\r\n\r\n\t\t\t#fca_qc_quiz_10662.fca_qc_quiz div.fca_qc_answer_div.fakehover,\r\n\t\t\t#fca_qc_quiz_10662.fca_qc_quiz div.fca_qc_answer_div:active {\r\n\t\t\t\tbackground-color: #6868ac;\r\n\t\t\t}\r\n\r\n\t\t\t#fca_qc_quiz_10662.fca_qc_quiz span.fca_qc_answer_span {\r\n\t\t\t\tcolor: #ffffff;\r\n\t\t\t}\r\n\r\n\t\t\t\t\t<\/style>\r\n\t\t\t\r\n\t\t<div class='fca_qc_quiz' id='fca_qc_quiz_10662'>\r\n\t\t\t<span class='fca_qc_mobile_check'><\/span>\r\n\t\t\t\t\t\t<p class='fca_qc_quiz_title'>Vai paz\u012bsti \u0161\u012bs su\u0146u \u0161\u0137irnes?<\/p>\r\n\t\t\t<div class='fca_qc_quiz_description'><p>Aizpildi \u0161o testu un noskaidro vai esi su\u0146u \u0161\u0137ir\u0146u eksperts.<\/p><\/div>\r\n\t\t\t<img class='fca_qc_quiz_description_img' src='https:\/\/www.whisker.lv\/wp-content\/uploads\/2019\/03\/su\u0146i1-400x285.jpg'>\r\n\t\t\t<button type='button' class='fca_qc_button fca_qc_start_button'>Start Quiz<\/button>\r\n\t\t\t\t\t\t\r\n\t\t\t<div class='flip-container fca_qc_quiz_div' style='display: none;'>\r\n\r\n\t\t\t\t\t\t\t\t<div class='fca-qc-flipper'>\r\n\t\t\t\t\t<div class='fca-qc-front' id='fca_qc_answer_container'><p id='fca_qc_question'>Question<\/p><img class='fca_qc_quiz_question_img' src=''><div class='fca_qc_answer_div' data-question='1'><img class='fca_qc_quiz_answer_img' src=''><span class='fca_qc_answer_span'><\/span><\/div><div class='fca_qc_answer_div' data-question='2'><img class='fca_qc_quiz_answer_img' src=''><span class='fca_qc_answer_span'><\/span><\/div><div class='fca_qc_answer_div' data-question='3'><img class='fca_qc_quiz_answer_img' src=''><span class='fca_qc_answer_span'><\/span><\/div><div class='fca_qc_answer_div' data-question='4'><img class='fca_qc_quiz_answer_img' src=''><span class='fca_qc_answer_span'><\/span><\/div><\/div> \r\n\t\t\t\t\t<div class='fca-qc-back' id='fca_qc_back_container'><p style='color: #000' id='fca_qc_question_right_or_wrong'><\/p><img class='fca_qc_quiz_question_img' src=''><span style='color: #000' id='fca_qc_question_back'><\/span><p style='color: #000' id='fca_qc_back_response_p' class='fca_qc_back_response'>Your answer: <span id='fca_qc_your_answer'><\/span><\/p><p style='color: #000' id='fca_qc_correct_answer_p' class='fca_qc_back_response'>Correct answer: <span id='fca_qc_correct_answer'><\/span><\/p><p style='color: #000' id='fca_qc_hint_p' class='fca_qc_back_response'><\/p><button type='button' class='fca_qc_next_question'>Next<\/button><\/div> \r\n\t\t\t\t\t\r\n\t\t\t\t<\/div>\r\n\t\t\t<\/div>\r\n\t\t\t<div class='fca_qc_score_container' style='display:none;'><div class='fca_qc_score_text'>You got {{SCORE_CORRECT}} out of {{SCORE_TOTAL}} <\/div><div class='fca_qc_score_time'><\/div><div class='fca_qc_score_title'><\/div><img class='fca_qc_score_img' src=''><div class='fca_qc_score_desc'><\/div><\/div> \r\n\t\t\t\r\n\t\t\t<div class='fca_qc_quiz_footer' style='display: none;'>\r\n\t\t\t\t<span class='fca_qc_question_count'><\/span>\t\t\r\n\t\t\t<\/div>\r\n\t\t\t\t\t\t\r\n\t\t\t<div class='fca_qc_your_answer_container' style='display:none;'><p class='fca_qc_your_answers_text'>Your Answers<\/p><div class='fca_qc_insert_response_above'><\/div><\/div> \r\n\t\t\t\r\n\t\t\t\r\n\t\t\t\r\n\t\t<\/div>\r\n\t\t\n<p><iframe style=\"border: none; overflow: hidden;\" src=\"https:\/\/www.facebook.com\/plugins\/like.php?href=https%3A%2F%2Fwww.whisker.lv%2Fvai-esi-sunu-skirnu-eksperts%2F&amp;width=450&amp;layout=standard&amp;action=like&amp;size=small&amp;show_faces=false&amp;share=true&amp;height=35&amp;appId=237477320393317\" width=\"450\" height=\"35\" frameborder=\"0\" scrolling=\"no\"><\/iframe><\/p>\n<h3 style=\"text-align: center;\"><span style=\"color: #99cc00;\"><a style=\"color: #99cc00;\" href=\"https:\/\/www.facebook.com\/whisker.lv\/\"><strong>Seko mums Facebook<\/strong><\/a><\/span><\/h3>\n[\/vc_column_text][\/vc_column][\/vc_row]\n","protected":false},"excerpt":{"rendered":"<p>[vc_row][vc_column][vc_column_text] Seko mums Facebook [\/vc_column_text][\/vc_column][\/vc_row]<\/p>\n","protected":false},"author":1,"featured_media":0,"parent":0,"menu_order":0,"comment_status":"closed","ping_status":"closed","template":"page-fullwidth.php","meta":{"_acf_changed":false,"_glsr_average":0,"_glsr_ranking":0,"_glsr_reviews":0,"footnotes":""},"translation":{"provider":"WPGlobus","version":"2.12.2","language":"ru","enabled_languages":["lv","en","ru"],"languages":{"lv":{"title":true,"content":true,"excerpt":false},"en":{"title":false,"content":false,"excerpt":false},"ru":{"title":false,"content":false,"excerpt":false}}},"acf":[],"yoast_head":"<!-- This site is optimized with the Yoast SEO plugin v22.5 - https:\/\/yoast.com\/wordpress\/plugins\/seo\/ -->\n<title>Vai esi su\u0146u \u0161\u0137ir\u0146u eksperts? - Whisker<\/title>\n<meta name=\"robots\" content=\"index, follow, max-snippet:-1, max-image-preview:large, max-video-preview:-1\" \/>\n<link rel=\"canonical\" href=\"https:\/\/www.whisker.lv\/ru\/vai-esi-sunu-skirnu-eksperts\/\" \/>\n<meta property=\"og:locale\" content=\"ru_RU\" \/>\n<meta property=\"og:type\" content=\"article\" \/>\n<meta property=\"og:title\" content=\"Tests: cik daudz no \u0161\u012bm su\u0146u \u0161\u0137irn\u0113m tu paz\u012bsti?\" \/>\n<meta property=\"og:description\" content=\"Aizpildi \u0161o testu un noskaidro vai esi su\u0146u \u0161\u0137ir\u0146u eksperts.\" \/>\n<meta property=\"og:url\" content=\"https:\/\/www.whisker.lv\/ru\/vai-esi-sunu-skirnu-eksperts\/\" \/>\n<meta property=\"og:site_name\" content=\"Whisker\" \/>\n<meta property=\"article:publisher\" content=\"https:\/\/www.facebook.com\/whisker.lv\/\" \/>\n<meta property=\"article:modified_time\" content=\"2019-04-02T21:58:19+00:00\" \/>\n<meta property=\"og:image\" content=\"https:\/\/www.whisker.lv\/wp-content\/uploads\/2019\/03\/su\u0146i1.jpg\" \/>\n\t<meta property=\"og:image:width\" content=\"500\" \/>\n\t<meta property=\"og:image:height\" content=\"356\" \/>\n\t<meta property=\"og:image:type\" content=\"image\/jpeg\" \/>\n<meta name=\"twitter:card\" content=\"summary_large_image\" \/>\n<script type=\"application\/ld+json\" class=\"yoast-schema-graph\">{\"@context\":\"https:\/\/schema.org\",\"@graph\":[{\"@type\":\"WebPage\",\"@id\":\"https:\/\/www.whisker.lv\/ru\/vai-esi-sunu-skirnu-eksperts\/\",\"url\":\"https:\/\/www.whisker.lv\/ru\/vai-esi-sunu-skirnu-eksperts\/\",\"name\":\"Vai esi su\u0146u \u0161\u0137ir\u0146u eksperts? - Whisker\",\"isPartOf\":{\"@id\":\"https:\/\/www.whisker.lv\/#website\"},\"datePublished\":\"2019-03-26T00:09:34+00:00\",\"dateModified\":\"2019-04-02T21:58:19+00:00\",\"description\":\"Cik daudz no su\u0146u \u0161\u0137irn\u0113m paz\u012bsti? Aizpildi testu un noskaidro vai esi su\u0146u \u0161\u0137ir\u0146u ies\u0101c\u0113js, entuziasts, lietprat\u0113js vai eksperts.\",\"breadcrumb\":{\"@id\":\"https:\/\/www.whisker.lv\/ru\/vai-esi-sunu-skirnu-eksperts\/#breadcrumb\"},\"inLanguage\":\"ru-RU\",\"potentialAction\":[{\"@type\":\"ReadAction\",\"target\":[\"https:\/\/www.whisker.lv\/ru\/vai-esi-sunu-skirnu-eksperts\/\"]}]},{\"@type\":\"BreadcrumbList\",\"@id\":\"https:\/\/www.whisker.lv\/ru\/vai-esi-sunu-skirnu-eksperts\/#breadcrumb\",\"itemListElement\":[{\"@type\":\"ListItem\",\"position\":1,\"name\":\"S\u0101kums\",\"item\":\"https:\/\/www.whisker.lv\/\"},{\"@type\":\"ListItem\",\"position\":2,\"name\":\"Vai esi su\u0146u \u0161\u0137ir\u0146u eksperts?\"}]},{\"@type\":\"WebSite\",\"@id\":\"https:\/\/www.whisker.lv\/#website\",\"url\":\"https:\/\/www.whisker.lv\/\",\"name\":\"Whisker\",\"description\":\"Tavs pal\u012bgs m\u0101jdzivnieku pieskat\u012b\u0161an\u0101\",\"potentialAction\":[{\"@type\":\"SearchAction\",\"target\":{\"@type\":\"EntryPoint\",\"urlTemplate\":\"https:\/\/www.whisker.lv\/?s={search_term_string}\"},\"query-input\":\"required name=search_term_string\"}],\"inLanguage\":\"ru-RU\"}]}<\/script>\n<!-- \/ Yoast SEO plugin. -->","yoast_head_json":{"title":"Vai esi su\u0146u \u0161\u0137ir\u0146u eksperts? - Whisker","robots":{"index":"index","follow":"follow","max-snippet":"max-snippet:-1","max-image-preview":"max-image-preview:large","max-video-preview":"max-video-preview:-1"},"canonical":"https:\/\/www.whisker.lv\/ru\/vai-esi-sunu-skirnu-eksperts\/","og_locale":"ru_RU","og_type":"article","og_title":"Tests: cik daudz no \u0161\u012bm su\u0146u \u0161\u0137irn\u0113m tu paz\u012bsti?","og_description":"Aizpildi \u0161o testu un noskaidro vai esi su\u0146u \u0161\u0137ir\u0146u eksperts.","og_url":"https:\/\/www.whisker.lv\/ru\/vai-esi-sunu-skirnu-eksperts\/","og_site_name":"Whisker","article_publisher":"https:\/\/www.facebook.com\/whisker.lv\/","article_modified_time":"2019-04-02T21:58:19+00:00","og_image":[{"width":500,"height":356,"url":"https:\/\/www.whisker.lv\/wp-content\/uploads\/2019\/03\/su\u0146i1.jpg","type":"image\/jpeg"}],"twitter_card":"summary_large_image","schema":{"@context":"https:\/\/schema.org","@graph":[{"@type":"WebPage","@id":"https:\/\/www.whisker.lv\/ru\/vai-esi-sunu-skirnu-eksperts\/","url":"https:\/\/www.whisker.lv\/ru\/vai-esi-sunu-skirnu-eksperts\/","name":"Vai esi su\u0146u \u0161\u0137ir\u0146u eksperts? - Whisker","isPartOf":{"@id":"https:\/\/www.whisker.lv\/#website"},"datePublished":"2019-03-26T00:09:34+00:00","dateModified":"2019-04-02T21:58:19+00:00","description":"Cik daudz no su\u0146u \u0161\u0137irn\u0113m paz\u012bsti? Aizpildi testu un noskaidro vai esi su\u0146u \u0161\u0137ir\u0146u ies\u0101c\u0113js, entuziasts, lietprat\u0113js vai eksperts.","breadcrumb":{"@id":"https:\/\/www.whisker.lv\/ru\/vai-esi-sunu-skirnu-eksperts\/#breadcrumb"},"inLanguage":"ru-RU","potentialAction":[{"@type":"ReadAction","target":["https:\/\/www.whisker.lv\/ru\/vai-esi-sunu-skirnu-eksperts\/"]}]},{"@type":"BreadcrumbList","@id":"https:\/\/www.whisker.lv\/ru\/vai-esi-sunu-skirnu-eksperts\/#breadcrumb","itemListElement":[{"@type":"ListItem","position":1,"name":"S\u0101kums","item":"https:\/\/www.whisker.lv\/"},{"@type":"ListItem","position":2,"name":"Vai esi su\u0146u \u0161\u0137ir\u0146u eksperts?"}]},{"@type":"WebSite","@id":"https:\/\/www.whisker.lv\/#website","url":"https:\/\/www.whisker.lv\/","name":"Whisker","description":"Tavs pal\u012bgs m\u0101jdzivnieku pieskat\u012b\u0161an\u0101","potentialAction":[{"@type":"SearchAction","target":{"@type":"EntryPoint","urlTemplate":"https:\/\/www.whisker.lv\/?s={search_term_string}"},"query-input":"required name=search_term_string"}],"inLanguage":"ru-RU"}]}},"_links":{"self":[{"href":"https:\/\/www.whisker.lv\/ru\/wp-json\/wp\/v2\/pages\/10699"}],"collection":[{"href":"https:\/\/www.whisker.lv\/ru\/wp-json\/wp\/v2\/pages"}],"about":[{"href":"https:\/\/www.whisker.lv\/ru\/wp-json\/wp\/v2\/types\/page"}],"author":[{"embeddable":true,"href":"https:\/\/www.whisker.lv\/ru\/wp-json\/wp\/v2\/users\/1"}],"replies":[{"embeddable":true,"href":"https:\/\/www.whisker.lv\/ru\/wp-json\/wp\/v2\/comments?post=10699"}],"version-history":[{"count":7,"href":"https:\/\/www.whisker.lv\/ru\/wp-json\/wp\/v2\/pages\/10699\/revisions"}],"predecessor-version":[{"id":10750,"href":"https:\/\/www.whisker.lv\/ru\/wp-json\/wp\/v2\/pages\/10699\/revisions\/10750"}],"wp:attachment":[{"href":"https:\/\/www.whisker.lv\/ru\/wp-json\/wp\/v2\/media?parent=10699"}],"curies":[{"name":"wp","href":"https:\/\/api.w.org\/{rel}","templated":true}]}}