



{"id":11324,"date":"2019-04-24T19:31:31","date_gmt":"2019-04-24T17:31:31","guid":{"rendered":"https:\/\/www.whisker.lv\/?page_id=11324"},"modified":"2019-04-24T23:11:15","modified_gmt":"2019-04-24T21:11:15","slug":"persijas-kakis","status":"publish","type":"page","link":"https:\/\/www.whisker.lv\/ru\/kaku-skirnes\/persijas-kakis\/","title":{"rendered":"Persijas ka\u0137is"},"content":{"rendered":"[vc_row][vc_column][vc_text_separator title=&#8221;Persijas ka\u0137is&#8221; border_width=&#8221;8&#8243;][\/vc_column][\/vc_row][vc_row content_placement=&#8221;middle&#8221;][vc_column width=&#8221;1\/4&#8243;][vc_single_image image=&#8221;10141&#8243; img_size=&#8221;medium&#8221; style=&#8221;vc_box_rounded&#8221; onclick=&#8221;link_image&#8221;][\/vc_column][vc_column width=&#8221;3\/4&#8243;][vc_column_text]<span style=\"color: #000000;\"><strong>Izcelsme: <\/strong>Ir\u0101na<\/span><\/p>\n<p><span style=\"color: #000000;\"><strong>Svars:<\/strong>\u00a03.2-6.3 kg<\/span><\/p>\n<p><span style=\"color: #000000;\"><strong>Dz\u012bves ilgums:<\/strong> 10-17 gadi<\/span>[\/vc_column_text][\/vc_column][\/vc_row][vc_row][vc_column][vc_column_text]<span style=\"color: #000000;\">Persijas ka\u0137im piem\u012bt maigs un mier\u012bgs raksturs. Laiku, kas j\u0101pavada, kopjot t\u0101 apmatojumu, kompens\u0113 tas, ka \u0161ie ka\u0137i neprasa past\u0101v\u012bgu uzman\u012bbu. Tie nav tro\u0137\u0161\u0146aini un neskums, ja b\u016bs tiem japavada ilg\u0101ks laiks vienatn\u0113. Visi Persijas ka\u0137i tiek v\u0113rt\u0113ti p\u0113c vienota standarta, at\u0161\u0137ir\u012bbas ir vien\u012bgi apmatojuma kr\u0101s\u0101 un z\u012bm\u0113jum\u0101. Standarta pras\u012bb\u0101m atbilst mas\u012bvs, sp\u0113c\u012bgs \u0137ermenis ar \u012bsu kaklu, k\u0101j\u0101m un asti, plat\u0101m kr\u016bt\u012bm. Galva \u2013 liela, apa\u013ca, ar izliektu pieri un izteiktu p\u0101reju no pieres uz degunu, ausis mazas, izteiksm\u012bg\u0101s acis. Acu kr\u0101sa vari\u0113, ta\u010du vienm\u0113r atbilsto\u0161i apmatojuma kr\u0101sai. Apmatojums \u2013 gar\u0161, biezs, z\u012bdains, kr\u0101\u0161\u0146a kupla apkakle un aste. Aus\u012bs un pirkstu starp\u0101s aug garas spalvas.<\/span><\/p>\n<p><span style=\"color: #000000;\"><strong>V\u0113sture.<\/strong> Eirop\u0101 garspalvainie ka\u0137i sastopami kop\u0161 se\u0161padsmit\u0101 gadsimta, ta\u010du <\/span><span style=\"color: #000000;\">par to eksistenci bija zin\u0101ms jau daudz agr\u0101k. Par <em>persie\u0161u<\/em> dzimteni <\/span><span style=\"color: #000000;\">tiek uzskat\u012bta m\u016bsdienu Ir\u0101nas teritorija. <\/span><span style=\"color: #000000;\">No turienes tie, sekojot tirdzniec\u012bbas ce\u013ciem, izplat\u012bj\u0101s Eirop\u0101.<\/span><\/p>\n<p><span style=\"color: #000000;\"><strong>Piez\u012bme.<\/strong> Kluss un mier\u012bgs, persietis ir iecien\u012bts m\u0101jas luteklis. Tas ir apvelt\u012bts ar klusu melodisku balsi, vi\u0146a \u201csarunas\u201d aprobe\u017eojas ar klusiem \u0146audieniem un murr\u0101\u0161anu. Lai gan persie\u0161iem pat\u012bk sabiedr\u012bba, ir noteikti j\u0101respekt\u0113 vi\u0146u v\u0113lme zin\u0101mu laiku netrauc\u0113ti pavad\u012bt vienatn\u0113.\u00a0<\/span>[\/vc_column_text][\/vc_column][\/vc_row]\n","protected":false},"excerpt":{"rendered":"<p>[vc_row][vc_column][vc_text_separator title=&#8221;Persijas ka\u0137is&#8221; border_width=&#8221;8&#8243;][\/vc_column][\/vc_row][vc_row content_placement=&#8221;middle&#8221;][vc_column width=&#8221;1\/4&#8243;][vc_single_image image=&#8221;10141&#8243; img_size=&#8221;medium&#8221; style=&#8221;vc_box_rounded&#8221; onclick=&#8221;link_image&#8221;][\/vc_column][vc_column width=&#8221;3\/4&#8243;][vc_column_text]Izcelsme: Ir\u0101na Svars:\u00a03.2-6.3 kg Dz\u012bves ilgums: 10-17 gadi[\/vc_column_text][\/vc_column][\/vc_row][vc_row][vc_column][vc_column_text]Persijas ka\u0137im piem\u012bt maigs un mier\u012bgs raksturs. Laiku, kas j\u0101pavada, kopjot t\u0101 apmatojumu, kompens\u0113 tas, ka \u0161ie ka\u0137i neprasa past\u0101v\u012bgu uzman\u012bbu. Tie nav tro\u0137\u0161\u0146aini un neskums, ja b\u016bs tiem japavada ilg\u0101ks laiks vienatn\u0113. Visi Persijas ka\u0137i tiek v\u0113rt\u0113ti [&hellip;]<\/p>\n","protected":false},"author":1,"featured_media":0,"parent":9927,"menu_order":0,"comment_status":"closed","ping_status":"closed","template":"page-fullwidth.php","meta":{"_acf_changed":false,"_glsr_average":0,"_glsr_ranking":0,"_glsr_reviews":0,"footnotes":""},"translation":{"provider":"WPGlobus","version":"2.12.2","language":"ru","enabled_languages":["lv","en","ru"],"languages":{"lv":{"title":true,"content":true,"excerpt":false},"en":{"title":false,"content":false,"excerpt":false},"ru":{"title":false,"content":false,"excerpt":false}}},"acf":[],"yoast_head":"<!-- This site is optimized with the Yoast SEO plugin v22.5 - https:\/\/yoast.com\/wordpress\/plugins\/seo\/ -->\n<title>Persijas ka\u0137is ( Persian) - Whisker.lv | Ka\u0137u \u0161\u0137irnes<\/title>\n<meta name=\"robots\" content=\"index, follow, max-snippet:-1, max-image-preview:large, max-video-preview:-1\" \/>\n<link rel=\"canonical\" href=\"https:\/\/www.whisker.lv\/kaku-skirnes\/persijas-kakis\/\" \/>\n<meta property=\"og:locale\" content=\"ru_RU\" \/>\n<meta property=\"og:type\" content=\"article\" \/>\n<meta property=\"og:title\" content=\"Persijas ka\u0137is - Whisker\" \/>\n<meta property=\"og:url\" content=\"https:\/\/www.whisker.lv\/kaku-skirnes\/persijas-kakis\/\" \/>\n<meta property=\"og:site_name\" content=\"Whisker\" \/>\n<meta property=\"article:publisher\" content=\"https:\/\/www.facebook.com\/whisker.lv\/\" \/>\n<meta property=\"article:modified_time\" content=\"2019-04-24T21:11:15+00:00\" \/>\n<meta name=\"twitter:card\" content=\"summary_large_image\" \/>\n<meta name=\"twitter:label1\" content=\"Est. reading time\" \/>\n\t<meta name=\"twitter:data1\" content=\"2 minutes\" \/>\n<script type=\"application\/ld+json\" class=\"yoast-schema-graph\">{\"@context\":\"https:\/\/schema.org\",\"@graph\":[{\"@type\":\"WebPage\",\"@id\":\"https:\/\/www.whisker.lv\/kaku-skirnes\/persijas-kakis\/\",\"url\":\"https:\/\/www.whisker.lv\/kaku-skirnes\/persijas-kakis\/\",\"name\":\"Persijas ka\u0137is ( Persian) - Whisker.lv | Ka\u0137u \u0161\u0137irnes\",\"isPartOf\":{\"@id\":\"https:\/\/www.whisker.lv\/#website\"},\"datePublished\":\"2019-04-24T17:31:31+00:00\",\"dateModified\":\"2019-04-24T21:11:15+00:00\",\"description\":\"Persijas ka\u0137is - tiem piem\u012bt maigs un mier\u012bgs raksturs. \u0160ie ka\u0137i nav tro\u0137\u0161\u0146aini un neskums, ja b\u016bs japavada ilg\u0101ks laiks vienatn\u0113.\",\"breadcrumb\":{\"@id\":\"https:\/\/www.whisker.lv\/kaku-skirnes\/persijas-kakis\/#breadcrumb\"},\"inLanguage\":\"ru-RU\",\"potentialAction\":[{\"@type\":\"ReadAction\",\"target\":[\"https:\/\/www.whisker.lv\/kaku-skirnes\/persijas-kakis\/\"]}]},{\"@type\":\"BreadcrumbList\",\"@id\":\"https:\/\/www.whisker.lv\/kaku-skirnes\/persijas-kakis\/#breadcrumb\",\"itemListElement\":[{\"@type\":\"ListItem\",\"position\":1,\"name\":\"S\u0101kums\",\"item\":\"https:\/\/www.whisker.lv\/\"},{\"@type\":\"ListItem\",\"position\":2,\"name\":\"Ka\u0137u \u0161\u0137irnes\",\"item\":\"https:\/\/www.whisker.lv\/kaku-skirnes\/\"},{\"@type\":\"ListItem\",\"position\":3,\"name\":\"Persijas ka\u0137is\"}]},{\"@type\":\"WebSite\",\"@id\":\"https:\/\/www.whisker.lv\/#website\",\"url\":\"https:\/\/www.whisker.lv\/\",\"name\":\"Whisker\",\"description\":\"Tavs pal\u012bgs m\u0101jdzivnieku pieskat\u012b\u0161an\u0101\",\"potentialAction\":[{\"@type\":\"SearchAction\",\"target\":{\"@type\":\"EntryPoint\",\"urlTemplate\":\"https:\/\/www.whisker.lv\/?s={search_term_string}\"},\"query-input\":\"required name=search_term_string\"}],\"inLanguage\":\"ru-RU\"}]}<\/script>\n<!-- \/ Yoast SEO plugin. -->","yoast_head_json":{"title":"Persijas ka\u0137is ( Persian) - Whisker.lv | Ka\u0137u \u0161\u0137irnes","robots":{"index":"index","follow":"follow","max-snippet":"max-snippet:-1","max-image-preview":"max-image-preview:large","max-video-preview":"max-video-preview:-1"},"canonical":"https:\/\/www.whisker.lv\/kaku-skirnes\/persijas-kakis\/","og_locale":"ru_RU","og_type":"article","og_title":"Persijas ka\u0137is - Whisker","og_url":"https:\/\/www.whisker.lv\/kaku-skirnes\/persijas-kakis\/","og_site_name":"Whisker","article_publisher":"https:\/\/www.facebook.com\/whisker.lv\/","article_modified_time":"2019-04-24T21:11:15+00:00","twitter_card":"summary_large_image","twitter_misc":{"Est. reading time":"2 minutes"},"schema":{"@context":"https:\/\/schema.org","@graph":[{"@type":"WebPage","@id":"https:\/\/www.whisker.lv\/kaku-skirnes\/persijas-kakis\/","url":"https:\/\/www.whisker.lv\/kaku-skirnes\/persijas-kakis\/","name":"Persijas ka\u0137is ( Persian) - Whisker.lv | Ka\u0137u \u0161\u0137irnes","isPartOf":{"@id":"https:\/\/www.whisker.lv\/#website"},"datePublished":"2019-04-24T17:31:31+00:00","dateModified":"2019-04-24T21:11:15+00:00","description":"Persijas ka\u0137is - tiem piem\u012bt maigs un mier\u012bgs raksturs. \u0160ie ka\u0137i nav tro\u0137\u0161\u0146aini un neskums, ja b\u016bs japavada ilg\u0101ks laiks vienatn\u0113.","breadcrumb":{"@id":"https:\/\/www.whisker.lv\/kaku-skirnes\/persijas-kakis\/#breadcrumb"},"inLanguage":"ru-RU","potentialAction":[{"@type":"ReadAction","target":["https:\/\/www.whisker.lv\/kaku-skirnes\/persijas-kakis\/"]}]},{"@type":"BreadcrumbList","@id":"https:\/\/www.whisker.lv\/kaku-skirnes\/persijas-kakis\/#breadcrumb","itemListElement":[{"@type":"ListItem","position":1,"name":"S\u0101kums","item":"https:\/\/www.whisker.lv\/"},{"@type":"ListItem","position":2,"name":"Ka\u0137u \u0161\u0137irnes","item":"https:\/\/www.whisker.lv\/kaku-skirnes\/"},{"@type":"ListItem","position":3,"name":"Persijas ka\u0137is"}]},{"@type":"WebSite","@id":"https:\/\/www.whisker.lv\/#website","url":"https:\/\/www.whisker.lv\/","name":"Whisker","description":"Tavs pal\u012bgs m\u0101jdzivnieku pieskat\u012b\u0161an\u0101","potentialAction":[{"@type":"SearchAction","target":{"@type":"EntryPoint","urlTemplate":"https:\/\/www.whisker.lv\/?s={search_term_string}"},"query-input":"required name=search_term_string"}],"inLanguage":"ru-RU"}]}},"_links":{"self":[{"href":"https:\/\/www.whisker.lv\/ru\/wp-json\/wp\/v2\/pages\/11324"}],"collection":[{"href":"https:\/\/www.whisker.lv\/ru\/wp-json\/wp\/v2\/pages"}],"about":[{"href":"https:\/\/www.whisker.lv\/ru\/wp-json\/wp\/v2\/types\/page"}],"author":[{"embeddable":true,"href":"https:\/\/www.whisker.lv\/ru\/wp-json\/wp\/v2\/users\/1"}],"replies":[{"embeddable":true,"href":"https:\/\/www.whisker.lv\/ru\/wp-json\/wp\/v2\/comments?post=11324"}],"version-history":[{"count":12,"href":"https:\/\/www.whisker.lv\/ru\/wp-json\/wp\/v2\/pages\/11324\/revisions"}],"predecessor-version":[{"id":12666,"href":"https:\/\/www.whisker.lv\/ru\/wp-json\/wp\/v2\/pages\/11324\/revisions\/12666"}],"up":[{"embeddable":true,"href":"https:\/\/www.whisker.lv\/ru\/wp-json\/wp\/v2\/pages\/9927"}],"wp:attachment":[{"href":"https:\/\/www.whisker.lv\/ru\/wp-json\/wp\/v2\/media?parent=11324"}],"curies":[{"name":"wp","href":"https:\/\/api.w.org\/{rel}","templated":true}]}}