



{"id":11867,"date":"2019-04-24T19:19:38","date_gmt":"2019-04-24T17:19:38","guid":{"rendered":"https:\/\/www.whisker.lv\/?page_id=11867"},"modified":"2019-04-24T20:59:10","modified_gmt":"2019-04-24T18:59:10","slug":"birmas-kakis","status":"publish","type":"page","link":"https:\/\/www.whisker.lv\/ru\/kaku-skirnes\/birmas-kakis\/","title":{"rendered":"Birmas ka\u0137is"},"content":{"rendered":"[vc_row][vc_column][vc_text_separator title=&#8221;Birmas ka\u0137is&#8221; border_width=&#8221;8&#8243;][\/vc_column][\/vc_row][vc_row content_placement=&#8221;middle&#8221;][vc_column width=&#8221;1\/4&#8243;][vc_single_image image=&#8221;9941&#8243; img_size=&#8221;large&#8221; style=&#8221;vc_box_rounded&#8221; onclick=&#8221;link_image&#8221;][\/vc_column][vc_column width=&#8221;3\/4&#8243;][vc_column_text]<span style=\"color: #000000;\"><strong>Izcelsme: <\/strong>Mjanma<\/span><\/p>\n<p><span style=\"color: #000000;\"><strong>Svars:<\/strong> 4-7 kg<\/span><\/p>\n<p><span style=\"color: #000000;\"><strong>Dz\u012bves ilgums:<\/strong>\u00a0~14 gadi<\/span>[\/vc_column_text][\/vc_column][\/vc_row][vc_row][vc_column][vc_column_text]<span style=\"color: #000000;\">Birmas ka\u0137i ir vid\u0113ja izm\u0113ra, ar garu, z\u012bdainu apmatojumu. Birmie\u0161iem ir liela galva ar sp\u0113c\u012bgiem \u017eok\u013ciem, ar v\u0101ji izteiktu p\u0101reju no pieres uz vid\u0113ji lielo degunu. Acis &#8211; tum\u0161i zilas vai saf\u012bra kr\u0101s\u0101. Birmas ka\u0137iem piem\u012bt draudz\u012bgs, maigs raksturs, tom\u0113r da\u017ei ka\u0137u audz\u0113t\u0101ji neiesaka tur\u0113t \u0161os ka\u0137us m\u0101j\u0101s, kur ir mazi b\u0113rni, jo to raudas var padar\u012bt dz\u012bvniekus nervozus uz agres\u012bvus.<\/span><\/p>\n<p><span style=\"color: #000000;\"><strong>V\u0113sture.<\/strong>\u00a0Birmas ka\u0137i dzimten\u0113 \u0100zij\u0101 tiek uzskat\u012bti par sv\u0113tiem dz\u012bvniekiem \u2013 rakstur\u012bgais kr\u0101sojums ar balt\u0101m \u0137ep\u0101m ir pamat\u0101 le\u0123endai. Ka\u0137is, juzdams tuvojamies klostera galven\u0101 priestera n\u0101ves stundu, atn\u0101cis atvieglot mir\u0113ja cie\u0161anas, uzliekot \u0137epas s\u0101po\u0161ajam \u0137ermenim. P\u0113c priestera n\u0101ves ka\u0137a \u0137epas k\u013cuvu\u0161as baltas. T\u0101das t\u0101s ir v\u0113l \u0161obaltdien. Le\u0123enda ir skaista, tom\u0113r \u0161\u012b ka\u0137u \u0161\u0137irne radusies iev\u0113rojami v\u0113lak \u2013 divdesmit\u0101 gadsimta divdesmitajos gados.<\/span><\/p>\n<p><span style=\"color: #000000;\"><strong>Piez\u012bme.<\/strong> \u0160\u012bs \u0161\u0137irnes ka\u0137iem nepiecie\u0161ams siltums. Turot tos v\u0113s\u0101s telp\u0101s, apmatojums var zaud\u0113t t\u012bro, gai\u0161o kr\u0101su.\u00a0<\/span>[\/vc_column_text][\/vc_column][\/vc_row]\n","protected":false},"excerpt":{"rendered":"<p>[vc_row][vc_column][vc_text_separator title=&#8221;Birmas ka\u0137is&#8221; border_width=&#8221;8&#8243;][\/vc_column][\/vc_row][vc_row content_placement=&#8221;middle&#8221;][vc_column width=&#8221;1\/4&#8243;][vc_single_image image=&#8221;9941&#8243; img_size=&#8221;large&#8221; style=&#8221;vc_box_rounded&#8221; onclick=&#8221;link_image&#8221;][\/vc_column][vc_column width=&#8221;3\/4&#8243;][vc_column_text]Izcelsme: Mjanma Svars: 4-7 kg Dz\u012bves ilgums:\u00a0~14 gadi[\/vc_column_text][\/vc_column][\/vc_row][vc_row][vc_column][vc_column_text]Birmas ka\u0137i ir vid\u0113ja izm\u0113ra, ar garu, z\u012bdainu apmatojumu. Birmie\u0161iem ir liela galva ar sp\u0113c\u012bgiem \u017eok\u013ciem, ar v\u0101ji izteiktu p\u0101reju no pieres uz vid\u0113ji lielo degunu. Acis &#8211; tum\u0161i zilas vai saf\u012bra kr\u0101s\u0101. Birmas ka\u0137iem piem\u012bt draudz\u012bgs, maigs [&hellip;]<\/p>\n","protected":false},"author":1,"featured_media":0,"parent":9927,"menu_order":0,"comment_status":"closed","ping_status":"closed","template":"page-fullwidth.php","meta":{"_acf_changed":false,"_glsr_average":0,"_glsr_ranking":0,"_glsr_reviews":0,"footnotes":""},"translation":{"provider":"WPGlobus","version":"2.12.2","language":"ru","enabled_languages":["lv","en","ru"],"languages":{"lv":{"title":true,"content":true,"excerpt":false},"en":{"title":false,"content":false,"excerpt":false},"ru":{"title":false,"content":false,"excerpt":false}}},"acf":[],"yoast_head":"<!-- This site is optimized with the Yoast SEO plugin v22.5 - https:\/\/yoast.com\/wordpress\/plugins\/seo\/ -->\n<title>Birmas ka\u0137is (Birman) - Whisker.lv | Ka\u0137u \u0161\u0137irnes<\/title>\n<meta name=\"robots\" content=\"index, follow, max-snippet:-1, max-image-preview:large, max-video-preview:-1\" \/>\n<link rel=\"canonical\" href=\"https:\/\/www.whisker.lv\/kaku-skirnes\/birmas-kakis\/\" \/>\n<meta property=\"og:locale\" content=\"ru_RU\" \/>\n<meta property=\"og:type\" content=\"article\" \/>\n<meta property=\"og:title\" content=\"Birmas ka\u0137is - Whisker\" \/>\n<meta property=\"og:url\" content=\"https:\/\/www.whisker.lv\/kaku-skirnes\/birmas-kakis\/\" \/>\n<meta property=\"og:site_name\" content=\"Whisker\" \/>\n<meta property=\"article:publisher\" content=\"https:\/\/www.facebook.com\/whisker.lv\/\" \/>\n<meta property=\"article:modified_time\" content=\"2019-04-24T18:59:10+00:00\" \/>\n<meta name=\"twitter:card\" content=\"summary_large_image\" \/>\n<meta name=\"twitter:label1\" content=\"Est. reading time\" \/>\n\t<meta name=\"twitter:data1\" content=\"1 minute\" \/>\n<script type=\"application\/ld+json\" class=\"yoast-schema-graph\">{\"@context\":\"https:\/\/schema.org\",\"@graph\":[{\"@type\":\"WebPage\",\"@id\":\"https:\/\/www.whisker.lv\/kaku-skirnes\/birmas-kakis\/\",\"url\":\"https:\/\/www.whisker.lv\/kaku-skirnes\/birmas-kakis\/\",\"name\":\"Birmas ka\u0137is (Birman) - Whisker.lv | Ka\u0137u \u0161\u0137irnes\",\"isPartOf\":{\"@id\":\"https:\/\/www.whisker.lv\/#website\"},\"datePublished\":\"2019-04-24T17:19:38+00:00\",\"dateModified\":\"2019-04-24T18:59:10+00:00\",\"description\":\"Birmas ka\u0137is ir vid\u0113ja izm\u0113ra, ar garu, z\u012bdainu apmatojumu. Birmie\u0161iem ir liela galva ar v\u0101ji izteiktu p\u0101reju no pieres uz vid\u0113ji lielo degunu.\",\"breadcrumb\":{\"@id\":\"https:\/\/www.whisker.lv\/kaku-skirnes\/birmas-kakis\/#breadcrumb\"},\"inLanguage\":\"ru-RU\",\"potentialAction\":[{\"@type\":\"ReadAction\",\"target\":[\"https:\/\/www.whisker.lv\/kaku-skirnes\/birmas-kakis\/\"]}]},{\"@type\":\"BreadcrumbList\",\"@id\":\"https:\/\/www.whisker.lv\/kaku-skirnes\/birmas-kakis\/#breadcrumb\",\"itemListElement\":[{\"@type\":\"ListItem\",\"position\":1,\"name\":\"S\u0101kums\",\"item\":\"https:\/\/www.whisker.lv\/\"},{\"@type\":\"ListItem\",\"position\":2,\"name\":\"Ka\u0137u \u0161\u0137irnes\",\"item\":\"https:\/\/www.whisker.lv\/kaku-skirnes\/\"},{\"@type\":\"ListItem\",\"position\":3,\"name\":\"Birmas ka\u0137is\"}]},{\"@type\":\"WebSite\",\"@id\":\"https:\/\/www.whisker.lv\/#website\",\"url\":\"https:\/\/www.whisker.lv\/\",\"name\":\"Whisker\",\"description\":\"Tavs pal\u012bgs m\u0101jdzivnieku pieskat\u012b\u0161an\u0101\",\"potentialAction\":[{\"@type\":\"SearchAction\",\"target\":{\"@type\":\"EntryPoint\",\"urlTemplate\":\"https:\/\/www.whisker.lv\/?s={search_term_string}\"},\"query-input\":\"required name=search_term_string\"}],\"inLanguage\":\"ru-RU\"}]}<\/script>\n<!-- \/ Yoast SEO plugin. -->","yoast_head_json":{"title":"Birmas ka\u0137is (Birman) - Whisker.lv | Ka\u0137u \u0161\u0137irnes","robots":{"index":"index","follow":"follow","max-snippet":"max-snippet:-1","max-image-preview":"max-image-preview:large","max-video-preview":"max-video-preview:-1"},"canonical":"https:\/\/www.whisker.lv\/kaku-skirnes\/birmas-kakis\/","og_locale":"ru_RU","og_type":"article","og_title":"Birmas ka\u0137is - Whisker","og_url":"https:\/\/www.whisker.lv\/kaku-skirnes\/birmas-kakis\/","og_site_name":"Whisker","article_publisher":"https:\/\/www.facebook.com\/whisker.lv\/","article_modified_time":"2019-04-24T18:59:10+00:00","twitter_card":"summary_large_image","twitter_misc":{"Est. reading time":"1 minute"},"schema":{"@context":"https:\/\/schema.org","@graph":[{"@type":"WebPage","@id":"https:\/\/www.whisker.lv\/kaku-skirnes\/birmas-kakis\/","url":"https:\/\/www.whisker.lv\/kaku-skirnes\/birmas-kakis\/","name":"Birmas ka\u0137is (Birman) - Whisker.lv | Ka\u0137u \u0161\u0137irnes","isPartOf":{"@id":"https:\/\/www.whisker.lv\/#website"},"datePublished":"2019-04-24T17:19:38+00:00","dateModified":"2019-04-24T18:59:10+00:00","description":"Birmas ka\u0137is ir vid\u0113ja izm\u0113ra, ar garu, z\u012bdainu apmatojumu. Birmie\u0161iem ir liela galva ar v\u0101ji izteiktu p\u0101reju no pieres uz vid\u0113ji lielo degunu.","breadcrumb":{"@id":"https:\/\/www.whisker.lv\/kaku-skirnes\/birmas-kakis\/#breadcrumb"},"inLanguage":"ru-RU","potentialAction":[{"@type":"ReadAction","target":["https:\/\/www.whisker.lv\/kaku-skirnes\/birmas-kakis\/"]}]},{"@type":"BreadcrumbList","@id":"https:\/\/www.whisker.lv\/kaku-skirnes\/birmas-kakis\/#breadcrumb","itemListElement":[{"@type":"ListItem","position":1,"name":"S\u0101kums","item":"https:\/\/www.whisker.lv\/"},{"@type":"ListItem","position":2,"name":"Ka\u0137u \u0161\u0137irnes","item":"https:\/\/www.whisker.lv\/kaku-skirnes\/"},{"@type":"ListItem","position":3,"name":"Birmas ka\u0137is"}]},{"@type":"WebSite","@id":"https:\/\/www.whisker.lv\/#website","url":"https:\/\/www.whisker.lv\/","name":"Whisker","description":"Tavs pal\u012bgs m\u0101jdzivnieku pieskat\u012b\u0161an\u0101","potentialAction":[{"@type":"SearchAction","target":{"@type":"EntryPoint","urlTemplate":"https:\/\/www.whisker.lv\/?s={search_term_string}"},"query-input":"required name=search_term_string"}],"inLanguage":"ru-RU"}]}},"_links":{"self":[{"href":"https:\/\/www.whisker.lv\/ru\/wp-json\/wp\/v2\/pages\/11867"}],"collection":[{"href":"https:\/\/www.whisker.lv\/ru\/wp-json\/wp\/v2\/pages"}],"about":[{"href":"https:\/\/www.whisker.lv\/ru\/wp-json\/wp\/v2\/types\/page"}],"author":[{"embeddable":true,"href":"https:\/\/www.whisker.lv\/ru\/wp-json\/wp\/v2\/users\/1"}],"replies":[{"embeddable":true,"href":"https:\/\/www.whisker.lv\/ru\/wp-json\/wp\/v2\/comments?post=11867"}],"version-history":[{"count":6,"href":"https:\/\/www.whisker.lv\/ru\/wp-json\/wp\/v2\/pages\/11867\/revisions"}],"predecessor-version":[{"id":12646,"href":"https:\/\/www.whisker.lv\/ru\/wp-json\/wp\/v2\/pages\/11867\/revisions\/12646"}],"up":[{"embeddable":true,"href":"https:\/\/www.whisker.lv\/ru\/wp-json\/wp\/v2\/pages\/9927"}],"wp:attachment":[{"href":"https:\/\/www.whisker.lv\/ru\/wp-json\/wp\/v2\/media?parent=11867"}],"curies":[{"name":"wp","href":"https:\/\/api.w.org\/{rel}","templated":true}]}}