



{"id":11895,"date":"2019-04-24T19:33:26","date_gmt":"2019-04-24T17:33:26","guid":{"rendered":"https:\/\/www.whisker.lv\/?page_id=11895"},"modified":"2019-04-24T23:44:16","modified_gmt":"2019-04-24T21:44:16","slug":"regdolls","status":"publish","type":"page","link":"https:\/\/www.whisker.lv\/ru\/kaku-skirnes\/regdolls\/","title":{"rendered":"Regdolls"},"content":{"rendered":"[vc_row][vc_column][vc_text_separator title=&#8221;Regdolls&#8221; border_width=&#8221;8&#8243;][\/vc_column][\/vc_row][vc_row content_placement=&#8221;middle&#8221;][vc_column width=&#8221;1\/4&#8243;][vc_single_image image=&#8221;11902&#8243; img_size=&#8221;full&#8221; style=&#8221;vc_box_rounded&#8221; onclick=&#8221;link_image&#8221;][\/vc_column][vc_column width=&#8221;3\/4&#8243;][vc_column_text]<span style=\"color: #000000;\"><strong>Izcelsme:<\/strong> ASV<\/span><\/p>\n<p><span style=\"color: #000000;\"><strong>Svars:<\/strong>\u00a04.5-10 kg<\/span><\/p>\n<p><span style=\"color: #000000;\"><strong>Dz\u012bves ilgums:<\/strong>\u00a012-17 gadi<\/span>[\/vc_column_text][\/vc_column][\/vc_row][vc_row][vc_column][vc_column_text]<span style=\"color: #000000;\">Regdolls citu ka\u0137u vid\u016b izce\u013cas ar \u0101rk\u0101rt\u012bgi mierm\u012bl\u012bgu raksturu \u2013 \u0161is ka\u0137is ir uztic\u012bgs saimniekam un var sekot tam k\u0101 suns. Regdolli ir paciet\u012bgi un iztur\u012bgi, lieli gu\u013cavas. Regdolli ir liel\u0101kie m\u0101jas ka\u0137i pasaul\u0113 \u2013 run\u010di sasniedz pat desmit kilogramus. Ap metru garais \u0137ermenis ir iztieptas formas, aste &#8211; vid\u0113ji gara, k\u0101jas &#8211; \u012bsas. Galva ir liela, ar sp\u0113c\u012bgu, platu zodu. Acis &#8211; vienm\u0113r zilas. Biezajam un z\u012bdainajam apmatojumam ir tr\u012bs kr\u0101su variet\u0101tes. Apmatojums ir sevi\u0161\u0137i gar\u0161 uz v\u0113dera un kr\u016bt\u012bm, veidojot rakstur\u012bgo apkakli. Ar\u012b uz astes apmatojums ir gar\u0161 un kupls.<\/span><\/p>\n<p><span style=\"color: #000000;\"><strong>V\u0113sture.<\/strong>\u00a0Viena no jaun\u0101kaj\u0101m garspalvaino ka\u0137u \u0161\u0137irn\u0113m, kura veidota ASV pag\u0101ju\u0161\u0101 gadsimta 70. gados.<\/span><\/p>\n<p><span style=\"color: #000000;\"><strong>Piez\u012bme.<\/strong>\u00a0\u0160os ka\u0137us nedr\u012bkst tur\u0113t audz\u0113tav\u0101s sl\u0113gt\u0101s telp\u0101s, jo tiem nepiecie\u0161ams kontakts ar cilv\u0113kiem. <\/span>[\/vc_column_text][\/vc_column][\/vc_row]\n","protected":false},"excerpt":{"rendered":"<p>[vc_row][vc_column][vc_text_separator title=&#8221;Regdolls&#8221; border_width=&#8221;8&#8243;][\/vc_column][\/vc_row][vc_row content_placement=&#8221;middle&#8221;][vc_column width=&#8221;1\/4&#8243;][vc_single_image image=&#8221;11902&#8243; img_size=&#8221;full&#8221; style=&#8221;vc_box_rounded&#8221; onclick=&#8221;link_image&#8221;][\/vc_column][vc_column width=&#8221;3\/4&#8243;][vc_column_text]Izcelsme: ASV Svars:\u00a04.5-10 kg Dz\u012bves ilgums:\u00a012-17 gadi[\/vc_column_text][\/vc_column][\/vc_row][vc_row][vc_column][vc_column_text]Regdolls citu ka\u0137u vid\u016b izce\u013cas ar \u0101rk\u0101rt\u012bgi mierm\u012bl\u012bgu raksturu \u2013 \u0161is ka\u0137is ir uztic\u012bgs saimniekam un var sekot tam k\u0101 suns. Regdolli ir paciet\u012bgi un iztur\u012bgi, lieli gu\u013cavas. Regdolli ir liel\u0101kie m\u0101jas ka\u0137i pasaul\u0113 \u2013 run\u010di sasniedz pat desmit kilogramus. [&hellip;]<\/p>\n","protected":false},"author":1,"featured_media":0,"parent":9927,"menu_order":0,"comment_status":"closed","ping_status":"closed","template":"page-fullwidth.php","meta":{"_acf_changed":false,"_glsr_average":0,"_glsr_ranking":0,"_glsr_reviews":0,"footnotes":""},"translation":{"provider":"WPGlobus","version":"2.12.2","language":"ru","enabled_languages":["lv","en","ru"],"languages":{"lv":{"title":true,"content":true,"excerpt":false},"en":{"title":false,"content":false,"excerpt":false},"ru":{"title":false,"content":false,"excerpt":false}}},"acf":[],"yoast_head":"<!-- This site is optimized with the Yoast SEO plugin v22.5 - https:\/\/yoast.com\/wordpress\/plugins\/seo\/ -->\n<title>Regdolls (Ragdoll) - Whisker.lv | Ka\u0137u \u0161\u0137irnes<\/title>\n<meta name=\"robots\" content=\"index, follow, max-snippet:-1, max-image-preview:large, max-video-preview:-1\" \/>\n<link rel=\"canonical\" href=\"https:\/\/www.whisker.lv\/kaku-skirnes\/regdolls\/\" \/>\n<meta property=\"og:locale\" content=\"ru_RU\" \/>\n<meta property=\"og:type\" content=\"article\" \/>\n<meta property=\"og:title\" content=\"Regdolls - Whisker\" \/>\n<meta property=\"og:url\" content=\"https:\/\/www.whisker.lv\/kaku-skirnes\/regdolls\/\" \/>\n<meta property=\"og:site_name\" content=\"Whisker\" \/>\n<meta property=\"article:publisher\" content=\"https:\/\/www.facebook.com\/whisker.lv\/\" \/>\n<meta property=\"article:modified_time\" content=\"2019-04-24T21:44:16+00:00\" \/>\n<meta name=\"twitter:card\" content=\"summary_large_image\" \/>\n<meta name=\"twitter:label1\" content=\"Est. reading time\" \/>\n\t<meta name=\"twitter:data1\" content=\"1 minute\" \/>\n<script type=\"application\/ld+json\" class=\"yoast-schema-graph\">{\"@context\":\"https:\/\/schema.org\",\"@graph\":[{\"@type\":\"WebPage\",\"@id\":\"https:\/\/www.whisker.lv\/kaku-skirnes\/regdolls\/\",\"url\":\"https:\/\/www.whisker.lv\/kaku-skirnes\/regdolls\/\",\"name\":\"Regdolls (Ragdoll) - Whisker.lv | Ka\u0137u \u0161\u0137irnes\",\"isPartOf\":{\"@id\":\"https:\/\/www.whisker.lv\/#website\"},\"datePublished\":\"2019-04-24T17:33:26+00:00\",\"dateModified\":\"2019-04-24T21:44:16+00:00\",\"description\":\"Regdolls citu ka\u0137u vid\u016b izce\u013cas ar \u0101rk\u0101rt\u012bgi mierm\u012bl\u012bgu raksturu - \u0161is ka\u0137is ir uztic\u012bgs saimniekam un var sekot k\u0101 suns. Regdoli ir paciet\u012bgi un iztur\u012bgi.\",\"breadcrumb\":{\"@id\":\"https:\/\/www.whisker.lv\/kaku-skirnes\/regdolls\/#breadcrumb\"},\"inLanguage\":\"ru-RU\",\"potentialAction\":[{\"@type\":\"ReadAction\",\"target\":[\"https:\/\/www.whisker.lv\/kaku-skirnes\/regdolls\/\"]}]},{\"@type\":\"BreadcrumbList\",\"@id\":\"https:\/\/www.whisker.lv\/kaku-skirnes\/regdolls\/#breadcrumb\",\"itemListElement\":[{\"@type\":\"ListItem\",\"position\":1,\"name\":\"S\u0101kums\",\"item\":\"https:\/\/www.whisker.lv\/\"},{\"@type\":\"ListItem\",\"position\":2,\"name\":\"Ka\u0137u \u0161\u0137irnes\",\"item\":\"https:\/\/www.whisker.lv\/kaku-skirnes\/\"},{\"@type\":\"ListItem\",\"position\":3,\"name\":\"Regdolls\"}]},{\"@type\":\"WebSite\",\"@id\":\"https:\/\/www.whisker.lv\/#website\",\"url\":\"https:\/\/www.whisker.lv\/\",\"name\":\"Whisker\",\"description\":\"Tavs pal\u012bgs m\u0101jdzivnieku pieskat\u012b\u0161an\u0101\",\"potentialAction\":[{\"@type\":\"SearchAction\",\"target\":{\"@type\":\"EntryPoint\",\"urlTemplate\":\"https:\/\/www.whisker.lv\/?s={search_term_string}\"},\"query-input\":\"required name=search_term_string\"}],\"inLanguage\":\"ru-RU\"}]}<\/script>\n<!-- \/ Yoast SEO plugin. -->","yoast_head_json":{"title":"Regdolls (Ragdoll) - Whisker.lv | Ka\u0137u \u0161\u0137irnes","robots":{"index":"index","follow":"follow","max-snippet":"max-snippet:-1","max-image-preview":"max-image-preview:large","max-video-preview":"max-video-preview:-1"},"canonical":"https:\/\/www.whisker.lv\/kaku-skirnes\/regdolls\/","og_locale":"ru_RU","og_type":"article","og_title":"Regdolls - Whisker","og_url":"https:\/\/www.whisker.lv\/kaku-skirnes\/regdolls\/","og_site_name":"Whisker","article_publisher":"https:\/\/www.facebook.com\/whisker.lv\/","article_modified_time":"2019-04-24T21:44:16+00:00","twitter_card":"summary_large_image","twitter_misc":{"Est. reading time":"1 minute"},"schema":{"@context":"https:\/\/schema.org","@graph":[{"@type":"WebPage","@id":"https:\/\/www.whisker.lv\/kaku-skirnes\/regdolls\/","url":"https:\/\/www.whisker.lv\/kaku-skirnes\/regdolls\/","name":"Regdolls (Ragdoll) - Whisker.lv | Ka\u0137u \u0161\u0137irnes","isPartOf":{"@id":"https:\/\/www.whisker.lv\/#website"},"datePublished":"2019-04-24T17:33:26+00:00","dateModified":"2019-04-24T21:44:16+00:00","description":"Regdolls citu ka\u0137u vid\u016b izce\u013cas ar \u0101rk\u0101rt\u012bgi mierm\u012bl\u012bgu raksturu - \u0161is ka\u0137is ir uztic\u012bgs saimniekam un var sekot k\u0101 suns. Regdoli ir paciet\u012bgi un iztur\u012bgi.","breadcrumb":{"@id":"https:\/\/www.whisker.lv\/kaku-skirnes\/regdolls\/#breadcrumb"},"inLanguage":"ru-RU","potentialAction":[{"@type":"ReadAction","target":["https:\/\/www.whisker.lv\/kaku-skirnes\/regdolls\/"]}]},{"@type":"BreadcrumbList","@id":"https:\/\/www.whisker.lv\/kaku-skirnes\/regdolls\/#breadcrumb","itemListElement":[{"@type":"ListItem","position":1,"name":"S\u0101kums","item":"https:\/\/www.whisker.lv\/"},{"@type":"ListItem","position":2,"name":"Ka\u0137u \u0161\u0137irnes","item":"https:\/\/www.whisker.lv\/kaku-skirnes\/"},{"@type":"ListItem","position":3,"name":"Regdolls"}]},{"@type":"WebSite","@id":"https:\/\/www.whisker.lv\/#website","url":"https:\/\/www.whisker.lv\/","name":"Whisker","description":"Tavs pal\u012bgs m\u0101jdzivnieku pieskat\u012b\u0161an\u0101","potentialAction":[{"@type":"SearchAction","target":{"@type":"EntryPoint","urlTemplate":"https:\/\/www.whisker.lv\/?s={search_term_string}"},"query-input":"required name=search_term_string"}],"inLanguage":"ru-RU"}]}},"_links":{"self":[{"href":"https:\/\/www.whisker.lv\/ru\/wp-json\/wp\/v2\/pages\/11895"}],"collection":[{"href":"https:\/\/www.whisker.lv\/ru\/wp-json\/wp\/v2\/pages"}],"about":[{"href":"https:\/\/www.whisker.lv\/ru\/wp-json\/wp\/v2\/types\/page"}],"author":[{"embeddable":true,"href":"https:\/\/www.whisker.lv\/ru\/wp-json\/wp\/v2\/users\/1"}],"replies":[{"embeddable":true,"href":"https:\/\/www.whisker.lv\/ru\/wp-json\/wp\/v2\/comments?post=11895"}],"version-history":[{"count":10,"href":"https:\/\/www.whisker.lv\/ru\/wp-json\/wp\/v2\/pages\/11895\/revisions"}],"predecessor-version":[{"id":12671,"href":"https:\/\/www.whisker.lv\/ru\/wp-json\/wp\/v2\/pages\/11895\/revisions\/12671"}],"up":[{"embeddable":true,"href":"https:\/\/www.whisker.lv\/ru\/wp-json\/wp\/v2\/pages\/9927"}],"wp:attachment":[{"href":"https:\/\/www.whisker.lv\/ru\/wp-json\/wp\/v2\/media?parent=11895"}],"curies":[{"name":"wp","href":"https:\/\/api.w.org\/{rel}","templated":true}]}}