



{"id":11914,"date":"2019-04-24T19:38:48","date_gmt":"2019-04-24T17:38:48","guid":{"rendered":"https:\/\/www.whisker.lv\/?page_id=11914"},"modified":"2019-04-25T00:47:50","modified_gmt":"2019-04-24T22:47:50","slug":"turcijas-angoras-kakis","status":"publish","type":"page","link":"https:\/\/www.whisker.lv\/ru\/kaku-skirnes\/turcijas-angoras-kakis\/","title":{"rendered":"Turcijas Angoras ka\u0137is"},"content":{"rendered":"[vc_row][vc_column][vc_text_separator title=&#8221;Turcijas Angoras ka\u0137is&#8221; border_width=&#8221;8&#8243;][\/vc_column][\/vc_row][vc_row content_placement=&#8221;middle&#8221;][vc_column width=&#8221;1\/4&#8243;][vc_single_image image=&#8221;11917&#8243; img_size=&#8221;large&#8221; style=&#8221;vc_box_rounded&#8221; onclick=&#8221;link_image&#8221;][\/vc_column][vc_column width=&#8221;3\/4&#8243;][vc_column_text]<span style=\"color: #000000;\"><strong>Izcelsme:<\/strong>\u00a0Turcija<\/span><\/p>\n<p><span style=\"color: #000000;\"><strong>Svars:<\/strong>\u00a02.5-5 kg<\/span><\/p>\n<p><span style=\"color: #000000;\"><strong>Dz\u012bves ilgums:<\/strong>\u00a012-18 gadi<\/span>[\/vc_column_text][\/vc_column][\/vc_row][vc_row][vc_column][vc_column_text]<span style=\"color: #000000;\">Turcijas ka\u0137iem rakstur\u012bgs gar\u0161 un sp\u0113c\u012bgs \u0137ermenis ar garu kaklu, vid\u0113ji garas, sp\u0113c\u012bgas k\u0101jas ar apa\u013c\u0101m \u0137ep\u0101m, kupla aste. \u012asa galva ar spec\u012bgu zodu, taisns deguns. Lielas, tuvu novietotas ausis. Ov\u0101l\u0101s acis &#8211; lielas, mazliet iesl\u012bpas &#8211; dzeltenas, zilas vai da\u017e\u0101das kr\u0101sas baltajiem ka\u0137iem. \u012apatn\u0113jam apmatojumamam nav pavilnas, tas ir z\u012bdaini m\u012bksts, l\u012bdz piecpadsmit centimetru garum\u0101, t\u012bri balts. Baltajiem ka\u0137\u0113niem piedzimstot uz galvas ir tum\u0161s plankums, kas tiem pieaugot izz\u016bd. Baltie Angoras ka\u0137i ar zil\u0101m ac\u012bm parasti ir kurli. Ped\u0113j\u0101 laik\u0101 bez balt\u0101 kr\u0101sojuma ir re\u0123istr\u0113tas v\u0113l citas kr\u0101su variet\u0101tes. Angoras ka\u0137is var k\u013c\u016bt par br\u012bni\u0161\u0137\u012bgu m\u0101jas m\u012bluli \u2013 \u0161armantu un inteli\u0123entu.<\/span><\/p>\n<p><span style=\"color: #000000;\"><strong>V\u0113sture.<\/strong>\u00a0\u0160ie ka\u0137i jau senatn\u0113 audz\u0113ti k\u0101 m\u0101jdz\u012bvnieki Turcij\u0101, tom\u0113r k\u0101 \u0161\u0137irne Eirop\u0101 tie apstiprin\u0101ti tikai 1971.\u00a0gad\u0101.\u00a0<\/span><\/p>\n<p><span style=\"color: #000000;\"><strong>Piez\u012bme.<\/strong> Lai nov\u0113rstu agresivit\u0101tes veido\u0161anos, temperament\u012bgie ka\u0137i ir r\u016bp\u012bgi j\u0101skolo. Jau no mazotnes tie j\u0101radina pie cilv\u0113ka piesk\u0101rieniem.<\/span>[\/vc_column_text][\/vc_column][\/vc_row]\n","protected":false},"excerpt":{"rendered":"<p>[vc_row][vc_column][vc_text_separator title=&#8221;Turcijas Angoras ka\u0137is&#8221; border_width=&#8221;8&#8243;][\/vc_column][\/vc_row][vc_row content_placement=&#8221;middle&#8221;][vc_column width=&#8221;1\/4&#8243;][vc_single_image image=&#8221;11917&#8243; img_size=&#8221;large&#8221; style=&#8221;vc_box_rounded&#8221; onclick=&#8221;link_image&#8221;][\/vc_column][vc_column width=&#8221;3\/4&#8243;][vc_column_text]Izcelsme:\u00a0Turcija Svars:\u00a02.5-5 kg Dz\u012bves ilgums:\u00a012-18 gadi[\/vc_column_text][\/vc_column][\/vc_row][vc_row][vc_column][vc_column_text]Turcijas ka\u0137iem rakstur\u012bgs gar\u0161 un sp\u0113c\u012bgs \u0137ermenis ar garu kaklu, vid\u0113ji garas, sp\u0113c\u012bgas k\u0101jas ar apa\u013c\u0101m \u0137ep\u0101m, kupla aste. \u012asa galva ar spec\u012bgu zodu, taisns deguns. Lielas, tuvu novietotas ausis. Ov\u0101l\u0101s acis &#8211; lielas, mazliet iesl\u012bpas &#8211; dzeltenas, zilas [&hellip;]<\/p>\n","protected":false},"author":1,"featured_media":0,"parent":9927,"menu_order":0,"comment_status":"closed","ping_status":"closed","template":"page-fullwidth.php","meta":{"_acf_changed":false,"_glsr_average":0,"_glsr_ranking":0,"_glsr_reviews":0,"footnotes":""},"translation":{"provider":"WPGlobus","version":"2.12.2","language":"ru","enabled_languages":["lv","en","ru"],"languages":{"lv":{"title":true,"content":true,"excerpt":false},"en":{"title":false,"content":false,"excerpt":false},"ru":{"title":false,"content":false,"excerpt":false}}},"acf":[],"yoast_head":"<!-- This site is optimized with the Yoast SEO plugin v22.5 - https:\/\/yoast.com\/wordpress\/plugins\/seo\/ -->\n<title>Turcijas Angoras ka\u0137is (Turkish Angora) - Whisker.lv | Ka\u0137u \u0161\u0137irnes<\/title>\n<meta name=\"robots\" content=\"index, follow, max-snippet:-1, max-image-preview:large, max-video-preview:-1\" \/>\n<link rel=\"canonical\" href=\"https:\/\/www.whisker.lv\/kaku-skirnes\/turcijas-angoras-kakis\/\" \/>\n<meta property=\"og:locale\" content=\"ru_RU\" \/>\n<meta property=\"og:type\" content=\"article\" \/>\n<meta property=\"og:title\" content=\"Turcijas Angoras ka\u0137is - Whisker\" \/>\n<meta property=\"og:url\" content=\"https:\/\/www.whisker.lv\/kaku-skirnes\/turcijas-angoras-kakis\/\" \/>\n<meta property=\"og:site_name\" content=\"Whisker\" \/>\n<meta property=\"article:publisher\" content=\"https:\/\/www.facebook.com\/whisker.lv\/\" \/>\n<meta property=\"article:modified_time\" content=\"2019-04-24T22:47:50+00:00\" \/>\n<meta name=\"twitter:card\" content=\"summary_large_image\" \/>\n<meta name=\"twitter:label1\" content=\"Est. reading time\" \/>\n\t<meta name=\"twitter:data1\" content=\"1 minute\" \/>\n<script type=\"application\/ld+json\" class=\"yoast-schema-graph\">{\"@context\":\"https:\/\/schema.org\",\"@graph\":[{\"@type\":\"WebPage\",\"@id\":\"https:\/\/www.whisker.lv\/kaku-skirnes\/turcijas-angoras-kakis\/\",\"url\":\"https:\/\/www.whisker.lv\/kaku-skirnes\/turcijas-angoras-kakis\/\",\"name\":\"Turcijas Angoras ka\u0137is (Turkish Angora) - Whisker.lv | Ka\u0137u \u0161\u0137irnes\",\"isPartOf\":{\"@id\":\"https:\/\/www.whisker.lv\/#website\"},\"datePublished\":\"2019-04-24T17:38:48+00:00\",\"dateModified\":\"2019-04-24T22:47:50+00:00\",\"description\":\"Turcijas Angoras ka\u0137is - tam ir rakstur\u012bgs gar\u0161 un sp\u0113c\u012bgs \u0137ermenis ar garu kaklu, vid\u0113ji garas, sp\u0113c\u012bgas k\u0101jas ar apa\u013c\u0101m \u0137ep\u0101m, kupla aste.\",\"breadcrumb\":{\"@id\":\"https:\/\/www.whisker.lv\/kaku-skirnes\/turcijas-angoras-kakis\/#breadcrumb\"},\"inLanguage\":\"ru-RU\",\"potentialAction\":[{\"@type\":\"ReadAction\",\"target\":[\"https:\/\/www.whisker.lv\/kaku-skirnes\/turcijas-angoras-kakis\/\"]}]},{\"@type\":\"BreadcrumbList\",\"@id\":\"https:\/\/www.whisker.lv\/kaku-skirnes\/turcijas-angoras-kakis\/#breadcrumb\",\"itemListElement\":[{\"@type\":\"ListItem\",\"position\":1,\"name\":\"S\u0101kums\",\"item\":\"https:\/\/www.whisker.lv\/\"},{\"@type\":\"ListItem\",\"position\":2,\"name\":\"Ka\u0137u \u0161\u0137irnes\",\"item\":\"https:\/\/www.whisker.lv\/kaku-skirnes\/\"},{\"@type\":\"ListItem\",\"position\":3,\"name\":\"Turcijas Angoras ka\u0137is\"}]},{\"@type\":\"WebSite\",\"@id\":\"https:\/\/www.whisker.lv\/#website\",\"url\":\"https:\/\/www.whisker.lv\/\",\"name\":\"Whisker\",\"description\":\"Tavs pal\u012bgs m\u0101jdzivnieku pieskat\u012b\u0161an\u0101\",\"potentialAction\":[{\"@type\":\"SearchAction\",\"target\":{\"@type\":\"EntryPoint\",\"urlTemplate\":\"https:\/\/www.whisker.lv\/?s={search_term_string}\"},\"query-input\":\"required name=search_term_string\"}],\"inLanguage\":\"ru-RU\"}]}<\/script>\n<!-- \/ Yoast SEO plugin. -->","yoast_head_json":{"title":"Turcijas Angoras ka\u0137is (Turkish Angora) - Whisker.lv | Ka\u0137u \u0161\u0137irnes","robots":{"index":"index","follow":"follow","max-snippet":"max-snippet:-1","max-image-preview":"max-image-preview:large","max-video-preview":"max-video-preview:-1"},"canonical":"https:\/\/www.whisker.lv\/kaku-skirnes\/turcijas-angoras-kakis\/","og_locale":"ru_RU","og_type":"article","og_title":"Turcijas Angoras ka\u0137is - Whisker","og_url":"https:\/\/www.whisker.lv\/kaku-skirnes\/turcijas-angoras-kakis\/","og_site_name":"Whisker","article_publisher":"https:\/\/www.facebook.com\/whisker.lv\/","article_modified_time":"2019-04-24T22:47:50+00:00","twitter_card":"summary_large_image","twitter_misc":{"Est. reading time":"1 minute"},"schema":{"@context":"https:\/\/schema.org","@graph":[{"@type":"WebPage","@id":"https:\/\/www.whisker.lv\/kaku-skirnes\/turcijas-angoras-kakis\/","url":"https:\/\/www.whisker.lv\/kaku-skirnes\/turcijas-angoras-kakis\/","name":"Turcijas Angoras ka\u0137is (Turkish Angora) - Whisker.lv | Ka\u0137u \u0161\u0137irnes","isPartOf":{"@id":"https:\/\/www.whisker.lv\/#website"},"datePublished":"2019-04-24T17:38:48+00:00","dateModified":"2019-04-24T22:47:50+00:00","description":"Turcijas Angoras ka\u0137is - tam ir rakstur\u012bgs gar\u0161 un sp\u0113c\u012bgs \u0137ermenis ar garu kaklu, vid\u0113ji garas, sp\u0113c\u012bgas k\u0101jas ar apa\u013c\u0101m \u0137ep\u0101m, kupla aste.","breadcrumb":{"@id":"https:\/\/www.whisker.lv\/kaku-skirnes\/turcijas-angoras-kakis\/#breadcrumb"},"inLanguage":"ru-RU","potentialAction":[{"@type":"ReadAction","target":["https:\/\/www.whisker.lv\/kaku-skirnes\/turcijas-angoras-kakis\/"]}]},{"@type":"BreadcrumbList","@id":"https:\/\/www.whisker.lv\/kaku-skirnes\/turcijas-angoras-kakis\/#breadcrumb","itemListElement":[{"@type":"ListItem","position":1,"name":"S\u0101kums","item":"https:\/\/www.whisker.lv\/"},{"@type":"ListItem","position":2,"name":"Ka\u0137u \u0161\u0137irnes","item":"https:\/\/www.whisker.lv\/kaku-skirnes\/"},{"@type":"ListItem","position":3,"name":"Turcijas Angoras ka\u0137is"}]},{"@type":"WebSite","@id":"https:\/\/www.whisker.lv\/#website","url":"https:\/\/www.whisker.lv\/","name":"Whisker","description":"Tavs pal\u012bgs m\u0101jdzivnieku pieskat\u012b\u0161an\u0101","potentialAction":[{"@type":"SearchAction","target":{"@type":"EntryPoint","urlTemplate":"https:\/\/www.whisker.lv\/?s={search_term_string}"},"query-input":"required name=search_term_string"}],"inLanguage":"ru-RU"}]}},"_links":{"self":[{"href":"https:\/\/www.whisker.lv\/ru\/wp-json\/wp\/v2\/pages\/11914"}],"collection":[{"href":"https:\/\/www.whisker.lv\/ru\/wp-json\/wp\/v2\/pages"}],"about":[{"href":"https:\/\/www.whisker.lv\/ru\/wp-json\/wp\/v2\/types\/page"}],"author":[{"embeddable":true,"href":"https:\/\/www.whisker.lv\/ru\/wp-json\/wp\/v2\/users\/1"}],"replies":[{"embeddable":true,"href":"https:\/\/www.whisker.lv\/ru\/wp-json\/wp\/v2\/comments?post=11914"}],"version-history":[{"count":5,"href":"https:\/\/www.whisker.lv\/ru\/wp-json\/wp\/v2\/pages\/11914\/revisions"}],"predecessor-version":[{"id":12681,"href":"https:\/\/www.whisker.lv\/ru\/wp-json\/wp\/v2\/pages\/11914\/revisions\/12681"}],"up":[{"embeddable":true,"href":"https:\/\/www.whisker.lv\/ru\/wp-json\/wp\/v2\/pages\/9927"}],"wp:attachment":[{"href":"https:\/\/www.whisker.lv\/ru\/wp-json\/wp\/v2\/media?parent=11914"}],"curies":[{"name":"wp","href":"https:\/\/api.w.org\/{rel}","templated":true}]}}