



{"id":12002,"date":"2019-04-24T19:20:56","date_gmt":"2019-04-24T17:20:56","guid":{"rendered":"https:\/\/www.whisker.lv\/?page_id=12002"},"modified":"2019-04-24T21:24:32","modified_gmt":"2019-04-24T19:24:32","slug":"britu-isspalvainais-kakis","status":"publish","type":"page","link":"https:\/\/www.whisker.lv\/ru\/kaku-skirnes\/britu-isspalvainais-kakis\/","title":{"rendered":"Britu \u012bsspalvainais ka\u0137is"},"content":{"rendered":"[vc_row][vc_column][vc_text_separator title=&#8221;Britu \u012bsspalvainais ka\u0137is&#8221; border_width=&#8221;8&#8243;][\/vc_column][\/vc_row][vc_row content_placement=&#8221;middle&#8221;][vc_column width=&#8221;1\/4&#8243;][vc_single_image image=&#8221;12006&#8243; img_size=&#8221;large&#8221; style=&#8221;vc_box_rounded&#8221; onclick=&#8221;link_image&#8221;][\/vc_column][vc_column width=&#8221;3\/4&#8243;][vc_column_text]<span style=\"color: #000000;\"><strong>Izcelsme:<\/strong>\u00a0Lielbrit\u0101nija<\/span><\/p>\n<p><span style=\"color: #000000;\"><strong>Svars:<\/strong>\u00a04-7 kg<\/span><\/p>\n<p><span style=\"color: #000000;\"><strong>Dz\u012bves ilgums:<\/strong>\u00a012+ gadi<\/span>[\/vc_column_text][\/vc_column][\/vc_row][vc_row][vc_column][vc_column_text]<span style=\"color: #000000;\">M\u016bsdien\u0101s \u0161ie ka\u0137i k\u013cuvu\u0161i par vienu no popul\u0101r\u0101kaj\u0101m un Eirop\u0101 visvair\u0101k izplat\u012btaj\u0101m \u012bsspalvainaj\u0101m \u0161\u0137irn\u0113m. Pirmie Britu ka\u0137u p\u0101rst\u0101vji bija zil\u0101 kr\u0101s\u0101. Laika gait\u0101 Britu ka\u0137iem ir izveidotas vair\u0101k nek\u0101 septi\u0146desmit kr\u0101su variet\u0101tes. \u0160\u012bs \u0161\u0137irnes ka\u0137iem j\u0101b\u016bt lieliem un sp\u0113c\u012bgiem, smagn\u0113jiem. Run\u010di ir mas\u012bv\u0101ki par ka\u0137en\u0113m &#8211; dzimumu at\u0161\u0137ir\u012bba vair\u0101k izteikta neka cit\u0101m \u0161\u0137irn\u0113m. <\/span><\/p>\n<p><span style=\"color: #000000;\">Ka\u0137iem rakstur\u012bgs sp\u0113c\u012bgs \u0137ermenis ar plat\u0101m kr\u016bt\u012bm, \u012bs\u0101m resnam k\u0101j\u0101m un apa\u013c\u0101m \u0137ep\u0101m. Aste \u2013 \u012bsa, ar noapa\u013cotu galu. Lielas, apa\u013cas acis, no dzintardzeltenas l\u012bdz vara kr\u0101sai. Apmatojums \u012bss, biezs un m\u012bksts, aug st\u0101vus, atg\u0101dinot samtu. Britu \u012bsspalvainie ka\u0137i var sasniegt diezgan lielus izm\u0113rus, ta\u010du tiem ir maigs raksturs. Saimnieku m\u012blo\u0161i, maigi, ar klusu balsi apvelt\u012btie ka\u0137i neprasa sev past\u0101v\u012bgu uzman\u012bbu.\u00a0<\/span><\/p>\n<p><span style=\"color: #000000;\"><strong>V\u0113sture.\u00a0<\/strong>P\u0113c v\u0113stures liec\u012bb\u0101m, pirmie \u012bsspalvainie ka\u0137i nok\u013cuvu\u0161i Britu sal\u0101s romie\u0161u karag\u0101jienu laik\u0101. Iesp\u0113jams, ka s\u0101kum\u0101 ka\u0137i tika tur\u0113ti m\u0101j\u0101s grauz\u0113ju izn\u012bcin\u0101\u0161anai, v\u0113l jo vair\u0101k t\u0101d\u0113\u013c, ka \u012bs\u0101 apmatojuma d\u0113\u013c tie nepras\u012bja \u012bpa\u0161u kop\u0161anu. <\/span><\/p>\n<p><strong><span style=\"color: #000000;\">Piez\u012bme.<\/span><\/strong>\u00a0<span style=\"color: #000000;\">Nav lieli \u201cce\u013cot\u0101ji\u201d &#8211; d\u0101rz\u0101 pastaig\u0101 izlaisti tie t\u0101lu neaizies, bet apg\u016bs tuv\u0101k\u0101s teritorijas. P\u0101r\u0101k nep\u0101rdz\u012bvos ar\u012b paliku\u0161i vienatn\u0113.<\/span>[\/vc_column_text][\/vc_column][\/vc_row]\n","protected":false},"excerpt":{"rendered":"<p>[vc_row][vc_column][vc_text_separator title=&#8221;Britu \u012bsspalvainais ka\u0137is&#8221; border_width=&#8221;8&#8243;][\/vc_column][\/vc_row][vc_row content_placement=&#8221;middle&#8221;][vc_column width=&#8221;1\/4&#8243;][vc_single_image image=&#8221;12006&#8243; img_size=&#8221;large&#8221; style=&#8221;vc_box_rounded&#8221; onclick=&#8221;link_image&#8221;][\/vc_column][vc_column width=&#8221;3\/4&#8243;][vc_column_text]Izcelsme:\u00a0Lielbrit\u0101nija Svars:\u00a04-7 kg Dz\u012bves ilgums:\u00a012+ gadi[\/vc_column_text][\/vc_column][\/vc_row][vc_row][vc_column][vc_column_text]M\u016bsdien\u0101s \u0161ie ka\u0137i k\u013cuvu\u0161i par vienu no popul\u0101r\u0101kaj\u0101m un Eirop\u0101 visvair\u0101k izplat\u012btaj\u0101m \u012bsspalvainaj\u0101m \u0161\u0137irn\u0113m. Pirmie Britu ka\u0137u p\u0101rst\u0101vji bija zil\u0101 kr\u0101s\u0101. Laika gait\u0101 Britu ka\u0137iem ir izveidotas vair\u0101k nek\u0101 septi\u0146desmit kr\u0101su variet\u0101tes. \u0160\u012bs \u0161\u0137irnes ka\u0137iem j\u0101b\u016bt lieliem un sp\u0113c\u012bgiem, [&hellip;]<\/p>\n","protected":false},"author":1,"featured_media":0,"parent":9927,"menu_order":0,"comment_status":"closed","ping_status":"closed","template":"page-fullwidth.php","meta":{"_acf_changed":false,"_glsr_average":0,"_glsr_ranking":0,"_glsr_reviews":0,"footnotes":""},"translation":{"provider":"WPGlobus","version":"2.12.2","language":"ru","enabled_languages":["lv","en","ru"],"languages":{"lv":{"title":true,"content":true,"excerpt":false},"en":{"title":false,"content":false,"excerpt":false},"ru":{"title":false,"content":false,"excerpt":false}}},"acf":[],"yoast_head":"<!-- This site is optimized with the Yoast SEO plugin v22.5 - https:\/\/yoast.com\/wordpress\/plugins\/seo\/ -->\n<title>Britu \u012bsspalvainais ka\u0137is (British Shorthair) - Whisker.lv | Ka\u0137u \u0161\u0137irnes<\/title>\n<meta name=\"robots\" content=\"index, follow, max-snippet:-1, max-image-preview:large, max-video-preview:-1\" \/>\n<link rel=\"canonical\" href=\"https:\/\/www.whisker.lv\/kaku-skirnes\/britu-isspalvainais-kakis\/\" \/>\n<meta property=\"og:locale\" content=\"ru_RU\" \/>\n<meta property=\"og:type\" content=\"article\" \/>\n<meta property=\"og:title\" content=\"Britu \u012bsspalvainais ka\u0137is - Whisker\" \/>\n<meta property=\"og:url\" content=\"https:\/\/www.whisker.lv\/kaku-skirnes\/britu-isspalvainais-kakis\/\" \/>\n<meta property=\"og:site_name\" content=\"Whisker\" \/>\n<meta property=\"article:publisher\" content=\"https:\/\/www.facebook.com\/whisker.lv\/\" \/>\n<meta property=\"article:modified_time\" content=\"2019-04-24T19:24:32+00:00\" \/>\n<meta name=\"twitter:card\" content=\"summary_large_image\" \/>\n<meta name=\"twitter:label1\" content=\"Est. reading time\" \/>\n\t<meta name=\"twitter:data1\" content=\"2 minutes\" \/>\n<script type=\"application\/ld+json\" class=\"yoast-schema-graph\">{\"@context\":\"https:\/\/schema.org\",\"@graph\":[{\"@type\":\"WebPage\",\"@id\":\"https:\/\/www.whisker.lv\/kaku-skirnes\/britu-isspalvainais-kakis\/\",\"url\":\"https:\/\/www.whisker.lv\/kaku-skirnes\/britu-isspalvainais-kakis\/\",\"name\":\"Britu \u012bsspalvainais ka\u0137is (British Shorthair) - Whisker.lv | Ka\u0137u \u0161\u0137irnes\",\"isPartOf\":{\"@id\":\"https:\/\/www.whisker.lv\/#website\"},\"datePublished\":\"2019-04-24T17:20:56+00:00\",\"dateModified\":\"2019-04-24T19:24:32+00:00\",\"description\":\"M\u016bsdien\u0101s Britu \u012bsspalvainais ka\u0137is k\u013cuvis par vienu no popul\u0101r\u0101kaj\u0101m un Eirop\u0101 visvair\u0101k izplat\u012btaj\u0101m \u012bsspalvainaj\u0101m \u0161\u0137irn\u0113m.\",\"breadcrumb\":{\"@id\":\"https:\/\/www.whisker.lv\/kaku-skirnes\/britu-isspalvainais-kakis\/#breadcrumb\"},\"inLanguage\":\"ru-RU\",\"potentialAction\":[{\"@type\":\"ReadAction\",\"target\":[\"https:\/\/www.whisker.lv\/kaku-skirnes\/britu-isspalvainais-kakis\/\"]}]},{\"@type\":\"BreadcrumbList\",\"@id\":\"https:\/\/www.whisker.lv\/kaku-skirnes\/britu-isspalvainais-kakis\/#breadcrumb\",\"itemListElement\":[{\"@type\":\"ListItem\",\"position\":1,\"name\":\"S\u0101kums\",\"item\":\"https:\/\/www.whisker.lv\/\"},{\"@type\":\"ListItem\",\"position\":2,\"name\":\"Ka\u0137u \u0161\u0137irnes\",\"item\":\"https:\/\/www.whisker.lv\/kaku-skirnes\/\"},{\"@type\":\"ListItem\",\"position\":3,\"name\":\"Britu \u012bsspalvainais ka\u0137is\"}]},{\"@type\":\"WebSite\",\"@id\":\"https:\/\/www.whisker.lv\/#website\",\"url\":\"https:\/\/www.whisker.lv\/\",\"name\":\"Whisker\",\"description\":\"Tavs pal\u012bgs m\u0101jdzivnieku pieskat\u012b\u0161an\u0101\",\"potentialAction\":[{\"@type\":\"SearchAction\",\"target\":{\"@type\":\"EntryPoint\",\"urlTemplate\":\"https:\/\/www.whisker.lv\/?s={search_term_string}\"},\"query-input\":\"required name=search_term_string\"}],\"inLanguage\":\"ru-RU\"}]}<\/script>\n<!-- \/ Yoast SEO plugin. -->","yoast_head_json":{"title":"Britu \u012bsspalvainais ka\u0137is (British Shorthair) - Whisker.lv | Ka\u0137u \u0161\u0137irnes","robots":{"index":"index","follow":"follow","max-snippet":"max-snippet:-1","max-image-preview":"max-image-preview:large","max-video-preview":"max-video-preview:-1"},"canonical":"https:\/\/www.whisker.lv\/kaku-skirnes\/britu-isspalvainais-kakis\/","og_locale":"ru_RU","og_type":"article","og_title":"Britu \u012bsspalvainais ka\u0137is - Whisker","og_url":"https:\/\/www.whisker.lv\/kaku-skirnes\/britu-isspalvainais-kakis\/","og_site_name":"Whisker","article_publisher":"https:\/\/www.facebook.com\/whisker.lv\/","article_modified_time":"2019-04-24T19:24:32+00:00","twitter_card":"summary_large_image","twitter_misc":{"Est. reading time":"2 minutes"},"schema":{"@context":"https:\/\/schema.org","@graph":[{"@type":"WebPage","@id":"https:\/\/www.whisker.lv\/kaku-skirnes\/britu-isspalvainais-kakis\/","url":"https:\/\/www.whisker.lv\/kaku-skirnes\/britu-isspalvainais-kakis\/","name":"Britu \u012bsspalvainais ka\u0137is (British Shorthair) - Whisker.lv | Ka\u0137u \u0161\u0137irnes","isPartOf":{"@id":"https:\/\/www.whisker.lv\/#website"},"datePublished":"2019-04-24T17:20:56+00:00","dateModified":"2019-04-24T19:24:32+00:00","description":"M\u016bsdien\u0101s Britu \u012bsspalvainais ka\u0137is k\u013cuvis par vienu no popul\u0101r\u0101kaj\u0101m un Eirop\u0101 visvair\u0101k izplat\u012btaj\u0101m \u012bsspalvainaj\u0101m \u0161\u0137irn\u0113m.","breadcrumb":{"@id":"https:\/\/www.whisker.lv\/kaku-skirnes\/britu-isspalvainais-kakis\/#breadcrumb"},"inLanguage":"ru-RU","potentialAction":[{"@type":"ReadAction","target":["https:\/\/www.whisker.lv\/kaku-skirnes\/britu-isspalvainais-kakis\/"]}]},{"@type":"BreadcrumbList","@id":"https:\/\/www.whisker.lv\/kaku-skirnes\/britu-isspalvainais-kakis\/#breadcrumb","itemListElement":[{"@type":"ListItem","position":1,"name":"S\u0101kums","item":"https:\/\/www.whisker.lv\/"},{"@type":"ListItem","position":2,"name":"Ka\u0137u \u0161\u0137irnes","item":"https:\/\/www.whisker.lv\/kaku-skirnes\/"},{"@type":"ListItem","position":3,"name":"Britu \u012bsspalvainais ka\u0137is"}]},{"@type":"WebSite","@id":"https:\/\/www.whisker.lv\/#website","url":"https:\/\/www.whisker.lv\/","name":"Whisker","description":"Tavs pal\u012bgs m\u0101jdzivnieku pieskat\u012b\u0161an\u0101","potentialAction":[{"@type":"SearchAction","target":{"@type":"EntryPoint","urlTemplate":"https:\/\/www.whisker.lv\/?s={search_term_string}"},"query-input":"required name=search_term_string"}],"inLanguage":"ru-RU"}]}},"_links":{"self":[{"href":"https:\/\/www.whisker.lv\/ru\/wp-json\/wp\/v2\/pages\/12002"}],"collection":[{"href":"https:\/\/www.whisker.lv\/ru\/wp-json\/wp\/v2\/pages"}],"about":[{"href":"https:\/\/www.whisker.lv\/ru\/wp-json\/wp\/v2\/types\/page"}],"author":[{"embeddable":true,"href":"https:\/\/www.whisker.lv\/ru\/wp-json\/wp\/v2\/users\/1"}],"replies":[{"embeddable":true,"href":"https:\/\/www.whisker.lv\/ru\/wp-json\/wp\/v2\/comments?post=12002"}],"version-history":[{"count":5,"href":"https:\/\/www.whisker.lv\/ru\/wp-json\/wp\/v2\/pages\/12002\/revisions"}],"predecessor-version":[{"id":12649,"href":"https:\/\/www.whisker.lv\/ru\/wp-json\/wp\/v2\/pages\/12002\/revisions\/12649"}],"up":[{"embeddable":true,"href":"https:\/\/www.whisker.lv\/ru\/wp-json\/wp\/v2\/pages\/9927"}],"wp:attachment":[{"href":"https:\/\/www.whisker.lv\/ru\/wp-json\/wp\/v2\/media?parent=12002"}],"curies":[{"name":"wp","href":"https:\/\/api.w.org\/{rel}","templated":true}]}}