



{"id":12087,"date":"2019-04-24T19:19:13","date_gmt":"2019-04-24T17:19:13","guid":{"rendered":"https:\/\/www.whisker.lv\/?page_id=12087"},"modified":"2019-04-24T20:51:57","modified_gmt":"2019-04-24T18:51:57","slug":"bengalijas-kakis","status":"publish","type":"page","link":"https:\/\/www.whisker.lv\/ru\/kaku-skirnes\/bengalijas-kakis\/","title":{"rendered":"Beng\u0101lijas ka\u0137is"},"content":{"rendered":"[vc_row][vc_column][vc_text_separator title=&#8221;Beng\u0101lijas ka\u0137is&#8221; border_width=&#8221;8&#8243;][\/vc_column][\/vc_row][vc_row content_placement=&#8221;middle&#8221;][vc_column width=&#8221;1\/4&#8243;][vc_single_image image=&#8221;9940&#8243; img_size=&#8221;large&#8221; style=&#8221;vc_box_rounded&#8221; onclick=&#8221;link_image&#8221;][\/vc_column][vc_column width=&#8221;3\/4&#8243;][vc_column_text]<span style=\"color: #000000;\"><strong>Izcelsme:<\/strong>\u00a0ASV<\/span><\/p>\n<p><span style=\"color: #000000;\"><strong>Svars:<\/strong>\u00a04-8 kg<\/span><\/p>\n<p><span style=\"color: #000000;\"><strong>Dz\u012bves ilgums:<\/strong>\u00a012-16 gadi<\/span>[\/vc_column_text][\/vc_column][\/vc_row][vc_row][vc_column][vc_column_text]<span style=\"color: #000000;\">Beng\u0101lijas ka\u0137is, kura ka\u017eok\u0101 saglab\u0101jies sen\u010du \u0100zijas leoparda ka\u0137u \u2013 kr\u0101su raksts.\u00a0Beng\u0101lijas ka\u0137i ir lieli, musku\u013coti, sp\u0113c\u012bgi veidoti dz\u012bvnieki ar ieapa\u013cu galvu un iegaren\u0101m ac\u012bm. Biezais, m\u012bkstais vid\u0113ja garuma apmatojums \u012bpa\u0161u kop\u0161anu neprasa. Rakstur\u0101 b\u016bdami ap\u0137\u0113r\u012bgi un ener\u0123iski, r\u016bp\u012bgam\u00a0saimniekam b\u016bs interesanti biedri.\u00a0<\/span><\/p>\n<p><span style=\"color: #000000;\"><strong>V\u0113sture.\u00a0<\/strong>Beng\u0101lijas ka\u0137is jeb beng\u0101lietis ir reta un unik\u0101la m\u0101jas ka\u0137u hibr\u012bd\u0161\u0137irne, kas izveidota 20. gadsimta beig\u0101s un rad\u012bta m\u0113r\u0137tiec\u012bgas selekcijas ce\u013c\u0101, krustojot savva\u013cas \u0100zijas leopardka\u0137i ar m\u0101jas ka\u0137iem.<\/span><\/p>\n<p><span style=\"color: #000000;\"><strong>Piez\u012bme.\u00a0<\/strong>Beng\u0101lijas ka\u0137is ir sirsn\u012bgs pret saviem saimniekiem, bet taj\u0101 pa\u0161\u0101 laik\u0101 gan rakstur\u0101, gan izskat\u0101 ar savva\u013cas ka\u0137a iez\u012bm\u0113m.\u00a0Nav ieteicams tur\u0113t runci vientul\u012bb\u0101, jo tas var k\u013c\u016bt agres\u012bvs.<\/span>[\/vc_column_text][\/vc_column][\/vc_row]\n","protected":false},"excerpt":{"rendered":"<p>[vc_row][vc_column][vc_text_separator title=&#8221;Beng\u0101lijas ka\u0137is&#8221; border_width=&#8221;8&#8243;][\/vc_column][\/vc_row][vc_row content_placement=&#8221;middle&#8221;][vc_column width=&#8221;1\/4&#8243;][vc_single_image image=&#8221;9940&#8243; img_size=&#8221;large&#8221; style=&#8221;vc_box_rounded&#8221; onclick=&#8221;link_image&#8221;][\/vc_column][vc_column width=&#8221;3\/4&#8243;][vc_column_text]Izcelsme:\u00a0ASV Svars:\u00a04-8 kg Dz\u012bves ilgums:\u00a012-16 gadi[\/vc_column_text][\/vc_column][\/vc_row][vc_row][vc_column][vc_column_text]Beng\u0101lijas ka\u0137is, kura ka\u017eok\u0101 saglab\u0101jies sen\u010du \u0100zijas leoparda ka\u0137u \u2013 kr\u0101su raksts.\u00a0Beng\u0101lijas ka\u0137i ir lieli, musku\u013coti, sp\u0113c\u012bgi veidoti dz\u012bvnieki ar ieapa\u013cu galvu un iegaren\u0101m ac\u012bm. Biezais, m\u012bkstais vid\u0113ja garuma apmatojums \u012bpa\u0161u kop\u0161anu neprasa. Rakstur\u0101 b\u016bdami ap\u0137\u0113r\u012bgi un ener\u0123iski, r\u016bp\u012bgam\u00a0saimniekam b\u016bs [&hellip;]<\/p>\n","protected":false},"author":1,"featured_media":0,"parent":9927,"menu_order":0,"comment_status":"closed","ping_status":"closed","template":"page-fullwidth.php","meta":{"_acf_changed":false,"_glsr_average":0,"_glsr_ranking":0,"_glsr_reviews":0,"footnotes":""},"translation":{"provider":"WPGlobus","version":"2.12.2","language":"ru","enabled_languages":["lv","en","ru"],"languages":{"lv":{"title":true,"content":true,"excerpt":false},"en":{"title":false,"content":false,"excerpt":false},"ru":{"title":false,"content":false,"excerpt":false}}},"acf":[],"yoast_head":"<!-- This site is optimized with the Yoast SEO plugin v22.5 - https:\/\/yoast.com\/wordpress\/plugins\/seo\/ -->\n<title>Beng\u0101lijas ka\u0137is (Bengal) - Whisker.lv | Ka\u0137u \u0161\u0137irnes<\/title>\n<meta name=\"robots\" content=\"index, follow, max-snippet:-1, max-image-preview:large, max-video-preview:-1\" \/>\n<link rel=\"canonical\" href=\"https:\/\/www.whisker.lv\/kaku-skirnes\/bengalijas-kakis\/\" \/>\n<meta property=\"og:locale\" content=\"ru_RU\" \/>\n<meta property=\"og:type\" content=\"article\" \/>\n<meta property=\"og:title\" content=\"Beng\u0101lijas ka\u0137is - Whisker\" \/>\n<meta property=\"og:url\" content=\"https:\/\/www.whisker.lv\/kaku-skirnes\/bengalijas-kakis\/\" \/>\n<meta property=\"og:site_name\" content=\"Whisker\" \/>\n<meta property=\"article:publisher\" content=\"https:\/\/www.facebook.com\/whisker.lv\/\" \/>\n<meta property=\"article:modified_time\" content=\"2019-04-24T18:51:57+00:00\" \/>\n<meta name=\"twitter:card\" content=\"summary_large_image\" \/>\n<meta name=\"twitter:label1\" content=\"Est. reading time\" \/>\n\t<meta name=\"twitter:data1\" content=\"1 minute\" \/>\n<script type=\"application\/ld+json\" class=\"yoast-schema-graph\">{\"@context\":\"https:\/\/schema.org\",\"@graph\":[{\"@type\":\"WebPage\",\"@id\":\"https:\/\/www.whisker.lv\/kaku-skirnes\/bengalijas-kakis\/\",\"url\":\"https:\/\/www.whisker.lv\/kaku-skirnes\/bengalijas-kakis\/\",\"name\":\"Beng\u0101lijas ka\u0137is (Bengal) - Whisker.lv | Ka\u0137u \u0161\u0137irnes\",\"isPartOf\":{\"@id\":\"https:\/\/www.whisker.lv\/#website\"},\"datePublished\":\"2019-04-24T17:19:13+00:00\",\"dateModified\":\"2019-04-24T18:51:57+00:00\",\"description\":\"Beng\u0101lijas ka\u0137is ir sirsn\u012bgs pret saviem saimniekiem, bet taj\u0101 pa\u0161\u0101 laik\u0101 gan rakstur\u0101, gan izskat\u0101 ar savva\u013cas ka\u0137a iez\u012bm\u0113m.\",\"breadcrumb\":{\"@id\":\"https:\/\/www.whisker.lv\/kaku-skirnes\/bengalijas-kakis\/#breadcrumb\"},\"inLanguage\":\"ru-RU\",\"potentialAction\":[{\"@type\":\"ReadAction\",\"target\":[\"https:\/\/www.whisker.lv\/kaku-skirnes\/bengalijas-kakis\/\"]}]},{\"@type\":\"BreadcrumbList\",\"@id\":\"https:\/\/www.whisker.lv\/kaku-skirnes\/bengalijas-kakis\/#breadcrumb\",\"itemListElement\":[{\"@type\":\"ListItem\",\"position\":1,\"name\":\"S\u0101kums\",\"item\":\"https:\/\/www.whisker.lv\/\"},{\"@type\":\"ListItem\",\"position\":2,\"name\":\"Ka\u0137u \u0161\u0137irnes\",\"item\":\"https:\/\/www.whisker.lv\/kaku-skirnes\/\"},{\"@type\":\"ListItem\",\"position\":3,\"name\":\"Beng\u0101lijas ka\u0137is\"}]},{\"@type\":\"WebSite\",\"@id\":\"https:\/\/www.whisker.lv\/#website\",\"url\":\"https:\/\/www.whisker.lv\/\",\"name\":\"Whisker\",\"description\":\"Tavs pal\u012bgs m\u0101jdzivnieku pieskat\u012b\u0161an\u0101\",\"potentialAction\":[{\"@type\":\"SearchAction\",\"target\":{\"@type\":\"EntryPoint\",\"urlTemplate\":\"https:\/\/www.whisker.lv\/?s={search_term_string}\"},\"query-input\":\"required name=search_term_string\"}],\"inLanguage\":\"ru-RU\"}]}<\/script>\n<!-- \/ Yoast SEO plugin. -->","yoast_head_json":{"title":"Beng\u0101lijas ka\u0137is (Bengal) - Whisker.lv | Ka\u0137u \u0161\u0137irnes","robots":{"index":"index","follow":"follow","max-snippet":"max-snippet:-1","max-image-preview":"max-image-preview:large","max-video-preview":"max-video-preview:-1"},"canonical":"https:\/\/www.whisker.lv\/kaku-skirnes\/bengalijas-kakis\/","og_locale":"ru_RU","og_type":"article","og_title":"Beng\u0101lijas ka\u0137is - Whisker","og_url":"https:\/\/www.whisker.lv\/kaku-skirnes\/bengalijas-kakis\/","og_site_name":"Whisker","article_publisher":"https:\/\/www.facebook.com\/whisker.lv\/","article_modified_time":"2019-04-24T18:51:57+00:00","twitter_card":"summary_large_image","twitter_misc":{"Est. reading time":"1 minute"},"schema":{"@context":"https:\/\/schema.org","@graph":[{"@type":"WebPage","@id":"https:\/\/www.whisker.lv\/kaku-skirnes\/bengalijas-kakis\/","url":"https:\/\/www.whisker.lv\/kaku-skirnes\/bengalijas-kakis\/","name":"Beng\u0101lijas ka\u0137is (Bengal) - Whisker.lv | Ka\u0137u \u0161\u0137irnes","isPartOf":{"@id":"https:\/\/www.whisker.lv\/#website"},"datePublished":"2019-04-24T17:19:13+00:00","dateModified":"2019-04-24T18:51:57+00:00","description":"Beng\u0101lijas ka\u0137is ir sirsn\u012bgs pret saviem saimniekiem, bet taj\u0101 pa\u0161\u0101 laik\u0101 gan rakstur\u0101, gan izskat\u0101 ar savva\u013cas ka\u0137a iez\u012bm\u0113m.","breadcrumb":{"@id":"https:\/\/www.whisker.lv\/kaku-skirnes\/bengalijas-kakis\/#breadcrumb"},"inLanguage":"ru-RU","potentialAction":[{"@type":"ReadAction","target":["https:\/\/www.whisker.lv\/kaku-skirnes\/bengalijas-kakis\/"]}]},{"@type":"BreadcrumbList","@id":"https:\/\/www.whisker.lv\/kaku-skirnes\/bengalijas-kakis\/#breadcrumb","itemListElement":[{"@type":"ListItem","position":1,"name":"S\u0101kums","item":"https:\/\/www.whisker.lv\/"},{"@type":"ListItem","position":2,"name":"Ka\u0137u \u0161\u0137irnes","item":"https:\/\/www.whisker.lv\/kaku-skirnes\/"},{"@type":"ListItem","position":3,"name":"Beng\u0101lijas ka\u0137is"}]},{"@type":"WebSite","@id":"https:\/\/www.whisker.lv\/#website","url":"https:\/\/www.whisker.lv\/","name":"Whisker","description":"Tavs pal\u012bgs m\u0101jdzivnieku pieskat\u012b\u0161an\u0101","potentialAction":[{"@type":"SearchAction","target":{"@type":"EntryPoint","urlTemplate":"https:\/\/www.whisker.lv\/?s={search_term_string}"},"query-input":"required name=search_term_string"}],"inLanguage":"ru-RU"}]}},"_links":{"self":[{"href":"https:\/\/www.whisker.lv\/ru\/wp-json\/wp\/v2\/pages\/12087"}],"collection":[{"href":"https:\/\/www.whisker.lv\/ru\/wp-json\/wp\/v2\/pages"}],"about":[{"href":"https:\/\/www.whisker.lv\/ru\/wp-json\/wp\/v2\/types\/page"}],"author":[{"embeddable":true,"href":"https:\/\/www.whisker.lv\/ru\/wp-json\/wp\/v2\/users\/1"}],"replies":[{"embeddable":true,"href":"https:\/\/www.whisker.lv\/ru\/wp-json\/wp\/v2\/comments?post=12087"}],"version-history":[{"count":2,"href":"https:\/\/www.whisker.lv\/ru\/wp-json\/wp\/v2\/pages\/12087\/revisions"}],"predecessor-version":[{"id":12090,"href":"https:\/\/www.whisker.lv\/ru\/wp-json\/wp\/v2\/pages\/12087\/revisions\/12090"}],"up":[{"embeddable":true,"href":"https:\/\/www.whisker.lv\/ru\/wp-json\/wp\/v2\/pages\/9927"}],"wp:attachment":[{"href":"https:\/\/www.whisker.lv\/ru\/wp-json\/wp\/v2\/media?parent=12087"}],"curies":[{"name":"wp","href":"https:\/\/api.w.org\/{rel}","templated":true}]}}