



{"id":12096,"date":"2019-04-24T19:21:38","date_gmt":"2019-04-24T17:21:38","guid":{"rendered":"https:\/\/www.whisker.lv\/?page_id=12096"},"modified":"2019-04-24T21:33:59","modified_gmt":"2019-04-24T19:33:59","slug":"burmillas-kakis","status":"publish","type":"page","link":"https:\/\/www.whisker.lv\/ru\/kaku-skirnes\/burmillas-kakis\/","title":{"rendered":"Burmilla"},"content":{"rendered":"[vc_row][vc_column][vc_text_separator title=&#8221;Burmilla&#8221; border_width=&#8221;8&#8243;][\/vc_column][\/vc_row][vc_row content_placement=&#8221;middle&#8221;][vc_column width=&#8221;1\/4&#8243;][vc_single_image image=&#8221;12091&#8243; img_size=&#8221;large&#8221; style=&#8221;vc_box_rounded&#8221; onclick=&#8221;link_image&#8221;][\/vc_column][vc_column width=&#8221;3\/4&#8243;][vc_column_text]<span style=\"color: #000000;\"><strong>Izcelsme:<\/strong> Lielbrit\u0101nija<\/span><\/p>\n<p><span style=\"color: #000000;\"><strong>Svars:<\/strong>\u00a04.5-6 kg<\/span><\/p>\n<p><span style=\"color: #000000;\"><strong>Dz\u012bves ilgums:<\/strong>\u00a010-15 gadi<\/span>[\/vc_column_text][\/vc_column][\/vc_row][vc_row][vc_column][vc_column_text]<span style=\"color: #000000;\">\u0160o ka\u0137u \u0137erme\u0146a uzb\u016bve ir l\u012bdz\u012bga burm\u0101m \u2013 vid\u0113ja izm\u0113ra slaids, sp\u0113c\u012bgs \u0137ermenis, apa\u013ca galva ar plati izveidot\u0101m aus\u012bm, mande\u013cveida ac\u012bm. Apmatojuma kr\u0101sa\u00a0l\u012bdzin\u0101s \u012bstaj\u0101m \u0161in\u0161ill\u0101m. \u0160ie ka\u0137i no priek\u0161te\u010diem ir manotoju\u0161i ne tikai \u0101r\u0113jo izskatu, bet ar\u012b rakstura iez\u012bmes \u2013 tie ir sabiedriski, labi satiek ar citiem m\u0101jdz\u012bvniekiem, ir jautri, rota\u013c\u012bgi un atsauc\u012bgi.\u00a0<\/span><\/p>\n<p><span style=\"color: #000000;\"><strong>V\u0113sture.<\/strong>\u00a0Burmillas ka\u0137u \u0161\u0137irne tika izveidota Lielbrit\u0101nij\u0101 1980.\u00a0gad\u0101, bet izst\u0101d\u012bta 1990.\u00a0gad\u0101. \u0160\u0137irne ieg\u016bta, krustojot plat\u012bna kr\u0101sas burmu ar sudraba kr\u0101sas persie\u0161u \u0161in\u0161illas ka\u0137i.<\/span><\/p>\n<p><span style=\"color: #000000;\"><strong>Piez\u012bme.<\/strong>\u00a0Piem\u0113roti tur\u0113\u0161anai pils\u0113tas dz\u012bvok\u013cos, ja vien netrauc\u0113 to paska\u013c\u0101, uzst\u0101j\u012bg\u0101 ka\u0137a balss.<\/span>[\/vc_column_text][\/vc_column][\/vc_row]\n","protected":false},"excerpt":{"rendered":"<p>[vc_row][vc_column][vc_text_separator title=&#8221;Burmilla&#8221; border_width=&#8221;8&#8243;][\/vc_column][\/vc_row][vc_row content_placement=&#8221;middle&#8221;][vc_column width=&#8221;1\/4&#8243;][vc_single_image image=&#8221;12091&#8243; img_size=&#8221;large&#8221; style=&#8221;vc_box_rounded&#8221; onclick=&#8221;link_image&#8221;][\/vc_column][vc_column width=&#8221;3\/4&#8243;][vc_column_text]Izcelsme: Lielbrit\u0101nija Svars:\u00a04.5-6 kg Dz\u012bves ilgums:\u00a010-15 gadi[\/vc_column_text][\/vc_column][\/vc_row][vc_row][vc_column][vc_column_text]\u0160o ka\u0137u \u0137erme\u0146a uzb\u016bve ir l\u012bdz\u012bga burm\u0101m \u2013 vid\u0113ja izm\u0113ra slaids, sp\u0113c\u012bgs \u0137ermenis, apa\u013ca galva ar plati izveidot\u0101m aus\u012bm, mande\u013cveida ac\u012bm. Apmatojuma kr\u0101sa\u00a0l\u012bdzin\u0101s \u012bstaj\u0101m \u0161in\u0161ill\u0101m. \u0160ie ka\u0137i no priek\u0161te\u010diem ir manotoju\u0161i ne tikai \u0101r\u0113jo izskatu, bet ar\u012b rakstura iez\u012bmes \u2013 [&hellip;]<\/p>\n","protected":false},"author":1,"featured_media":0,"parent":9927,"menu_order":0,"comment_status":"closed","ping_status":"closed","template":"page-fullwidth.php","meta":{"_acf_changed":false,"_glsr_average":0,"_glsr_ranking":0,"_glsr_reviews":0,"footnotes":""},"translation":{"provider":"WPGlobus","version":"2.12.2","language":"ru","enabled_languages":["lv","en","ru"],"languages":{"lv":{"title":true,"content":true,"excerpt":false},"en":{"title":false,"content":false,"excerpt":false},"ru":{"title":false,"content":false,"excerpt":false}}},"acf":[],"yoast_head":"<!-- This site is optimized with the Yoast SEO plugin v22.5 - https:\/\/yoast.com\/wordpress\/plugins\/seo\/ -->\n<title>Burmilla (Burmilla) - Whisker.lv | Ka\u0137u \u0161\u0137irnes<\/title>\n<meta name=\"robots\" content=\"index, follow, max-snippet:-1, max-image-preview:large, max-video-preview:-1\" \/>\n<link rel=\"canonical\" href=\"https:\/\/www.whisker.lv\/kaku-skirnes\/burmillas-kakis\/\" \/>\n<meta property=\"og:locale\" content=\"ru_RU\" \/>\n<meta property=\"og:type\" content=\"article\" \/>\n<meta property=\"og:title\" content=\"Burmilla - Whisker\" \/>\n<meta property=\"og:url\" content=\"https:\/\/www.whisker.lv\/kaku-skirnes\/burmillas-kakis\/\" \/>\n<meta property=\"og:site_name\" content=\"Whisker\" \/>\n<meta property=\"article:publisher\" content=\"https:\/\/www.facebook.com\/whisker.lv\/\" \/>\n<meta property=\"article:modified_time\" content=\"2019-04-24T19:33:59+00:00\" \/>\n<meta name=\"twitter:card\" content=\"summary_large_image\" \/>\n<meta name=\"twitter:label1\" content=\"Est. reading time\" \/>\n\t<meta name=\"twitter:data1\" content=\"1 minute\" \/>\n<script type=\"application\/ld+json\" class=\"yoast-schema-graph\">{\"@context\":\"https:\/\/schema.org\",\"@graph\":[{\"@type\":\"WebPage\",\"@id\":\"https:\/\/www.whisker.lv\/kaku-skirnes\/burmillas-kakis\/\",\"url\":\"https:\/\/www.whisker.lv\/kaku-skirnes\/burmillas-kakis\/\",\"name\":\"Burmilla (Burmilla) - Whisker.lv | Ka\u0137u \u0161\u0137irnes\",\"isPartOf\":{\"@id\":\"https:\/\/www.whisker.lv\/#website\"},\"datePublished\":\"2019-04-24T17:21:38+00:00\",\"dateModified\":\"2019-04-24T19:33:59+00:00\",\"description\":\"Burmilla \u0137erme\u0146a uzb\u016bve ir l\u012bdz\u012bga burm\u0101m \u2013 vid\u0113ja izm\u0113ra slaids, sp\u0113c\u012bgs \u0137ermenis, apa\u013ca galva ar plati izveidot\u0101m aus\u012bm, mande\u013cveida ac\u012bm.\",\"breadcrumb\":{\"@id\":\"https:\/\/www.whisker.lv\/kaku-skirnes\/burmillas-kakis\/#breadcrumb\"},\"inLanguage\":\"ru-RU\",\"potentialAction\":[{\"@type\":\"ReadAction\",\"target\":[\"https:\/\/www.whisker.lv\/kaku-skirnes\/burmillas-kakis\/\"]}]},{\"@type\":\"BreadcrumbList\",\"@id\":\"https:\/\/www.whisker.lv\/kaku-skirnes\/burmillas-kakis\/#breadcrumb\",\"itemListElement\":[{\"@type\":\"ListItem\",\"position\":1,\"name\":\"S\u0101kums\",\"item\":\"https:\/\/www.whisker.lv\/\"},{\"@type\":\"ListItem\",\"position\":2,\"name\":\"Ka\u0137u \u0161\u0137irnes\",\"item\":\"https:\/\/www.whisker.lv\/kaku-skirnes\/\"},{\"@type\":\"ListItem\",\"position\":3,\"name\":\"Burmilla\"}]},{\"@type\":\"WebSite\",\"@id\":\"https:\/\/www.whisker.lv\/#website\",\"url\":\"https:\/\/www.whisker.lv\/\",\"name\":\"Whisker\",\"description\":\"Tavs pal\u012bgs m\u0101jdzivnieku pieskat\u012b\u0161an\u0101\",\"potentialAction\":[{\"@type\":\"SearchAction\",\"target\":{\"@type\":\"EntryPoint\",\"urlTemplate\":\"https:\/\/www.whisker.lv\/?s={search_term_string}\"},\"query-input\":\"required name=search_term_string\"}],\"inLanguage\":\"ru-RU\"}]}<\/script>\n<!-- \/ Yoast SEO plugin. -->","yoast_head_json":{"title":"Burmilla (Burmilla) - Whisker.lv | Ka\u0137u \u0161\u0137irnes","robots":{"index":"index","follow":"follow","max-snippet":"max-snippet:-1","max-image-preview":"max-image-preview:large","max-video-preview":"max-video-preview:-1"},"canonical":"https:\/\/www.whisker.lv\/kaku-skirnes\/burmillas-kakis\/","og_locale":"ru_RU","og_type":"article","og_title":"Burmilla - Whisker","og_url":"https:\/\/www.whisker.lv\/kaku-skirnes\/burmillas-kakis\/","og_site_name":"Whisker","article_publisher":"https:\/\/www.facebook.com\/whisker.lv\/","article_modified_time":"2019-04-24T19:33:59+00:00","twitter_card":"summary_large_image","twitter_misc":{"Est. reading time":"1 minute"},"schema":{"@context":"https:\/\/schema.org","@graph":[{"@type":"WebPage","@id":"https:\/\/www.whisker.lv\/kaku-skirnes\/burmillas-kakis\/","url":"https:\/\/www.whisker.lv\/kaku-skirnes\/burmillas-kakis\/","name":"Burmilla (Burmilla) - Whisker.lv | Ka\u0137u \u0161\u0137irnes","isPartOf":{"@id":"https:\/\/www.whisker.lv\/#website"},"datePublished":"2019-04-24T17:21:38+00:00","dateModified":"2019-04-24T19:33:59+00:00","description":"Burmilla \u0137erme\u0146a uzb\u016bve ir l\u012bdz\u012bga burm\u0101m \u2013 vid\u0113ja izm\u0113ra slaids, sp\u0113c\u012bgs \u0137ermenis, apa\u013ca galva ar plati izveidot\u0101m aus\u012bm, mande\u013cveida ac\u012bm.","breadcrumb":{"@id":"https:\/\/www.whisker.lv\/kaku-skirnes\/burmillas-kakis\/#breadcrumb"},"inLanguage":"ru-RU","potentialAction":[{"@type":"ReadAction","target":["https:\/\/www.whisker.lv\/kaku-skirnes\/burmillas-kakis\/"]}]},{"@type":"BreadcrumbList","@id":"https:\/\/www.whisker.lv\/kaku-skirnes\/burmillas-kakis\/#breadcrumb","itemListElement":[{"@type":"ListItem","position":1,"name":"S\u0101kums","item":"https:\/\/www.whisker.lv\/"},{"@type":"ListItem","position":2,"name":"Ka\u0137u \u0161\u0137irnes","item":"https:\/\/www.whisker.lv\/kaku-skirnes\/"},{"@type":"ListItem","position":3,"name":"Burmilla"}]},{"@type":"WebSite","@id":"https:\/\/www.whisker.lv\/#website","url":"https:\/\/www.whisker.lv\/","name":"Whisker","description":"Tavs pal\u012bgs m\u0101jdzivnieku pieskat\u012b\u0161an\u0101","potentialAction":[{"@type":"SearchAction","target":{"@type":"EntryPoint","urlTemplate":"https:\/\/www.whisker.lv\/?s={search_term_string}"},"query-input":"required name=search_term_string"}],"inLanguage":"ru-RU"}]}},"_links":{"self":[{"href":"https:\/\/www.whisker.lv\/ru\/wp-json\/wp\/v2\/pages\/12096"}],"collection":[{"href":"https:\/\/www.whisker.lv\/ru\/wp-json\/wp\/v2\/pages"}],"about":[{"href":"https:\/\/www.whisker.lv\/ru\/wp-json\/wp\/v2\/types\/page"}],"author":[{"embeddable":true,"href":"https:\/\/www.whisker.lv\/ru\/wp-json\/wp\/v2\/users\/1"}],"replies":[{"embeddable":true,"href":"https:\/\/www.whisker.lv\/ru\/wp-json\/wp\/v2\/comments?post=12096"}],"version-history":[{"count":4,"href":"https:\/\/www.whisker.lv\/ru\/wp-json\/wp\/v2\/pages\/12096\/revisions"}],"predecessor-version":[{"id":12650,"href":"https:\/\/www.whisker.lv\/ru\/wp-json\/wp\/v2\/pages\/12096\/revisions\/12650"}],"up":[{"embeddable":true,"href":"https:\/\/www.whisker.lv\/ru\/wp-json\/wp\/v2\/pages\/9927"}],"wp:attachment":[{"href":"https:\/\/www.whisker.lv\/ru\/wp-json\/wp\/v2\/media?parent=12096"}],"curies":[{"name":"wp","href":"https:\/\/api.w.org\/{rel}","templated":true}]}}