



{"id":12134,"date":"2019-04-24T19:36:31","date_gmt":"2019-04-24T17:36:31","guid":{"rendered":"https:\/\/www.whisker.lv\/?page_id=12134"},"modified":"2019-04-25T00:22:03","modified_gmt":"2019-04-24T22:22:03","slug":"singapuras-kakis","status":"publish","type":"page","link":"https:\/\/www.whisker.lv\/ru\/kaku-skirnes\/singapuras-kakis\/","title":{"rendered":"Singap\u016bras ka\u0137is"},"content":{"rendered":"[vc_row][vc_column][vc_text_separator title=&#8221;Singap\u016bras ka\u0137is&#8221; border_width=&#8221;8&#8243;][\/vc_column][\/vc_row][vc_row content_placement=&#8221;middle&#8221;][vc_column width=&#8221;1\/4&#8243;][vc_single_image image=&#8221;10151&#8243; img_size=&#8221;large&#8221; style=&#8221;vc_box_rounded&#8221; onclick=&#8221;link_image&#8221;][\/vc_column][vc_column width=&#8221;3\/4&#8243;][vc_column_text]<span style=\"color: #000000;\"><strong>Izcelsme:<\/strong>\u00a0Singap\u016bra<\/span><\/p>\n<p><span style=\"color: #000000;\"><strong>Svars:<\/strong>\u00a01.8-3 kg<\/span><\/p>\n<p><span style=\"color: #000000;\"><strong>Dz\u012bves ilgums:<\/strong>\u00a010-15 gadi<\/span>[\/vc_column_text][\/vc_column][\/vc_row][vc_row][vc_column][vc_column_text]<span style=\"color: #000000;\">Singap\u016bras ka\u0137i ir maz\u0101ki augum\u0101 par citiem \u012bsspalvainajiem ka\u0137iem, kas izskaidrojams ar nelabvel\u012bgajiem dz\u012bves apst\u0101k\u013ciem. Nelielajiem ka\u0137iem ir viegla kaulu uzb\u016bve, tie ir sp\u0113c\u012bg\u0101ki un iztur\u012bg\u0101ki nek\u0101 \u0161\u0137iet. Aste &#8211; \u012bsa. Galva ir mas\u012bvi apa\u013ca ar sp\u0113c\u012bgu zodu, liel\u0101m\u00a0aus\u012bm. Singap\u016bras ka\u0137i ir akt\u012bvi, interesanti, rota\u013c\u012bgi dz\u012bvnieki.<\/span><\/p>\n<p><span style=\"color: #000000;\"><strong>V\u0113sture.<\/strong>\u00a0Singap\u016br\u0101 \u0161ie ka\u0137i dz\u012bvoja pussava\u013c\u0101 pils\u0113tas iel\u0101s. Izveidoju\u0161ies laika gait\u0101 bez cilv\u0113ku iejauk\u0161an\u0101s.\u00a01974. gad\u0101 amerik\u0101\u0146u ka\u0137u audz\u0113t\u0101ji Heils un Tomija Medovi, str\u0101d\u0101jot Singap\u016br\u0101, ieg\u0101d\u0101j\u0101s vair\u0101kus \u0161os ka\u0137us un 1975. gad\u0101 ieveda tos ASV.\u00a01988. gad\u0101 tika apstiprin\u0101ts \u0161\u0137irnes standarts.<\/span><\/p>\n<p><span style=\"color: #000000;\"><strong>Piez\u012bme.<\/strong>\u00a0\u013boti pat\u012bk b\u016bt kop\u0101 ar cilv\u0113kiem. Draudz\u012bgi ar citiem m\u0101jdz\u012bvniekiem, lieliski mednieki. Maigi ka\u0137i, kaut ar\u012b nedaudz nopietni un nosl\u0113gti.<\/span>[\/vc_column_text][\/vc_column][\/vc_row]\n","protected":false},"excerpt":{"rendered":"<p>[vc_row][vc_column][vc_text_separator title=&#8221;Singap\u016bras ka\u0137is&#8221; border_width=&#8221;8&#8243;][\/vc_column][\/vc_row][vc_row content_placement=&#8221;middle&#8221;][vc_column width=&#8221;1\/4&#8243;][vc_single_image image=&#8221;10151&#8243; img_size=&#8221;large&#8221; style=&#8221;vc_box_rounded&#8221; onclick=&#8221;link_image&#8221;][\/vc_column][vc_column width=&#8221;3\/4&#8243;][vc_column_text]Izcelsme:\u00a0Singap\u016bra Svars:\u00a01.8-3 kg Dz\u012bves ilgums:\u00a010-15 gadi[\/vc_column_text][\/vc_column][\/vc_row][vc_row][vc_column][vc_column_text]Singap\u016bras ka\u0137i ir maz\u0101ki augum\u0101 par citiem \u012bsspalvainajiem ka\u0137iem, kas izskaidrojams ar nelabvel\u012bgajiem dz\u012bves apst\u0101k\u013ciem. Nelielajiem ka\u0137iem ir viegla kaulu uzb\u016bve, tie ir sp\u0113c\u012bg\u0101ki un iztur\u012bg\u0101ki nek\u0101 \u0161\u0137iet. Aste &#8211; \u012bsa. Galva ir mas\u012bvi apa\u013ca ar sp\u0113c\u012bgu zodu, liel\u0101m\u00a0aus\u012bm. Singap\u016bras [&hellip;]<\/p>\n","protected":false},"author":1,"featured_media":0,"parent":9927,"menu_order":0,"comment_status":"closed","ping_status":"closed","template":"page-fullwidth.php","meta":{"_acf_changed":false,"_glsr_average":0,"_glsr_ranking":0,"_glsr_reviews":0,"footnotes":""},"translation":{"provider":"WPGlobus","version":"2.12.2","language":"ru","enabled_languages":["lv","en","ru"],"languages":{"lv":{"title":true,"content":true,"excerpt":false},"en":{"title":false,"content":false,"excerpt":false},"ru":{"title":false,"content":false,"excerpt":false}}},"acf":[],"yoast_head":"<!-- This site is optimized with the Yoast SEO plugin v22.5 - https:\/\/yoast.com\/wordpress\/plugins\/seo\/ -->\n<title>Singap\u016bras ka\u0137is (Singapura) - Whisker.lv | Ka\u0137u \u0161\u0137irnes<\/title>\n<meta name=\"robots\" content=\"index, follow, max-snippet:-1, max-image-preview:large, max-video-preview:-1\" \/>\n<link rel=\"canonical\" href=\"https:\/\/www.whisker.lv\/kaku-skirnes\/singapuras-kakis\/\" \/>\n<meta property=\"og:locale\" content=\"ru_RU\" \/>\n<meta property=\"og:type\" content=\"article\" \/>\n<meta property=\"og:title\" content=\"Singap\u016bras ka\u0137is - Whisker\" \/>\n<meta property=\"og:url\" content=\"https:\/\/www.whisker.lv\/kaku-skirnes\/singapuras-kakis\/\" \/>\n<meta property=\"og:site_name\" content=\"Whisker\" \/>\n<meta property=\"article:publisher\" content=\"https:\/\/www.facebook.com\/whisker.lv\/\" \/>\n<meta property=\"article:modified_time\" content=\"2019-04-24T22:22:03+00:00\" \/>\n<meta name=\"twitter:card\" content=\"summary_large_image\" \/>\n<meta name=\"twitter:label1\" content=\"Est. reading time\" \/>\n\t<meta name=\"twitter:data1\" content=\"1 minute\" \/>\n<script type=\"application\/ld+json\" class=\"yoast-schema-graph\">{\"@context\":\"https:\/\/schema.org\",\"@graph\":[{\"@type\":\"WebPage\",\"@id\":\"https:\/\/www.whisker.lv\/kaku-skirnes\/singapuras-kakis\/\",\"url\":\"https:\/\/www.whisker.lv\/kaku-skirnes\/singapuras-kakis\/\",\"name\":\"Singap\u016bras ka\u0137is (Singapura) - Whisker.lv | Ka\u0137u \u0161\u0137irnes\",\"isPartOf\":{\"@id\":\"https:\/\/www.whisker.lv\/#website\"},\"datePublished\":\"2019-04-24T17:36:31+00:00\",\"dateModified\":\"2019-04-24T22:22:03+00:00\",\"description\":\"Singap\u016bras ka\u0137is ir maz\u0101ks augum\u0101 par citiem \u012bsspalvainajiem ka\u0137iem, kas izskaidrojams ar nelabvel\u012bgajiem dz\u012bves apst\u0101k\u013ciem.\",\"breadcrumb\":{\"@id\":\"https:\/\/www.whisker.lv\/kaku-skirnes\/singapuras-kakis\/#breadcrumb\"},\"inLanguage\":\"ru-RU\",\"potentialAction\":[{\"@type\":\"ReadAction\",\"target\":[\"https:\/\/www.whisker.lv\/kaku-skirnes\/singapuras-kakis\/\"]}]},{\"@type\":\"BreadcrumbList\",\"@id\":\"https:\/\/www.whisker.lv\/kaku-skirnes\/singapuras-kakis\/#breadcrumb\",\"itemListElement\":[{\"@type\":\"ListItem\",\"position\":1,\"name\":\"S\u0101kums\",\"item\":\"https:\/\/www.whisker.lv\/\"},{\"@type\":\"ListItem\",\"position\":2,\"name\":\"Ka\u0137u \u0161\u0137irnes\",\"item\":\"https:\/\/www.whisker.lv\/kaku-skirnes\/\"},{\"@type\":\"ListItem\",\"position\":3,\"name\":\"Singap\u016bras ka\u0137is\"}]},{\"@type\":\"WebSite\",\"@id\":\"https:\/\/www.whisker.lv\/#website\",\"url\":\"https:\/\/www.whisker.lv\/\",\"name\":\"Whisker\",\"description\":\"Tavs pal\u012bgs m\u0101jdzivnieku pieskat\u012b\u0161an\u0101\",\"potentialAction\":[{\"@type\":\"SearchAction\",\"target\":{\"@type\":\"EntryPoint\",\"urlTemplate\":\"https:\/\/www.whisker.lv\/?s={search_term_string}\"},\"query-input\":\"required name=search_term_string\"}],\"inLanguage\":\"ru-RU\"}]}<\/script>\n<!-- \/ Yoast SEO plugin. -->","yoast_head_json":{"title":"Singap\u016bras ka\u0137is (Singapura) - Whisker.lv | Ka\u0137u \u0161\u0137irnes","robots":{"index":"index","follow":"follow","max-snippet":"max-snippet:-1","max-image-preview":"max-image-preview:large","max-video-preview":"max-video-preview:-1"},"canonical":"https:\/\/www.whisker.lv\/kaku-skirnes\/singapuras-kakis\/","og_locale":"ru_RU","og_type":"article","og_title":"Singap\u016bras ka\u0137is - Whisker","og_url":"https:\/\/www.whisker.lv\/kaku-skirnes\/singapuras-kakis\/","og_site_name":"Whisker","article_publisher":"https:\/\/www.facebook.com\/whisker.lv\/","article_modified_time":"2019-04-24T22:22:03+00:00","twitter_card":"summary_large_image","twitter_misc":{"Est. reading time":"1 minute"},"schema":{"@context":"https:\/\/schema.org","@graph":[{"@type":"WebPage","@id":"https:\/\/www.whisker.lv\/kaku-skirnes\/singapuras-kakis\/","url":"https:\/\/www.whisker.lv\/kaku-skirnes\/singapuras-kakis\/","name":"Singap\u016bras ka\u0137is (Singapura) - Whisker.lv | Ka\u0137u \u0161\u0137irnes","isPartOf":{"@id":"https:\/\/www.whisker.lv\/#website"},"datePublished":"2019-04-24T17:36:31+00:00","dateModified":"2019-04-24T22:22:03+00:00","description":"Singap\u016bras ka\u0137is ir maz\u0101ks augum\u0101 par citiem \u012bsspalvainajiem ka\u0137iem, kas izskaidrojams ar nelabvel\u012bgajiem dz\u012bves apst\u0101k\u013ciem.","breadcrumb":{"@id":"https:\/\/www.whisker.lv\/kaku-skirnes\/singapuras-kakis\/#breadcrumb"},"inLanguage":"ru-RU","potentialAction":[{"@type":"ReadAction","target":["https:\/\/www.whisker.lv\/kaku-skirnes\/singapuras-kakis\/"]}]},{"@type":"BreadcrumbList","@id":"https:\/\/www.whisker.lv\/kaku-skirnes\/singapuras-kakis\/#breadcrumb","itemListElement":[{"@type":"ListItem","position":1,"name":"S\u0101kums","item":"https:\/\/www.whisker.lv\/"},{"@type":"ListItem","position":2,"name":"Ka\u0137u \u0161\u0137irnes","item":"https:\/\/www.whisker.lv\/kaku-skirnes\/"},{"@type":"ListItem","position":3,"name":"Singap\u016bras ka\u0137is"}]},{"@type":"WebSite","@id":"https:\/\/www.whisker.lv\/#website","url":"https:\/\/www.whisker.lv\/","name":"Whisker","description":"Tavs pal\u012bgs m\u0101jdzivnieku pieskat\u012b\u0161an\u0101","potentialAction":[{"@type":"SearchAction","target":{"@type":"EntryPoint","urlTemplate":"https:\/\/www.whisker.lv\/?s={search_term_string}"},"query-input":"required name=search_term_string"}],"inLanguage":"ru-RU"}]}},"_links":{"self":[{"href":"https:\/\/www.whisker.lv\/ru\/wp-json\/wp\/v2\/pages\/12134"}],"collection":[{"href":"https:\/\/www.whisker.lv\/ru\/wp-json\/wp\/v2\/pages"}],"about":[{"href":"https:\/\/www.whisker.lv\/ru\/wp-json\/wp\/v2\/types\/page"}],"author":[{"embeddable":true,"href":"https:\/\/www.whisker.lv\/ru\/wp-json\/wp\/v2\/users\/1"}],"replies":[{"embeddable":true,"href":"https:\/\/www.whisker.lv\/ru\/wp-json\/wp\/v2\/comments?post=12134"}],"version-history":[{"count":4,"href":"https:\/\/www.whisker.lv\/ru\/wp-json\/wp\/v2\/pages\/12134\/revisions"}],"predecessor-version":[{"id":12677,"href":"https:\/\/www.whisker.lv\/ru\/wp-json\/wp\/v2\/pages\/12134\/revisions\/12677"}],"up":[{"embeddable":true,"href":"https:\/\/www.whisker.lv\/ru\/wp-json\/wp\/v2\/pages\/9927"}],"wp:attachment":[{"href":"https:\/\/www.whisker.lv\/ru\/wp-json\/wp\/v2\/media?parent=12134"}],"curies":[{"name":"wp","href":"https:\/\/api.w.org\/{rel}","templated":true}]}}