



{"id":12144,"date":"2019-04-24T19:34:55","date_gmt":"2019-04-24T17:34:55","guid":{"rendered":"https:\/\/www.whisker.lv\/?page_id=12144"},"modified":"2019-04-24T23:58:48","modified_gmt":"2019-04-24T21:58:48","slug":"sfinkss","status":"publish","type":"page","link":"https:\/\/www.whisker.lv\/ru\/kaku-skirnes\/sfinkss\/","title":{"rendered":"Sfinkss"},"content":{"rendered":"[vc_row][vc_column][vc_text_separator title=&#8221;Sfinkss&#8221; border_width=&#8221;8&#8243;][\/vc_column][\/vc_row][vc_row content_placement=&#8221;middle&#8221;][vc_column width=&#8221;1\/4&#8243;][vc_single_image image=&#8221;10148&#8243; img_size=&#8221;large&#8221; style=&#8221;vc_box_rounded&#8221; onclick=&#8221;link_image&#8221;][\/vc_column][vc_column width=&#8221;3\/4&#8243;][vc_column_text]<span style=\"color: #000000;\"><strong>Izcelsme:<\/strong>\u00a0Kan\u0101da<\/span><\/p>\n<p><span style=\"color: #000000;\"><strong>Svars:<\/strong> 3.5-7 kg<\/span><\/p>\n<p><span style=\"color: #000000;\"><strong>Dz\u012bves ilgums:<\/strong>\u00a013-15 gadi<\/span>[\/vc_column_text][\/vc_column][\/vc_row][vc_row][vc_column][vc_column_text]<span style=\"color: #000000;\">Galven\u0101 sfinksu \u012bpatn\u012bba \u2013 tiem gandr\u012bz nemaz nav apmatojuma. Sfinksu \u0137ermenis ir kl\u0101ts ar \u012bsu, m\u012bkstu vilni\u0146u, kas atg\u0101dina samtu. Ja apmatojums k\u013c\u016bst redzams, tas tiek uzskat\u012bts par tr\u016bkumu. Vien\u012bgi uz muguras ir pie\u013caujams nedaudz gar\u0101ks apmatojums. Liel\u0101kajai da\u013cai sfinksu nav ar\u012b \u016bsu un uza\u010du. Apmatojuma tr\u016bkuma d\u0113\u013c svar\u012bga ir \u0101das kr\u0101sa, pigment\u0101cijas raksts. \u0100da ir pl\u0101na, ka\u0137im kustoties veidojas krokas. \u0136ermenis sfinksiem ir labi att\u012bst\u012bts, musku\u013cots, ar elegant\u0101m tiev\u0101m k\u0101j\u0101m, paka\u013ck\u0101jas gar\u0101kas par priek\u0161k\u0101jam. \u0136epas ar gariem, kust\u012bgiem pirkstiem. Kakls &#8211; slaids un tieva, p\u0101tagai l\u012bdz\u012bga uz galu sa\u0161aurin\u0101ta aste. <\/span><\/p>\n<p><span style=\"color: #000000;\">Sfinksi ir ka\u0137i ar neatkar\u012bgu raksturu, mierm\u012bl\u012bgi un labsird\u012bgi, akt\u012bvi iesaist\u0101s rota\u013c\u0101s. J\u0101\u0146em v\u0113r\u0101, ka tie ir \u013coti run\u012bgi ka\u0137i, pie tam ne visiem liekas pat\u012bkams to savdab\u012bgais izskats. \u0160iem \u012bpatn\u0113jiem ka\u0137iem sv\u012bst viss \u0137ermenis. Lai gan \u0161\u0137iet, ka sfinksi ne p\u0101r\u0101k cie\u0161 no aukstuma, svar\u012bgi ir nodro\u0161in\u0101t pietiekamu siltumu. \u0160ie ka\u0137i var dz\u012bvot tikai telp\u0101s. J\u0101sarg\u0101 no tie\u0161iem saules stariem. \u0100da tiem ir \u201cpar lielu\u201d &#8211; uz galvas, kakla, padus\u0113s t\u0101 veido krokas.\u00a0<\/span><\/p>\n<p><span style=\"color: #000000;\"><strong>V\u0113sture.\u00a0<\/strong>Pirmie zin\u0101mie bezvilnas ka\u0137i ir dz\u012bvoju\u0161i Meksik\u0101 l\u012bdz 20. gadsimta septi\u0146desmitajiem gadiem un miru\u0161i, neatst\u0101jot p\u0113cn\u0101c\u0113jus. Sfinksi c\u0113lu\u0161ies no Kan\u0101das, kur 1966. gad\u0101\u00a0ka\u0137enei ar norm\u0101lu, \u012bsu vilnu piedzima \u012bpatn\u0113ji ka\u0137\u0113ni bez vilnas. M\u0113r\u0137tiec\u012bgas selekcijas ce\u013c\u0101 tika izveidota \u0161\u012b \u0161\u0137irne.<\/span><\/p>\n<p><span style=\"color: #000000;\"><strong>Piez\u012bme.<\/strong> Sfinksu \u0137erme\u0146a temperat\u016bra ir norm\u0101la, proti, 39\u00b0C, tikai taustot ar roku \u0137ermenis \u0161\u0137iet karsts.<\/span>[\/vc_column_text][\/vc_column][\/vc_row]\n","protected":false},"excerpt":{"rendered":"<p>[vc_row][vc_column][vc_text_separator title=&#8221;Sfinkss&#8221; border_width=&#8221;8&#8243;][\/vc_column][\/vc_row][vc_row content_placement=&#8221;middle&#8221;][vc_column width=&#8221;1\/4&#8243;][vc_single_image image=&#8221;10148&#8243; img_size=&#8221;large&#8221; style=&#8221;vc_box_rounded&#8221; onclick=&#8221;link_image&#8221;][\/vc_column][vc_column width=&#8221;3\/4&#8243;][vc_column_text]Izcelsme:\u00a0Kan\u0101da Svars: 3.5-7 kg Dz\u012bves ilgums:\u00a013-15 gadi[\/vc_column_text][\/vc_column][\/vc_row][vc_row][vc_column][vc_column_text]Galven\u0101 sfinksu \u012bpatn\u012bba \u2013 tiem gandr\u012bz nemaz nav apmatojuma. Sfinksu \u0137ermenis ir kl\u0101ts ar \u012bsu, m\u012bkstu vilni\u0146u, kas atg\u0101dina samtu. Ja apmatojums k\u013c\u016bst redzams, tas tiek uzskat\u012bts par tr\u016bkumu. Vien\u012bgi uz muguras ir pie\u013caujams nedaudz gar\u0101ks apmatojums. Liel\u0101kajai da\u013cai sfinksu [&hellip;]<\/p>\n","protected":false},"author":1,"featured_media":0,"parent":9927,"menu_order":0,"comment_status":"closed","ping_status":"closed","template":"page-fullwidth.php","meta":{"_acf_changed":false,"_glsr_average":0,"_glsr_ranking":0,"_glsr_reviews":0,"footnotes":""},"translation":{"provider":"WPGlobus","version":"2.12.2","language":"ru","enabled_languages":["lv","en","ru"],"languages":{"lv":{"title":true,"content":true,"excerpt":false},"en":{"title":false,"content":false,"excerpt":false},"ru":{"title":false,"content":false,"excerpt":false}}},"acf":[],"yoast_head":"<!-- This site is optimized with the Yoast SEO plugin v22.5 - https:\/\/yoast.com\/wordpress\/plugins\/seo\/ -->\n<title>Sfinkss (Sphynx) - Whisker.lv | Ka\u0137u \u0161\u0137irnes<\/title>\n<meta name=\"robots\" content=\"index, follow, max-snippet:-1, max-image-preview:large, max-video-preview:-1\" \/>\n<link rel=\"canonical\" href=\"https:\/\/www.whisker.lv\/kaku-skirnes\/sfinkss\/\" \/>\n<meta property=\"og:locale\" content=\"ru_RU\" \/>\n<meta property=\"og:type\" content=\"article\" \/>\n<meta property=\"og:title\" content=\"Sfinkss - Whisker\" \/>\n<meta property=\"og:url\" content=\"https:\/\/www.whisker.lv\/kaku-skirnes\/sfinkss\/\" \/>\n<meta property=\"og:site_name\" content=\"Whisker\" \/>\n<meta property=\"article:publisher\" content=\"https:\/\/www.facebook.com\/whisker.lv\/\" \/>\n<meta property=\"article:modified_time\" content=\"2019-04-24T21:58:48+00:00\" \/>\n<meta name=\"twitter:card\" content=\"summary_large_image\" \/>\n<meta name=\"twitter:label1\" content=\"Est. reading time\" \/>\n\t<meta name=\"twitter:data1\" content=\"2 minutes\" \/>\n<script type=\"application\/ld+json\" class=\"yoast-schema-graph\">{\"@context\":\"https:\/\/schema.org\",\"@graph\":[{\"@type\":\"WebPage\",\"@id\":\"https:\/\/www.whisker.lv\/kaku-skirnes\/sfinkss\/\",\"url\":\"https:\/\/www.whisker.lv\/kaku-skirnes\/sfinkss\/\",\"name\":\"Sfinkss (Sphynx) - Whisker.lv | Ka\u0137u \u0161\u0137irnes\",\"isPartOf\":{\"@id\":\"https:\/\/www.whisker.lv\/#website\"},\"datePublished\":\"2019-04-24T17:34:55+00:00\",\"dateModified\":\"2019-04-24T21:58:48+00:00\",\"description\":\"Sfinkss ir ka\u0137is ar neatkar\u012bgu raksturu, mierm\u012bl\u012bgi, akt\u012bvi iesaist\u0101s rota\u013c\u0101s. J\u0101\u0146em v\u0113r\u0101, ka tie ir \u013coti run\u012bgi ka\u0137i. \u0160ie ka\u0137i var dz\u012bvot tikai telp\u0101s.\",\"breadcrumb\":{\"@id\":\"https:\/\/www.whisker.lv\/kaku-skirnes\/sfinkss\/#breadcrumb\"},\"inLanguage\":\"ru-RU\",\"potentialAction\":[{\"@type\":\"ReadAction\",\"target\":[\"https:\/\/www.whisker.lv\/kaku-skirnes\/sfinkss\/\"]}]},{\"@type\":\"BreadcrumbList\",\"@id\":\"https:\/\/www.whisker.lv\/kaku-skirnes\/sfinkss\/#breadcrumb\",\"itemListElement\":[{\"@type\":\"ListItem\",\"position\":1,\"name\":\"S\u0101kums\",\"item\":\"https:\/\/www.whisker.lv\/\"},{\"@type\":\"ListItem\",\"position\":2,\"name\":\"Ka\u0137u \u0161\u0137irnes\",\"item\":\"https:\/\/www.whisker.lv\/kaku-skirnes\/\"},{\"@type\":\"ListItem\",\"position\":3,\"name\":\"Sfinkss\"}]},{\"@type\":\"WebSite\",\"@id\":\"https:\/\/www.whisker.lv\/#website\",\"url\":\"https:\/\/www.whisker.lv\/\",\"name\":\"Whisker\",\"description\":\"Tavs pal\u012bgs m\u0101jdzivnieku pieskat\u012b\u0161an\u0101\",\"potentialAction\":[{\"@type\":\"SearchAction\",\"target\":{\"@type\":\"EntryPoint\",\"urlTemplate\":\"https:\/\/www.whisker.lv\/?s={search_term_string}\"},\"query-input\":\"required name=search_term_string\"}],\"inLanguage\":\"ru-RU\"}]}<\/script>\n<!-- \/ Yoast SEO plugin. -->","yoast_head_json":{"title":"Sfinkss (Sphynx) - Whisker.lv | Ka\u0137u \u0161\u0137irnes","robots":{"index":"index","follow":"follow","max-snippet":"max-snippet:-1","max-image-preview":"max-image-preview:large","max-video-preview":"max-video-preview:-1"},"canonical":"https:\/\/www.whisker.lv\/kaku-skirnes\/sfinkss\/","og_locale":"ru_RU","og_type":"article","og_title":"Sfinkss - Whisker","og_url":"https:\/\/www.whisker.lv\/kaku-skirnes\/sfinkss\/","og_site_name":"Whisker","article_publisher":"https:\/\/www.facebook.com\/whisker.lv\/","article_modified_time":"2019-04-24T21:58:48+00:00","twitter_card":"summary_large_image","twitter_misc":{"Est. reading time":"2 minutes"},"schema":{"@context":"https:\/\/schema.org","@graph":[{"@type":"WebPage","@id":"https:\/\/www.whisker.lv\/kaku-skirnes\/sfinkss\/","url":"https:\/\/www.whisker.lv\/kaku-skirnes\/sfinkss\/","name":"Sfinkss (Sphynx) - Whisker.lv | Ka\u0137u \u0161\u0137irnes","isPartOf":{"@id":"https:\/\/www.whisker.lv\/#website"},"datePublished":"2019-04-24T17:34:55+00:00","dateModified":"2019-04-24T21:58:48+00:00","description":"Sfinkss ir ka\u0137is ar neatkar\u012bgu raksturu, mierm\u012bl\u012bgi, akt\u012bvi iesaist\u0101s rota\u013c\u0101s. J\u0101\u0146em v\u0113r\u0101, ka tie ir \u013coti run\u012bgi ka\u0137i. \u0160ie ka\u0137i var dz\u012bvot tikai telp\u0101s.","breadcrumb":{"@id":"https:\/\/www.whisker.lv\/kaku-skirnes\/sfinkss\/#breadcrumb"},"inLanguage":"ru-RU","potentialAction":[{"@type":"ReadAction","target":["https:\/\/www.whisker.lv\/kaku-skirnes\/sfinkss\/"]}]},{"@type":"BreadcrumbList","@id":"https:\/\/www.whisker.lv\/kaku-skirnes\/sfinkss\/#breadcrumb","itemListElement":[{"@type":"ListItem","position":1,"name":"S\u0101kums","item":"https:\/\/www.whisker.lv\/"},{"@type":"ListItem","position":2,"name":"Ka\u0137u \u0161\u0137irnes","item":"https:\/\/www.whisker.lv\/kaku-skirnes\/"},{"@type":"ListItem","position":3,"name":"Sfinkss"}]},{"@type":"WebSite","@id":"https:\/\/www.whisker.lv\/#website","url":"https:\/\/www.whisker.lv\/","name":"Whisker","description":"Tavs pal\u012bgs m\u0101jdzivnieku pieskat\u012b\u0161an\u0101","potentialAction":[{"@type":"SearchAction","target":{"@type":"EntryPoint","urlTemplate":"https:\/\/www.whisker.lv\/?s={search_term_string}"},"query-input":"required name=search_term_string"}],"inLanguage":"ru-RU"}]}},"_links":{"self":[{"href":"https:\/\/www.whisker.lv\/ru\/wp-json\/wp\/v2\/pages\/12144"}],"collection":[{"href":"https:\/\/www.whisker.lv\/ru\/wp-json\/wp\/v2\/pages"}],"about":[{"href":"https:\/\/www.whisker.lv\/ru\/wp-json\/wp\/v2\/types\/page"}],"author":[{"embeddable":true,"href":"https:\/\/www.whisker.lv\/ru\/wp-json\/wp\/v2\/users\/1"}],"replies":[{"embeddable":true,"href":"https:\/\/www.whisker.lv\/ru\/wp-json\/wp\/v2\/comments?post=12144"}],"version-history":[{"count":5,"href":"https:\/\/www.whisker.lv\/ru\/wp-json\/wp\/v2\/pages\/12144\/revisions"}],"predecessor-version":[{"id":12675,"href":"https:\/\/www.whisker.lv\/ru\/wp-json\/wp\/v2\/pages\/12144\/revisions\/12675"}],"up":[{"embeddable":true,"href":"https:\/\/www.whisker.lv\/ru\/wp-json\/wp\/v2\/pages\/9927"}],"wp:attachment":[{"href":"https:\/\/www.whisker.lv\/ru\/wp-json\/wp\/v2\/media?parent=12144"}],"curies":[{"name":"wp","href":"https:\/\/api.w.org\/{rel}","templated":true}]}}