



{"id":12247,"date":"2019-04-24T19:28:03","date_gmt":"2019-04-24T17:28:03","guid":{"rendered":"https:\/\/www.whisker.lv\/?page_id=12247"},"modified":"2019-04-24T22:29:04","modified_gmt":"2019-04-24T20:29:04","slug":"kornvolas-rekss","status":"publish","type":"page","link":"https:\/\/www.whisker.lv\/ru\/kaku-skirnes\/kornvolas-rekss\/","title":{"rendered":"Kornvolas rekss"},"content":{"rendered":"[vc_row][vc_column][vc_text_separator title=&#8221;Kornvolas rekss&#8221; border_width=&#8221;8&#8243;][\/vc_column][\/vc_row][vc_row content_placement=&#8221;middle&#8221;][vc_column width=&#8221;1\/4&#8243;][vc_single_image image=&#8221;10073&#8243; img_size=&#8221;large&#8221; style=&#8221;vc_box_rounded&#8221;][\/vc_column][vc_column width=&#8221;3\/4&#8243;][vc_column_text]<span style=\"color: #000000;\"><strong>Izcelsme: <\/strong>Lielbrit\u0101nija<\/span><\/p>\n<p><span style=\"color: #000000;\"><strong>Svars:<\/strong> 2-4.5 kg<\/span><\/p>\n<p><span style=\"color: #000000;\"><strong>Dz\u012bves ilgums:<\/strong> 11-15 gadi<\/span>[\/vc_column_text][\/vc_column][\/vc_row][vc_row][vc_column][vc_column_text]<span style=\"color: #000000;\"> Kornvolas reksam ir slaids, elegants \u0137ermenis, bez as\u0101m l\u012bnij\u0101m. K\u0101jas garas, \u0137\u012b\u013cveida galva ir neliela, ar garu un smailu purnu, un liel\u0101m aus\u012bm. \u016asas \u012bsas, sprogainas, izskat\u0101s k\u0101 aplauztas. Apmatojums \u012bss, vi\u013c\u0146ains, samtains, bez pavilnas. Apmatojuma nepietiekam\u012bba uz galvas, k\u0101j\u0101m, v\u0113dera un astes izst\u0101d\u0113s nopietni samazina ka\u0137a v\u0113rt\u0113jumu. <\/span><\/p>\n<p><span style=\"color: #000000;\">Kornvolas reksi ir sirsn\u012bgi, uz cilv\u0113kiem orient\u0113ti un akt\u012bvi ka\u0137i, kuru rota\u013c\u012bgums un ka\u0137\u0113nu uzved\u012bba ilgst visu m\u016b\u017eu. Kornvolas reksa m\u012b\u013c\u0101k\u0101 sp\u0113le ir &#8220;met un \u0137er&#8221;, kur\u0101 var izmantot savas kust\u012bg\u0101s \u0137epas, lai no\u0137ertu un uzmestu gais\u0101 nelielus priek\u0161metus. Kornvolas rekss ir \u013coti iztur\u012bga \u0161\u0137irne, lai gan paties\u012bb\u0101 t\u0101 ir sal\u012bdzino\u0161i trausla. Tie ir ide\u0101li m\u0101jdz\u012bvnieki \u012bpa\u0161niekiem, kuri v\u0113las akt\u012bvus ka\u0137us, kuri piedal\u0101s \u0123imenes dz\u012bv\u0113. Kornvols noteikti ir kl\u0113pja ka\u0137is, kuram patiks ne tikai saimnieku kl\u0113pis, bet ar\u012b ciemi\u0146u. Vi\u0146i ir draudz\u012bgi ar citiem dz\u012bvniekiem un ir ide\u0101ls m\u0101jdz\u012bvnieks m\u0101j\u0101, kur\u0101 ir b\u0113rni.<\/span><\/p>\n<p><span style=\"color: #000000;\"><strong>V\u0113sture.<\/strong> Par pirmo Kornvolas reksu tiek uzskat\u012bts ka\u0137\u0113ns<i>,<\/i> kur\u0161 piedzima 1950. gad\u0101 Lielbrit\u0101nij\u0101. 5 ka\u0137\u0113nu metien\u0101 vi\u0146\u0161 bija vien\u012bgais ar sprogainu, cie\u0161i piegu\u013co\u0161u ka\u017eoku.\u00a0<\/span><\/p>\n<p><span style=\"color: #000000;\"><strong>Piez\u012bme.<\/strong> Kornvolas reksiem var izpausties agresivit\u0101te. Piem\u0113roti tur\u0113\u0161anai tikai iek\u0161telp\u0101s.<\/span>[\/vc_column_text][\/vc_column][\/vc_row]\n","protected":false},"excerpt":{"rendered":"<p>[vc_row][vc_column][vc_text_separator title=&#8221;Kornvolas rekss&#8221; border_width=&#8221;8&#8243;][\/vc_column][\/vc_row][vc_row content_placement=&#8221;middle&#8221;][vc_column width=&#8221;1\/4&#8243;][vc_single_image image=&#8221;10073&#8243; img_size=&#8221;large&#8221; style=&#8221;vc_box_rounded&#8221;][\/vc_column][vc_column width=&#8221;3\/4&#8243;][vc_column_text]Izcelsme: Lielbrit\u0101nija Svars: 2-4.5 kg Dz\u012bves ilgums: 11-15 gadi[\/vc_column_text][\/vc_column][\/vc_row][vc_row][vc_column][vc_column_text] Kornvolas reksam ir slaids, elegants \u0137ermenis, bez as\u0101m l\u012bnij\u0101m. K\u0101jas garas, \u0137\u012b\u013cveida galva ir neliela, ar garu un smailu purnu, un liel\u0101m aus\u012bm. \u016asas \u012bsas, sprogainas, izskat\u0101s k\u0101 aplauztas. Apmatojums \u012bss, vi\u013c\u0146ains, samtains, bez pavilnas. Apmatojuma nepietiekam\u012bba [&hellip;]<\/p>\n","protected":false},"author":1,"featured_media":0,"parent":9927,"menu_order":0,"comment_status":"closed","ping_status":"closed","template":"page-fullwidth.php","meta":{"_acf_changed":false,"_glsr_average":0,"_glsr_ranking":0,"_glsr_reviews":0,"footnotes":""},"translation":{"provider":"WPGlobus","version":"2.12.2","language":"ru","enabled_languages":["lv","en","ru"],"languages":{"lv":{"title":true,"content":true,"excerpt":false},"en":{"title":false,"content":false,"excerpt":false},"ru":{"title":false,"content":false,"excerpt":false}}},"acf":[],"yoast_head":"<!-- This site is optimized with the Yoast SEO plugin v22.5 - https:\/\/yoast.com\/wordpress\/plugins\/seo\/ -->\n<title>Kornvolas rekss (Cornish Rex) - Whisker.lv | Ka\u0137u \u0161\u0137irnes<\/title>\n<meta name=\"robots\" content=\"index, follow, max-snippet:-1, max-image-preview:large, max-video-preview:-1\" \/>\n<link rel=\"canonical\" href=\"https:\/\/www.whisker.lv\/kaku-skirnes\/kornvolas-rekss\/\" \/>\n<meta property=\"og:locale\" content=\"ru_RU\" \/>\n<meta property=\"og:type\" content=\"article\" \/>\n<meta property=\"og:title\" content=\"Kornvolas rekss - Whisker\" \/>\n<meta property=\"og:url\" content=\"https:\/\/www.whisker.lv\/kaku-skirnes\/kornvolas-rekss\/\" \/>\n<meta property=\"og:site_name\" content=\"Whisker\" \/>\n<meta property=\"article:publisher\" content=\"https:\/\/www.facebook.com\/whisker.lv\/\" \/>\n<meta property=\"article:modified_time\" content=\"2019-04-24T20:29:04+00:00\" \/>\n<meta name=\"twitter:card\" content=\"summary_large_image\" \/>\n<meta name=\"twitter:label1\" content=\"Est. reading time\" \/>\n\t<meta name=\"twitter:data1\" content=\"2 minutes\" \/>\n<script type=\"application\/ld+json\" class=\"yoast-schema-graph\">{\"@context\":\"https:\/\/schema.org\",\"@graph\":[{\"@type\":\"WebPage\",\"@id\":\"https:\/\/www.whisker.lv\/kaku-skirnes\/kornvolas-rekss\/\",\"url\":\"https:\/\/www.whisker.lv\/kaku-skirnes\/kornvolas-rekss\/\",\"name\":\"Kornvolas rekss (Cornish Rex) - Whisker.lv | Ka\u0137u \u0161\u0137irnes\",\"isPartOf\":{\"@id\":\"https:\/\/www.whisker.lv\/#website\"},\"datePublished\":\"2019-04-24T17:28:03+00:00\",\"dateModified\":\"2019-04-24T20:29:04+00:00\",\"description\":\"Ide\u0101li m\u0101jdz\u012bvnieki \u012bpa\u0161niekiem, kuri v\u0113las akt\u012bvus ka\u0137us. Kornvolas rekss ir draudz\u012bgs ar citiem dz\u012bvniekiem un ir ide\u0101ls m\u012blulis m\u0101j\u0101, kur\u0101 ir b\u0113rni.\",\"breadcrumb\":{\"@id\":\"https:\/\/www.whisker.lv\/kaku-skirnes\/kornvolas-rekss\/#breadcrumb\"},\"inLanguage\":\"ru-RU\",\"potentialAction\":[{\"@type\":\"ReadAction\",\"target\":[\"https:\/\/www.whisker.lv\/kaku-skirnes\/kornvolas-rekss\/\"]}]},{\"@type\":\"BreadcrumbList\",\"@id\":\"https:\/\/www.whisker.lv\/kaku-skirnes\/kornvolas-rekss\/#breadcrumb\",\"itemListElement\":[{\"@type\":\"ListItem\",\"position\":1,\"name\":\"S\u0101kums\",\"item\":\"https:\/\/www.whisker.lv\/\"},{\"@type\":\"ListItem\",\"position\":2,\"name\":\"Ka\u0137u \u0161\u0137irnes\",\"item\":\"https:\/\/www.whisker.lv\/kaku-skirnes\/\"},{\"@type\":\"ListItem\",\"position\":3,\"name\":\"Kornvolas rekss\"}]},{\"@type\":\"WebSite\",\"@id\":\"https:\/\/www.whisker.lv\/#website\",\"url\":\"https:\/\/www.whisker.lv\/\",\"name\":\"Whisker\",\"description\":\"Tavs pal\u012bgs m\u0101jdzivnieku pieskat\u012b\u0161an\u0101\",\"potentialAction\":[{\"@type\":\"SearchAction\",\"target\":{\"@type\":\"EntryPoint\",\"urlTemplate\":\"https:\/\/www.whisker.lv\/?s={search_term_string}\"},\"query-input\":\"required name=search_term_string\"}],\"inLanguage\":\"ru-RU\"}]}<\/script>\n<!-- \/ Yoast SEO plugin. -->","yoast_head_json":{"title":"Kornvolas rekss (Cornish Rex) - Whisker.lv | Ka\u0137u \u0161\u0137irnes","robots":{"index":"index","follow":"follow","max-snippet":"max-snippet:-1","max-image-preview":"max-image-preview:large","max-video-preview":"max-video-preview:-1"},"canonical":"https:\/\/www.whisker.lv\/kaku-skirnes\/kornvolas-rekss\/","og_locale":"ru_RU","og_type":"article","og_title":"Kornvolas rekss - Whisker","og_url":"https:\/\/www.whisker.lv\/kaku-skirnes\/kornvolas-rekss\/","og_site_name":"Whisker","article_publisher":"https:\/\/www.facebook.com\/whisker.lv\/","article_modified_time":"2019-04-24T20:29:04+00:00","twitter_card":"summary_large_image","twitter_misc":{"Est. reading time":"2 minutes"},"schema":{"@context":"https:\/\/schema.org","@graph":[{"@type":"WebPage","@id":"https:\/\/www.whisker.lv\/kaku-skirnes\/kornvolas-rekss\/","url":"https:\/\/www.whisker.lv\/kaku-skirnes\/kornvolas-rekss\/","name":"Kornvolas rekss (Cornish Rex) - Whisker.lv | Ka\u0137u \u0161\u0137irnes","isPartOf":{"@id":"https:\/\/www.whisker.lv\/#website"},"datePublished":"2019-04-24T17:28:03+00:00","dateModified":"2019-04-24T20:29:04+00:00","description":"Ide\u0101li m\u0101jdz\u012bvnieki \u012bpa\u0161niekiem, kuri v\u0113las akt\u012bvus ka\u0137us. Kornvolas rekss ir draudz\u012bgs ar citiem dz\u012bvniekiem un ir ide\u0101ls m\u012blulis m\u0101j\u0101, kur\u0101 ir b\u0113rni.","breadcrumb":{"@id":"https:\/\/www.whisker.lv\/kaku-skirnes\/kornvolas-rekss\/#breadcrumb"},"inLanguage":"ru-RU","potentialAction":[{"@type":"ReadAction","target":["https:\/\/www.whisker.lv\/kaku-skirnes\/kornvolas-rekss\/"]}]},{"@type":"BreadcrumbList","@id":"https:\/\/www.whisker.lv\/kaku-skirnes\/kornvolas-rekss\/#breadcrumb","itemListElement":[{"@type":"ListItem","position":1,"name":"S\u0101kums","item":"https:\/\/www.whisker.lv\/"},{"@type":"ListItem","position":2,"name":"Ka\u0137u \u0161\u0137irnes","item":"https:\/\/www.whisker.lv\/kaku-skirnes\/"},{"@type":"ListItem","position":3,"name":"Kornvolas rekss"}]},{"@type":"WebSite","@id":"https:\/\/www.whisker.lv\/#website","url":"https:\/\/www.whisker.lv\/","name":"Whisker","description":"Tavs pal\u012bgs m\u0101jdzivnieku pieskat\u012b\u0161an\u0101","potentialAction":[{"@type":"SearchAction","target":{"@type":"EntryPoint","urlTemplate":"https:\/\/www.whisker.lv\/?s={search_term_string}"},"query-input":"required name=search_term_string"}],"inLanguage":"ru-RU"}]}},"_links":{"self":[{"href":"https:\/\/www.whisker.lv\/ru\/wp-json\/wp\/v2\/pages\/12247"}],"collection":[{"href":"https:\/\/www.whisker.lv\/ru\/wp-json\/wp\/v2\/pages"}],"about":[{"href":"https:\/\/www.whisker.lv\/ru\/wp-json\/wp\/v2\/types\/page"}],"author":[{"embeddable":true,"href":"https:\/\/www.whisker.lv\/ru\/wp-json\/wp\/v2\/users\/1"}],"replies":[{"embeddable":true,"href":"https:\/\/www.whisker.lv\/ru\/wp-json\/wp\/v2\/comments?post=12247"}],"version-history":[{"count":4,"href":"https:\/\/www.whisker.lv\/ru\/wp-json\/wp\/v2\/pages\/12247\/revisions"}],"predecessor-version":[{"id":12658,"href":"https:\/\/www.whisker.lv\/ru\/wp-json\/wp\/v2\/pages\/12247\/revisions\/12658"}],"up":[{"embeddable":true,"href":"https:\/\/www.whisker.lv\/ru\/wp-json\/wp\/v2\/pages\/9927"}],"wp:attachment":[{"href":"https:\/\/www.whisker.lv\/ru\/wp-json\/wp\/v2\/media?parent=12247"}],"curies":[{"name":"wp","href":"https:\/\/api.w.org\/{rel}","templated":true}]}}