



{"id":12252,"date":"2019-04-13T21:51:58","date_gmt":"2019-04-13T19:51:58","guid":{"rendered":"https:\/\/www.whisker.lv\/?page_id=12252"},"modified":"2019-04-24T20:29:08","modified_gmt":"2019-04-24T18:29:08","slug":"amerikas-asspalvainais-kakis","status":"publish","type":"page","link":"https:\/\/www.whisker.lv\/ru\/kaku-skirnes\/amerikas-asspalvainais-kakis\/","title":{"rendered":"Amerikas asspalvainais ka\u0137is"},"content":{"rendered":"[vc_row][vc_column][vc_text_separator title=&#8221;Amerikas asspalvainais ka\u0137is&#8221; border_width=&#8221;8&#8243;][\/vc_column][\/vc_row][vc_row content_placement=&#8221;middle&#8221;][vc_column width=&#8221;1\/4&#8243;][vc_single_image image=&#8221;9936&#8243; img_size=&#8221;large&#8221; style=&#8221;vc_box_rounded&#8221; onclick=&#8221;link_image&#8221;][\/vc_column][vc_column width=&#8221;3\/4&#8243;][vc_column_text]<span style=\"color: #000000;\"><strong>Izcelsme: <\/strong>ASV<\/span><\/p>\n<p><span style=\"color: #000000;\"><strong>Svars:<\/strong> 5-7 kg<\/span><\/p>\n<p><span style=\"color: #000000;\"><strong>Dz\u012bves ilgums:<\/strong> 7-12 gadi<\/span>[\/vc_column_text][\/vc_column][\/vc_row][vc_row][vc_column][vc_column_text]\n<div id=\"tw-target-text-container\" class=\"gsrt tw-ta-container tw-nfl\">\n<p><span style=\"color: #000000;\">Amerikas asspalvainie ka\u0137i ir labsird\u012bgi, ar vieglu rakturu, popul\u0101ri \u0123imen\u0113s ar b\u0113rniem, jo ir zin\u0101mi ar savu ieciet\u012bbu pret maz\u0101kajiem. Vi\u0146i ir mier\u012bgi, bet var b\u016bt ar\u012b rota\u013c\u012bgi pat pieaugu\u0161\u0101 vecum\u0101. Kopum\u0101 tie ir inteli\u0123enti ka\u0137i un \u013coti interes\u0113jas par visu apk\u0101rt notieko\u0161o. Daudzi Amerikas asspalvainie ka\u0137i saglab\u0101 savus mednieku instinktus, \u0137erot visus m\u0101j\u0101 nok\u013cuvu\u0161os kukai\u0146us. No palodzes pat\u012bk v\u0113rot putnus un citas \u0101r\u0101 notieko\u0161\u0101s aktivit\u0101tes.<\/span><\/p>\n<p class=\"p1\"><span class=\"s1\" style=\"color: #000000;\">\u0160ie ka\u0137i no citiem at\u0161\u0137iras ar savu savdab\u012bgo vilnu, kura ir rupja, vid\u0113ji gara un st\u0101vus augo\u0161a, gali ieloc\u012bti. Ka\u0137is ir vid\u0113ja lieluma, ar musku\u013cotu \u0137ermeni, vid\u0113ji gar\u0101m, sp\u0113c\u012bg\u0101m k\u0101j\u0101m. Aste vid\u0113ji gara, ar strupu galu. Galva ir apa\u013ca, \u012bsa, \u0137\u012b\u013cveida; acis lielas, apa\u013cas, plati novietotas; ausis lielas, labi atv\u0113rtas. Kr\u0101sas ir pie\u013caujamas visas.\u00a0<\/span><\/p>\n<p><span style=\"color: #000000;\"><strong>V\u0113sture.<\/strong> <span class=\"s1\">Par \u0161odienas asspalvaino ka\u0137u sen\u010diem tiek uzskat\u012bti divi sarkanbalti ka\u0137\u0113ni, kuri 1960. gad\u0101 piedzima Veron\u0101, \u0145ujorkas \u0161tat\u0101. S\u0137irne <\/span><span class=\"s1\">ASV tika apstiprin\u0101ta 1966. gad\u0101.<\/span><\/span><\/p>\n<p><span style=\"color: #000000;\"><strong>Piez\u012bme.<\/strong> Izbauda cilv\u0113ku sabiedr\u012bbu, bet lapbr\u0101t saglab\u0101 ar\u012b savu neatkar\u012bbu. Daudzi ir kl\u0113pja ka\u0137i, bet da\u017ei dod priek\u0161roku b\u016bt tikai tuvum\u0101.<\/span><\/p>\n<\/div>\n[\/vc_column_text][\/vc_column][\/vc_row]\n","protected":false},"excerpt":{"rendered":"<p>[vc_row][vc_column][vc_text_separator title=&#8221;Amerikas asspalvainais ka\u0137is&#8221; border_width=&#8221;8&#8243;][\/vc_column][\/vc_row][vc_row content_placement=&#8221;middle&#8221;][vc_column width=&#8221;1\/4&#8243;][vc_single_image image=&#8221;9936&#8243; img_size=&#8221;large&#8221; style=&#8221;vc_box_rounded&#8221; onclick=&#8221;link_image&#8221;][\/vc_column][vc_column width=&#8221;3\/4&#8243;][vc_column_text]Izcelsme: ASV Svars: 5-7 kg Dz\u012bves ilgums: 7-12 gadi[\/vc_column_text][\/vc_column][\/vc_row][vc_row][vc_column][vc_column_text] Amerikas asspalvainie ka\u0137i ir labsird\u012bgi, ar vieglu rakturu, popul\u0101ri \u0123imen\u0113s ar b\u0113rniem, jo ir zin\u0101mi ar savu ieciet\u012bbu pret maz\u0101kajiem. Vi\u0146i ir mier\u012bgi, bet var b\u016bt ar\u012b rota\u013c\u012bgi pat pieaugu\u0161\u0101 vecum\u0101. Kopum\u0101 tie ir inteli\u0123enti [&hellip;]<\/p>\n","protected":false},"author":1,"featured_media":0,"parent":9927,"menu_order":0,"comment_status":"closed","ping_status":"closed","template":"page-fullwidth.php","meta":{"_acf_changed":false,"_glsr_average":0,"_glsr_ranking":0,"_glsr_reviews":0,"footnotes":""},"translation":{"provider":"WPGlobus","version":"2.12.2","language":"ru","enabled_languages":["lv","en","ru"],"languages":{"lv":{"title":true,"content":true,"excerpt":false},"en":{"title":false,"content":false,"excerpt":false},"ru":{"title":false,"content":false,"excerpt":false}}},"acf":[],"yoast_head":"<!-- This site is optimized with the Yoast SEO plugin v22.5 - https:\/\/yoast.com\/wordpress\/plugins\/seo\/ -->\n<title>Amerikas asspalvainais ka\u0137is - Whisker<\/title>\n<meta name=\"robots\" content=\"index, follow, max-snippet:-1, max-image-preview:large, max-video-preview:-1\" \/>\n<link rel=\"canonical\" href=\"https:\/\/www.whisker.lv\/ru\/kaku-skirnes\/amerikas-asspalvainais-kakis\/\" \/>\n<meta property=\"og:locale\" content=\"ru_RU\" \/>\n<meta property=\"og:type\" content=\"article\" \/>\n<meta property=\"og:title\" content=\"Amerikas asspalvainais ka\u0137is - Whisker\" \/>\n<meta property=\"og:url\" content=\"https:\/\/www.whisker.lv\/ru\/kaku-skirnes\/amerikas-asspalvainais-kakis\/\" \/>\n<meta property=\"og:site_name\" content=\"Whisker\" \/>\n<meta property=\"article:publisher\" content=\"https:\/\/www.facebook.com\/whisker.lv\/\" \/>\n<meta property=\"article:modified_time\" content=\"2019-04-24T18:29:08+00:00\" \/>\n<meta name=\"twitter:card\" content=\"summary_large_image\" \/>\n<meta name=\"twitter:label1\" content=\"Est. reading time\" \/>\n\t<meta name=\"twitter:data1\" content=\"2 minutes\" \/>\n<script type=\"application\/ld+json\" class=\"yoast-schema-graph\">{\"@context\":\"https:\/\/schema.org\",\"@graph\":[{\"@type\":\"WebPage\",\"@id\":\"https:\/\/www.whisker.lv\/ru\/kaku-skirnes\/amerikas-asspalvainais-kakis\/\",\"url\":\"https:\/\/www.whisker.lv\/ru\/kaku-skirnes\/amerikas-asspalvainais-kakis\/\",\"name\":\"Amerikas asspalvainais ka\u0137is - Whisker\",\"isPartOf\":{\"@id\":\"https:\/\/www.whisker.lv\/#website\"},\"datePublished\":\"2019-04-13T19:51:58+00:00\",\"dateModified\":\"2019-04-24T18:29:08+00:00\",\"description\":\"Amerikas asspalvainais ka\u0137is ir labsird\u012bgs, ar vieglu rakturu, popul\u0101ri \u0123imen\u0113s ar b\u0113rniem, jo ir zin\u0101mi ar savu ieciet\u012bbu pret maz\u0101kajiem.\",\"breadcrumb\":{\"@id\":\"https:\/\/www.whisker.lv\/ru\/kaku-skirnes\/amerikas-asspalvainais-kakis\/#breadcrumb\"},\"inLanguage\":\"ru-RU\",\"potentialAction\":[{\"@type\":\"ReadAction\",\"target\":[\"https:\/\/www.whisker.lv\/ru\/kaku-skirnes\/amerikas-asspalvainais-kakis\/\"]}]},{\"@type\":\"BreadcrumbList\",\"@id\":\"https:\/\/www.whisker.lv\/ru\/kaku-skirnes\/amerikas-asspalvainais-kakis\/#breadcrumb\",\"itemListElement\":[{\"@type\":\"ListItem\",\"position\":1,\"name\":\"S\u0101kums\",\"item\":\"https:\/\/www.whisker.lv\/\"},{\"@type\":\"ListItem\",\"position\":2,\"name\":\"Ka\u0137u \u0161\u0137irnes\",\"item\":\"https:\/\/www.whisker.lv\/kaku-skirnes\/\"},{\"@type\":\"ListItem\",\"position\":3,\"name\":\"Amerikas asspalvainais ka\u0137is\"}]},{\"@type\":\"WebSite\",\"@id\":\"https:\/\/www.whisker.lv\/#website\",\"url\":\"https:\/\/www.whisker.lv\/\",\"name\":\"Whisker\",\"description\":\"Tavs pal\u012bgs m\u0101jdzivnieku pieskat\u012b\u0161an\u0101\",\"potentialAction\":[{\"@type\":\"SearchAction\",\"target\":{\"@type\":\"EntryPoint\",\"urlTemplate\":\"https:\/\/www.whisker.lv\/?s={search_term_string}\"},\"query-input\":\"required name=search_term_string\"}],\"inLanguage\":\"ru-RU\"}]}<\/script>\n<!-- \/ Yoast SEO plugin. -->","yoast_head_json":{"title":"Amerikas asspalvainais ka\u0137is - Whisker","robots":{"index":"index","follow":"follow","max-snippet":"max-snippet:-1","max-image-preview":"max-image-preview:large","max-video-preview":"max-video-preview:-1"},"canonical":"https:\/\/www.whisker.lv\/ru\/kaku-skirnes\/amerikas-asspalvainais-kakis\/","og_locale":"ru_RU","og_type":"article","og_title":"Amerikas asspalvainais ka\u0137is - Whisker","og_url":"https:\/\/www.whisker.lv\/ru\/kaku-skirnes\/amerikas-asspalvainais-kakis\/","og_site_name":"Whisker","article_publisher":"https:\/\/www.facebook.com\/whisker.lv\/","article_modified_time":"2019-04-24T18:29:08+00:00","twitter_card":"summary_large_image","twitter_misc":{"Est. reading time":"2 minutes"},"schema":{"@context":"https:\/\/schema.org","@graph":[{"@type":"WebPage","@id":"https:\/\/www.whisker.lv\/ru\/kaku-skirnes\/amerikas-asspalvainais-kakis\/","url":"https:\/\/www.whisker.lv\/ru\/kaku-skirnes\/amerikas-asspalvainais-kakis\/","name":"Amerikas asspalvainais ka\u0137is - Whisker","isPartOf":{"@id":"https:\/\/www.whisker.lv\/#website"},"datePublished":"2019-04-13T19:51:58+00:00","dateModified":"2019-04-24T18:29:08+00:00","description":"Amerikas asspalvainais ka\u0137is ir labsird\u012bgs, ar vieglu rakturu, popul\u0101ri \u0123imen\u0113s ar b\u0113rniem, jo ir zin\u0101mi ar savu ieciet\u012bbu pret maz\u0101kajiem.","breadcrumb":{"@id":"https:\/\/www.whisker.lv\/ru\/kaku-skirnes\/amerikas-asspalvainais-kakis\/#breadcrumb"},"inLanguage":"ru-RU","potentialAction":[{"@type":"ReadAction","target":["https:\/\/www.whisker.lv\/ru\/kaku-skirnes\/amerikas-asspalvainais-kakis\/"]}]},{"@type":"BreadcrumbList","@id":"https:\/\/www.whisker.lv\/ru\/kaku-skirnes\/amerikas-asspalvainais-kakis\/#breadcrumb","itemListElement":[{"@type":"ListItem","position":1,"name":"S\u0101kums","item":"https:\/\/www.whisker.lv\/"},{"@type":"ListItem","position":2,"name":"Ka\u0137u \u0161\u0137irnes","item":"https:\/\/www.whisker.lv\/kaku-skirnes\/"},{"@type":"ListItem","position":3,"name":"Amerikas asspalvainais ka\u0137is"}]},{"@type":"WebSite","@id":"https:\/\/www.whisker.lv\/#website","url":"https:\/\/www.whisker.lv\/","name":"Whisker","description":"Tavs pal\u012bgs m\u0101jdzivnieku pieskat\u012b\u0161an\u0101","potentialAction":[{"@type":"SearchAction","target":{"@type":"EntryPoint","urlTemplate":"https:\/\/www.whisker.lv\/?s={search_term_string}"},"query-input":"required name=search_term_string"}],"inLanguage":"ru-RU"}]}},"_links":{"self":[{"href":"https:\/\/www.whisker.lv\/ru\/wp-json\/wp\/v2\/pages\/12252"}],"collection":[{"href":"https:\/\/www.whisker.lv\/ru\/wp-json\/wp\/v2\/pages"}],"about":[{"href":"https:\/\/www.whisker.lv\/ru\/wp-json\/wp\/v2\/types\/page"}],"author":[{"embeddable":true,"href":"https:\/\/www.whisker.lv\/ru\/wp-json\/wp\/v2\/users\/1"}],"replies":[{"embeddable":true,"href":"https:\/\/www.whisker.lv\/ru\/wp-json\/wp\/v2\/comments?post=12252"}],"version-history":[{"count":5,"href":"https:\/\/www.whisker.lv\/ru\/wp-json\/wp\/v2\/pages\/12252\/revisions"}],"predecessor-version":[{"id":12639,"href":"https:\/\/www.whisker.lv\/ru\/wp-json\/wp\/v2\/pages\/12252\/revisions\/12639"}],"up":[{"embeddable":true,"href":"https:\/\/www.whisker.lv\/ru\/wp-json\/wp\/v2\/pages\/9927"}],"wp:attachment":[{"href":"https:\/\/www.whisker.lv\/ru\/wp-json\/wp\/v2\/media?parent=12252"}],"curies":[{"name":"wp","href":"https:\/\/api.w.org\/{rel}","templated":true}]}}