



{"id":12257,"date":"2019-04-24T19:17:12","date_gmt":"2019-04-24T17:17:12","guid":{"rendered":"https:\/\/www.whisker.lv\/?page_id=12257"},"modified":"2019-04-29T21:20:41","modified_gmt":"2019-04-29T19:20:41","slug":"amerikas-bobteils","status":"publish","type":"page","link":"https:\/\/www.whisker.lv\/ru\/kaku-skirnes\/amerikas-bobteils\/","title":{"rendered":"Amerikas bobteils"},"content":{"rendered":"[vc_row][vc_column][vc_text_separator title=&#8221;Amerikas bobteils&#8221; border_width=&#8221;8&#8243;][\/vc_column][\/vc_row][vc_row content_placement=&#8221;middle&#8221;][vc_column width=&#8221;1\/4&#8243;][vc_single_image image=&#8221;9933&#8243; img_size=&#8221;large&#8221; style=&#8221;vc_box_rounded&#8221; onclick=&#8221;link_image&#8221;][\/vc_column][vc_column width=&#8221;3\/4&#8243;][vc_column_text]<span style=\"color: #000000;\"><strong>Izcelsme: <\/strong>ASV un Kan\u0101da<\/span><\/p>\n<p><span style=\"color: #000000;\"><strong>Svars:<\/strong> 3.5-6 kg<\/span><\/p>\n<p><span style=\"color: #000000;\"><strong>Dz\u012bves ilgums:<\/strong> 13-15 gadi<\/span>[\/vc_column_text][\/vc_column][\/vc_row][vc_row][vc_column][vc_column_text]<span style=\"color: #000000;\">Amerikas bobteili ir m\u012blo\u0161i un neticami inteli\u0123enti ka\u0137i. Tie ir \u013coti akt\u012bvi ka\u0137i, kas \u013coti pie\u0137eras savai \u0123imenei un izturas ar lielu uztic\u012bbu. Amerikas bobteili ir paz\u012bstams ar savu m\u012blest\u012bbu pret rota\u013c\u0101m un var sp\u0113l\u0113t pasl\u0113pes stund\u0101m ilgi. Vi\u0146iem \u013coti pat\u012bk sp\u0113les ar saviem saimniekiem un m\u0101j\u0101s labpr\u0101t demonstr\u0113 ar\u012b savus mednieku instinktus, gais\u0101 \u0137erot lidojo\u0161us kukai\u0146us. B\u016bt\u012bb\u0101 kluss un mier\u012bgs ka\u0137is, ar vieglu raksturu.\u00a0 Lieliski satiek ar su\u0146iem, b\u0113rniem un citiem m\u0101jdz\u012bvniekiem, k\u0101 ar\u012b neiebilst pret ciemi\u0146iem.\u00a0<\/span><\/p>\n<p><span style=\"color: #000000;\"><strong>V\u0113sture.<\/strong> \u0160\u0137irne tika izveidota 1960. gad\u0101, bet ofici\u0101li atz\u012bta 1989. gad\u0101. \u0160\u0137irne ir \u013coti paz\u012bstama Zieme\u013camerik\u0101, bet citur pasaul\u0113 reti sastopama.<\/span><\/p>\n<p><span style=\"color: #000000;\"><strong>Piez\u012bme.<\/strong> Itin bie\u017ei \u0161os ap\u0137\u0113r\u012bgos ka\u0137us izdodas pieradin\u0101t doties pastaig\u0101s pie pavadas vai atnest aizmestus priek\u0161metus.<\/span>[\/vc_column_text][\/vc_column][\/vc_row]\n","protected":false},"excerpt":{"rendered":"<p>[vc_row][vc_column][vc_text_separator title=&#8221;Amerikas bobteils&#8221; border_width=&#8221;8&#8243;][\/vc_column][\/vc_row][vc_row content_placement=&#8221;middle&#8221;][vc_column width=&#8221;1\/4&#8243;][vc_single_image image=&#8221;9933&#8243; img_size=&#8221;large&#8221; style=&#8221;vc_box_rounded&#8221; onclick=&#8221;link_image&#8221;][\/vc_column][vc_column width=&#8221;3\/4&#8243;][vc_column_text]Izcelsme: ASV un Kan\u0101da Svars: 3.5-6 kg Dz\u012bves ilgums: 13-15 gadi[\/vc_column_text][\/vc_column][\/vc_row][vc_row][vc_column][vc_column_text]Amerikas bobteili ir m\u012blo\u0161i un neticami inteli\u0123enti ka\u0137i. Tie ir \u013coti akt\u012bvi ka\u0137i, kas \u013coti pie\u0137eras savai \u0123imenei un izturas ar lielu uztic\u012bbu. Amerikas bobteili ir paz\u012bstams ar savu m\u012blest\u012bbu pret rota\u013c\u0101m un var sp\u0113l\u0113t [&hellip;]<\/p>\n","protected":false},"author":1,"featured_media":0,"parent":9927,"menu_order":0,"comment_status":"closed","ping_status":"closed","template":"page-fullwidth.php","meta":{"_acf_changed":false,"_glsr_average":0,"_glsr_ranking":0,"_glsr_reviews":0,"footnotes":""},"translation":{"provider":"WPGlobus","version":"2.12.2","language":"ru","enabled_languages":["lv","en","ru"],"languages":{"lv":{"title":true,"content":true,"excerpt":false},"en":{"title":false,"content":false,"excerpt":false},"ru":{"title":false,"content":false,"excerpt":false}}},"acf":[],"yoast_head":"<!-- This site is optimized with the Yoast SEO plugin v22.5 - https:\/\/yoast.com\/wordpress\/plugins\/seo\/ -->\n<title>Amerikas bobteils (American Bobtail) - Whisker.lv | Ka\u0137u \u0161\u0137irnes<\/title>\n<meta name=\"robots\" content=\"index, follow, max-snippet:-1, max-image-preview:large, max-video-preview:-1\" \/>\n<link rel=\"canonical\" href=\"https:\/\/www.whisker.lv\/kaku-skirnes\/amerikas-bobteils\/\" \/>\n<meta property=\"og:locale\" content=\"ru_RU\" \/>\n<meta property=\"og:type\" content=\"article\" \/>\n<meta property=\"og:title\" content=\"Amerikas bobteils - Whisker\" \/>\n<meta property=\"og:url\" content=\"https:\/\/www.whisker.lv\/kaku-skirnes\/amerikas-bobteils\/\" \/>\n<meta property=\"og:site_name\" content=\"Whisker\" \/>\n<meta property=\"article:publisher\" content=\"https:\/\/www.facebook.com\/whisker.lv\/\" \/>\n<meta property=\"article:modified_time\" content=\"2019-04-29T19:20:41+00:00\" \/>\n<meta name=\"twitter:card\" content=\"summary_large_image\" \/>\n<meta name=\"twitter:label1\" content=\"Est. reading time\" \/>\n\t<meta name=\"twitter:data1\" content=\"1 minute\" \/>\n<script type=\"application\/ld+json\" class=\"yoast-schema-graph\">{\"@context\":\"https:\/\/schema.org\",\"@graph\":[{\"@type\":\"WebPage\",\"@id\":\"https:\/\/www.whisker.lv\/kaku-skirnes\/amerikas-bobteils\/\",\"url\":\"https:\/\/www.whisker.lv\/kaku-skirnes\/amerikas-bobteils\/\",\"name\":\"Amerikas bobteils (American Bobtail) - Whisker.lv | Ka\u0137u \u0161\u0137irnes\",\"isPartOf\":{\"@id\":\"https:\/\/www.whisker.lv\/#website\"},\"datePublished\":\"2019-04-24T17:17:12+00:00\",\"dateModified\":\"2019-04-29T19:20:41+00:00\",\"description\":\"Amerikas bobteils ir m\u012blo\u0161s un neticami inteli\u0123ents ka\u0137is. Tie ir \u013coti akt\u012bvi ka\u0137i, kas \u013coti pie\u0137eras savai \u0123imenei un izturas ar lielu uztic\u012bbu.\",\"breadcrumb\":{\"@id\":\"https:\/\/www.whisker.lv\/kaku-skirnes\/amerikas-bobteils\/#breadcrumb\"},\"inLanguage\":\"ru-RU\",\"potentialAction\":[{\"@type\":\"ReadAction\",\"target\":[\"https:\/\/www.whisker.lv\/kaku-skirnes\/amerikas-bobteils\/\"]}]},{\"@type\":\"BreadcrumbList\",\"@id\":\"https:\/\/www.whisker.lv\/kaku-skirnes\/amerikas-bobteils\/#breadcrumb\",\"itemListElement\":[{\"@type\":\"ListItem\",\"position\":1,\"name\":\"S\u0101kums\",\"item\":\"https:\/\/www.whisker.lv\/\"},{\"@type\":\"ListItem\",\"position\":2,\"name\":\"Ka\u0137u \u0161\u0137irnes\",\"item\":\"https:\/\/www.whisker.lv\/kaku-skirnes\/\"},{\"@type\":\"ListItem\",\"position\":3,\"name\":\"Amerikas bobteils\"}]},{\"@type\":\"WebSite\",\"@id\":\"https:\/\/www.whisker.lv\/#website\",\"url\":\"https:\/\/www.whisker.lv\/\",\"name\":\"Whisker\",\"description\":\"Tavs pal\u012bgs m\u0101jdzivnieku pieskat\u012b\u0161an\u0101\",\"potentialAction\":[{\"@type\":\"SearchAction\",\"target\":{\"@type\":\"EntryPoint\",\"urlTemplate\":\"https:\/\/www.whisker.lv\/?s={search_term_string}\"},\"query-input\":\"required name=search_term_string\"}],\"inLanguage\":\"ru-RU\"}]}<\/script>\n<!-- \/ Yoast SEO plugin. -->","yoast_head_json":{"title":"Amerikas bobteils (American Bobtail) - Whisker.lv | Ka\u0137u \u0161\u0137irnes","robots":{"index":"index","follow":"follow","max-snippet":"max-snippet:-1","max-image-preview":"max-image-preview:large","max-video-preview":"max-video-preview:-1"},"canonical":"https:\/\/www.whisker.lv\/kaku-skirnes\/amerikas-bobteils\/","og_locale":"ru_RU","og_type":"article","og_title":"Amerikas bobteils - Whisker","og_url":"https:\/\/www.whisker.lv\/kaku-skirnes\/amerikas-bobteils\/","og_site_name":"Whisker","article_publisher":"https:\/\/www.facebook.com\/whisker.lv\/","article_modified_time":"2019-04-29T19:20:41+00:00","twitter_card":"summary_large_image","twitter_misc":{"Est. reading time":"1 minute"},"schema":{"@context":"https:\/\/schema.org","@graph":[{"@type":"WebPage","@id":"https:\/\/www.whisker.lv\/kaku-skirnes\/amerikas-bobteils\/","url":"https:\/\/www.whisker.lv\/kaku-skirnes\/amerikas-bobteils\/","name":"Amerikas bobteils (American Bobtail) - Whisker.lv | Ka\u0137u \u0161\u0137irnes","isPartOf":{"@id":"https:\/\/www.whisker.lv\/#website"},"datePublished":"2019-04-24T17:17:12+00:00","dateModified":"2019-04-29T19:20:41+00:00","description":"Amerikas bobteils ir m\u012blo\u0161s un neticami inteli\u0123ents ka\u0137is. Tie ir \u013coti akt\u012bvi ka\u0137i, kas \u013coti pie\u0137eras savai \u0123imenei un izturas ar lielu uztic\u012bbu.","breadcrumb":{"@id":"https:\/\/www.whisker.lv\/kaku-skirnes\/amerikas-bobteils\/#breadcrumb"},"inLanguage":"ru-RU","potentialAction":[{"@type":"ReadAction","target":["https:\/\/www.whisker.lv\/kaku-skirnes\/amerikas-bobteils\/"]}]},{"@type":"BreadcrumbList","@id":"https:\/\/www.whisker.lv\/kaku-skirnes\/amerikas-bobteils\/#breadcrumb","itemListElement":[{"@type":"ListItem","position":1,"name":"S\u0101kums","item":"https:\/\/www.whisker.lv\/"},{"@type":"ListItem","position":2,"name":"Ka\u0137u \u0161\u0137irnes","item":"https:\/\/www.whisker.lv\/kaku-skirnes\/"},{"@type":"ListItem","position":3,"name":"Amerikas bobteils"}]},{"@type":"WebSite","@id":"https:\/\/www.whisker.lv\/#website","url":"https:\/\/www.whisker.lv\/","name":"Whisker","description":"Tavs pal\u012bgs m\u0101jdzivnieku pieskat\u012b\u0161an\u0101","potentialAction":[{"@type":"SearchAction","target":{"@type":"EntryPoint","urlTemplate":"https:\/\/www.whisker.lv\/?s={search_term_string}"},"query-input":"required name=search_term_string"}],"inLanguage":"ru-RU"}]}},"_links":{"self":[{"href":"https:\/\/www.whisker.lv\/ru\/wp-json\/wp\/v2\/pages\/12257"}],"collection":[{"href":"https:\/\/www.whisker.lv\/ru\/wp-json\/wp\/v2\/pages"}],"about":[{"href":"https:\/\/www.whisker.lv\/ru\/wp-json\/wp\/v2\/types\/page"}],"author":[{"embeddable":true,"href":"https:\/\/www.whisker.lv\/ru\/wp-json\/wp\/v2\/users\/1"}],"replies":[{"embeddable":true,"href":"https:\/\/www.whisker.lv\/ru\/wp-json\/wp\/v2\/comments?post=12257"}],"version-history":[{"count":5,"href":"https:\/\/www.whisker.lv\/ru\/wp-json\/wp\/v2\/pages\/12257\/revisions"}],"predecessor-version":[{"id":12821,"href":"https:\/\/www.whisker.lv\/ru\/wp-json\/wp\/v2\/pages\/12257\/revisions\/12821"}],"up":[{"embeddable":true,"href":"https:\/\/www.whisker.lv\/ru\/wp-json\/wp\/v2\/pages\/9927"}],"wp:attachment":[{"href":"https:\/\/www.whisker.lv\/ru\/wp-json\/wp\/v2\/media?parent=12257"}],"curies":[{"name":"wp","href":"https:\/\/api.w.org\/{rel}","templated":true}]}}