



{"id":12262,"date":"2019-04-24T19:18:00","date_gmt":"2019-04-24T17:18:00","guid":{"rendered":"https:\/\/www.whisker.lv\/?page_id=12262"},"modified":"2019-04-24T20:19:51","modified_gmt":"2019-04-24T18:19:51","slug":"amerikas-sprogausu-kakis","status":"publish","type":"page","link":"https:\/\/www.whisker.lv\/ru\/kaku-skirnes\/amerikas-sprogausu-kakis\/","title":{"rendered":"Amerikas sprogausu ka\u0137is"},"content":{"rendered":"[vc_row][vc_column][vc_text_separator title=&#8221;Amerikas sprogausu ka\u0137is&#8221; border_width=&#8221;8&#8243;][\/vc_column][\/vc_row][vc_row content_placement=&#8221;middle&#8221;][vc_column width=&#8221;1\/4&#8243;][vc_single_image image=&#8221;9934&#8243; img_size=&#8221;large&#8221; style=&#8221;vc_box_rounded&#8221; onclick=&#8221;link_image&#8221;][\/vc_column][vc_column width=&#8221;3\/4&#8243;][vc_column_text]<span style=\"color: #000000;\"><strong>Izcelsme: <\/strong>ASV<\/span><\/p>\n<p><span style=\"color: #000000;\"><strong>Svars:<\/strong> 3.2-5.5 kg<\/span><\/p>\n<p><span style=\"color: #000000;\"><strong>Dz\u012bves ilgums:<\/strong> 15+ gadi<\/span>[\/vc_column_text][\/vc_column][\/vc_row][vc_row][vc_column][vc_column_text]<span style=\"color: #000000;\">Amerikas sprogausu ka\u0137is ir \u013coti orient\u0113ts uz cilv\u0113kiem, uztic\u012bgs, \u013coti \u0101tri piel\u0101gojas citiem m\u0101jdz\u012bvniekiem, b\u0113rniem un jaun\u0101m situ\u0101cij\u0101m. Vi\u0146iem pat\u012bk cilv\u0113ki, tie ir draudz\u012bgi un labi l\u012bdzsvaroti. Tie ir \u013coti gudri, rota\u013c\u012bgi un ska\u013ci. Vi\u0146iem ir klusas balsis un \u0161ie ka\u0137i nav p\u0101r\u0101k run\u012bgi, tom\u0113r vienm\u0113r dara zin\u0101mas savas v\u0113lmes ar maig\u0101m ska\u0146\u0101m. D\u0113\u013c t\u0101, ka saglab\u0101 savu rota\u013c\u012bgo dabu ar\u012b esot pieaugu\u0161iem ka\u0137iem, tiek d\u0113v\u0113ti par P\u012btera Pena ka\u0137iem.<\/span><\/p>\n<p><span style=\"color: #000000;\"><strong>V\u0113sture.<\/strong> 1981. gad\u0101 ASV D\u017eons un Greisa Rad\u017eas atrada divus ka\u0137\u0113nus, no kuriem vienam ausis bija sagrieztas atpaka\u013c. 1983. gad\u0101 Rad\u017eu \u0123imene nol\u0113ma par\u0101d\u012bt ka\u0137us publikai Palmspringsas izst\u0101d\u0113. Ka\u0137i izrais\u012bja lielu interesi, t\u0101p\u0113c Rad\u017eas s\u0101ka nopietni piev\u0113rsties selekcijai un jau 1985. gad\u0101 tika izstr\u0101d\u0101ts \u0161\u0137irnes standarts.<\/span><\/p>\n<p><span style=\"color: #000000;\"><strong>Piez\u012bme.<\/strong> Kaut ar\u012b Amerikas sprogausu ka\u0137a rakstur\u012bg\u0101k\u0101 paz\u012bme ir t\u0101 neatk\u0101rtojam\u0101s sprogain\u0101s ausis, vienl\u012bdz liela noz\u012bme ir ar\u012b \u0137erme\u0146a tipam un z\u012bdainajam, cie\u0161i piegulo\u0161ajam ka\u017eokam. \u0160\u0137irnei rakstur\u012bgas ar\u012b valrieksta formas acis.<\/span>[\/vc_column_text][\/vc_column][\/vc_row]\n","protected":false},"excerpt":{"rendered":"<p>[vc_row][vc_column][vc_text_separator title=&#8221;Amerikas sprogausu ka\u0137is&#8221; border_width=&#8221;8&#8243;][\/vc_column][\/vc_row][vc_row content_placement=&#8221;middle&#8221;][vc_column width=&#8221;1\/4&#8243;][vc_single_image image=&#8221;9934&#8243; img_size=&#8221;large&#8221; style=&#8221;vc_box_rounded&#8221; onclick=&#8221;link_image&#8221;][\/vc_column][vc_column width=&#8221;3\/4&#8243;][vc_column_text]Izcelsme: ASV Svars: 3.2-5.5 kg Dz\u012bves ilgums: 15+ gadi[\/vc_column_text][\/vc_column][\/vc_row][vc_row][vc_column][vc_column_text]Amerikas sprogausu ka\u0137is ir \u013coti orient\u0113ts uz cilv\u0113kiem, uztic\u012bgs, \u013coti \u0101tri piel\u0101gojas citiem m\u0101jdz\u012bvniekiem, b\u0113rniem un jaun\u0101m situ\u0101cij\u0101m. Vi\u0146iem pat\u012bk cilv\u0113ki, tie ir draudz\u012bgi un labi l\u012bdzsvaroti. Tie ir \u013coti gudri, rota\u013c\u012bgi un ska\u013ci. Vi\u0146iem ir [&hellip;]<\/p>\n","protected":false},"author":1,"featured_media":0,"parent":9927,"menu_order":0,"comment_status":"closed","ping_status":"closed","template":"page-fullwidth.php","meta":{"_acf_changed":false,"_glsr_average":0,"_glsr_ranking":0,"_glsr_reviews":0,"footnotes":""},"translation":{"provider":"WPGlobus","version":"2.12.2","language":"ru","enabled_languages":["lv","en","ru"],"languages":{"lv":{"title":true,"content":true,"excerpt":false},"en":{"title":false,"content":false,"excerpt":false},"ru":{"title":false,"content":false,"excerpt":false}}},"acf":[],"yoast_head":"<!-- This site is optimized with the Yoast SEO plugin v22.5 - https:\/\/yoast.com\/wordpress\/plugins\/seo\/ -->\n<title>Amerikas sprogausu ka\u0137is (Amerikan Curl) - Whisker.lv | Ka\u0137u \u0161\u0137irnes<\/title>\n<meta name=\"robots\" content=\"index, follow, max-snippet:-1, max-image-preview:large, max-video-preview:-1\" \/>\n<link rel=\"canonical\" href=\"https:\/\/www.whisker.lv\/kaku-skirnes\/amerikas-sprogausu-kakis\/\" \/>\n<meta property=\"og:locale\" content=\"ru_RU\" \/>\n<meta property=\"og:type\" content=\"article\" \/>\n<meta property=\"og:title\" content=\"Amerikas sprogausu ka\u0137is - Whisker\" \/>\n<meta property=\"og:url\" content=\"https:\/\/www.whisker.lv\/kaku-skirnes\/amerikas-sprogausu-kakis\/\" \/>\n<meta property=\"og:site_name\" content=\"Whisker\" \/>\n<meta property=\"article:publisher\" content=\"https:\/\/www.facebook.com\/whisker.lv\/\" \/>\n<meta property=\"article:modified_time\" content=\"2019-04-24T18:19:51+00:00\" \/>\n<meta name=\"twitter:card\" content=\"summary_large_image\" \/>\n<meta name=\"twitter:label1\" content=\"Est. reading time\" \/>\n\t<meta name=\"twitter:data1\" content=\"1 minute\" \/>\n<script type=\"application\/ld+json\" class=\"yoast-schema-graph\">{\"@context\":\"https:\/\/schema.org\",\"@graph\":[{\"@type\":\"WebPage\",\"@id\":\"https:\/\/www.whisker.lv\/kaku-skirnes\/amerikas-sprogausu-kakis\/\",\"url\":\"https:\/\/www.whisker.lv\/kaku-skirnes\/amerikas-sprogausu-kakis\/\",\"name\":\"Amerikas sprogausu ka\u0137is (Amerikan Curl) - Whisker.lv | Ka\u0137u \u0161\u0137irnes\",\"isPartOf\":{\"@id\":\"https:\/\/www.whisker.lv\/#website\"},\"datePublished\":\"2019-04-24T17:18:00+00:00\",\"dateModified\":\"2019-04-24T18:19:51+00:00\",\"description\":\"Amerikas sprogausu ka\u0137is ir \u013coti orient\u0113ts uz cilv\u0113kiem, uztic\u012bgs, \u013coti \u0101tri piel\u0101gojas citiem m\u0101jdz\u012bvniekiem, b\u0113rniem un jaun\u0101m situ\u0101cij\u0101m.\",\"breadcrumb\":{\"@id\":\"https:\/\/www.whisker.lv\/kaku-skirnes\/amerikas-sprogausu-kakis\/#breadcrumb\"},\"inLanguage\":\"ru-RU\",\"potentialAction\":[{\"@type\":\"ReadAction\",\"target\":[\"https:\/\/www.whisker.lv\/kaku-skirnes\/amerikas-sprogausu-kakis\/\"]}]},{\"@type\":\"BreadcrumbList\",\"@id\":\"https:\/\/www.whisker.lv\/kaku-skirnes\/amerikas-sprogausu-kakis\/#breadcrumb\",\"itemListElement\":[{\"@type\":\"ListItem\",\"position\":1,\"name\":\"S\u0101kums\",\"item\":\"https:\/\/www.whisker.lv\/\"},{\"@type\":\"ListItem\",\"position\":2,\"name\":\"Ka\u0137u \u0161\u0137irnes\",\"item\":\"https:\/\/www.whisker.lv\/kaku-skirnes\/\"},{\"@type\":\"ListItem\",\"position\":3,\"name\":\"Amerikas sprogausu ka\u0137is\"}]},{\"@type\":\"WebSite\",\"@id\":\"https:\/\/www.whisker.lv\/#website\",\"url\":\"https:\/\/www.whisker.lv\/\",\"name\":\"Whisker\",\"description\":\"Tavs pal\u012bgs m\u0101jdzivnieku pieskat\u012b\u0161an\u0101\",\"potentialAction\":[{\"@type\":\"SearchAction\",\"target\":{\"@type\":\"EntryPoint\",\"urlTemplate\":\"https:\/\/www.whisker.lv\/?s={search_term_string}\"},\"query-input\":\"required name=search_term_string\"}],\"inLanguage\":\"ru-RU\"}]}<\/script>\n<!-- \/ Yoast SEO plugin. -->","yoast_head_json":{"title":"Amerikas sprogausu ka\u0137is (Amerikan Curl) - Whisker.lv | Ka\u0137u \u0161\u0137irnes","robots":{"index":"index","follow":"follow","max-snippet":"max-snippet:-1","max-image-preview":"max-image-preview:large","max-video-preview":"max-video-preview:-1"},"canonical":"https:\/\/www.whisker.lv\/kaku-skirnes\/amerikas-sprogausu-kakis\/","og_locale":"ru_RU","og_type":"article","og_title":"Amerikas sprogausu ka\u0137is - Whisker","og_url":"https:\/\/www.whisker.lv\/kaku-skirnes\/amerikas-sprogausu-kakis\/","og_site_name":"Whisker","article_publisher":"https:\/\/www.facebook.com\/whisker.lv\/","article_modified_time":"2019-04-24T18:19:51+00:00","twitter_card":"summary_large_image","twitter_misc":{"Est. reading time":"1 minute"},"schema":{"@context":"https:\/\/schema.org","@graph":[{"@type":"WebPage","@id":"https:\/\/www.whisker.lv\/kaku-skirnes\/amerikas-sprogausu-kakis\/","url":"https:\/\/www.whisker.lv\/kaku-skirnes\/amerikas-sprogausu-kakis\/","name":"Amerikas sprogausu ka\u0137is (Amerikan Curl) - Whisker.lv | Ka\u0137u \u0161\u0137irnes","isPartOf":{"@id":"https:\/\/www.whisker.lv\/#website"},"datePublished":"2019-04-24T17:18:00+00:00","dateModified":"2019-04-24T18:19:51+00:00","description":"Amerikas sprogausu ka\u0137is ir \u013coti orient\u0113ts uz cilv\u0113kiem, uztic\u012bgs, \u013coti \u0101tri piel\u0101gojas citiem m\u0101jdz\u012bvniekiem, b\u0113rniem un jaun\u0101m situ\u0101cij\u0101m.","breadcrumb":{"@id":"https:\/\/www.whisker.lv\/kaku-skirnes\/amerikas-sprogausu-kakis\/#breadcrumb"},"inLanguage":"ru-RU","potentialAction":[{"@type":"ReadAction","target":["https:\/\/www.whisker.lv\/kaku-skirnes\/amerikas-sprogausu-kakis\/"]}]},{"@type":"BreadcrumbList","@id":"https:\/\/www.whisker.lv\/kaku-skirnes\/amerikas-sprogausu-kakis\/#breadcrumb","itemListElement":[{"@type":"ListItem","position":1,"name":"S\u0101kums","item":"https:\/\/www.whisker.lv\/"},{"@type":"ListItem","position":2,"name":"Ka\u0137u \u0161\u0137irnes","item":"https:\/\/www.whisker.lv\/kaku-skirnes\/"},{"@type":"ListItem","position":3,"name":"Amerikas sprogausu ka\u0137is"}]},{"@type":"WebSite","@id":"https:\/\/www.whisker.lv\/#website","url":"https:\/\/www.whisker.lv\/","name":"Whisker","description":"Tavs pal\u012bgs m\u0101jdzivnieku pieskat\u012b\u0161an\u0101","potentialAction":[{"@type":"SearchAction","target":{"@type":"EntryPoint","urlTemplate":"https:\/\/www.whisker.lv\/?s={search_term_string}"},"query-input":"required name=search_term_string"}],"inLanguage":"ru-RU"}]}},"_links":{"self":[{"href":"https:\/\/www.whisker.lv\/ru\/wp-json\/wp\/v2\/pages\/12262"}],"collection":[{"href":"https:\/\/www.whisker.lv\/ru\/wp-json\/wp\/v2\/pages"}],"about":[{"href":"https:\/\/www.whisker.lv\/ru\/wp-json\/wp\/v2\/types\/page"}],"author":[{"embeddable":true,"href":"https:\/\/www.whisker.lv\/ru\/wp-json\/wp\/v2\/users\/1"}],"replies":[{"embeddable":true,"href":"https:\/\/www.whisker.lv\/ru\/wp-json\/wp\/v2\/comments?post=12262"}],"version-history":[{"count":4,"href":"https:\/\/www.whisker.lv\/ru\/wp-json\/wp\/v2\/pages\/12262\/revisions"}],"predecessor-version":[{"id":12637,"href":"https:\/\/www.whisker.lv\/ru\/wp-json\/wp\/v2\/pages\/12262\/revisions\/12637"}],"up":[{"embeddable":true,"href":"https:\/\/www.whisker.lv\/ru\/wp-json\/wp\/v2\/pages\/9927"}],"wp:attachment":[{"href":"https:\/\/www.whisker.lv\/ru\/wp-json\/wp\/v2\/media?parent=12262"}],"curies":[{"name":"wp","href":"https:\/\/api.w.org\/{rel}","templated":true}]}}