



{"id":12279,"date":"2019-04-24T19:24:50","date_gmt":"2019-04-24T17:24:50","guid":{"rendered":"https:\/\/www.whisker.lv\/?page_id=12279"},"modified":"2019-04-24T22:02:04","modified_gmt":"2019-04-24T20:02:04","slug":"himalaju-kakis","status":"publish","type":"page","link":"https:\/\/www.whisker.lv\/ru\/kaku-skirnes\/himalaju-kakis\/","title":{"rendered":"Himalaju ka\u0137is"},"content":{"rendered":"[vc_row][vc_column][vc_text_separator title=&#8221;Himalaju ka\u0137is&#8221; border_width=&#8221;8&#8243;][\/vc_column][\/vc_row][vc_row content_placement=&#8221;middle&#8221;][vc_column width=&#8221;1\/4&#8243;][vc_single_image image=&#8221;10069&#8243; img_size=&#8221;large&#8221; style=&#8221;vc_box_rounded&#8221; onclick=&#8221;link_image&#8221;][\/vc_column][vc_column width=&#8221;3\/4&#8243;][vc_column_text]<span style=\"color: #000000;\"><strong>Izcelsme: <\/strong>ASV<\/span><\/p>\n<p><span style=\"color: #000000;\"><strong>Svars:<\/strong> 4-6 kg<\/span><\/p>\n<p><span style=\"color: #000000;\"><strong>Dz\u012bves ilgums:<\/strong> 12-14 gadi<\/span>[\/vc_column_text][\/vc_column][\/vc_row][vc_row][vc_column][vc_column_text]<span style=\"color: #000000;\">Selekcion\u0101ru m\u0113r\u0137is, veidojot \u0161o \u0161\u0137irni, bija, saglab\u0101jot persie\u0161a rakstur\u012bg\u0101s iez\u012bmes, rad\u012bt jaunu kr\u0101su variet\u0101ti \u2013 Si\u0101mas ka\u0137iem l\u012bdz\u012bgu kr\u0101sojumu. At\u0161\u0137ir\u012bga iez\u012bme ir zil\u0101s acis. Anglij\u0101 \u0161ie ka\u0137i tiek d\u0113v\u0113ti par kolorpointiem. Patlaban ir divdesmit Himalaju ka\u0137u kr\u0101su variet\u0101tes. Himalaju ka\u0137iem nav tik izteikti flegmatiska daba, k\u0101da t\u0101 ir Persie\u0161u ka\u0137iem. Tie ir akt\u012bv\u0101ki, sabiedrisk\u0101ki, klusu balsi.<\/span><\/p>\n<p><span style=\"color: #000000;\"><strong>V\u0113sture.<\/strong> 1930. gad\u0101 divas amerik\u0101\u0146u audz\u0113t\u0101jas &#8211; Klaida K\u012blere un Vird\u017e\u012bnija Koblo &#8211; s\u0101ka nodarboties ar \u0161\u0101das persie\u0161u kr\u0101su variet\u0101tes veido\u0161anu. 1955. gad\u0101 Eirop\u0101 un 1957. gad\u0101 Anglij\u0101, tika atz\u012bti kolorpointkr\u0101sas persie\u0161i k\u0101 patst\u0101v\u012bga kr\u0101su variet\u0101te.\u00a0<\/span><\/p>\n<p><span style=\"color: #000000;\"><strong>Piez\u012bme.<\/strong> Himalaju\u00a0ka\u0137\u0113ni, t\u0101pat k\u0101 si\u0101mie\u0161u ka\u0137\u0113ni, dzimst balti, bet iez\u012bmju kr\u0101sojums par\u0101d\u0101s pamaz\u0101m.\u00a0<\/span>[\/vc_column_text][\/vc_column][\/vc_row]\n","protected":false},"excerpt":{"rendered":"<p>[vc_row][vc_column][vc_text_separator title=&#8221;Himalaju ka\u0137is&#8221; border_width=&#8221;8&#8243;][\/vc_column][\/vc_row][vc_row content_placement=&#8221;middle&#8221;][vc_column width=&#8221;1\/4&#8243;][vc_single_image image=&#8221;10069&#8243; img_size=&#8221;large&#8221; style=&#8221;vc_box_rounded&#8221; onclick=&#8221;link_image&#8221;][\/vc_column][vc_column width=&#8221;3\/4&#8243;][vc_column_text]Izcelsme: ASV Svars: 4-6 kg Dz\u012bves ilgums: 12-14 gadi[\/vc_column_text][\/vc_column][\/vc_row][vc_row][vc_column][vc_column_text]Selekcion\u0101ru m\u0113r\u0137is, veidojot \u0161o \u0161\u0137irni, bija, saglab\u0101jot persie\u0161a rakstur\u012bg\u0101s iez\u012bmes, rad\u012bt jaunu kr\u0101su variet\u0101ti \u2013 Si\u0101mas ka\u0137iem l\u012bdz\u012bgu kr\u0101sojumu. At\u0161\u0137ir\u012bga iez\u012bme ir zil\u0101s acis. Anglij\u0101 \u0161ie ka\u0137i tiek d\u0113v\u0113ti par kolorpointiem. Patlaban ir divdesmit Himalaju ka\u0137u kr\u0101su [&hellip;]<\/p>\n","protected":false},"author":1,"featured_media":0,"parent":9927,"menu_order":0,"comment_status":"closed","ping_status":"closed","template":"page-fullwidth.php","meta":{"_acf_changed":false,"_glsr_average":0,"_glsr_ranking":0,"_glsr_reviews":0,"footnotes":""},"translation":{"provider":"WPGlobus","version":"2.12.2","language":"ru","enabled_languages":["lv","en","ru"],"languages":{"lv":{"title":true,"content":true,"excerpt":false},"en":{"title":false,"content":false,"excerpt":false},"ru":{"title":false,"content":false,"excerpt":false}}},"acf":[],"yoast_head":"<!-- This site is optimized with the Yoast SEO plugin v22.5 - https:\/\/yoast.com\/wordpress\/plugins\/seo\/ -->\n<title>Himalaju ka\u0137is (Himalayan) - Whisker.lv | Ka\u0137u \u0161\u0137irnes<\/title>\n<meta name=\"robots\" content=\"index, follow, max-snippet:-1, max-image-preview:large, max-video-preview:-1\" \/>\n<link rel=\"canonical\" href=\"https:\/\/www.whisker.lv\/kaku-skirnes\/himalaju-kakis\/\" \/>\n<meta property=\"og:locale\" content=\"ru_RU\" \/>\n<meta property=\"og:type\" content=\"article\" \/>\n<meta property=\"og:title\" content=\"Himalaju ka\u0137is - Whisker\" \/>\n<meta property=\"og:url\" content=\"https:\/\/www.whisker.lv\/kaku-skirnes\/himalaju-kakis\/\" \/>\n<meta property=\"og:site_name\" content=\"Whisker\" \/>\n<meta property=\"article:publisher\" content=\"https:\/\/www.facebook.com\/whisker.lv\/\" \/>\n<meta property=\"article:modified_time\" content=\"2019-04-24T20:02:04+00:00\" \/>\n<meta name=\"twitter:card\" content=\"summary_large_image\" \/>\n<meta name=\"twitter:label1\" content=\"Est. reading time\" \/>\n\t<meta name=\"twitter:data1\" content=\"1 minute\" \/>\n<script type=\"application\/ld+json\" class=\"yoast-schema-graph\">{\"@context\":\"https:\/\/schema.org\",\"@graph\":[{\"@type\":\"WebPage\",\"@id\":\"https:\/\/www.whisker.lv\/kaku-skirnes\/himalaju-kakis\/\",\"url\":\"https:\/\/www.whisker.lv\/kaku-skirnes\/himalaju-kakis\/\",\"name\":\"Himalaju ka\u0137is (Himalayan) - Whisker.lv | Ka\u0137u \u0161\u0137irnes\",\"isPartOf\":{\"@id\":\"https:\/\/www.whisker.lv\/#website\"},\"datePublished\":\"2019-04-24T17:24:50+00:00\",\"dateModified\":\"2019-04-24T20:02:04+00:00\",\"description\":\"Anglij\u0101 Himalaju ka\u0137is tiek d\u0113v\u0113ts par kolorpointu. Patlaban ir divdesmit Himalaju ka\u0137u kr\u0101su variet\u0101tes. Tie ir akt\u012bv\u0101ki, sabiedrisk\u0101ki, klusu balsi.\",\"breadcrumb\":{\"@id\":\"https:\/\/www.whisker.lv\/kaku-skirnes\/himalaju-kakis\/#breadcrumb\"},\"inLanguage\":\"ru-RU\",\"potentialAction\":[{\"@type\":\"ReadAction\",\"target\":[\"https:\/\/www.whisker.lv\/kaku-skirnes\/himalaju-kakis\/\"]}]},{\"@type\":\"BreadcrumbList\",\"@id\":\"https:\/\/www.whisker.lv\/kaku-skirnes\/himalaju-kakis\/#breadcrumb\",\"itemListElement\":[{\"@type\":\"ListItem\",\"position\":1,\"name\":\"S\u0101kums\",\"item\":\"https:\/\/www.whisker.lv\/\"},{\"@type\":\"ListItem\",\"position\":2,\"name\":\"Ka\u0137u \u0161\u0137irnes\",\"item\":\"https:\/\/www.whisker.lv\/kaku-skirnes\/\"},{\"@type\":\"ListItem\",\"position\":3,\"name\":\"Himalaju ka\u0137is\"}]},{\"@type\":\"WebSite\",\"@id\":\"https:\/\/www.whisker.lv\/#website\",\"url\":\"https:\/\/www.whisker.lv\/\",\"name\":\"Whisker\",\"description\":\"Tavs pal\u012bgs m\u0101jdzivnieku pieskat\u012b\u0161an\u0101\",\"potentialAction\":[{\"@type\":\"SearchAction\",\"target\":{\"@type\":\"EntryPoint\",\"urlTemplate\":\"https:\/\/www.whisker.lv\/?s={search_term_string}\"},\"query-input\":\"required name=search_term_string\"}],\"inLanguage\":\"ru-RU\"}]}<\/script>\n<!-- \/ Yoast SEO plugin. -->","yoast_head_json":{"title":"Himalaju ka\u0137is (Himalayan) - Whisker.lv | Ka\u0137u \u0161\u0137irnes","robots":{"index":"index","follow":"follow","max-snippet":"max-snippet:-1","max-image-preview":"max-image-preview:large","max-video-preview":"max-video-preview:-1"},"canonical":"https:\/\/www.whisker.lv\/kaku-skirnes\/himalaju-kakis\/","og_locale":"ru_RU","og_type":"article","og_title":"Himalaju ka\u0137is - Whisker","og_url":"https:\/\/www.whisker.lv\/kaku-skirnes\/himalaju-kakis\/","og_site_name":"Whisker","article_publisher":"https:\/\/www.facebook.com\/whisker.lv\/","article_modified_time":"2019-04-24T20:02:04+00:00","twitter_card":"summary_large_image","twitter_misc":{"Est. reading time":"1 minute"},"schema":{"@context":"https:\/\/schema.org","@graph":[{"@type":"WebPage","@id":"https:\/\/www.whisker.lv\/kaku-skirnes\/himalaju-kakis\/","url":"https:\/\/www.whisker.lv\/kaku-skirnes\/himalaju-kakis\/","name":"Himalaju ka\u0137is (Himalayan) - Whisker.lv | Ka\u0137u \u0161\u0137irnes","isPartOf":{"@id":"https:\/\/www.whisker.lv\/#website"},"datePublished":"2019-04-24T17:24:50+00:00","dateModified":"2019-04-24T20:02:04+00:00","description":"Anglij\u0101 Himalaju ka\u0137is tiek d\u0113v\u0113ts par kolorpointu. Patlaban ir divdesmit Himalaju ka\u0137u kr\u0101su variet\u0101tes. Tie ir akt\u012bv\u0101ki, sabiedrisk\u0101ki, klusu balsi.","breadcrumb":{"@id":"https:\/\/www.whisker.lv\/kaku-skirnes\/himalaju-kakis\/#breadcrumb"},"inLanguage":"ru-RU","potentialAction":[{"@type":"ReadAction","target":["https:\/\/www.whisker.lv\/kaku-skirnes\/himalaju-kakis\/"]}]},{"@type":"BreadcrumbList","@id":"https:\/\/www.whisker.lv\/kaku-skirnes\/himalaju-kakis\/#breadcrumb","itemListElement":[{"@type":"ListItem","position":1,"name":"S\u0101kums","item":"https:\/\/www.whisker.lv\/"},{"@type":"ListItem","position":2,"name":"Ka\u0137u \u0161\u0137irnes","item":"https:\/\/www.whisker.lv\/kaku-skirnes\/"},{"@type":"ListItem","position":3,"name":"Himalaju ka\u0137is"}]},{"@type":"WebSite","@id":"https:\/\/www.whisker.lv\/#website","url":"https:\/\/www.whisker.lv\/","name":"Whisker","description":"Tavs pal\u012bgs m\u0101jdzivnieku pieskat\u012b\u0161an\u0101","potentialAction":[{"@type":"SearchAction","target":{"@type":"EntryPoint","urlTemplate":"https:\/\/www.whisker.lv\/?s={search_term_string}"},"query-input":"required name=search_term_string"}],"inLanguage":"ru-RU"}]}},"_links":{"self":[{"href":"https:\/\/www.whisker.lv\/ru\/wp-json\/wp\/v2\/pages\/12279"}],"collection":[{"href":"https:\/\/www.whisker.lv\/ru\/wp-json\/wp\/v2\/pages"}],"about":[{"href":"https:\/\/www.whisker.lv\/ru\/wp-json\/wp\/v2\/types\/page"}],"author":[{"embeddable":true,"href":"https:\/\/www.whisker.lv\/ru\/wp-json\/wp\/v2\/users\/1"}],"replies":[{"embeddable":true,"href":"https:\/\/www.whisker.lv\/ru\/wp-json\/wp\/v2\/comments?post=12279"}],"version-history":[{"count":3,"href":"https:\/\/www.whisker.lv\/ru\/wp-json\/wp\/v2\/pages\/12279\/revisions"}],"predecessor-version":[{"id":12283,"href":"https:\/\/www.whisker.lv\/ru\/wp-json\/wp\/v2\/pages\/12279\/revisions\/12283"}],"up":[{"embeddable":true,"href":"https:\/\/www.whisker.lv\/ru\/wp-json\/wp\/v2\/pages\/9927"}],"wp:attachment":[{"href":"https:\/\/www.whisker.lv\/ru\/wp-json\/wp\/v2\/media?parent=12279"}],"curies":[{"name":"wp","href":"https:\/\/api.w.org\/{rel}","templated":true}]}}