



{"id":12571,"date":"2019-04-23T22:10:48","date_gmt":"2019-04-23T20:10:48","guid":{"rendered":"https:\/\/www.whisker.lv\/?page_id=12571"},"modified":"2019-04-24T22:15:55","modified_gmt":"2019-04-24T20:15:55","slug":"kartezijas-kakis","status":"publish","type":"page","link":"https:\/\/www.whisker.lv\/ru\/kaku-skirnes\/kartezijas-kakis\/","title":{"rendered":"Kart\u0113zijas ka\u0137is"},"content":{"rendered":"[vc_row][vc_column][vc_text_separator title=&#8221;Kart\u0113zijas ka\u0137is&#8221; border_width=&#8221;8&#8243;][\/vc_column][\/vc_row][vc_row content_placement=&#8221;middle&#8221;][vc_column width=&#8221;1\/4&#8243;][vc_single_image image=&#8221;10071&#8243; img_size=&#8221;large&#8221; style=&#8221;vc_box_rounded&#8221; onclick=&#8221;link_image&#8221;][\/vc_column][vc_column width=&#8221;3\/4&#8243;][vc_column_text]<span style=\"color: #000000;\"><strong>Izcelsme: <\/strong>Francija<\/span><\/p>\n<p><span style=\"color: #000000;\"><strong>Svars:<\/strong>\u00a05.5-7 kg<\/span><\/p>\n<p><span style=\"color: #000000;\"><strong>Dz\u012bves ilgums:<\/strong>\u00a012-14 gadi<\/span>[\/vc_column_text][\/vc_column][\/vc_row][vc_row][vc_column][vc_column_text]<span style=\"color: #000000;\">\u0160\u012b ir draudz\u012bga, inteli\u0123enta, pa\u0161p\u0101rliecin\u0101ta un sirsn\u012bga \u0161\u0137irne, bet ne uzm\u0101c\u012bga. Kart\u0113zijas ka\u0137is m\u0113dz b\u016bt kluss un parasti netrauc\u0113 savus saimniekus ar past\u0101v\u012bgu \u0146aud\u0113\u0161anu. Kart\u0113zie\u0161i ir rota\u013c\u012bgi ar\u012b pieaugot. Tie ir maigi un labi satiek ar b\u0113rniem un citiem dz\u012bvniekiem. Vi\u0146i nav agres\u012bvi, bet ir \u013coti sirsn\u012bgi, k\u0101 ar\u012b \u0161ie ka\u0137i ir labi ce\u013cot\u0101ji.\u00a0<\/span><\/p>\n<p><span style=\"color: #000000;\">Kart\u0113zietis ir vid\u0113ja lieluma ka\u0137is ar singru, musku\u013cotu \u0137ermeni. K\u0101jas ir \u012bsas un tievas. Lielas acis, taisns deguns, lielas zelta kr\u0101sas acis un vid\u0113ja lieluma ausis.\u00a0\u012asais ka\u017eoks ir biezs un vilnains.<\/span><\/p>\n<p><span style=\"color: #000000;\"><strong>V\u0113sture.<\/strong>\u00a0Kart\u0113zijas ka\u0137u izcelsme ir pier\u0101d\u0101ma ar v\u0113sturisk\u0101m liec\u012bb\u0101m un kult\u016bras mantojumu jau kop\u0161 16. gadsimta. Eirop\u0101 kop\u0161 13. gadsimta ir paz\u012bstami ka\u0137i, kas atbilst Kart\u0113zijas ka\u0137u raksturojumam.<\/span><\/p>\n<p><span style=\"color: #000000;\"><strong>Piez\u012bme.<\/strong> Kart\u0113zietis parasti pie\u0137eras vienam cilv\u0113kam, bie\u017ei sekojot vi\u0146am no istabas uz otru. Tom\u0113r vi\u0146i joproj\u0101m pie\u0137eras un m\u012bl ar\u012b citus \u0123imenes locek\u013cus.<\/span>[\/vc_column_text][\/vc_column][\/vc_row]\n","protected":false},"excerpt":{"rendered":"<p>[vc_row][vc_column][vc_text_separator title=&#8221;Kart\u0113zijas ka\u0137is&#8221; border_width=&#8221;8&#8243;][\/vc_column][\/vc_row][vc_row content_placement=&#8221;middle&#8221;][vc_column width=&#8221;1\/4&#8243;][vc_single_image image=&#8221;10071&#8243; img_size=&#8221;large&#8221; style=&#8221;vc_box_rounded&#8221; onclick=&#8221;link_image&#8221;][\/vc_column][vc_column width=&#8221;3\/4&#8243;][vc_column_text]Izcelsme: Francija Svars:\u00a05.5-7 kg Dz\u012bves ilgums:\u00a012-14 gadi[\/vc_column_text][\/vc_column][\/vc_row][vc_row][vc_column][vc_column_text]\u0160\u012b ir draudz\u012bga, inteli\u0123enta, pa\u0161p\u0101rliecin\u0101ta un sirsn\u012bga \u0161\u0137irne, bet ne uzm\u0101c\u012bga. Kart\u0113zijas ka\u0137is m\u0113dz b\u016bt kluss un parasti netrauc\u0113 savus saimniekus ar past\u0101v\u012bgu \u0146aud\u0113\u0161anu. Kart\u0113zie\u0161i ir rota\u013c\u012bgi ar\u012b pieaugot. Tie ir maigi un labi satiek ar b\u0113rniem un citiem [&hellip;]<\/p>\n","protected":false},"author":1,"featured_media":0,"parent":9927,"menu_order":0,"comment_status":"closed","ping_status":"closed","template":"page-fullwidth.php","meta":{"_acf_changed":false,"_glsr_average":0,"_glsr_ranking":0,"_glsr_reviews":0,"footnotes":""},"translation":{"provider":"WPGlobus","version":"2.12.2","language":"ru","enabled_languages":["lv","en","ru"],"languages":{"lv":{"title":true,"content":true,"excerpt":false},"en":{"title":false,"content":false,"excerpt":false},"ru":{"title":false,"content":false,"excerpt":false}}},"acf":[],"yoast_head":"<!-- This site is optimized with the Yoast SEO plugin v22.5 - https:\/\/yoast.com\/wordpress\/plugins\/seo\/ -->\n<title>Kart\u0113zijas ka\u0137is (Chartreux) - Whisker.lv | Ka\u0137u \u0161\u0137irnes<\/title>\n<meta name=\"robots\" content=\"index, follow, max-snippet:-1, max-image-preview:large, max-video-preview:-1\" \/>\n<link rel=\"canonical\" href=\"https:\/\/www.whisker.lv\/kaku-skirnes\/kartezijas-kakis\/\" \/>\n<meta property=\"og:locale\" content=\"ru_RU\" \/>\n<meta property=\"og:type\" content=\"article\" \/>\n<meta property=\"og:title\" content=\"Kart\u0113zijas ka\u0137is - Whisker\" \/>\n<meta property=\"og:url\" content=\"https:\/\/www.whisker.lv\/kaku-skirnes\/kartezijas-kakis\/\" \/>\n<meta property=\"og:site_name\" content=\"Whisker\" \/>\n<meta property=\"article:publisher\" content=\"https:\/\/www.facebook.com\/whisker.lv\/\" \/>\n<meta property=\"article:modified_time\" content=\"2019-04-24T20:15:55+00:00\" \/>\n<meta name=\"twitter:card\" content=\"summary_large_image\" \/>\n<meta name=\"twitter:label1\" content=\"Est. reading time\" \/>\n\t<meta name=\"twitter:data1\" content=\"1 minute\" \/>\n<script type=\"application\/ld+json\" class=\"yoast-schema-graph\">{\"@context\":\"https:\/\/schema.org\",\"@graph\":[{\"@type\":\"WebPage\",\"@id\":\"https:\/\/www.whisker.lv\/kaku-skirnes\/kartezijas-kakis\/\",\"url\":\"https:\/\/www.whisker.lv\/kaku-skirnes\/kartezijas-kakis\/\",\"name\":\"Kart\u0113zijas ka\u0137is (Chartreux) - Whisker.lv | Ka\u0137u \u0161\u0137irnes\",\"isPartOf\":{\"@id\":\"https:\/\/www.whisker.lv\/#website\"},\"datePublished\":\"2019-04-23T20:10:48+00:00\",\"dateModified\":\"2019-04-24T20:15:55+00:00\",\"description\":\"Kart\u0113zijas ka\u0137is m\u0113dz b\u016bt kluss un parasti netrauc\u0113 savus saimniekus ar past\u0101v\u012bgu \u0146aud\u0113\u0161anu. Tie ir maigi un labi satiek ar b\u0113rniem un citiem dz\u012bvniekiem.\",\"breadcrumb\":{\"@id\":\"https:\/\/www.whisker.lv\/kaku-skirnes\/kartezijas-kakis\/#breadcrumb\"},\"inLanguage\":\"ru-RU\",\"potentialAction\":[{\"@type\":\"ReadAction\",\"target\":[\"https:\/\/www.whisker.lv\/kaku-skirnes\/kartezijas-kakis\/\"]}]},{\"@type\":\"BreadcrumbList\",\"@id\":\"https:\/\/www.whisker.lv\/kaku-skirnes\/kartezijas-kakis\/#breadcrumb\",\"itemListElement\":[{\"@type\":\"ListItem\",\"position\":1,\"name\":\"S\u0101kums\",\"item\":\"https:\/\/www.whisker.lv\/\"},{\"@type\":\"ListItem\",\"position\":2,\"name\":\"Ka\u0137u \u0161\u0137irnes\",\"item\":\"https:\/\/www.whisker.lv\/kaku-skirnes\/\"},{\"@type\":\"ListItem\",\"position\":3,\"name\":\"Kart\u0113zijas ka\u0137is\"}]},{\"@type\":\"WebSite\",\"@id\":\"https:\/\/www.whisker.lv\/#website\",\"url\":\"https:\/\/www.whisker.lv\/\",\"name\":\"Whisker\",\"description\":\"Tavs pal\u012bgs m\u0101jdzivnieku pieskat\u012b\u0161an\u0101\",\"potentialAction\":[{\"@type\":\"SearchAction\",\"target\":{\"@type\":\"EntryPoint\",\"urlTemplate\":\"https:\/\/www.whisker.lv\/?s={search_term_string}\"},\"query-input\":\"required name=search_term_string\"}],\"inLanguage\":\"ru-RU\"}]}<\/script>\n<!-- \/ Yoast SEO plugin. -->","yoast_head_json":{"title":"Kart\u0113zijas ka\u0137is (Chartreux) - Whisker.lv | Ka\u0137u \u0161\u0137irnes","robots":{"index":"index","follow":"follow","max-snippet":"max-snippet:-1","max-image-preview":"max-image-preview:large","max-video-preview":"max-video-preview:-1"},"canonical":"https:\/\/www.whisker.lv\/kaku-skirnes\/kartezijas-kakis\/","og_locale":"ru_RU","og_type":"article","og_title":"Kart\u0113zijas ka\u0137is - Whisker","og_url":"https:\/\/www.whisker.lv\/kaku-skirnes\/kartezijas-kakis\/","og_site_name":"Whisker","article_publisher":"https:\/\/www.facebook.com\/whisker.lv\/","article_modified_time":"2019-04-24T20:15:55+00:00","twitter_card":"summary_large_image","twitter_misc":{"Est. reading time":"1 minute"},"schema":{"@context":"https:\/\/schema.org","@graph":[{"@type":"WebPage","@id":"https:\/\/www.whisker.lv\/kaku-skirnes\/kartezijas-kakis\/","url":"https:\/\/www.whisker.lv\/kaku-skirnes\/kartezijas-kakis\/","name":"Kart\u0113zijas ka\u0137is (Chartreux) - Whisker.lv | Ka\u0137u \u0161\u0137irnes","isPartOf":{"@id":"https:\/\/www.whisker.lv\/#website"},"datePublished":"2019-04-23T20:10:48+00:00","dateModified":"2019-04-24T20:15:55+00:00","description":"Kart\u0113zijas ka\u0137is m\u0113dz b\u016bt kluss un parasti netrauc\u0113 savus saimniekus ar past\u0101v\u012bgu \u0146aud\u0113\u0161anu. Tie ir maigi un labi satiek ar b\u0113rniem un citiem dz\u012bvniekiem.","breadcrumb":{"@id":"https:\/\/www.whisker.lv\/kaku-skirnes\/kartezijas-kakis\/#breadcrumb"},"inLanguage":"ru-RU","potentialAction":[{"@type":"ReadAction","target":["https:\/\/www.whisker.lv\/kaku-skirnes\/kartezijas-kakis\/"]}]},{"@type":"BreadcrumbList","@id":"https:\/\/www.whisker.lv\/kaku-skirnes\/kartezijas-kakis\/#breadcrumb","itemListElement":[{"@type":"ListItem","position":1,"name":"S\u0101kums","item":"https:\/\/www.whisker.lv\/"},{"@type":"ListItem","position":2,"name":"Ka\u0137u \u0161\u0137irnes","item":"https:\/\/www.whisker.lv\/kaku-skirnes\/"},{"@type":"ListItem","position":3,"name":"Kart\u0113zijas ka\u0137is"}]},{"@type":"WebSite","@id":"https:\/\/www.whisker.lv\/#website","url":"https:\/\/www.whisker.lv\/","name":"Whisker","description":"Tavs pal\u012bgs m\u0101jdzivnieku pieskat\u012b\u0161an\u0101","potentialAction":[{"@type":"SearchAction","target":{"@type":"EntryPoint","urlTemplate":"https:\/\/www.whisker.lv\/?s={search_term_string}"},"query-input":"required name=search_term_string"}],"inLanguage":"ru-RU"}]}},"_links":{"self":[{"href":"https:\/\/www.whisker.lv\/ru\/wp-json\/wp\/v2\/pages\/12571"}],"collection":[{"href":"https:\/\/www.whisker.lv\/ru\/wp-json\/wp\/v2\/pages"}],"about":[{"href":"https:\/\/www.whisker.lv\/ru\/wp-json\/wp\/v2\/types\/page"}],"author":[{"embeddable":true,"href":"https:\/\/www.whisker.lv\/ru\/wp-json\/wp\/v2\/users\/1"}],"replies":[{"embeddable":true,"href":"https:\/\/www.whisker.lv\/ru\/wp-json\/wp\/v2\/comments?post=12571"}],"version-history":[{"count":4,"href":"https:\/\/www.whisker.lv\/ru\/wp-json\/wp\/v2\/pages\/12571\/revisions"}],"predecessor-version":[{"id":12655,"href":"https:\/\/www.whisker.lv\/ru\/wp-json\/wp\/v2\/pages\/12571\/revisions\/12655"}],"up":[{"embeddable":true,"href":"https:\/\/www.whisker.lv\/ru\/wp-json\/wp\/v2\/pages\/9927"}],"wp:attachment":[{"href":"https:\/\/www.whisker.lv\/ru\/wp-json\/wp\/v2\/media?parent=12571"}],"curies":[{"name":"wp","href":"https:\/\/api.w.org\/{rel}","templated":true}]}}