



{"id":12576,"date":"2019-04-24T19:31:01","date_gmt":"2019-04-24T17:31:01","guid":{"rendered":"https:\/\/www.whisker.lv\/?page_id=12576"},"modified":"2019-04-24T23:03:56","modified_gmt":"2019-04-24T21:03:56","slug":"osikats","status":"publish","type":"page","link":"https:\/\/www.whisker.lv\/ru\/kaku-skirnes\/osikats\/","title":{"rendered":"Osikats"},"content":{"rendered":"[vc_row][vc_column][vc_text_separator title=&#8221;Osikats&#8221; border_width=&#8221;8&#8243;][\/vc_column][\/vc_row][vc_row content_placement=&#8221;middle&#8221;][vc_column width=&#8221;1\/4&#8243;][vc_single_image image=&#8221;10140&#8243; img_size=&#8221;large&#8221; style=&#8221;vc_box_rounded&#8221; onclick=&#8221;link_image&#8221;][\/vc_column][vc_column width=&#8221;3\/4&#8243;][vc_column_text]<span style=\"color: #000000;\"><strong>Izcelsme: <\/strong>ASV<\/span><\/p>\n<p><span style=\"color: #000000;\"><strong>Svars:<\/strong> 4-6.5 kg<\/span><\/p>\n<p><span style=\"color: #000000;\"><strong>Dz\u012bves ilgums:<\/strong> 10-15 gadi<\/span>[\/vc_column_text][\/vc_column][\/vc_row][vc_row][vc_column][vc_column_text]<span style=\"color: #000000;\">Oksikats ir liels, akt\u012bvs ka\u0137is ar garu, elegantu \u0137ermeni. \u0160im stingrajam, labi musku\u013cotajam ka\u0137im ir \u012bss, cie\u0161i piegu\u013co\u0161s apmatojums, kas par\u0101da labi att\u012bst\u012bto \u0137ermeni un atkl\u0101j skaisti elegantos plankumus. Lielas, asas ausis ar tr\u012bsst\u016brveida formu, mande\u013cu acis, kuras skat\u0101s ar ieinteres\u0113tu izpausmi. Osikata plankumi ir izvietoti rind\u0101s pa mugurkaulu no pleciem l\u012bdz astei, k\u0101 ar\u012b tiek izkais\u012bti pa \u0137ermeni un k\u0101j\u0101m. Uz \u0137erme\u0146a plankumi ir aptuveni \u012bk\u0161\u0137a naga lielum\u0101.\u00a0<\/span><\/p>\n<p><span style=\"color: #000000;\">Lai gan Osikati ir audz\u0113ti, lai izskat\u012btos k\u0101 savva\u013cas ka\u0137a, vi\u0146u temperaments to neatspogu\u013co. \u0160ie ka\u0137i ir \u013coti gudri un rota\u013c\u012bgi, zi\u0146k\u0101r\u012bgi un draudz\u012bgi, un nekad neizr\u0101da agresivit\u0101ti. Tapat k\u0101 citi akt\u012bvi ka\u0137i, ar\u012b osikats izv\u0113las sabiedr\u012bbu. Ja \u0161o ka\u0137u saimnieks ilgu laiku pavada str\u0101d\u0101jot, tad lielisks kompanjons b\u016bs v\u0113l viens \u0161\u012bs \u0161\u0137irnes p\u0101rst\u0101vis. Osikats \u013coti labi piel\u0101gojams un, ja jums nav d\u0101rzs vai pla\u0161\u0101kas teritorijas, kur ka\u0137im dz\u012bvoties, tad vi\u0146i b\u016bs apmierin\u0101ti ar\u012b ar iek\u0161telpu pied\u0101v\u0101taj\u0101m iesp\u0113j\u0101m.<\/span><\/p>\n<p><span style=\"color: #000000;\"><strong>V\u0113sture.\u00a0<\/strong>Amerik\u0101\u0146u ka\u0137u audz\u0113t\u0101ja Vird\u017e\u012bnija Deli no Mi\u010diganas \u0161tata v\u0113l\u0113j\u0101s izveidot savva\u013cas ka\u0137iem l\u012bdz\u012bgu \u0161\u0137irni ar tiem rakstur\u012bgu punktotu z\u012bm\u0113jumu. \u0160aj\u0101 nol\u016bk\u0101 vi\u0146a sap\u0101roja Si\u0101mas runci ar \u0161okol\u0101des kr\u0101sas iez\u012bm\u0113m ar ka\u0137eni, kura bija ieg\u016bta p\u0101rojum\u0101 no Abes\u012bnijas un Si\u0101mas ka\u0137a ar tum\u0161\u0101m iez\u012bm\u0113m. \u0160\u0137irnes veido\u0161an\u0101 tika izmantoti ar\u012b Amerikas \u012bsspalvainie ka\u0137i.\u00a0<\/span><\/p>\n<p><span style=\"color: #000000;\"><strong>Piez\u012bme.<\/strong> Osikats ir viena no jaun\u0101kaj\u0101m \u0161\u0137irn\u0113m pasaul\u0113.<\/span>[\/vc_column_text][\/vc_column][\/vc_row]\n","protected":false},"excerpt":{"rendered":"<p>[vc_row][vc_column][vc_text_separator title=&#8221;Osikats&#8221; border_width=&#8221;8&#8243;][\/vc_column][\/vc_row][vc_row content_placement=&#8221;middle&#8221;][vc_column width=&#8221;1\/4&#8243;][vc_single_image image=&#8221;10140&#8243; img_size=&#8221;large&#8221; style=&#8221;vc_box_rounded&#8221; onclick=&#8221;link_image&#8221;][\/vc_column][vc_column width=&#8221;3\/4&#8243;][vc_column_text]Izcelsme: ASV Svars: 4-6.5 kg Dz\u012bves ilgums: 10-15 gadi[\/vc_column_text][\/vc_column][\/vc_row][vc_row][vc_column][vc_column_text]Oksikats ir liels, akt\u012bvs ka\u0137is ar garu, elegantu \u0137ermeni. \u0160im stingrajam, labi musku\u013cotajam ka\u0137im ir \u012bss, cie\u0161i piegu\u013co\u0161s apmatojums, kas par\u0101da labi att\u012bst\u012bto \u0137ermeni un atkl\u0101j skaisti elegantos plankumus. Lielas, asas ausis ar tr\u012bsst\u016brveida formu, mande\u013cu acis, kuras [&hellip;]<\/p>\n","protected":false},"author":1,"featured_media":0,"parent":9927,"menu_order":0,"comment_status":"closed","ping_status":"closed","template":"page-fullwidth.php","meta":{"_acf_changed":false,"_glsr_average":0,"_glsr_ranking":0,"_glsr_reviews":0,"footnotes":""},"translation":{"provider":"WPGlobus","version":"2.12.2","language":"ru","enabled_languages":["lv","en","ru"],"languages":{"lv":{"title":true,"content":true,"excerpt":false},"en":{"title":false,"content":false,"excerpt":false},"ru":{"title":false,"content":false,"excerpt":false}}},"acf":[],"yoast_head":"<!-- This site is optimized with the Yoast SEO plugin v22.5 - https:\/\/yoast.com\/wordpress\/plugins\/seo\/ -->\n<title>Osikats (Ocicat) - Whisker.lv | Ka\u0137u \u0161\u0137irnes<\/title>\n<meta name=\"robots\" content=\"index, follow, max-snippet:-1, max-image-preview:large, max-video-preview:-1\" \/>\n<link rel=\"canonical\" href=\"https:\/\/www.whisker.lv\/kaku-skirnes\/osikats\/\" \/>\n<meta property=\"og:locale\" content=\"ru_RU\" \/>\n<meta property=\"og:type\" content=\"article\" \/>\n<meta property=\"og:title\" content=\"Osikats - Whisker\" \/>\n<meta property=\"og:url\" content=\"https:\/\/www.whisker.lv\/kaku-skirnes\/osikats\/\" \/>\n<meta property=\"og:site_name\" content=\"Whisker\" \/>\n<meta property=\"article:publisher\" content=\"https:\/\/www.facebook.com\/whisker.lv\/\" \/>\n<meta property=\"article:modified_time\" content=\"2019-04-24T21:03:56+00:00\" \/>\n<meta name=\"twitter:card\" content=\"summary_large_image\" \/>\n<meta name=\"twitter:label1\" content=\"Est. reading time\" \/>\n\t<meta name=\"twitter:data1\" content=\"2 minutes\" \/>\n<script type=\"application\/ld+json\" class=\"yoast-schema-graph\">{\"@context\":\"https:\/\/schema.org\",\"@graph\":[{\"@type\":\"WebPage\",\"@id\":\"https:\/\/www.whisker.lv\/kaku-skirnes\/osikats\/\",\"url\":\"https:\/\/www.whisker.lv\/kaku-skirnes\/osikats\/\",\"name\":\"Osikats (Ocicat) - Whisker.lv | Ka\u0137u \u0161\u0137irnes\",\"isPartOf\":{\"@id\":\"https:\/\/www.whisker.lv\/#website\"},\"datePublished\":\"2019-04-24T17:31:01+00:00\",\"dateModified\":\"2019-04-24T21:03:56+00:00\",\"description\":\"Osikats ir liels, akt\u012bvs ka\u0137is ar garu, elegantu \u0137ermeni. \u0160ie ka\u0137i ir \u013coti gudri un rota\u013c\u012bgi, zi\u0146k\u0101r\u012bgi un draudz\u012bgi, un nekad neizr\u0101da agresivit\u0101ti.\",\"breadcrumb\":{\"@id\":\"https:\/\/www.whisker.lv\/kaku-skirnes\/osikats\/#breadcrumb\"},\"inLanguage\":\"ru-RU\",\"potentialAction\":[{\"@type\":\"ReadAction\",\"target\":[\"https:\/\/www.whisker.lv\/kaku-skirnes\/osikats\/\"]}]},{\"@type\":\"BreadcrumbList\",\"@id\":\"https:\/\/www.whisker.lv\/kaku-skirnes\/osikats\/#breadcrumb\",\"itemListElement\":[{\"@type\":\"ListItem\",\"position\":1,\"name\":\"S\u0101kums\",\"item\":\"https:\/\/www.whisker.lv\/\"},{\"@type\":\"ListItem\",\"position\":2,\"name\":\"Ka\u0137u \u0161\u0137irnes\",\"item\":\"https:\/\/www.whisker.lv\/kaku-skirnes\/\"},{\"@type\":\"ListItem\",\"position\":3,\"name\":\"Osikats\"}]},{\"@type\":\"WebSite\",\"@id\":\"https:\/\/www.whisker.lv\/#website\",\"url\":\"https:\/\/www.whisker.lv\/\",\"name\":\"Whisker\",\"description\":\"Tavs pal\u012bgs m\u0101jdzivnieku pieskat\u012b\u0161an\u0101\",\"potentialAction\":[{\"@type\":\"SearchAction\",\"target\":{\"@type\":\"EntryPoint\",\"urlTemplate\":\"https:\/\/www.whisker.lv\/?s={search_term_string}\"},\"query-input\":\"required name=search_term_string\"}],\"inLanguage\":\"ru-RU\"}]}<\/script>\n<!-- \/ Yoast SEO plugin. -->","yoast_head_json":{"title":"Osikats (Ocicat) - Whisker.lv | Ka\u0137u \u0161\u0137irnes","robots":{"index":"index","follow":"follow","max-snippet":"max-snippet:-1","max-image-preview":"max-image-preview:large","max-video-preview":"max-video-preview:-1"},"canonical":"https:\/\/www.whisker.lv\/kaku-skirnes\/osikats\/","og_locale":"ru_RU","og_type":"article","og_title":"Osikats - Whisker","og_url":"https:\/\/www.whisker.lv\/kaku-skirnes\/osikats\/","og_site_name":"Whisker","article_publisher":"https:\/\/www.facebook.com\/whisker.lv\/","article_modified_time":"2019-04-24T21:03:56+00:00","twitter_card":"summary_large_image","twitter_misc":{"Est. reading time":"2 minutes"},"schema":{"@context":"https:\/\/schema.org","@graph":[{"@type":"WebPage","@id":"https:\/\/www.whisker.lv\/kaku-skirnes\/osikats\/","url":"https:\/\/www.whisker.lv\/kaku-skirnes\/osikats\/","name":"Osikats (Ocicat) - Whisker.lv | Ka\u0137u \u0161\u0137irnes","isPartOf":{"@id":"https:\/\/www.whisker.lv\/#website"},"datePublished":"2019-04-24T17:31:01+00:00","dateModified":"2019-04-24T21:03:56+00:00","description":"Osikats ir liels, akt\u012bvs ka\u0137is ar garu, elegantu \u0137ermeni. \u0160ie ka\u0137i ir \u013coti gudri un rota\u013c\u012bgi, zi\u0146k\u0101r\u012bgi un draudz\u012bgi, un nekad neizr\u0101da agresivit\u0101ti.","breadcrumb":{"@id":"https:\/\/www.whisker.lv\/kaku-skirnes\/osikats\/#breadcrumb"},"inLanguage":"ru-RU","potentialAction":[{"@type":"ReadAction","target":["https:\/\/www.whisker.lv\/kaku-skirnes\/osikats\/"]}]},{"@type":"BreadcrumbList","@id":"https:\/\/www.whisker.lv\/kaku-skirnes\/osikats\/#breadcrumb","itemListElement":[{"@type":"ListItem","position":1,"name":"S\u0101kums","item":"https:\/\/www.whisker.lv\/"},{"@type":"ListItem","position":2,"name":"Ka\u0137u \u0161\u0137irnes","item":"https:\/\/www.whisker.lv\/kaku-skirnes\/"},{"@type":"ListItem","position":3,"name":"Osikats"}]},{"@type":"WebSite","@id":"https:\/\/www.whisker.lv\/#website","url":"https:\/\/www.whisker.lv\/","name":"Whisker","description":"Tavs pal\u012bgs m\u0101jdzivnieku pieskat\u012b\u0161an\u0101","potentialAction":[{"@type":"SearchAction","target":{"@type":"EntryPoint","urlTemplate":"https:\/\/www.whisker.lv\/?s={search_term_string}"},"query-input":"required name=search_term_string"}],"inLanguage":"ru-RU"}]}},"_links":{"self":[{"href":"https:\/\/www.whisker.lv\/ru\/wp-json\/wp\/v2\/pages\/12576"}],"collection":[{"href":"https:\/\/www.whisker.lv\/ru\/wp-json\/wp\/v2\/pages"}],"about":[{"href":"https:\/\/www.whisker.lv\/ru\/wp-json\/wp\/v2\/types\/page"}],"author":[{"embeddable":true,"href":"https:\/\/www.whisker.lv\/ru\/wp-json\/wp\/v2\/users\/1"}],"replies":[{"embeddable":true,"href":"https:\/\/www.whisker.lv\/ru\/wp-json\/wp\/v2\/comments?post=12576"}],"version-history":[{"count":4,"href":"https:\/\/www.whisker.lv\/ru\/wp-json\/wp\/v2\/pages\/12576\/revisions"}],"predecessor-version":[{"id":12664,"href":"https:\/\/www.whisker.lv\/ru\/wp-json\/wp\/v2\/pages\/12576\/revisions\/12664"}],"up":[{"embeddable":true,"href":"https:\/\/www.whisker.lv\/ru\/wp-json\/wp\/v2\/pages\/9927"}],"wp:attachment":[{"href":"https:\/\/www.whisker.lv\/ru\/wp-json\/wp\/v2\/media?parent=12576"}],"curies":[{"name":"wp","href":"https:\/\/api.w.org\/{rel}","templated":true}]}}