



{"id":12581,"date":"2019-04-24T19:31:56","date_gmt":"2019-04-24T17:31:56","guid":{"rendered":"https:\/\/www.whisker.lv\/?page_id=12581"},"modified":"2019-04-24T23:16:55","modified_gmt":"2019-04-24T21:16:55","slug":"piksibobs","status":"publish","type":"page","link":"https:\/\/www.whisker.lv\/ru\/kaku-skirnes\/piksibobs\/","title":{"rendered":"Piksibobs"},"content":{"rendered":"[vc_row][vc_column][vc_text_separator title=&#8221;Piksibobs&#8221; border_width=&#8221;8&#8243;][\/vc_column][\/vc_row][vc_row content_placement=&#8221;middle&#8221;][vc_column width=&#8221;1\/4&#8243;][vc_single_image image=&#8221;10142&#8243; img_size=&#8221;large&#8221; style=&#8221;vc_box_rounded&#8221; onclick=&#8221;link_image&#8221;][\/vc_column][vc_column width=&#8221;3\/4&#8243;][vc_column_text]<span style=\"color: #000000;\"><strong>Izcelsme: <\/strong>ASV<\/span><\/p>\n<p><span style=\"color: #000000;\"><strong>Svars:<\/strong>\u00a0~5 kg<\/span><\/p>\n<p><span style=\"color: #000000;\"><strong>Dz\u012bves ilgums:<\/strong> 12-14 gadi<\/span>[\/vc_column_text][\/vc_column][\/vc_row][vc_row][vc_column][vc_column_text]<span style=\"color: #000000;\">Piksibobi ir sabiedriski un draudz\u012bgi ka\u0137i, kuru uztic\u012bba \u0123imenes locek\u013ciem ir gandr\u012bz k\u0101 su\u0146iem. Vi\u0146i alkst draudz\u012bbu, m\u012blest\u012bbu un uzman\u012bbu. Vi\u0146i ir gudri, rota\u013c\u012bgi dz\u012bvnieki, kurus var atst\u0101t vienus m\u0101j\u0101s darbadienas ietvaros, tom\u0113r labpr\u0101t vi\u0146i izbaud\u012btu cita m\u0101jas m\u012blu\u013ca sabiedr\u012bbu. P\u0113c garas darba dienas p\u0101rnak\u0101m m\u0101j\u0101s, piksiboba saimniekiem ir j\u0101b\u016bt gataviem piev\u0113rst uzman\u012bbu savam m\u012blulim. \u0160\u012b \u0161\u0137irne ir pietiekami gudra un gatava doties pastaig\u0101 ar pavadu, t\u0101d\u0113j\u0101di ka\u0137is b\u016bs gatavs piedal\u012bties \u0123imenes izbraukumos un aktivit\u0101t\u0113s. Neskatoties uz vi\u0146as eksotisko izskatu, \u0161\u012b \u0161\u0137irne ir m\u012blest\u012bbas iemiesojums, bez me\u017eon\u012bguma iez\u012bm\u0113m.\u00a0<\/span><\/p>\n<p><span style=\"color: #000000;\"><strong>V\u0113sture.<\/strong>\u00a0Selekcion\u0101ri m\u0113r\u0137tiec\u012bgi cent\u0101s izveidot ka\u0137i, kas b\u016btu l\u012bdz\u012bgs l\u016bsim. Tika p\u0101roti m\u0101jas ka\u0137i ar ASV un Kan\u0101das me\u017eos dz\u012bvojo\u0161ajiem me\u017ea ka\u0137iem, kam bija \u012bsa aste. Tom\u0113r, \u0161\u012bs nejau\u0161\u0101s p\u0101ro\u0161anas nebija rezultat\u012bvas l\u012bdz pat 20. gadsimta 80. gadiem, kad E.Br\u0113vers ieguva metienu, kur\u0101 ka\u0137ene p\u0113c kr\u0101sas un uzb\u016bves bija l\u012bdz\u012bga l\u016bsim.\u00a0<\/span><\/p>\n<p><span style=\"color: #000000;\"><strong>Piez\u012bme.\u00a0<\/strong>Piksibobi sazin\u0101s ar saviem saimniekiem, izmantojot da\u017e\u0101dus \u017eestus, visbie\u017e\u0101k izmantojot priek\u0161\u0113j\u0101s \u0137epas. \u0160ie ka\u0137i \u013coti pie\u0137eras saviem saimniekiem.<\/span>[\/vc_column_text][\/vc_column][\/vc_row]\n","protected":false},"excerpt":{"rendered":"<p>[vc_row][vc_column][vc_text_separator title=&#8221;Piksibobs&#8221; border_width=&#8221;8&#8243;][\/vc_column][\/vc_row][vc_row content_placement=&#8221;middle&#8221;][vc_column width=&#8221;1\/4&#8243;][vc_single_image image=&#8221;10142&#8243; img_size=&#8221;large&#8221; style=&#8221;vc_box_rounded&#8221; onclick=&#8221;link_image&#8221;][\/vc_column][vc_column width=&#8221;3\/4&#8243;][vc_column_text]Izcelsme: ASV Svars:\u00a0~5 kg Dz\u012bves ilgums: 12-14 gadi[\/vc_column_text][\/vc_column][\/vc_row][vc_row][vc_column][vc_column_text]Piksibobi ir sabiedriski un draudz\u012bgi ka\u0137i, kuru uztic\u012bba \u0123imenes locek\u013ciem ir gandr\u012bz k\u0101 su\u0146iem. Vi\u0146i alkst draudz\u012bbu, m\u012blest\u012bbu un uzman\u012bbu. Vi\u0146i ir gudri, rota\u013c\u012bgi dz\u012bvnieki, kurus var atst\u0101t vienus m\u0101j\u0101s darbadienas ietvaros, tom\u0113r labpr\u0101t vi\u0146i izbaud\u012btu cita m\u0101jas m\u012blu\u013ca [&hellip;]<\/p>\n","protected":false},"author":1,"featured_media":0,"parent":9927,"menu_order":0,"comment_status":"closed","ping_status":"closed","template":"page-fullwidth.php","meta":{"_acf_changed":false,"_glsr_average":0,"_glsr_ranking":0,"_glsr_reviews":0,"footnotes":""},"translation":{"provider":"WPGlobus","version":"2.12.2","language":"ru","enabled_languages":["lv","en","ru"],"languages":{"lv":{"title":true,"content":true,"excerpt":false},"en":{"title":false,"content":false,"excerpt":false},"ru":{"title":false,"content":false,"excerpt":false}}},"acf":[],"yoast_head":"<!-- This site is optimized with the Yoast SEO plugin v22.5 - https:\/\/yoast.com\/wordpress\/plugins\/seo\/ -->\n<title>Piksibobs (Pixiebob) - Whisker.lv | Ka\u0137u \u0161\u0137irnes<\/title>\n<meta name=\"robots\" content=\"index, follow, max-snippet:-1, max-image-preview:large, max-video-preview:-1\" \/>\n<link rel=\"canonical\" href=\"https:\/\/www.whisker.lv\/kaku-skirnes\/piksibobs\/\" \/>\n<meta property=\"og:locale\" content=\"ru_RU\" \/>\n<meta property=\"og:type\" content=\"article\" \/>\n<meta property=\"og:title\" content=\"Piksibobs - Whisker\" \/>\n<meta property=\"og:url\" content=\"https:\/\/www.whisker.lv\/kaku-skirnes\/piksibobs\/\" \/>\n<meta property=\"og:site_name\" content=\"Whisker\" \/>\n<meta property=\"article:publisher\" content=\"https:\/\/www.facebook.com\/whisker.lv\/\" \/>\n<meta property=\"article:modified_time\" content=\"2019-04-24T21:16:55+00:00\" \/>\n<meta name=\"twitter:card\" content=\"summary_large_image\" \/>\n<meta name=\"twitter:label1\" content=\"Est. reading time\" \/>\n\t<meta name=\"twitter:data1\" content=\"2 minutes\" \/>\n<script type=\"application\/ld+json\" class=\"yoast-schema-graph\">{\"@context\":\"https:\/\/schema.org\",\"@graph\":[{\"@type\":\"WebPage\",\"@id\":\"https:\/\/www.whisker.lv\/kaku-skirnes\/piksibobs\/\",\"url\":\"https:\/\/www.whisker.lv\/kaku-skirnes\/piksibobs\/\",\"name\":\"Piksibobs (Pixiebob) - Whisker.lv | Ka\u0137u \u0161\u0137irnes\",\"isPartOf\":{\"@id\":\"https:\/\/www.whisker.lv\/#website\"},\"datePublished\":\"2019-04-24T17:31:56+00:00\",\"dateModified\":\"2019-04-24T21:16:55+00:00\",\"description\":\"Piksibobs ir sabiedrisks un draudz\u012bgs ka\u0137is, kura uztic\u012bba \u0123imenes locek\u013ciem ir gandr\u012bz k\u0101 su\u0146iem. Vi\u0146\u0161 alkst draudz\u012bbu, m\u012blest\u012bbu un uzman\u012bbu.\",\"breadcrumb\":{\"@id\":\"https:\/\/www.whisker.lv\/kaku-skirnes\/piksibobs\/#breadcrumb\"},\"inLanguage\":\"ru-RU\",\"potentialAction\":[{\"@type\":\"ReadAction\",\"target\":[\"https:\/\/www.whisker.lv\/kaku-skirnes\/piksibobs\/\"]}]},{\"@type\":\"BreadcrumbList\",\"@id\":\"https:\/\/www.whisker.lv\/kaku-skirnes\/piksibobs\/#breadcrumb\",\"itemListElement\":[{\"@type\":\"ListItem\",\"position\":1,\"name\":\"S\u0101kums\",\"item\":\"https:\/\/www.whisker.lv\/\"},{\"@type\":\"ListItem\",\"position\":2,\"name\":\"Ka\u0137u \u0161\u0137irnes\",\"item\":\"https:\/\/www.whisker.lv\/kaku-skirnes\/\"},{\"@type\":\"ListItem\",\"position\":3,\"name\":\"Piksibobs\"}]},{\"@type\":\"WebSite\",\"@id\":\"https:\/\/www.whisker.lv\/#website\",\"url\":\"https:\/\/www.whisker.lv\/\",\"name\":\"Whisker\",\"description\":\"Tavs pal\u012bgs m\u0101jdzivnieku pieskat\u012b\u0161an\u0101\",\"potentialAction\":[{\"@type\":\"SearchAction\",\"target\":{\"@type\":\"EntryPoint\",\"urlTemplate\":\"https:\/\/www.whisker.lv\/?s={search_term_string}\"},\"query-input\":\"required name=search_term_string\"}],\"inLanguage\":\"ru-RU\"}]}<\/script>\n<!-- \/ Yoast SEO plugin. -->","yoast_head_json":{"title":"Piksibobs (Pixiebob) - Whisker.lv | Ka\u0137u \u0161\u0137irnes","robots":{"index":"index","follow":"follow","max-snippet":"max-snippet:-1","max-image-preview":"max-image-preview:large","max-video-preview":"max-video-preview:-1"},"canonical":"https:\/\/www.whisker.lv\/kaku-skirnes\/piksibobs\/","og_locale":"ru_RU","og_type":"article","og_title":"Piksibobs - Whisker","og_url":"https:\/\/www.whisker.lv\/kaku-skirnes\/piksibobs\/","og_site_name":"Whisker","article_publisher":"https:\/\/www.facebook.com\/whisker.lv\/","article_modified_time":"2019-04-24T21:16:55+00:00","twitter_card":"summary_large_image","twitter_misc":{"Est. reading time":"2 minutes"},"schema":{"@context":"https:\/\/schema.org","@graph":[{"@type":"WebPage","@id":"https:\/\/www.whisker.lv\/kaku-skirnes\/piksibobs\/","url":"https:\/\/www.whisker.lv\/kaku-skirnes\/piksibobs\/","name":"Piksibobs (Pixiebob) - Whisker.lv | Ka\u0137u \u0161\u0137irnes","isPartOf":{"@id":"https:\/\/www.whisker.lv\/#website"},"datePublished":"2019-04-24T17:31:56+00:00","dateModified":"2019-04-24T21:16:55+00:00","description":"Piksibobs ir sabiedrisks un draudz\u012bgs ka\u0137is, kura uztic\u012bba \u0123imenes locek\u013ciem ir gandr\u012bz k\u0101 su\u0146iem. Vi\u0146\u0161 alkst draudz\u012bbu, m\u012blest\u012bbu un uzman\u012bbu.","breadcrumb":{"@id":"https:\/\/www.whisker.lv\/kaku-skirnes\/piksibobs\/#breadcrumb"},"inLanguage":"ru-RU","potentialAction":[{"@type":"ReadAction","target":["https:\/\/www.whisker.lv\/kaku-skirnes\/piksibobs\/"]}]},{"@type":"BreadcrumbList","@id":"https:\/\/www.whisker.lv\/kaku-skirnes\/piksibobs\/#breadcrumb","itemListElement":[{"@type":"ListItem","position":1,"name":"S\u0101kums","item":"https:\/\/www.whisker.lv\/"},{"@type":"ListItem","position":2,"name":"Ka\u0137u \u0161\u0137irnes","item":"https:\/\/www.whisker.lv\/kaku-skirnes\/"},{"@type":"ListItem","position":3,"name":"Piksibobs"}]},{"@type":"WebSite","@id":"https:\/\/www.whisker.lv\/#website","url":"https:\/\/www.whisker.lv\/","name":"Whisker","description":"Tavs pal\u012bgs m\u0101jdzivnieku pieskat\u012b\u0161an\u0101","potentialAction":[{"@type":"SearchAction","target":{"@type":"EntryPoint","urlTemplate":"https:\/\/www.whisker.lv\/?s={search_term_string}"},"query-input":"required name=search_term_string"}],"inLanguage":"ru-RU"}]}},"_links":{"self":[{"href":"https:\/\/www.whisker.lv\/ru\/wp-json\/wp\/v2\/pages\/12581"}],"collection":[{"href":"https:\/\/www.whisker.lv\/ru\/wp-json\/wp\/v2\/pages"}],"about":[{"href":"https:\/\/www.whisker.lv\/ru\/wp-json\/wp\/v2\/types\/page"}],"author":[{"embeddable":true,"href":"https:\/\/www.whisker.lv\/ru\/wp-json\/wp\/v2\/users\/1"}],"replies":[{"embeddable":true,"href":"https:\/\/www.whisker.lv\/ru\/wp-json\/wp\/v2\/comments?post=12581"}],"version-history":[{"count":3,"href":"https:\/\/www.whisker.lv\/ru\/wp-json\/wp\/v2\/pages\/12581\/revisions"}],"predecessor-version":[{"id":12667,"href":"https:\/\/www.whisker.lv\/ru\/wp-json\/wp\/v2\/pages\/12581\/revisions\/12667"}],"up":[{"embeddable":true,"href":"https:\/\/www.whisker.lv\/ru\/wp-json\/wp\/v2\/pages\/9927"}],"wp:attachment":[{"href":"https:\/\/www.whisker.lv\/ru\/wp-json\/wp\/v2\/media?parent=12581"}],"curies":[{"name":"wp","href":"https:\/\/api.w.org\/{rel}","templated":true}]}}