



{"id":12594,"date":"2019-04-24T19:33:57","date_gmt":"2019-04-24T17:33:57","guid":{"rendered":"https:\/\/www.whisker.lv\/?page_id=12594"},"modified":"2019-04-24T23:47:40","modified_gmt":"2019-04-24T21:47:40","slug":"savannas-kakis","status":"publish","type":"page","link":"https:\/\/www.whisker.lv\/ru\/kaku-skirnes\/savannas-kakis\/","title":{"rendered":"Savannas ka\u0137is"},"content":{"rendered":"[vc_row][vc_column][vc_text_separator title=&#8221;Savannas ka\u0137is&#8221; border_width=&#8221;8&#8243;][\/vc_column][\/vc_row][vc_row content_placement=&#8221;middle&#8221;][vc_column width=&#8221;1\/4&#8243;][vc_single_image image=&#8221;10146&#8243; img_size=&#8221;large&#8221; style=&#8221;vc_box_rounded&#8221; onclick=&#8221;link_image&#8221;][\/vc_column][vc_column width=&#8221;3\/4&#8243;][vc_column_text]<span style=\"color: #000000;\"><strong>Izcelsme: <\/strong>ASV<\/span><\/p>\n<p><span style=\"color: #000000;\"><strong>Svars:<\/strong>\u00a03.6-8 kg<\/span><\/p>\n<p><span style=\"color: #000000;\"><strong>Dz\u012bves ilgums:<\/strong> 16-20 gadi<\/span>[\/vc_column_text][\/vc_column][\/vc_row][vc_row][vc_column][vc_column_text]<span style=\"color: #000000;\">Savannas ka\u0137i ir dz\u012bv\u012bga, modra un ener\u0123iska ka\u0137u \u0161\u0137irne. Vi\u0146i ir neticami inteli\u0123enti dz\u012bvnieki un var apm\u0101c\u012bt iet pastaig\u0101 ar pavadu. \u0160ie ka\u0137i ir rota\u013c\u012bgi un vi\u0146iem ir nepiecie\u0161amas aktivit\u0101tes.\u00a0<\/span><span style=\"color: #000000;\">At\u0161\u0137ir\u012bb\u0101 no vairuma citu ka\u0137u \u0161\u0137ir\u0146u, Savannas ka\u0137iem pat\u012bk \u016bdens. V\u0113l viena unik\u0101la iez\u012bme ir astes luncin\u0101\u0161ana k\u0101 sunim.\u00a0Savannas ka\u0137i ir lieli l\u0113c\u0113ji. Tie bez piep\u016bles var uzl\u0113kt 2-2,5 m augst\u0101.<\/span><\/p>\n<p><span style=\"color: #000000;\">Savannas ka\u0137i ir viena no liel\u0101kaj\u0101m m\u0101jas ka\u0137u \u0161\u0137irn\u0113m. Paka\u013c\u0113j\u0101s k\u0101jas ir gar\u0101kas par priek\u0161\u0113j\u0101m un t\u0101m ir ov\u0101las formas \u0137epas. Ka\u0137iem ir maza galva, garas, platas un apa\u013cas ausis, kuras ir augstu novietotas galv\u0101. Acis ir vid\u0113ja izm\u0113ra un skatienam j\u0101virzas uz leju deguna virzien\u0101.\u00a0<\/span><span style=\"color: #000000;\">Ka\u017eoks var at\u0161\u0137irties atkar\u012bb\u0101 no \u0161\u0137irnes ciltsrakstiem, tom\u0113r tas ir \u012bss l\u012bdz vid\u0113ji gar\u0161 un cie\u0161i piegu\u013c \u0137ermenim.\u00a0M\u0101t\u012btes ir iev\u0113rojami maz\u0101kas nek\u0101 t\u0113vi\u0146i.<\/span><\/p>\n<p><span style=\"color: #000000;\"><strong>V\u0113sture.\u00a0<\/strong>Savannas ka\u0137is rad\u0101s, krustojot savva\u013cas \u0100frikas servalus ar m\u0101jas ka\u0137iem. \u0160\u0101di eksperimenti tika veikti apzin\u0101ti, lai ieg\u016btu dz\u012bvnieku ar me\u017eon\u012bgu izskatu, bet m\u0101jas ka\u0137im piem\u012bto\u0161u maigu raksturu. Pirmais savannas ka\u0137is n\u0101ca pasaul\u0113 1986. gad\u0101, kad Beng\u0101lijas ka\u0137u audz\u0113t\u0101jai D\u017e\u016bdijai Frenkai piedero\u0161o m\u0101jas ka\u0137i sap\u0101roja ar \u0100frikas servalu.<\/span><\/p>\n<p><span style=\"color: #000000;\"><strong>Piez\u012bme.<\/strong> \u0160ie ka\u0137i l\u012bdzin\u0101s su\u0146iem, jo m\u012bl sekot saviem saimniekiem un pal\u012bdz\u0113t m\u0101jas darbos.\u00a0<\/span>[\/vc_column_text][\/vc_column][\/vc_row]\n","protected":false},"excerpt":{"rendered":"<p>[vc_row][vc_column][vc_text_separator title=&#8221;Savannas ka\u0137is&#8221; border_width=&#8221;8&#8243;][\/vc_column][\/vc_row][vc_row content_placement=&#8221;middle&#8221;][vc_column width=&#8221;1\/4&#8243;][vc_single_image image=&#8221;10146&#8243; img_size=&#8221;large&#8221; style=&#8221;vc_box_rounded&#8221; onclick=&#8221;link_image&#8221;][\/vc_column][vc_column width=&#8221;3\/4&#8243;][vc_column_text]Izcelsme: ASV Svars:\u00a03.6-8 kg Dz\u012bves ilgums: 16-20 gadi[\/vc_column_text][\/vc_column][\/vc_row][vc_row][vc_column][vc_column_text]Savannas ka\u0137i ir dz\u012bv\u012bga, modra un ener\u0123iska ka\u0137u \u0161\u0137irne. Vi\u0146i ir neticami inteli\u0123enti dz\u012bvnieki un var apm\u0101c\u012bt iet pastaig\u0101 ar pavadu. \u0160ie ka\u0137i ir rota\u013c\u012bgi un vi\u0146iem ir nepiecie\u0161amas aktivit\u0101tes.\u00a0At\u0161\u0137ir\u012bb\u0101 no vairuma citu ka\u0137u \u0161\u0137ir\u0146u, Savannas ka\u0137iem pat\u012bk [&hellip;]<\/p>\n","protected":false},"author":1,"featured_media":0,"parent":9927,"menu_order":0,"comment_status":"closed","ping_status":"closed","template":"page-fullwidth.php","meta":{"_acf_changed":false,"_glsr_average":0,"_glsr_ranking":0,"_glsr_reviews":0,"footnotes":""},"translation":{"provider":"WPGlobus","version":"2.12.2","language":"ru","enabled_languages":["lv","en","ru"],"languages":{"lv":{"title":true,"content":true,"excerpt":false},"en":{"title":false,"content":false,"excerpt":false},"ru":{"title":false,"content":false,"excerpt":false}}},"acf":[],"yoast_head":"<!-- This site is optimized with the Yoast SEO plugin v22.5 - https:\/\/yoast.com\/wordpress\/plugins\/seo\/ -->\n<title>Savannas ka\u0137is (Savannah) - Whisker.lv | Ka\u0137u \u0161\u0137irnes<\/title>\n<meta name=\"robots\" content=\"index, follow, max-snippet:-1, max-image-preview:large, max-video-preview:-1\" \/>\n<link rel=\"canonical\" href=\"https:\/\/www.whisker.lv\/kaku-skirnes\/savannas-kakis\/\" \/>\n<meta property=\"og:locale\" content=\"ru_RU\" \/>\n<meta property=\"og:type\" content=\"article\" \/>\n<meta property=\"og:title\" content=\"Savannas ka\u0137is - Whisker\" \/>\n<meta property=\"og:url\" content=\"https:\/\/www.whisker.lv\/kaku-skirnes\/savannas-kakis\/\" \/>\n<meta property=\"og:site_name\" content=\"Whisker\" \/>\n<meta property=\"article:publisher\" content=\"https:\/\/www.facebook.com\/whisker.lv\/\" \/>\n<meta property=\"article:modified_time\" content=\"2019-04-24T21:47:40+00:00\" \/>\n<meta name=\"twitter:card\" content=\"summary_large_image\" \/>\n<meta name=\"twitter:label1\" content=\"Est. reading time\" \/>\n\t<meta name=\"twitter:data1\" content=\"2 minutes\" \/>\n<script type=\"application\/ld+json\" class=\"yoast-schema-graph\">{\"@context\":\"https:\/\/schema.org\",\"@graph\":[{\"@type\":\"WebPage\",\"@id\":\"https:\/\/www.whisker.lv\/kaku-skirnes\/savannas-kakis\/\",\"url\":\"https:\/\/www.whisker.lv\/kaku-skirnes\/savannas-kakis\/\",\"name\":\"Savannas ka\u0137is (Savannah) - Whisker.lv | Ka\u0137u \u0161\u0137irnes\",\"isPartOf\":{\"@id\":\"https:\/\/www.whisker.lv\/#website\"},\"datePublished\":\"2019-04-24T17:33:57+00:00\",\"dateModified\":\"2019-04-24T21:47:40+00:00\",\"description\":\"Savannas ka\u0137is ir dz\u012bv\u012bga, modra un ener\u0123iska ka\u0137u \u0161\u0137irne. Vi\u0146i ir neticami inteli\u0123enti dz\u012bvnieki un var apm\u0101c\u012bt iet pastaig\u0101 ar pavadu.\",\"breadcrumb\":{\"@id\":\"https:\/\/www.whisker.lv\/kaku-skirnes\/savannas-kakis\/#breadcrumb\"},\"inLanguage\":\"ru-RU\",\"potentialAction\":[{\"@type\":\"ReadAction\",\"target\":[\"https:\/\/www.whisker.lv\/kaku-skirnes\/savannas-kakis\/\"]}]},{\"@type\":\"BreadcrumbList\",\"@id\":\"https:\/\/www.whisker.lv\/kaku-skirnes\/savannas-kakis\/#breadcrumb\",\"itemListElement\":[{\"@type\":\"ListItem\",\"position\":1,\"name\":\"S\u0101kums\",\"item\":\"https:\/\/www.whisker.lv\/\"},{\"@type\":\"ListItem\",\"position\":2,\"name\":\"Ka\u0137u \u0161\u0137irnes\",\"item\":\"https:\/\/www.whisker.lv\/kaku-skirnes\/\"},{\"@type\":\"ListItem\",\"position\":3,\"name\":\"Savannas ka\u0137is\"}]},{\"@type\":\"WebSite\",\"@id\":\"https:\/\/www.whisker.lv\/#website\",\"url\":\"https:\/\/www.whisker.lv\/\",\"name\":\"Whisker\",\"description\":\"Tavs pal\u012bgs m\u0101jdzivnieku pieskat\u012b\u0161an\u0101\",\"potentialAction\":[{\"@type\":\"SearchAction\",\"target\":{\"@type\":\"EntryPoint\",\"urlTemplate\":\"https:\/\/www.whisker.lv\/?s={search_term_string}\"},\"query-input\":\"required name=search_term_string\"}],\"inLanguage\":\"ru-RU\"}]}<\/script>\n<!-- \/ Yoast SEO plugin. -->","yoast_head_json":{"title":"Savannas ka\u0137is (Savannah) - Whisker.lv | Ka\u0137u \u0161\u0137irnes","robots":{"index":"index","follow":"follow","max-snippet":"max-snippet:-1","max-image-preview":"max-image-preview:large","max-video-preview":"max-video-preview:-1"},"canonical":"https:\/\/www.whisker.lv\/kaku-skirnes\/savannas-kakis\/","og_locale":"ru_RU","og_type":"article","og_title":"Savannas ka\u0137is - Whisker","og_url":"https:\/\/www.whisker.lv\/kaku-skirnes\/savannas-kakis\/","og_site_name":"Whisker","article_publisher":"https:\/\/www.facebook.com\/whisker.lv\/","article_modified_time":"2019-04-24T21:47:40+00:00","twitter_card":"summary_large_image","twitter_misc":{"Est. reading time":"2 minutes"},"schema":{"@context":"https:\/\/schema.org","@graph":[{"@type":"WebPage","@id":"https:\/\/www.whisker.lv\/kaku-skirnes\/savannas-kakis\/","url":"https:\/\/www.whisker.lv\/kaku-skirnes\/savannas-kakis\/","name":"Savannas ka\u0137is (Savannah) - Whisker.lv | Ka\u0137u \u0161\u0137irnes","isPartOf":{"@id":"https:\/\/www.whisker.lv\/#website"},"datePublished":"2019-04-24T17:33:57+00:00","dateModified":"2019-04-24T21:47:40+00:00","description":"Savannas ka\u0137is ir dz\u012bv\u012bga, modra un ener\u0123iska ka\u0137u \u0161\u0137irne. Vi\u0146i ir neticami inteli\u0123enti dz\u012bvnieki un var apm\u0101c\u012bt iet pastaig\u0101 ar pavadu.","breadcrumb":{"@id":"https:\/\/www.whisker.lv\/kaku-skirnes\/savannas-kakis\/#breadcrumb"},"inLanguage":"ru-RU","potentialAction":[{"@type":"ReadAction","target":["https:\/\/www.whisker.lv\/kaku-skirnes\/savannas-kakis\/"]}]},{"@type":"BreadcrumbList","@id":"https:\/\/www.whisker.lv\/kaku-skirnes\/savannas-kakis\/#breadcrumb","itemListElement":[{"@type":"ListItem","position":1,"name":"S\u0101kums","item":"https:\/\/www.whisker.lv\/"},{"@type":"ListItem","position":2,"name":"Ka\u0137u \u0161\u0137irnes","item":"https:\/\/www.whisker.lv\/kaku-skirnes\/"},{"@type":"ListItem","position":3,"name":"Savannas ka\u0137is"}]},{"@type":"WebSite","@id":"https:\/\/www.whisker.lv\/#website","url":"https:\/\/www.whisker.lv\/","name":"Whisker","description":"Tavs pal\u012bgs m\u0101jdzivnieku pieskat\u012b\u0161an\u0101","potentialAction":[{"@type":"SearchAction","target":{"@type":"EntryPoint","urlTemplate":"https:\/\/www.whisker.lv\/?s={search_term_string}"},"query-input":"required name=search_term_string"}],"inLanguage":"ru-RU"}]}},"_links":{"self":[{"href":"https:\/\/www.whisker.lv\/ru\/wp-json\/wp\/v2\/pages\/12594"}],"collection":[{"href":"https:\/\/www.whisker.lv\/ru\/wp-json\/wp\/v2\/pages"}],"about":[{"href":"https:\/\/www.whisker.lv\/ru\/wp-json\/wp\/v2\/types\/page"}],"author":[{"embeddable":true,"href":"https:\/\/www.whisker.lv\/ru\/wp-json\/wp\/v2\/users\/1"}],"replies":[{"embeddable":true,"href":"https:\/\/www.whisker.lv\/ru\/wp-json\/wp\/v2\/comments?post=12594"}],"version-history":[{"count":5,"href":"https:\/\/www.whisker.lv\/ru\/wp-json\/wp\/v2\/pages\/12594\/revisions"}],"predecessor-version":[{"id":12672,"href":"https:\/\/www.whisker.lv\/ru\/wp-json\/wp\/v2\/pages\/12594\/revisions\/12672"}],"up":[{"embeddable":true,"href":"https:\/\/www.whisker.lv\/ru\/wp-json\/wp\/v2\/pages\/9927"}],"wp:attachment":[{"href":"https:\/\/www.whisker.lv\/ru\/wp-json\/wp\/v2\/media?parent=12594"}],"curies":[{"name":"wp","href":"https:\/\/api.w.org\/{rel}","templated":true}]}}